{"id":12403,"date":"2024-12-15T22:13:18","date_gmt":"2024-12-15T21:13:18","guid":{"rendered":"https:\/\/ustavbih.ba\/biographies\/"},"modified":"2024-12-18T11:18:29","modified_gmt":"2024-12-18T10:18:29","slug":"authors","status":"publish","type":"page","link":"https:\/\/ustavbih.ba\/en\/authors\/","title":{"rendered":"Authors"},"content":{"rendered":"<p class=\"p1\"><b>Christian Steiner<\/b>, Ph.D. (Frankfurt\/Main), Attorney at Law (member of the Bar Associations of Berlin, Germany, and Sevilla, Spain). Currently directing the Rule of Law Program for Latin America of the Konrad-Adenauer-Stiftung (Mexico City Office). He attended law school at the Universities of G\u00f6ttingen, Granada (Spain) and Freiburg im Breisgau, and passed both State Exams and his internship period in Baden-W\u00fcrttemberg while investigating at the Max-Planck- Institute for Foreign and International Criminal Law in the Department for Latin America. Seconded by the German Foreign Office and the German Foundation for International Legal Cooperation, he then worked as an advisor to the BiH Constitutional Court and the Office of the High Representative. Subsequently, in the framework of a project funded by the European Commission, he served as a counsellor to the BiH High Judicial and Prosecutorial Council and the Entities\u2019 Judicial Training Centres. In his capacity as Attorney at Law, Christian Steiner focuses on advising in cross-border matters.<\/p>\n<p class=\"p1\"><b>Nedim Ademovi\u0107<\/b>, Ph.D., was born in 1972 in Sarajevo. He is currently the Head of the Office of the President of the Constitutional Court of Bosnia and Herzegovina and the Director of the BiH Branch Office of the European Academy in Bolzano, Italy. He studied law at the Faculty of Law of the Universities of Sarajevo (1991-1994) and Graz, Austria (1994-2000). He also earned his Ph.D. degree from the Faculty of Law of the University of Graz, Austria (2004) in the fields of constitutional and international law. He passed his judicial state examination (2004) and bar examination (2006). Since 2000 he has occupied a number of positions in the Constitutional Court of Bosnia and Herzegovina. Between 2005 and 2007 he held the office of the Registrar of the Commission for Human Rights within the Constitutional Court of Bosnia and Herzegovina. He has also been engaged as an expert in constitutional and international law in many local and international projects and educational programmes. He is the co-author and editor of \u201cthe Digest of Decisions on Admissibility and Merits of the Commission for Human Rights within the Constitutional Court of Bosnia and Herzegovina\u201d, Sarajevo, 2006; he is the author of a book titled \u201cRight to Freedom and Security &#8211; Article 5 of the European Convention for the Protection of Human Rights and Fundamental Freedoms through the relevant case-law in Bosnia and Herzegovina and Strasbourg\u201d (2005), the author of the article \u201cSejdi\u0107 and Finci \u2013 quo vadis?\u201d, European Academy in Bolzano (Italy), Sarajevo, 2010, and the author of a large number of other professional and academic articles and analyses.<\/p>\n<p class=\"p1\"><b>Constance Grewe<\/b>, Prof. Dr., born in 1946 in Stuttgart (Germany). She is a professor of public law at the Universit\u00e9 de Strasbourg (France), Vice-President of the Constitutional Court of Bosnia and Herzegovina. She researches in the fields of comparative constitutional law, fundamental and human rights, and judicial review. Her principal publications are as follows: C.GREWE\/ H.RUIZ FABRI: Droits constitutionnels europ\u00e9ens [European Constitutional Rights], P.U.F., Droit fundamental, Paris 1995; C.GREWE\/ O.JOUANJAN\/ E. MAULIN\/\u00a0P. WACHSMANN (Hg.), <i>La notion de \u00ab justice constitutionnelle \u00bb [Notion of \u201cconstitutional justice\u201d], <\/i>Dalloz 2005; C.GREWE\/ C.GUSY (ed.), <i>Menschenrechte in der Bew\u00e4hrung. Die Rezeption der Europ\u00e4ischen Menschenrechtskonvention in Frankreich und Deutschland im Vergleich <\/i>[<i>Human rights through evidence. Comparison between the recognition of the European Convention for the Protection of Human rights and Fundamental Freedoms in France and Germany<\/i>], Nomos, Baden-Baden 2005. Verfassungsvergleichung und \u2013angleichung in Europa, insbesondere auf dem Gebiet des Grundrechtsschutzes [Constitutional comparison and constitutional approximation to Europe, in particular in the area of human rights protection], in: J. SCHWARZE (ed.), <i>Rechtseinheit und Rechtsvielfalt in Europa, <\/i>Institut f\u00fcr Ausl\u00e4ndisches und Internationales Privatrecht \u2013 Institut f\u00fcr \u00d6ffentliches Recht \u2013 Europa-Institut Freiburg e.V. 2007, 133-150; The Relationship between the EU and Member States in Constitutional Case Law: A Comparison between Western and Eastern Europe, in: C. Barnard (ed.), <i>The Cambridge Yearbook of European Studies <\/i>2007-2008, Volume 10, Hart Publishing, Oxford 2008, 189-198.<\/p>\n<p class=\"p1\"><b>Joseph Marko, <\/b>Prof. Dr., born in 1955, studied law and political science, as well as the English language. Among other things, he is engaged as a full-time professor at the Institute of Austrian, European and Comparative Public Law and Political Science of the Faculty of Law, University of Graz, Austria (1997-). He is the Director of the Law School Centre for South-East European Studies and the Scientific Director of the interdisciplinary Master Programme \u201cEuropean Integrations and Regionalism\u201d of the University of Graz (Austria) organised in cooperation with the European Academy in Bolzano (Italy) and the European Institute for Public Administration (Luxemburg). During his rich professional career he has served, among other things, as an international judge and the Vice-President of the Constitutional Court of Bosnia and Herzegovina (1997- 2002). He was a member of the Advisory Committee under the Framework Convention on the Protection of National Minorities (1998-2002), as well as Co-Director of the Research Department on \u201cRegional Autonomies and National Minorities\u201d of the European Academy Bolzano (1998-), as well as a Legal and Political Advisor to the High Representative Dr. Christian Schwarz-Schilling (2007). Since 2009 he has been a member of the Council on Foreign Affairs of the President of the Republic of Macedonia. He is the co-author of 6 books, with the most recent being titled: \u201c<i>Islamisches Recht. Eine Einf\u00fchrung\u201d <\/i>[<i>Islamic right. Introduction<\/i>], to be published in 2010. He is a co-editor of 20 books, with the most recent being titled: \u201c<i>European Integration and its Effects on Minority Protection in South East Europe<\/i>\u201d, together with <i>Emma Lantschner <\/i>and <i>Antonija Petri\u010du\u0161i\u0107 <\/i>[Nomos Verlag (pub.), 2008].<\/p>\n<p class=\"p1\"><b>Jeremy McBride<\/b>, Professor, Barrister, Monckton Chambers (2006-), London. Visiting Professor, Central European University (1997-); professeur invit\u00e9, Institut International des Droits de l\u2019Homme (2001-); Deputy Chair of the Scientific Committee of the European Union\u2019s Fundamental Rights Agency (2008-); Coordinator of the Expert Council on NGO Law of the Council of Europe\u2019s Conference on INGOs (2008-); expert on human rights law for the Council of Europe, the Organisation for Security and Co-operation in Europe and UNDP; Editor, Butterworths Human Rights Cases and Consultant Editor, Commonwealth Human Rights Law Digest; co-founder and Chair of INTERIGHTS (the International Centre for the Legal Protection of Human Rights). Formerly Reader in International Human Rights Law, University of Birmingham (1978- 2006); Visiting Professor, University of Santa Clara, California (1977-98); Visiting Professor, University of Stockholm (1990-6); and Senior International (UNDP) Consultant to the National Human Rights Office of Latvia (1996-98).<\/p>\n<p class=\"p1\"><b>Mechtild Lauth<\/b>, LL.M., born in 1967 in Cologne, currently serves as Legal Officer in the European Union\u2019s Judicial Cooperation Unit (Eurojust) in The Hague (The Netherlands). Previously she held the position of Legal Advisor to the Registrar of the Special Tribunal for Lebanon in The Hague and Senior Researcher and Project Coordinator of the German Institute for Human Rights in Berlin. Between 2001 and 2007 she worked with the Office of the High Representative for Bosnia and Herzegovina and later with the Registry for War Crimes and Organised Crime of the Court of Bosnia and Herzegovina as the Head of the Legal Section. She has published on a number of human rights topics as well as on war crimes prosecutions in Bosnia and Herzegovina.<\/p>\n<p class=\"p1\"><b>Philippe Leroux-Martin<\/b>, LL.M., MPA, born in 1973 in Montreal, Quebec (Canada). (LL.B) Universit\u00e9 de Montreal, (LL.M) London School of Economics and Political Science, (MPA) Harvard John F. Kennedy School of Government (2009-2010). Head of the Legal Unit, International Civilian Office, Pri\u0161tina, Kosovo (2008-2009); Head of the Public Law Unit, Legal Department, Office of the High Representative for BiH, Sarajevo (2003-2008).<\/p>\n<p class=\"p1\"><b>Ric Bainter<\/b>, LL.B., is a legal counsel to the Office of the High Representative for BiH. He has worked in Bosnia and Herzegovina since January 2000 in a variety of capacities including Legal Counsel to the Provisional Election Commission and Chief of Staff and Senior Legal Counsel to the Defence Reform Commission. He is an attorney licensed to practice law in the United States since 1988. He has also lectured in international law at the University of California, San Diego.<\/p>\n<p class=\"p1\"><b>Edouard d\u2019Aoust<\/b>, licencie en droit, born in 1964 in Brussels (Belgium). Head of the Department for Legal Affairs, Office of the High Representative and European Union Special Representative for BiH since 2003. Has extensive experience in Bosnia and Herzegovina, where he has worked since the end of the war. In particular, he worked as a member of the Cabinet of the former High Representative, Mr. Wolfgang Petritsch. Before 2001 he held the position as Chief Legal Counsel to the Provisional Election Commission of the OSCE.<\/p>\n<p class=\"p1\"><b>Peter Nicholl <\/b>was born in 1944 in Hamilton, New Zealand. He obtained a BCA degree in economics from Victoria University, Wellington in 1971 and BCA (Honour) degree with first class honours in economics from Victoria University in 1974. Reserve Bank of New Zealand (1972-1994); Chief Economist, Deputy Governor and Deputy Chief Executive of the Reserve Bank of New Zealand (1995-1997); Executive Director on the Board of the World Bank in Washington D.C; Governor of the Central Bank of Bosnia and Herzegovina (1997-2004); Financial Forum of BiH award as Person of the Year (2000), Golden BAM award by financial magazine \u201cBanks in BH\u201d, award of British financial magazine \u201cFinance Central Europe \u2013 Governor of the Year for 2003\u201d (2003); Chairman of the Governing Board of the Indirect Taxation Authority in BiH (2006-2008), US Treasury Advisor (2006-).<\/p>\n<p class=\"p1\"><b>Mark Campbell<\/b>, born in 1969 in Manchester (England), BA (Hons) Economics and History, Chartered Institute of Taxation (CTA), Post Graduate Diploma in Law (Pg Dip L), Post Graduate Diploma in Legal Practice (Pg Dip LPC). Mark worked for five years (2001-2006) at the Office of the High Representative (OHR) as the Senior Economic Advisor to the Principal Deputy High Representative and played a pivotal role in all key political, economic, legal and constitutional aspects of the introduction of Value Added Tax in Bosnia and Herzegovina. Prior to working at the OHR, Mark was a senior manager with the consulting firms KPMG and Price Waterhouse and was based in Zagreb, Croatia, Almaty, Kazakhstan and Baku, Azerbaijan. Mark currently is engaged in legal and advisory work in England after recently successfully completing post graduate legal studies and making a return to England after 11 years of expatriate life.<\/p>\n<p class=\"p1\"><b>Ulrich Karpen<\/b>, Prof. Dr., born in 1938. Employed as a Professor of Public Law and Political Science with the Faculty of Law of the University of Hamburg (Germany). Discharged a number of distinct legal and political functions, with the following being prominent: membership in the State Parliament in Hamburg (1991-2001), Chairman of the Legal Commission and the Vice-President of the Committee for University Education and Science, and membership in (President of) the German Association for Legislation (1987-1991). He has extensive experience in transition countries and developing countries (Georgia, Albania, Ukraine, Belarus, Russia). In Bosnia and Herzegovina he worked, amongst others, in the Internal Advisory Group of the OSCE (1999-2000), as an advisor with the Br\u010dko Assembly (2003-2004), as a lecturer at the Sarajevo Summer School (2008), and a member of the OSCE Mission in Sarajevo (2009). He is an author of a great many scientific and professional publications, such as: National Legislation in the European Framework, Baden-Baden, 1998; Elektronische Wahlen? Einige verfassungsrechtliche Fragen [Electronic elections? Some constitutional issues], European Association of Legislation (EAL), Deutsche Gesellschaft f\u00fcr Gesetzgebung (DGG), Volume 10, Baden-Baden (Nomos), 2005; Training of the Interim Assembly of the Br\u010dko District, in: Legal reform in the Br\u010dko District of BIH, Eur. Publ. Law Centre, Volume III, London, 2005.<\/p>\n","protected":false},"excerpt":{"rendered":"<p>Christian Steiner, Ph.D. (Frankfurt\/Main), Attorney at Law (member of the Bar Associations of Berlin, Germany, and Sevilla, Spain). Currently directing the Rule of Law Program for Latin America of the Konrad-Adenauer-Stiftung (Mexico City Office). He attended law school at the Universities of G\u00f6ttingen, Granada (Spain) and Freiburg im Breisgau, and passed both State Exams and &hellip; <a class=\"text-primary\" href=\"https:\/\/ustavbih.ba\/en\/authors\/\">Read&nbsp;more<\/a><\/p>\n","protected":false},"author":1,"featured_media":0,"parent":0,"menu_order":25,"comment_status":"closed","ping_status":"closed","template":"","meta":{"footnotes":""},"class_list":["post-12403","page","type-page","status-publish","hentry"],"yoast_head":"<!-- This site is optimized with the Yoast SEO plugin v26.3 - https:\/\/yoast.com\/wordpress\/plugins\/seo\/ -->\n<title>Authors - Commentary on BiH Constitution<\/title>\n<meta name=\"robots\" content=\"index, follow, max-snippet:-1, max-image-preview:large, max-video-preview:-1\" \/>\n<link rel=\"canonical\" href=\"https:\/\/ustavbih.ba\/en\/authors\/\" \/>\n<meta property=\"og:locale\" content=\"en_US\" \/>\n<meta property=\"og:type\" content=\"article\" \/>\n<meta property=\"og:title\" content=\"Authors - Commentary on BiH Constitution\" \/>\n<meta property=\"og:description\" content=\"Christian Steiner, Ph.D. (Frankfurt\/Main), Attorney at Law (member of the Bar Associations of Berlin, Germany, and Sevilla, Spain). Currently directing the Rule of Law Program for Latin America of the Konrad-Adenauer-Stiftung (Mexico City Office). He attended law school at the Universities of G\u00f6ttingen, Granada (Spain) and Freiburg im Breisgau, and passed both State Exams and &hellip; Read&nbsp;more\" \/>\n<meta property=\"og:url\" content=\"https:\/\/ustavbih.ba\/en\/authors\/\" \/>\n<meta property=\"og:site_name\" content=\"Commentary on BiH Constitution\" \/>\n<meta property=\"article:modified_time\" content=\"2024-12-18T10:18:29+00:00\" \/>\n<meta property=\"og:image\" content=\"https:\/\/ustavbih.ba\/app\/uploads\/2024\/12\/flags.jpg\" \/>\n\t<meta property=\"og:image:width\" content=\"1920\" \/>\n\t<meta property=\"og:image:height\" content=\"686\" \/>\n\t<meta property=\"og:image:type\" content=\"image\/jpeg\" \/>\n<meta name=\"twitter:card\" content=\"summary_large_image\" \/>\n<meta name=\"twitter:label1\" content=\"Est. reading time\" \/>\n\t<meta name=\"twitter:data1\" content=\"9 minutes\" \/>\n<script type=\"application\/ld+json\" class=\"yoast-schema-graph\">{\"@context\":\"https:\/\/schema.org\",\"@graph\":[{\"@type\":\"WebPage\",\"@id\":\"https:\/\/ustavbih.ba\/en\/authors\/\",\"url\":\"https:\/\/ustavbih.ba\/en\/authors\/\",\"name\":\"Authors - Commentary on BiH Constitution\",\"isPartOf\":{\"@id\":\"https:\/\/ustavbih.ba\/#website\"},\"datePublished\":\"2024-12-15T21:13:18+00:00\",\"dateModified\":\"2024-12-18T10:18:29+00:00\",\"breadcrumb\":{\"@id\":\"https:\/\/ustavbih.ba\/en\/authors\/#breadcrumb\"},\"inLanguage\":\"en-US\",\"potentialAction\":[{\"@type\":\"ReadAction\",\"target\":[\"https:\/\/ustavbih.ba\/en\/authors\/\"]}]},{\"@type\":\"BreadcrumbList\",\"@id\":\"https:\/\/ustavbih.ba\/en\/authors\/#breadcrumb\",\"itemListElement\":[{\"@type\":\"ListItem\",\"position\":1,\"name\":\"Home\",\"item\":\"https:\/\/ustavbih.ba\/en\/\"},{\"@type\":\"ListItem\",\"position\":2,\"name\":\"Authors\"}]},{\"@type\":\"WebSite\",\"@id\":\"https:\/\/ustavbih.ba\/#website\",\"url\":\"https:\/\/ustavbih.ba\/\",\"name\":\"UstavBiH.ba\",\"description\":\"\",\"publisher\":{\"@id\":\"https:\/\/ustavbih.ba\/#organization\"},\"potentialAction\":[{\"@type\":\"SearchAction\",\"target\":{\"@type\":\"EntryPoint\",\"urlTemplate\":\"https:\/\/ustavbih.ba\/?s={search_term_string}\"},\"query-input\":{\"@type\":\"PropertyValueSpecification\",\"valueRequired\":true,\"valueName\":\"search_term_string\"}}],\"inLanguage\":\"en-US\"},{\"@type\":\"Organization\",\"@id\":\"https:\/\/ustavbih.ba\/#organization\",\"name\":\"UstavBiH.ba\",\"url\":\"https:\/\/ustavbih.ba\/\",\"logo\":{\"@type\":\"ImageObject\",\"inLanguage\":\"en-US\",\"@id\":\"https:\/\/ustavbih.ba\/#\/schema\/logo\/image\/\",\"url\":\"https:\/\/ustavbih.ba\/app\/uploads\/2024\/12\/flags.jpg\",\"contentUrl\":\"https:\/\/ustavbih.ba\/app\/uploads\/2024\/12\/flags.jpg\",\"width\":1920,\"height\":686,\"caption\":\"UstavBiH.ba\"},\"image\":{\"@id\":\"https:\/\/ustavbih.ba\/#\/schema\/logo\/image\/\"}}]}<\/script>\n<!-- \/ Yoast SEO plugin. -->","yoast_head_json":{"title":"Authors - Commentary on BiH Constitution","robots":{"index":"index","follow":"follow","max-snippet":"max-snippet:-1","max-image-preview":"max-image-preview:large","max-video-preview":"max-video-preview:-1"},"canonical":"https:\/\/ustavbih.ba\/en\/authors\/","og_locale":"en_US","og_type":"article","og_title":"Authors - Commentary on BiH Constitution","og_description":"Christian Steiner, Ph.D. (Frankfurt\/Main), Attorney at Law (member of the Bar Associations of Berlin, Germany, and Sevilla, Spain). Currently directing the Rule of Law Program for Latin America of the Konrad-Adenauer-Stiftung (Mexico City Office). He attended law school at the Universities of G\u00f6ttingen, Granada (Spain) and Freiburg im Breisgau, and passed both State Exams and &hellip; Read&nbsp;more","og_url":"https:\/\/ustavbih.ba\/en\/authors\/","og_site_name":"Commentary on BiH Constitution","article_modified_time":"2024-12-18T10:18:29+00:00","og_image":[{"width":1920,"height":686,"url":"https:\/\/ustavbih.ba\/app\/uploads\/2024\/12\/flags.jpg","type":"image\/jpeg"}],"twitter_card":"summary_large_image","twitter_misc":{"Est. reading time":"9 minutes"},"schema":{"@context":"https:\/\/schema.org","@graph":[{"@type":"WebPage","@id":"https:\/\/ustavbih.ba\/en\/authors\/","url":"https:\/\/ustavbih.ba\/en\/authors\/","name":"Authors - Commentary on BiH Constitution","isPartOf":{"@id":"https:\/\/ustavbih.ba\/#website"},"datePublished":"2024-12-15T21:13:18+00:00","dateModified":"2024-12-18T10:18:29+00:00","breadcrumb":{"@id":"https:\/\/ustavbih.ba\/en\/authors\/#breadcrumb"},"inLanguage":"en-US","potentialAction":[{"@type":"ReadAction","target":["https:\/\/ustavbih.ba\/en\/authors\/"]}]},{"@type":"BreadcrumbList","@id":"https:\/\/ustavbih.ba\/en\/authors\/#breadcrumb","itemListElement":[{"@type":"ListItem","position":1,"name":"Home","item":"https:\/\/ustavbih.ba\/en\/"},{"@type":"ListItem","position":2,"name":"Authors"}]},{"@type":"WebSite","@id":"https:\/\/ustavbih.ba\/#website","url":"https:\/\/ustavbih.ba\/","name":"UstavBiH.ba","description":"","publisher":{"@id":"https:\/\/ustavbih.ba\/#organization"},"potentialAction":[{"@type":"SearchAction","target":{"@type":"EntryPoint","urlTemplate":"https:\/\/ustavbih.ba\/?s={search_term_string}"},"query-input":{"@type":"PropertyValueSpecification","valueRequired":true,"valueName":"search_term_string"}}],"inLanguage":"en-US"},{"@type":"Organization","@id":"https:\/\/ustavbih.ba\/#organization","name":"UstavBiH.ba","url":"https:\/\/ustavbih.ba\/","logo":{"@type":"ImageObject","inLanguage":"en-US","@id":"https:\/\/ustavbih.ba\/#\/schema\/logo\/image\/","url":"https:\/\/ustavbih.ba\/app\/uploads\/2024\/12\/flags.jpg","contentUrl":"https:\/\/ustavbih.ba\/app\/uploads\/2024\/12\/flags.jpg","width":1920,"height":686,"caption":"UstavBiH.ba"},"image":{"@id":"https:\/\/ustavbih.ba\/#\/schema\/logo\/image\/"}}]}},"_links":{"self":[{"href":"https:\/\/ustavbih.ba\/en\/wp-json\/wp\/v2\/pages\/12403","targetHints":{"allow":["GET"]}}],"collection":[{"href":"https:\/\/ustavbih.ba\/en\/wp-json\/wp\/v2\/pages"}],"about":[{"href":"https:\/\/ustavbih.ba\/en\/wp-json\/wp\/v2\/types\/page"}],"author":[{"embeddable":true,"href":"https:\/\/ustavbih.ba\/en\/wp-json\/wp\/v2\/users\/1"}],"replies":[{"embeddable":true,"href":"https:\/\/ustavbih.ba\/en\/wp-json\/wp\/v2\/comments?post=12403"}],"version-history":[{"count":3,"href":"https:\/\/ustavbih.ba\/en\/wp-json\/wp\/v2\/pages\/12403\/revisions"}],"predecessor-version":[{"id":20611,"href":"https:\/\/ustavbih.ba\/en\/wp-json\/wp\/v2\/pages\/12403\/revisions\/20611"}],"wp:attachment":[{"href":"https:\/\/ustavbih.ba\/en\/wp-json\/wp\/v2\/media?parent=12403"}],"curies":[{"name":"wp","href":"https:\/\/api.w.org\/{rel}","templated":true}]}}