{"id":12338,"date":"2024-12-09T12:10:25","date_gmt":"2024-12-09T11:10:25","guid":{"rendered":"https:\/\/ustavbih.ba\/article-vi-constitutional-court-of-bosnia-and-herzegovina\/e-brcko-district-constitution-and-law\/organisation-and-procedure-in-the-district-organs\/general-provisions\/"},"modified":"2024-12-09T18:54:50","modified_gmt":"2024-12-09T17:54:50","slug":"general-provisions","status":"publish","type":"page","link":"https:\/\/ustavbih.ba\/en\/article-vi-constitutional-court-of-bosnia-and-herzegovina\/e-brcko-district-constitution-and-law\/organisation-and-procedure-in-the-district-organs\/general-provisions\/","title":{"rendered":"General provisions"},"content":{"rendered":"<p class=\"p1\">The general provisions are contained in Chapter III, Section A, and \u2013 as just mentioned \u2013 in the transitional provisions of Chapters VI and VII. Article 20 contains the structural principle of division of powers. Article 21 defines that public employment with the District shall be based on professional merit and open competition and that it shall reflect the composition of the population, <i>i.e.<\/i>, the composition of ethnic groups in the District. The same principle \u2013 without a special quota or a special distribution formula but rather as a compliance with an obligation \u2013 applies to the whole government of the District (compare with Article 48) and, as per the Election Law, it applies to the Assembly as well, which means it applies to each body or organ in the whole territory of Bosnia and Herzegovina. Accordingly, democracy in Bosnia and Herzegovina is based on ethnic grounds. Pursuant to Article 22 of the Statute, all the councillors of the District Assembly, public officials, prosecutors and judges must submit to the Department of Public Records of the District Government an annual financial disclosure report on their total current income, sources, assets, and liabilities in accordance with the law. The public authority was established promptly after the Final Award had been issued. In 1999, the Supervisor appointed an interim town administration and Assembly (the Council). The Councillors were elected for the first time in 2004. An independent Judicial Commission (Article 64) also assumed its responsibilities.<\/p>\n<p class=\"p2\">The transitional provisions of the Statute contain some important provisions. Thus, pursuant to Article 70 of the Statute, the Entities\u2019 laws remain in force in the Br\u010dko District until made ineffective by a legal act of the Br\u010dko District. All municipal administrations existing within the territory of the District ceased to exist on 9 March 2000 when this Statute entered into force (Article 71, paragraph 1). Pursuant to Article 71, paragraph 2 of the Statute, the Br\u010dko District is the legal successor to the Republika Srpska Br\u010dko Municipality as well as to the administrative arrangements of Brka and Ravne-Br\u010dko. All contracts and agreements entered into by the municipal governments shall be examined and then either cancelled or re-concluded (Article 71, paragraph 3). All pending proceedings shall be completed in accordance with the law of Br\u010dko District (Article 72).<\/p>\n","protected":false},"excerpt":{"rendered":"<p>The general provisions are contained in Chapter III, Section A, and \u2013 as just mentioned \u2013 in the transitional provisions of Chapters VI and VII. Article 20 contains the structural principle of division of powers. Article 21 defines that public employment with the District shall be based on professional merit and open competition and that &hellip; <a class=\"text-primary\" href=\"https:\/\/ustavbih.ba\/en\/article-vi-constitutional-court-of-bosnia-and-herzegovina\/e-brcko-district-constitution-and-law\/organisation-and-procedure-in-the-district-organs\/general-provisions\/\">Read&nbsp;more<\/a><\/p>\n","protected":false},"author":1,"featured_media":0,"parent":12337,"menu_order":0,"comment_status":"closed","ping_status":"closed","template":"","meta":{"footnotes":""},"class_list":["post-12338","page","type-page","status-publish","hentry"],"yoast_head":"<!-- This site is optimized with the Yoast SEO plugin v26.3 - https:\/\/yoast.com\/wordpress\/plugins\/seo\/ -->\n<title>General provisions - Commentary on BiH Constitution<\/title>\n<meta name=\"robots\" content=\"index, follow, max-snippet:-1, max-image-preview:large, max-video-preview:-1\" \/>\n<link rel=\"canonical\" href=\"https:\/\/ustavbih.ba\/en\/article-vi-constitutional-court-of-bosnia-and-herzegovina\/e-brcko-district-constitution-and-law\/organisation-and-procedure-in-the-district-organs\/general-provisions\/\" \/>\n<meta property=\"og:locale\" content=\"en_US\" \/>\n<meta property=\"og:type\" content=\"article\" \/>\n<meta property=\"og:title\" content=\"General provisions - Commentary on BiH Constitution\" \/>\n<meta property=\"og:description\" content=\"The general provisions are contained in Chapter III, Section A, and \u2013 as just mentioned \u2013 in the transitional provisions of Chapters VI and VII. Article 20 contains the structural principle of division of powers. Article 21 defines that public employment with the District shall be based on professional merit and open competition and that &hellip; Read&nbsp;more\" \/>\n<meta property=\"og:url\" content=\"https:\/\/ustavbih.ba\/en\/article-vi-constitutional-court-of-bosnia-and-herzegovina\/e-brcko-district-constitution-and-law\/organisation-and-procedure-in-the-district-organs\/general-provisions\/\" \/>\n<meta property=\"og:site_name\" content=\"Commentary on BiH Constitution\" \/>\n<meta property=\"article:modified_time\" content=\"2024-12-09T17:54:50+00:00\" \/>\n<meta property=\"og:image\" content=\"https:\/\/ustavbih.ba\/app\/uploads\/2024\/12\/flags.jpg\" \/>\n\t<meta property=\"og:image:width\" content=\"1920\" \/>\n\t<meta property=\"og:image:height\" content=\"686\" \/>\n\t<meta property=\"og:image:type\" content=\"image\/jpeg\" \/>\n<meta name=\"twitter:card\" content=\"summary_large_image\" \/>\n<meta name=\"twitter:label1\" content=\"Est. reading time\" \/>\n\t<meta name=\"twitter:data1\" content=\"2 minutes\" \/>\n<script type=\"application\/ld+json\" class=\"yoast-schema-graph\">{\"@context\":\"https:\/\/schema.org\",\"@graph\":[{\"@type\":\"WebPage\",\"@id\":\"https:\/\/ustavbih.ba\/en\/article-vi-constitutional-court-of-bosnia-and-herzegovina\/e-brcko-district-constitution-and-law\/organisation-and-procedure-in-the-district-organs\/general-provisions\/\",\"url\":\"https:\/\/ustavbih.ba\/en\/article-vi-constitutional-court-of-bosnia-and-herzegovina\/e-brcko-district-constitution-and-law\/organisation-and-procedure-in-the-district-organs\/general-provisions\/\",\"name\":\"General provisions - Commentary on BiH Constitution\",\"isPartOf\":{\"@id\":\"https:\/\/ustavbih.ba\/#website\"},\"datePublished\":\"2024-12-09T11:10:25+00:00\",\"dateModified\":\"2024-12-09T17:54:50+00:00\",\"breadcrumb\":{\"@id\":\"https:\/\/ustavbih.ba\/en\/article-vi-constitutional-court-of-bosnia-and-herzegovina\/e-brcko-district-constitution-and-law\/organisation-and-procedure-in-the-district-organs\/general-provisions\/#breadcrumb\"},\"inLanguage\":\"en-US\",\"potentialAction\":[{\"@type\":\"ReadAction\",\"target\":[\"https:\/\/ustavbih.ba\/en\/article-vi-constitutional-court-of-bosnia-and-herzegovina\/e-brcko-district-constitution-and-law\/organisation-and-procedure-in-the-district-organs\/general-provisions\/\"]}]},{\"@type\":\"BreadcrumbList\",\"@id\":\"https:\/\/ustavbih.ba\/en\/article-vi-constitutional-court-of-bosnia-and-herzegovina\/e-brcko-district-constitution-and-law\/organisation-and-procedure-in-the-district-organs\/general-provisions\/#breadcrumb\",\"itemListElement\":[{\"@type\":\"ListItem\",\"position\":1,\"name\":\"Home\",\"item\":\"https:\/\/ustavbih.ba\/en\/\"},{\"@type\":\"ListItem\",\"position\":2,\"name\":\"Article VI \u2013 Constitutional Court of Bosnia and Herzegovina\",\"item\":\"https:\/\/ustavbih.ba\/en\/article-vi-constitutional-court-of-bosnia-and-herzegovina\/\"},{\"@type\":\"ListItem\",\"position\":3,\"name\":\"E. Br\u010dko District \u2013 Constitution and Law\",\"item\":\"https:\/\/ustavbih.ba\/en\/article-vi-constitutional-court-of-bosnia-and-herzegovina\/e-brcko-district-constitution-and-law\/\"},{\"@type\":\"ListItem\",\"position\":4,\"name\":\"Organisation and procedure in the district organs\",\"item\":\"https:\/\/ustavbih.ba\/en\/article-vi-constitutional-court-of-bosnia-and-herzegovina\/e-brcko-district-constitution-and-law\/organisation-and-procedure-in-the-district-organs\/\"},{\"@type\":\"ListItem\",\"position\":5,\"name\":\"General provisions\"}]},{\"@type\":\"WebSite\",\"@id\":\"https:\/\/ustavbih.ba\/#website\",\"url\":\"https:\/\/ustavbih.ba\/\",\"name\":\"UstavBiH.ba\",\"description\":\"\",\"publisher\":{\"@id\":\"https:\/\/ustavbih.ba\/#organization\"},\"potentialAction\":[{\"@type\":\"SearchAction\",\"target\":{\"@type\":\"EntryPoint\",\"urlTemplate\":\"https:\/\/ustavbih.ba\/?s={search_term_string}\"},\"query-input\":{\"@type\":\"PropertyValueSpecification\",\"valueRequired\":true,\"valueName\":\"search_term_string\"}}],\"inLanguage\":\"en-US\"},{\"@type\":\"Organization\",\"@id\":\"https:\/\/ustavbih.ba\/#organization\",\"name\":\"UstavBiH.ba\",\"url\":\"https:\/\/ustavbih.ba\/\",\"logo\":{\"@type\":\"ImageObject\",\"inLanguage\":\"en-US\",\"@id\":\"https:\/\/ustavbih.ba\/#\/schema\/logo\/image\/\",\"url\":\"https:\/\/ustavbih.ba\/app\/uploads\/2024\/12\/flags.jpg\",\"contentUrl\":\"https:\/\/ustavbih.ba\/app\/uploads\/2024\/12\/flags.jpg\",\"width\":1920,\"height\":686,\"caption\":\"UstavBiH.ba\"},\"image\":{\"@id\":\"https:\/\/ustavbih.ba\/#\/schema\/logo\/image\/\"}}]}<\/script>\n<!-- \/ Yoast SEO plugin. -->","yoast_head_json":{"title":"General provisions - Commentary on BiH Constitution","robots":{"index":"index","follow":"follow","max-snippet":"max-snippet:-1","max-image-preview":"max-image-preview:large","max-video-preview":"max-video-preview:-1"},"canonical":"https:\/\/ustavbih.ba\/en\/article-vi-constitutional-court-of-bosnia-and-herzegovina\/e-brcko-district-constitution-and-law\/organisation-and-procedure-in-the-district-organs\/general-provisions\/","og_locale":"en_US","og_type":"article","og_title":"General provisions - Commentary on BiH Constitution","og_description":"The general provisions are contained in Chapter III, Section A, and \u2013 as just mentioned \u2013 in the transitional provisions of Chapters VI and VII. Article 20 contains the structural principle of division of powers. Article 21 defines that public employment with the District shall be based on professional merit and open competition and that &hellip; Read&nbsp;more","og_url":"https:\/\/ustavbih.ba\/en\/article-vi-constitutional-court-of-bosnia-and-herzegovina\/e-brcko-district-constitution-and-law\/organisation-and-procedure-in-the-district-organs\/general-provisions\/","og_site_name":"Commentary on BiH Constitution","article_modified_time":"2024-12-09T17:54:50+00:00","og_image":[{"width":1920,"height":686,"url":"https:\/\/ustavbih.ba\/app\/uploads\/2024\/12\/flags.jpg","type":"image\/jpeg"}],"twitter_card":"summary_large_image","twitter_misc":{"Est. reading time":"2 minutes"},"schema":{"@context":"https:\/\/schema.org","@graph":[{"@type":"WebPage","@id":"https:\/\/ustavbih.ba\/en\/article-vi-constitutional-court-of-bosnia-and-herzegovina\/e-brcko-district-constitution-and-law\/organisation-and-procedure-in-the-district-organs\/general-provisions\/","url":"https:\/\/ustavbih.ba\/en\/article-vi-constitutional-court-of-bosnia-and-herzegovina\/e-brcko-district-constitution-and-law\/organisation-and-procedure-in-the-district-organs\/general-provisions\/","name":"General provisions - Commentary on BiH Constitution","isPartOf":{"@id":"https:\/\/ustavbih.ba\/#website"},"datePublished":"2024-12-09T11:10:25+00:00","dateModified":"2024-12-09T17:54:50+00:00","breadcrumb":{"@id":"https:\/\/ustavbih.ba\/en\/article-vi-constitutional-court-of-bosnia-and-herzegovina\/e-brcko-district-constitution-and-law\/organisation-and-procedure-in-the-district-organs\/general-provisions\/#breadcrumb"},"inLanguage":"en-US","potentialAction":[{"@type":"ReadAction","target":["https:\/\/ustavbih.ba\/en\/article-vi-constitutional-court-of-bosnia-and-herzegovina\/e-brcko-district-constitution-and-law\/organisation-and-procedure-in-the-district-organs\/general-provisions\/"]}]},{"@type":"BreadcrumbList","@id":"https:\/\/ustavbih.ba\/en\/article-vi-constitutional-court-of-bosnia-and-herzegovina\/e-brcko-district-constitution-and-law\/organisation-and-procedure-in-the-district-organs\/general-provisions\/#breadcrumb","itemListElement":[{"@type":"ListItem","position":1,"name":"Home","item":"https:\/\/ustavbih.ba\/en\/"},{"@type":"ListItem","position":2,"name":"Article VI \u2013 Constitutional Court of Bosnia and Herzegovina","item":"https:\/\/ustavbih.ba\/en\/article-vi-constitutional-court-of-bosnia-and-herzegovina\/"},{"@type":"ListItem","position":3,"name":"E. Br\u010dko District \u2013 Constitution and Law","item":"https:\/\/ustavbih.ba\/en\/article-vi-constitutional-court-of-bosnia-and-herzegovina\/e-brcko-district-constitution-and-law\/"},{"@type":"ListItem","position":4,"name":"Organisation and procedure in the district organs","item":"https:\/\/ustavbih.ba\/en\/article-vi-constitutional-court-of-bosnia-and-herzegovina\/e-brcko-district-constitution-and-law\/organisation-and-procedure-in-the-district-organs\/"},{"@type":"ListItem","position":5,"name":"General provisions"}]},{"@type":"WebSite","@id":"https:\/\/ustavbih.ba\/#website","url":"https:\/\/ustavbih.ba\/","name":"UstavBiH.ba","description":"","publisher":{"@id":"https:\/\/ustavbih.ba\/#organization"},"potentialAction":[{"@type":"SearchAction","target":{"@type":"EntryPoint","urlTemplate":"https:\/\/ustavbih.ba\/?s={search_term_string}"},"query-input":{"@type":"PropertyValueSpecification","valueRequired":true,"valueName":"search_term_string"}}],"inLanguage":"en-US"},{"@type":"Organization","@id":"https:\/\/ustavbih.ba\/#organization","name":"UstavBiH.ba","url":"https:\/\/ustavbih.ba\/","logo":{"@type":"ImageObject","inLanguage":"en-US","@id":"https:\/\/ustavbih.ba\/#\/schema\/logo\/image\/","url":"https:\/\/ustavbih.ba\/app\/uploads\/2024\/12\/flags.jpg","contentUrl":"https:\/\/ustavbih.ba\/app\/uploads\/2024\/12\/flags.jpg","width":1920,"height":686,"caption":"UstavBiH.ba"},"image":{"@id":"https:\/\/ustavbih.ba\/#\/schema\/logo\/image\/"}}]}},"_links":{"self":[{"href":"https:\/\/ustavbih.ba\/en\/wp-json\/wp\/v2\/pages\/12338","targetHints":{"allow":["GET"]}}],"collection":[{"href":"https:\/\/ustavbih.ba\/en\/wp-json\/wp\/v2\/pages"}],"about":[{"href":"https:\/\/ustavbih.ba\/en\/wp-json\/wp\/v2\/types\/page"}],"author":[{"embeddable":true,"href":"https:\/\/ustavbih.ba\/en\/wp-json\/wp\/v2\/users\/1"}],"replies":[{"embeddable":true,"href":"https:\/\/ustavbih.ba\/en\/wp-json\/wp\/v2\/comments?post=12338"}],"version-history":[{"count":1,"href":"https:\/\/ustavbih.ba\/en\/wp-json\/wp\/v2\/pages\/12338\/revisions"}],"predecessor-version":[{"id":12912,"href":"https:\/\/ustavbih.ba\/en\/wp-json\/wp\/v2\/pages\/12338\/revisions\/12912"}],"up":[{"embeddable":true,"href":"https:\/\/ustavbih.ba\/en\/wp-json\/wp\/v2\/pages\/12337"}],"wp:attachment":[{"href":"https:\/\/ustavbih.ba\/en\/wp-json\/wp\/v2\/media?parent=12338"}],"curies":[{"name":"wp","href":"https:\/\/api.w.org\/{rel}","templated":true}]}}