{"id":12336,"date":"2024-12-09T12:10:25","date_gmt":"2024-12-09T11:10:25","guid":{"rendered":"https:\/\/ustavbih.ba\/article-vi-constitutional-court-of-bosnia-and-herzegovina\/e-brcko-district-constitution-and-law\/status-of-the-brcko-district-relating-to-public-law\/statute-of-the-brcko-district\/"},"modified":"2024-12-09T18:54:29","modified_gmt":"2024-12-09T17:54:29","slug":"statute-of-the-brcko-district","status":"publish","type":"page","link":"https:\/\/ustavbih.ba\/en\/article-vi-constitutional-court-of-bosnia-and-herzegovina\/e-brcko-district-constitution-and-law\/status-of-the-brcko-district-relating-to-public-law\/statute-of-the-brcko-district\/","title":{"rendered":"Statute of the Br\u010dko District"},"content":{"rendered":"<p class=\"p1\">The Final Award contains certain tasks for the establishment of the District and determination of the content of the Statute as a basic act of its system. The initial<\/p>\n<p class=\"p1\">task of the Supervisor<span class=\"s1\"><sup>3620 <\/sup><\/span>was appointing a joint implementation commission to assist him in preparing a new \u201cStatute for the District Government\u201d and a detailed plan and schedule for the formation of the District Government. The representatives of the State, Entities, (temporary) management bodies of Br\u010dko and experts are assigned to the governmental structure of the Br\u010dko District. On 3 March 2000, the Supervisor issued the Statue of the Br\u010dko District which came into effect upon being published,<span class=\"s1\"><sup>3621 <\/sup><\/span>on 9 March 2000. At the same time the Br\u010dko District government officials were appointed.<span class=\"s1\"><sup>3622 <\/sup><\/span>This being done, the Br\u010dko District was considered established. In order to prove that the Br\u010dko District is not a third entity there is the fact that the Statute is not ranked as a constitutional act. On the other hand, the Statute \u2013 just like a constitutional act \u2013 constitutes a legal basis of the District. Namely, it regulates legal issues such as: citizenship, military service, distribution of power, legislative authority and judiciary tasks \u2013 which are also regulated by the Entity Constitutions. Both Entities have transferred their constitutional authority to the District and its bodies. Furthermore, the basic principle which regulates the status of the Br\u010dko District is not subject to change as referred to in Article 1, paragraph 5 of the Statute. The District has, de facto, the status of an Entity and, consequently, the Statute is the 14<span class=\"s1\"><sup>th <\/sup><\/span>Constitution in Bosnia and Herzegovina.<\/p>\n<p class=\"p1\">Pursuant to Article 1, paragraph 1 of the Statute, the Br\u010dko District is a single administrative unit of local self-government. That was the basis for the presumption \u2013 given the ambitions of Bosnia and Herzegovina to join the EU \u2013 that the European Charter of Local Self-Government will be taken into consideration in the course of assessing the status.<span class=\"s1\"><sup>3623 <\/sup><\/span>At the present time a conclusion may be drawn that the basic requirements of the European Charter of Local Self-Government have been met. However, it is quite understandable that all the standards were not applied, neither was it possible to apply all of them. The District is a small town with a small territory in a fragile country. The Convention\u2019s principles may be also well-applied in the clearly structured federal states, but that is not the case with Bosnia and Herzegovina, which contains the elements of a federal state and elements of a federation of states.<\/p>\n<p class=\"p1\">The additional weakness of the legal system of the Br\u010dko District could only be removed over time. The principle of local self-government is based on a clear division of responsibilities between the State and the District. That is to say that there are weaknesses in the constitutional system of Bosnia and Herzegovina. An unclear responsibility of assignment not only applies to the relationship between Bosnia and Herzegovina and the Entities but also to the relationship between the Br\u010dko District and the State, i.e., the Entities. Br\u010dko is included under the sovereignty of Bosnia and Herzegovina and the Entities are not to govern the District. However, neither the BiH Constitution nor the constitutions of the Federation of Bosnia and Herzegovina and Republika Srpska draw a clear boundary line. This is also considered as a weakness of the existing legal system of the State. The same applies to the field of economic law.<span class=\"s1\"><sup>3624 <\/sup><\/span>The Br\u010dko District passed its own regulations in this field \u2013 and the Entities did the same \u2013 for Bosnia and Herzegovina is not assigned the exclusive legislative responsibility in this field, which is in accordance with Article III.3(a) of the BiH Constitution. However, one would not say that those are the responsibilities of local self-government. The Entity Constitutions should create a secure environment and take care of this issue. On the other hand, \u201ca unified\u201d or life sustaining environment having \u201cthe same\u201d value should be created in Bosnia and Herzegovina. In fact, the point of the matter is a need for formation of legislation at the State level. Thus, coordination between the Br\u010dko District, the Entities and Bosnia and Herzegovina becomes more important.<span class=\"s1\"><sup>3625<\/sup><\/span><\/p>\n<p class=\"p1\">Another weakness of the Statute is the lack of an extensive catalogue of human rights and freedoms. The BiH and Entity Constitutions contain this catalogue of human rights and freedoms and the Statute contains only rudimentary freedoms in connection with business activities (Article 13) and gathering (Article 15), and it also contains the right to education (Article 16), two procedural rights (Article 17) and the right to public information (Article 18). One thing is for sure: the constitutional rights and freedoms under the BiH Constitution are directly applied (Article 13), however, incorporating the related instruction in the Statute would contribute to legal transparency and, based on that instruction, the human rights and freedoms under the Entities\u2019 Constitutions would become applicable.<span class=\"s1\"><sup>3626 <\/sup><\/span>That would help the citizens of the District to get rid of the feeling that they are \u201csecond-class citizens\u201d. This becomes particularly relevant because of the fact that the citizens of Br\u010dko (as per their choice) are the citizens of one of the two Entities, although the legal system of the respective Entity is not applied in the District.<\/p>\n<p class=\"p2\">The Statute is divided into 6 chapters and 73 articles. Chapter I contains \u201cGeneral Provisions\u201d. These provisions include the status of Br\u010dko (Article 1), name, flag, coat of arms and anthem (Articles 2 through 4), the determination of territory, public representation, alphabet and language (Articles 5 through 7). Article 8 defines that the District is a demilitarized area, but the movement of Entity armed forces through the territory of the District is regulated in accordance with the laws of the State and the District. Article 9 encompasses the area of public functions and powers, in which case the responsibilities of Br\u010dko District are not clearly separated from those assigned to the State and Entities, although this matter should have been regulated. Article 10 gives authority to the Br\u010dko District to enter into cooperative agreements with the Entities despite a clear \u201cwithdrawal of power\u201d from the Entities. The same principle applies to joining and entering into agreements with national and international associations of cities and municipalities and with cities and municipalities (Articles 11, 12). The mentioned freedom-related rights, the right of participation in the public power affairs and political rights are included in Articles 13, 15, 16 and 17 of the Statute. Pursuant to Article 14 of the Statute, District residents are not subject to military service regardless of whether it is compulsory or voluntary military service. The military reserve may be stipulated by law. Article 19 obliges all District authorities to diligently resolve all the requests of its residents. The following parts of the Statute deal with public authority: Chapter III, Section A \u2013 General Provisions, Chapter B \u2013 The Br\u010dko District Assembly, Chapter C \u2013 The Br\u010dko District Government, and further on, as a special governmental area: Chapter IV \u2013 The District Police and, finally, Chapter V- The District Judiciary. Chapters V and VII contain the interim and final provisions.<\/p>\n","protected":false},"excerpt":{"rendered":"<p>The Final Award contains certain tasks for the establishment of the District and determination of the content of the Statute as a basic act of its system. The initial task of the Supervisor3620 was appointing a joint implementation commission to assist him in preparing a new \u201cStatute for the District Government\u201d and a detailed plan &hellip; <a class=\"text-primary\" href=\"https:\/\/ustavbih.ba\/en\/article-vi-constitutional-court-of-bosnia-and-herzegovina\/e-brcko-district-constitution-and-law\/status-of-the-brcko-district-relating-to-public-law\/statute-of-the-brcko-district\/\">Read&nbsp;more<\/a><\/p>\n","protected":false},"author":1,"featured_media":0,"parent":12332,"menu_order":3,"comment_status":"closed","ping_status":"closed","template":"","meta":{"footnotes":""},"class_list":["post-12336","page","type-page","status-publish","hentry"],"yoast_head":"<!-- This site is optimized with the Yoast SEO plugin v26.3 - https:\/\/yoast.com\/wordpress\/plugins\/seo\/ -->\n<title>Statute of the Br\u010dko District - Commentary on BiH Constitution<\/title>\n<meta name=\"robots\" content=\"index, follow, max-snippet:-1, max-image-preview:large, max-video-preview:-1\" \/>\n<link rel=\"canonical\" href=\"https:\/\/ustavbih.ba\/en\/article-vi-constitutional-court-of-bosnia-and-herzegovina\/e-brcko-district-constitution-and-law\/status-of-the-brcko-district-relating-to-public-law\/statute-of-the-brcko-district\/\" \/>\n<meta property=\"og:locale\" content=\"en_US\" \/>\n<meta property=\"og:type\" content=\"article\" \/>\n<meta property=\"og:title\" content=\"Statute of the Br\u010dko District - Commentary on BiH Constitution\" \/>\n<meta property=\"og:description\" content=\"The Final Award contains certain tasks for the establishment of the District and determination of the content of the Statute as a basic act of its system. The initial task of the Supervisor3620 was appointing a joint implementation commission to assist him in preparing a new \u201cStatute for the District Government\u201d and a detailed plan &hellip; Read&nbsp;more\" \/>\n<meta property=\"og:url\" content=\"https:\/\/ustavbih.ba\/en\/article-vi-constitutional-court-of-bosnia-and-herzegovina\/e-brcko-district-constitution-and-law\/status-of-the-brcko-district-relating-to-public-law\/statute-of-the-brcko-district\/\" \/>\n<meta property=\"og:site_name\" content=\"Commentary on BiH Constitution\" \/>\n<meta property=\"article:modified_time\" content=\"2024-12-09T17:54:29+00:00\" \/>\n<meta property=\"og:image\" content=\"https:\/\/ustavbih.ba\/app\/uploads\/2024\/12\/flags.jpg\" \/>\n\t<meta property=\"og:image:width\" content=\"1920\" \/>\n\t<meta property=\"og:image:height\" content=\"686\" \/>\n\t<meta property=\"og:image:type\" content=\"image\/jpeg\" \/>\n<meta name=\"twitter:card\" content=\"summary_large_image\" \/>\n<meta name=\"twitter:label1\" content=\"Est. reading time\" \/>\n\t<meta name=\"twitter:data1\" content=\"6 minutes\" \/>\n<script type=\"application\/ld+json\" class=\"yoast-schema-graph\">{\"@context\":\"https:\/\/schema.org\",\"@graph\":[{\"@type\":\"WebPage\",\"@id\":\"https:\/\/ustavbih.ba\/en\/article-vi-constitutional-court-of-bosnia-and-herzegovina\/e-brcko-district-constitution-and-law\/status-of-the-brcko-district-relating-to-public-law\/statute-of-the-brcko-district\/\",\"url\":\"https:\/\/ustavbih.ba\/en\/article-vi-constitutional-court-of-bosnia-and-herzegovina\/e-brcko-district-constitution-and-law\/status-of-the-brcko-district-relating-to-public-law\/statute-of-the-brcko-district\/\",\"name\":\"Statute of the Br\u010dko District - Commentary on BiH Constitution\",\"isPartOf\":{\"@id\":\"https:\/\/ustavbih.ba\/#website\"},\"datePublished\":\"2024-12-09T11:10:25+00:00\",\"dateModified\":\"2024-12-09T17:54:29+00:00\",\"breadcrumb\":{\"@id\":\"https:\/\/ustavbih.ba\/en\/article-vi-constitutional-court-of-bosnia-and-herzegovina\/e-brcko-district-constitution-and-law\/status-of-the-brcko-district-relating-to-public-law\/statute-of-the-brcko-district\/#breadcrumb\"},\"inLanguage\":\"en-US\",\"potentialAction\":[{\"@type\":\"ReadAction\",\"target\":[\"https:\/\/ustavbih.ba\/en\/article-vi-constitutional-court-of-bosnia-and-herzegovina\/e-brcko-district-constitution-and-law\/status-of-the-brcko-district-relating-to-public-law\/statute-of-the-brcko-district\/\"]}]},{\"@type\":\"BreadcrumbList\",\"@id\":\"https:\/\/ustavbih.ba\/en\/article-vi-constitutional-court-of-bosnia-and-herzegovina\/e-brcko-district-constitution-and-law\/status-of-the-brcko-district-relating-to-public-law\/statute-of-the-brcko-district\/#breadcrumb\",\"itemListElement\":[{\"@type\":\"ListItem\",\"position\":1,\"name\":\"Home\",\"item\":\"https:\/\/ustavbih.ba\/en\/\"},{\"@type\":\"ListItem\",\"position\":2,\"name\":\"Article VI \u2013 Constitutional Court of Bosnia and Herzegovina\",\"item\":\"https:\/\/ustavbih.ba\/en\/article-vi-constitutional-court-of-bosnia-and-herzegovina\/\"},{\"@type\":\"ListItem\",\"position\":3,\"name\":\"E. Br\u010dko District \u2013 Constitution and Law\",\"item\":\"https:\/\/ustavbih.ba\/en\/article-vi-constitutional-court-of-bosnia-and-herzegovina\/e-brcko-district-constitution-and-law\/\"},{\"@type\":\"ListItem\",\"position\":4,\"name\":\"Status of the Br\u010dko District relating to public law\",\"item\":\"https:\/\/ustavbih.ba\/en\/article-vi-constitutional-court-of-bosnia-and-herzegovina\/e-brcko-district-constitution-and-law\/status-of-the-brcko-district-relating-to-public-law\/\"},{\"@type\":\"ListItem\",\"position\":5,\"name\":\"Statute of the Br\u010dko District\"}]},{\"@type\":\"WebSite\",\"@id\":\"https:\/\/ustavbih.ba\/#website\",\"url\":\"https:\/\/ustavbih.ba\/\",\"name\":\"UstavBiH.ba\",\"description\":\"\",\"publisher\":{\"@id\":\"https:\/\/ustavbih.ba\/#organization\"},\"potentialAction\":[{\"@type\":\"SearchAction\",\"target\":{\"@type\":\"EntryPoint\",\"urlTemplate\":\"https:\/\/ustavbih.ba\/?s={search_term_string}\"},\"query-input\":{\"@type\":\"PropertyValueSpecification\",\"valueRequired\":true,\"valueName\":\"search_term_string\"}}],\"inLanguage\":\"en-US\"},{\"@type\":\"Organization\",\"@id\":\"https:\/\/ustavbih.ba\/#organization\",\"name\":\"UstavBiH.ba\",\"url\":\"https:\/\/ustavbih.ba\/\",\"logo\":{\"@type\":\"ImageObject\",\"inLanguage\":\"en-US\",\"@id\":\"https:\/\/ustavbih.ba\/#\/schema\/logo\/image\/\",\"url\":\"https:\/\/ustavbih.ba\/app\/uploads\/2024\/12\/flags.jpg\",\"contentUrl\":\"https:\/\/ustavbih.ba\/app\/uploads\/2024\/12\/flags.jpg\",\"width\":1920,\"height\":686,\"caption\":\"UstavBiH.ba\"},\"image\":{\"@id\":\"https:\/\/ustavbih.ba\/#\/schema\/logo\/image\/\"}}]}<\/script>\n<!-- \/ Yoast SEO plugin. -->","yoast_head_json":{"title":"Statute of the Br\u010dko District - Commentary on BiH Constitution","robots":{"index":"index","follow":"follow","max-snippet":"max-snippet:-1","max-image-preview":"max-image-preview:large","max-video-preview":"max-video-preview:-1"},"canonical":"https:\/\/ustavbih.ba\/en\/article-vi-constitutional-court-of-bosnia-and-herzegovina\/e-brcko-district-constitution-and-law\/status-of-the-brcko-district-relating-to-public-law\/statute-of-the-brcko-district\/","og_locale":"en_US","og_type":"article","og_title":"Statute of the Br\u010dko District - Commentary on BiH Constitution","og_description":"The Final Award contains certain tasks for the establishment of the District and determination of the content of the Statute as a basic act of its system. The initial task of the Supervisor3620 was appointing a joint implementation commission to assist him in preparing a new \u201cStatute for the District Government\u201d and a detailed plan &hellip; Read&nbsp;more","og_url":"https:\/\/ustavbih.ba\/en\/article-vi-constitutional-court-of-bosnia-and-herzegovina\/e-brcko-district-constitution-and-law\/status-of-the-brcko-district-relating-to-public-law\/statute-of-the-brcko-district\/","og_site_name":"Commentary on BiH Constitution","article_modified_time":"2024-12-09T17:54:29+00:00","og_image":[{"width":1920,"height":686,"url":"https:\/\/ustavbih.ba\/app\/uploads\/2024\/12\/flags.jpg","type":"image\/jpeg"}],"twitter_card":"summary_large_image","twitter_misc":{"Est. reading time":"6 minutes"},"schema":{"@context":"https:\/\/schema.org","@graph":[{"@type":"WebPage","@id":"https:\/\/ustavbih.ba\/en\/article-vi-constitutional-court-of-bosnia-and-herzegovina\/e-brcko-district-constitution-and-law\/status-of-the-brcko-district-relating-to-public-law\/statute-of-the-brcko-district\/","url":"https:\/\/ustavbih.ba\/en\/article-vi-constitutional-court-of-bosnia-and-herzegovina\/e-brcko-district-constitution-and-law\/status-of-the-brcko-district-relating-to-public-law\/statute-of-the-brcko-district\/","name":"Statute of the Br\u010dko District - Commentary on BiH Constitution","isPartOf":{"@id":"https:\/\/ustavbih.ba\/#website"},"datePublished":"2024-12-09T11:10:25+00:00","dateModified":"2024-12-09T17:54:29+00:00","breadcrumb":{"@id":"https:\/\/ustavbih.ba\/en\/article-vi-constitutional-court-of-bosnia-and-herzegovina\/e-brcko-district-constitution-and-law\/status-of-the-brcko-district-relating-to-public-law\/statute-of-the-brcko-district\/#breadcrumb"},"inLanguage":"en-US","potentialAction":[{"@type":"ReadAction","target":["https:\/\/ustavbih.ba\/en\/article-vi-constitutional-court-of-bosnia-and-herzegovina\/e-brcko-district-constitution-and-law\/status-of-the-brcko-district-relating-to-public-law\/statute-of-the-brcko-district\/"]}]},{"@type":"BreadcrumbList","@id":"https:\/\/ustavbih.ba\/en\/article-vi-constitutional-court-of-bosnia-and-herzegovina\/e-brcko-district-constitution-and-law\/status-of-the-brcko-district-relating-to-public-law\/statute-of-the-brcko-district\/#breadcrumb","itemListElement":[{"@type":"ListItem","position":1,"name":"Home","item":"https:\/\/ustavbih.ba\/en\/"},{"@type":"ListItem","position":2,"name":"Article VI \u2013 Constitutional Court of Bosnia and Herzegovina","item":"https:\/\/ustavbih.ba\/en\/article-vi-constitutional-court-of-bosnia-and-herzegovina\/"},{"@type":"ListItem","position":3,"name":"E. Br\u010dko District \u2013 Constitution and Law","item":"https:\/\/ustavbih.ba\/en\/article-vi-constitutional-court-of-bosnia-and-herzegovina\/e-brcko-district-constitution-and-law\/"},{"@type":"ListItem","position":4,"name":"Status of the Br\u010dko District relating to public law","item":"https:\/\/ustavbih.ba\/en\/article-vi-constitutional-court-of-bosnia-and-herzegovina\/e-brcko-district-constitution-and-law\/status-of-the-brcko-district-relating-to-public-law\/"},{"@type":"ListItem","position":5,"name":"Statute of the Br\u010dko District"}]},{"@type":"WebSite","@id":"https:\/\/ustavbih.ba\/#website","url":"https:\/\/ustavbih.ba\/","name":"UstavBiH.ba","description":"","publisher":{"@id":"https:\/\/ustavbih.ba\/#organization"},"potentialAction":[{"@type":"SearchAction","target":{"@type":"EntryPoint","urlTemplate":"https:\/\/ustavbih.ba\/?s={search_term_string}"},"query-input":{"@type":"PropertyValueSpecification","valueRequired":true,"valueName":"search_term_string"}}],"inLanguage":"en-US"},{"@type":"Organization","@id":"https:\/\/ustavbih.ba\/#organization","name":"UstavBiH.ba","url":"https:\/\/ustavbih.ba\/","logo":{"@type":"ImageObject","inLanguage":"en-US","@id":"https:\/\/ustavbih.ba\/#\/schema\/logo\/image\/","url":"https:\/\/ustavbih.ba\/app\/uploads\/2024\/12\/flags.jpg","contentUrl":"https:\/\/ustavbih.ba\/app\/uploads\/2024\/12\/flags.jpg","width":1920,"height":686,"caption":"UstavBiH.ba"},"image":{"@id":"https:\/\/ustavbih.ba\/#\/schema\/logo\/image\/"}}]}},"_links":{"self":[{"href":"https:\/\/ustavbih.ba\/en\/wp-json\/wp\/v2\/pages\/12336","targetHints":{"allow":["GET"]}}],"collection":[{"href":"https:\/\/ustavbih.ba\/en\/wp-json\/wp\/v2\/pages"}],"about":[{"href":"https:\/\/ustavbih.ba\/en\/wp-json\/wp\/v2\/types\/page"}],"author":[{"embeddable":true,"href":"https:\/\/ustavbih.ba\/en\/wp-json\/wp\/v2\/users\/1"}],"replies":[{"embeddable":true,"href":"https:\/\/ustavbih.ba\/en\/wp-json\/wp\/v2\/comments?post=12336"}],"version-history":[{"count":1,"href":"https:\/\/ustavbih.ba\/en\/wp-json\/wp\/v2\/pages\/12336\/revisions"}],"predecessor-version":[{"id":12911,"href":"https:\/\/ustavbih.ba\/en\/wp-json\/wp\/v2\/pages\/12336\/revisions\/12911"}],"up":[{"embeddable":true,"href":"https:\/\/ustavbih.ba\/en\/wp-json\/wp\/v2\/pages\/12332"}],"wp:attachment":[{"href":"https:\/\/ustavbih.ba\/en\/wp-json\/wp\/v2\/media?parent=12336"}],"curies":[{"name":"wp","href":"https:\/\/api.w.org\/{rel}","templated":true}]}}