{"id":12279,"date":"2024-12-09T12:10:25","date_gmt":"2024-12-09T11:10:25","guid":{"rendered":""},"modified":"2024-12-09T18:23:45","modified_gmt":"2024-12-09T17:23:45","slug":"particularity-competence-to-review-international-interventions","status":"publish","type":"page","link":"https:\/\/ustavbih.ba\/en\/article-vi-constitutional-court-of-bosnia-and-herzegovina\/d-jurisdiction-article-vi-3\/appeal-i-e-constitutional-review-article-vi-3b-of-the-bih-constitution-and-application-to-the-human-rights-chamber-article-viii-1-of-annex-6\/particularity-competence-to-review-international-interventions\/","title":{"rendered":"Particularity: Competence to review international interventions"},"content":{"rendered":"<table class=\"t1\" cellspacing=\"0\" cellpadding=\"0\">\n<tbody>\n<tr>\n<td class=\"td1\" valign=\"top\">\n<p class=\"p2\">CH\/00\/4027&amp;CH\/00\/4074-A Municipal Council of the Municipality Op\u0161tinsko vije\u0107e Op\u0161tine JZ Mostar v. OHR<\/p>\n<\/td>\n<td class=\"td1\" valign=\"top\">\n<p class=\"p2\">20000309<\/p>\n<\/td>\n<\/tr>\n<tr>\n<td class=\"td1\" valign=\"top\">\n<p class=\"p2\">CH\/02\/12499 Nalog za privremene mjere \u2013 Fijuljanin<\/p>\n<\/td>\n<td class=\"td1\" valign=\"top\">\n<p class=\"p2\">20030111<\/p>\n<\/td>\n<\/tr>\n<tr>\n<td class=\"td1\" valign=\"top\">\n<p class=\"p2\">CH\/02\/12499-A&amp;<i>strike ou<\/i>t Fijuljanin<\/p>\n<\/td>\n<td class=\"td1\" valign=\"top\">\n<p class=\"p2\">20030304<\/p>\n<\/td>\n<\/tr>\n<tr>\n<td class=\"td1\" valign=\"top\">\n<p class=\"p2\">CH\/97\/60 <i>et al.-<\/i>A&amp;M. Miholi\u0107 <i>et al<\/i>.<\/p>\n<\/td>\n<td class=\"td1\" valign=\"top\">\n<p class=\"p2\">20011207<\/p>\n<\/td>\n<\/tr>\n<tr>\n<td class=\"td1\" valign=\"top\">\n<p class=\"p2\">CH\/98\/1266-A \u010cavi\u0107<\/p>\n<\/td>\n<td class=\"td1\" valign=\"top\">\n<p class=\"p2\">19981218<\/p>\n<\/td>\n<\/tr>\n<tr>\n<td class=\"td1\" valign=\"top\">\n<p class=\"p2\">CH\/98\/230 <i>et al<\/i>.-A. Suljanovi\u0107 <i>et al.<\/i><\/p>\n<\/td>\n<td class=\"td1\" valign=\"top\">\n<p class=\"p2\">19980514<\/p>\n<\/td>\n<\/tr>\n<tr>\n<td class=\"td1\" valign=\"top\">\n<p class=\"p2\">U 13\/02 Jelavi\u0107<\/p>\n<\/td>\n<td class=\"td1\" valign=\"top\">\n<p class=\"p2\">20020510<\/p>\n<\/td>\n<\/tr>\n<tr>\n<td class=\"td1\" valign=\"top\">\n<p class=\"p2\">U 16\/00 \u201c2-Year Rule\u201d<\/p>\n<\/td>\n<td class=\"td1\" valign=\"top\">\n<p class=\"p2\">20010202<\/p>\n<\/td>\n<\/tr>\n<tr>\n<td class=\"td1\" valign=\"top\">\n<p class=\"p2\">U 21\/01 Krivi\u0107<\/p>\n<\/td>\n<td class=\"td1\" valign=\"top\">\n<p class=\"p2\">20011012 <i>OG of BiH<\/i>, <i>No. 25\/01<\/i><\/p>\n<\/td>\n<\/tr>\n<tr>\n<td class=\"td1\" valign=\"top\">\n<p class=\"p2\">U 25\/00 \u201cTravel Documents\u201d<\/p>\n<\/td>\n<td class=\"td1\" valign=\"top\">\n<p class=\"p2\">20010323<\/p>\n<\/td>\n<\/tr>\n<tr>\n<td class=\"td1\" valign=\"top\">\n<p class=\"p2\">U 26\/01 \u201cCourt BiH\u201d<\/p>\n<\/td>\n<td class=\"td1\" valign=\"top\">\n<p class=\"p2\">20010928<\/p>\n<\/td>\n<\/tr>\n<tr>\n<td class=\"td1\" valign=\"top\">\n<p class=\"p2\">U 32\/01 Central profit banka<\/p>\n<\/td>\n<td class=\"td1\" valign=\"top\">\n<p class=\"p2\">20011024 <i>OG of BiH<\/i>, <i>No. 27\/01<\/i><\/p>\n<\/td>\n<\/tr>\n<tr>\n<td class=\"td1\" valign=\"top\">\n<p class=\"p2\">U 37\/01 Bi\u010dak\u010di\u0107 <i>et al<\/i>.<\/p>\n<\/td>\n<td class=\"td1\" valign=\"top\">\n<p class=\"p2\">20011102<\/p>\n<\/td>\n<\/tr>\n<tr>\n<td class=\"td1\" valign=\"top\">\n<p class=\"p2\">U 40\/00 \u201cPEC Rules and Regulations\u201d<\/p>\n<\/td>\n<td class=\"td1\" valign=\"top\">\n<p class=\"p2\">20010612 <i>OG of BiH<\/i>, <i>No. 13\/01<\/i><\/p>\n<\/td>\n<\/tr>\n<tr>\n<td class=\"td1\" valign=\"top\">\n<p class=\"p2\">U 41\/01 Dobrinja<\/p>\n<\/td>\n<td class=\"td1\" valign=\"top\">\n<p class=\"p2\">20040130<\/p>\n<\/td>\n<\/tr>\n<tr>\n<td class=\"td1\" valign=\"top\">\n<p class=\"p2\">U 7-11\/98 HRC II-VII<\/p>\n<\/td>\n<td class=\"td1\" valign=\"top\">\n<p class=\"p2\">19999615 <i>OG of BiH<\/i>, <i>No. 09\/99<\/i><\/p>\n<\/td>\n<\/tr>\n<tr>\n<td class=\"td1\" valign=\"top\">\n<p class=\"p2\">U 9\/00 \u201cState Border Service\u201d<\/p>\n<\/td>\n<td class=\"td1\" valign=\"top\">\n<p class=\"p2\">20001103<\/p>\n<\/td>\n<\/tr>\n<\/tbody>\n<\/table>\n<p class=\"p3\">With regard to the appeals directed against interventions of various international actors, the Constitutional Court and Human Rights Chamber have developed an innovative case-law in the field where constitutional law entwines with international law. Neither the BiH Constitution nor Annex 6 clearly provides for this competence. However, there is no provision which explicitly stipulates that such competence is not possible. The problem area relating to the review of international interventions in the internal legal system is even today the subject of heated discussions in cases relating to missions with the aim of achieving or maintaining peace. In principle, there is an agreement that a kind of compliance with the international standards is needed as well as the appropriate mechanisms for control and their application. Both the BiH Constitutional Court and Human Rights Chamber have looked at their practice possible ways to control, on a limited scale, the international influence on internal affairs without jeopardising the effectiveness of a mixed structure agreed in Dayton and composed of national and international protagonists.<\/p>\n","protected":false},"excerpt":{"rendered":"<p>CH\/00\/4027&amp;CH\/00\/4074-A Municipal Council of the Municipality Op\u0161tinsko vije\u0107e Op\u0161tine JZ Mostar v. OHR 20000309 CH\/02\/12499 Nalog za privremene mjere \u2013 Fijuljanin 20030111 CH\/02\/12499-A&amp;strike out Fijuljanin 20030304 CH\/97\/60 et al.-A&amp;M. Miholi\u0107 et al. 20011207 CH\/98\/1266-A \u010cavi\u0107 19981218 CH\/98\/230 et al.-A. Suljanovi\u0107 et al. 19980514 U 13\/02 Jelavi\u0107 20020510 U 16\/00 \u201c2-Year Rule\u201d 20010202 U 21\/01 Krivi\u0107 &hellip; <a class=\"text-primary\" href=\"https:\/\/ustavbih.ba\/en\/article-vi-constitutional-court-of-bosnia-and-herzegovina\/d-jurisdiction-article-vi-3\/appeal-i-e-constitutional-review-article-vi-3b-of-the-bih-constitution-and-application-to-the-human-rights-chamber-article-viii-1-of-annex-6\/particularity-competence-to-review-international-interventions\/\">Read&nbsp;more<\/a><\/p>\n","protected":false},"author":1,"featured_media":0,"parent":12230,"menu_order":16,"comment_status":"closed","ping_status":"closed","template":"","meta":{"footnotes":""},"class_list":["post-12279","page","type-page","status-publish","hentry"],"yoast_head":"<!-- This site is optimized with the Yoast SEO plugin v26.3 - https:\/\/yoast.com\/wordpress\/plugins\/seo\/ -->\n<title>Particularity: Competence to review international interventions - Commentary on BiH Constitution<\/title>\n<meta name=\"robots\" content=\"index, follow, max-snippet:-1, max-image-preview:large, max-video-preview:-1\" \/>\n<link rel=\"canonical\" href=\"https:\/\/ustavbih.ba\/en\/article-vi-constitutional-court-of-bosnia-and-herzegovina\/d-jurisdiction-article-vi-3\/appeal-i-e-constitutional-review-article-vi-3b-of-the-bih-constitution-and-application-to-the-human-rights-chamber-article-viii-1-of-annex-6\/particularity-competence-to-review-international-interventions\/\" \/>\n<meta property=\"og:locale\" content=\"en_US\" \/>\n<meta property=\"og:type\" content=\"article\" \/>\n<meta property=\"og:title\" content=\"Particularity: Competence to review international interventions - Commentary on BiH Constitution\" \/>\n<meta property=\"og:description\" content=\"CH\/00\/4027&amp;CH\/00\/4074-A Municipal Council of the Municipality Op\u0161tinsko vije\u0107e Op\u0161tine JZ Mostar v. OHR 20000309 CH\/02\/12499 Nalog za privremene mjere \u2013 Fijuljanin 20030111 CH\/02\/12499-A&amp;strike out Fijuljanin 20030304 CH\/97\/60 et al.-A&amp;M. Miholi\u0107 et al. 20011207 CH\/98\/1266-A \u010cavi\u0107 19981218 CH\/98\/230 et al.-A. Suljanovi\u0107 et al. 19980514 U 13\/02 Jelavi\u0107 20020510 U 16\/00 \u201c2-Year Rule\u201d 20010202 U 21\/01 Krivi\u0107 &hellip; Read&nbsp;more\" \/>\n<meta property=\"og:url\" content=\"https:\/\/ustavbih.ba\/en\/article-vi-constitutional-court-of-bosnia-and-herzegovina\/d-jurisdiction-article-vi-3\/appeal-i-e-constitutional-review-article-vi-3b-of-the-bih-constitution-and-application-to-the-human-rights-chamber-article-viii-1-of-annex-6\/particularity-competence-to-review-international-interventions\/\" \/>\n<meta property=\"og:site_name\" content=\"Commentary on BiH Constitution\" \/>\n<meta property=\"article:modified_time\" content=\"2024-12-09T17:23:45+00:00\" \/>\n<meta property=\"og:image\" content=\"https:\/\/ustavbih.ba\/app\/uploads\/2024\/12\/flags.jpg\" \/>\n\t<meta property=\"og:image:width\" content=\"1920\" \/>\n\t<meta property=\"og:image:height\" content=\"686\" \/>\n\t<meta property=\"og:image:type\" content=\"image\/jpeg\" \/>\n<meta name=\"twitter:card\" content=\"summary_large_image\" \/>\n<meta name=\"twitter:label1\" content=\"Est. reading time\" \/>\n\t<meta name=\"twitter:data1\" content=\"1 minute\" \/>\n<script type=\"application\/ld+json\" class=\"yoast-schema-graph\">{\"@context\":\"https:\/\/schema.org\",\"@graph\":[{\"@type\":\"WebPage\",\"@id\":\"https:\/\/ustavbih.ba\/en\/article-vi-constitutional-court-of-bosnia-and-herzegovina\/d-jurisdiction-article-vi-3\/appeal-i-e-constitutional-review-article-vi-3b-of-the-bih-constitution-and-application-to-the-human-rights-chamber-article-viii-1-of-annex-6\/particularity-competence-to-review-international-interventions\/\",\"url\":\"https:\/\/ustavbih.ba\/en\/article-vi-constitutional-court-of-bosnia-and-herzegovina\/d-jurisdiction-article-vi-3\/appeal-i-e-constitutional-review-article-vi-3b-of-the-bih-constitution-and-application-to-the-human-rights-chamber-article-viii-1-of-annex-6\/particularity-competence-to-review-international-interventions\/\",\"name\":\"Particularity: Competence to review international interventions - Commentary on BiH Constitution\",\"isPartOf\":{\"@id\":\"https:\/\/ustavbih.ba\/#website\"},\"datePublished\":\"2024-12-09T11:10:25+00:00\",\"dateModified\":\"2024-12-09T17:23:45+00:00\",\"breadcrumb\":{\"@id\":\"https:\/\/ustavbih.ba\/en\/article-vi-constitutional-court-of-bosnia-and-herzegovina\/d-jurisdiction-article-vi-3\/appeal-i-e-constitutional-review-article-vi-3b-of-the-bih-constitution-and-application-to-the-human-rights-chamber-article-viii-1-of-annex-6\/particularity-competence-to-review-international-interventions\/#breadcrumb\"},\"inLanguage\":\"en-US\",\"potentialAction\":[{\"@type\":\"ReadAction\",\"target\":[\"https:\/\/ustavbih.ba\/en\/article-vi-constitutional-court-of-bosnia-and-herzegovina\/d-jurisdiction-article-vi-3\/appeal-i-e-constitutional-review-article-vi-3b-of-the-bih-constitution-and-application-to-the-human-rights-chamber-article-viii-1-of-annex-6\/particularity-competence-to-review-international-interventions\/\"]}]},{\"@type\":\"BreadcrumbList\",\"@id\":\"https:\/\/ustavbih.ba\/en\/article-vi-constitutional-court-of-bosnia-and-herzegovina\/d-jurisdiction-article-vi-3\/appeal-i-e-constitutional-review-article-vi-3b-of-the-bih-constitution-and-application-to-the-human-rights-chamber-article-viii-1-of-annex-6\/particularity-competence-to-review-international-interventions\/#breadcrumb\",\"itemListElement\":[{\"@type\":\"ListItem\",\"position\":1,\"name\":\"Home\",\"item\":\"https:\/\/ustavbih.ba\/en\/\"},{\"@type\":\"ListItem\",\"position\":2,\"name\":\"Article VI \u2013 Constitutional Court of Bosnia and Herzegovina\",\"item\":\"https:\/\/ustavbih.ba\/en\/article-vi-constitutional-court-of-bosnia-and-herzegovina\/\"},{\"@type\":\"ListItem\",\"position\":3,\"name\":\"D. Jurisdiction (Article VI.3)\",\"item\":\"https:\/\/ustavbih.ba\/en\/article-vi-constitutional-court-of-bosnia-and-herzegovina\/d-jurisdiction-article-vi-3\/\"},{\"@type\":\"ListItem\",\"position\":4,\"name\":\"Appeal, i.e., constitutional review [Article VI.3(b) of the BiH Constitution and application to the Human Rights Chamber (Article VIII.1 of Annex 6)]\",\"item\":\"https:\/\/ustavbih.ba\/en\/article-vi-constitutional-court-of-bosnia-and-herzegovina\/d-jurisdiction-article-vi-3\/appeal-i-e-constitutional-review-article-vi-3b-of-the-bih-constitution-and-application-to-the-human-rights-chamber-article-viii-1-of-annex-6\/\"},{\"@type\":\"ListItem\",\"position\":5,\"name\":\"Particularity: Competence to review international interventions\"}]},{\"@type\":\"WebSite\",\"@id\":\"https:\/\/ustavbih.ba\/#website\",\"url\":\"https:\/\/ustavbih.ba\/\",\"name\":\"UstavBiH.ba\",\"description\":\"\",\"publisher\":{\"@id\":\"https:\/\/ustavbih.ba\/#organization\"},\"potentialAction\":[{\"@type\":\"SearchAction\",\"target\":{\"@type\":\"EntryPoint\",\"urlTemplate\":\"https:\/\/ustavbih.ba\/?s={search_term_string}\"},\"query-input\":{\"@type\":\"PropertyValueSpecification\",\"valueRequired\":true,\"valueName\":\"search_term_string\"}}],\"inLanguage\":\"en-US\"},{\"@type\":\"Organization\",\"@id\":\"https:\/\/ustavbih.ba\/#organization\",\"name\":\"UstavBiH.ba\",\"url\":\"https:\/\/ustavbih.ba\/\",\"logo\":{\"@type\":\"ImageObject\",\"inLanguage\":\"en-US\",\"@id\":\"https:\/\/ustavbih.ba\/#\/schema\/logo\/image\/\",\"url\":\"https:\/\/ustavbih.ba\/app\/uploads\/2024\/12\/flags.jpg\",\"contentUrl\":\"https:\/\/ustavbih.ba\/app\/uploads\/2024\/12\/flags.jpg\",\"width\":1920,\"height\":686,\"caption\":\"UstavBiH.ba\"},\"image\":{\"@id\":\"https:\/\/ustavbih.ba\/#\/schema\/logo\/image\/\"}}]}<\/script>\n<!-- \/ Yoast SEO plugin. -->","yoast_head_json":{"title":"Particularity: Competence to review international interventions - Commentary on BiH Constitution","robots":{"index":"index","follow":"follow","max-snippet":"max-snippet:-1","max-image-preview":"max-image-preview:large","max-video-preview":"max-video-preview:-1"},"canonical":"https:\/\/ustavbih.ba\/en\/article-vi-constitutional-court-of-bosnia-and-herzegovina\/d-jurisdiction-article-vi-3\/appeal-i-e-constitutional-review-article-vi-3b-of-the-bih-constitution-and-application-to-the-human-rights-chamber-article-viii-1-of-annex-6\/particularity-competence-to-review-international-interventions\/","og_locale":"en_US","og_type":"article","og_title":"Particularity: Competence to review international interventions - Commentary on BiH Constitution","og_description":"CH\/00\/4027&amp;CH\/00\/4074-A Municipal Council of the Municipality Op\u0161tinsko vije\u0107e Op\u0161tine JZ Mostar v. OHR 20000309 CH\/02\/12499 Nalog za privremene mjere \u2013 Fijuljanin 20030111 CH\/02\/12499-A&amp;strike out Fijuljanin 20030304 CH\/97\/60 et al.-A&amp;M. Miholi\u0107 et al. 20011207 CH\/98\/1266-A \u010cavi\u0107 19981218 CH\/98\/230 et al.-A. Suljanovi\u0107 et al. 19980514 U 13\/02 Jelavi\u0107 20020510 U 16\/00 \u201c2-Year Rule\u201d 20010202 U 21\/01 Krivi\u0107 &hellip; Read&nbsp;more","og_url":"https:\/\/ustavbih.ba\/en\/article-vi-constitutional-court-of-bosnia-and-herzegovina\/d-jurisdiction-article-vi-3\/appeal-i-e-constitutional-review-article-vi-3b-of-the-bih-constitution-and-application-to-the-human-rights-chamber-article-viii-1-of-annex-6\/particularity-competence-to-review-international-interventions\/","og_site_name":"Commentary on BiH Constitution","article_modified_time":"2024-12-09T17:23:45+00:00","og_image":[{"width":1920,"height":686,"url":"https:\/\/ustavbih.ba\/app\/uploads\/2024\/12\/flags.jpg","type":"image\/jpeg"}],"twitter_card":"summary_large_image","twitter_misc":{"Est. reading time":"1 minute"},"schema":{"@context":"https:\/\/schema.org","@graph":[{"@type":"WebPage","@id":"https:\/\/ustavbih.ba\/en\/article-vi-constitutional-court-of-bosnia-and-herzegovina\/d-jurisdiction-article-vi-3\/appeal-i-e-constitutional-review-article-vi-3b-of-the-bih-constitution-and-application-to-the-human-rights-chamber-article-viii-1-of-annex-6\/particularity-competence-to-review-international-interventions\/","url":"https:\/\/ustavbih.ba\/en\/article-vi-constitutional-court-of-bosnia-and-herzegovina\/d-jurisdiction-article-vi-3\/appeal-i-e-constitutional-review-article-vi-3b-of-the-bih-constitution-and-application-to-the-human-rights-chamber-article-viii-1-of-annex-6\/particularity-competence-to-review-international-interventions\/","name":"Particularity: Competence to review international interventions - Commentary on BiH Constitution","isPartOf":{"@id":"https:\/\/ustavbih.ba\/#website"},"datePublished":"2024-12-09T11:10:25+00:00","dateModified":"2024-12-09T17:23:45+00:00","breadcrumb":{"@id":"https:\/\/ustavbih.ba\/en\/article-vi-constitutional-court-of-bosnia-and-herzegovina\/d-jurisdiction-article-vi-3\/appeal-i-e-constitutional-review-article-vi-3b-of-the-bih-constitution-and-application-to-the-human-rights-chamber-article-viii-1-of-annex-6\/particularity-competence-to-review-international-interventions\/#breadcrumb"},"inLanguage":"en-US","potentialAction":[{"@type":"ReadAction","target":["https:\/\/ustavbih.ba\/en\/article-vi-constitutional-court-of-bosnia-and-herzegovina\/d-jurisdiction-article-vi-3\/appeal-i-e-constitutional-review-article-vi-3b-of-the-bih-constitution-and-application-to-the-human-rights-chamber-article-viii-1-of-annex-6\/particularity-competence-to-review-international-interventions\/"]}]},{"@type":"BreadcrumbList","@id":"https:\/\/ustavbih.ba\/en\/article-vi-constitutional-court-of-bosnia-and-herzegovina\/d-jurisdiction-article-vi-3\/appeal-i-e-constitutional-review-article-vi-3b-of-the-bih-constitution-and-application-to-the-human-rights-chamber-article-viii-1-of-annex-6\/particularity-competence-to-review-international-interventions\/#breadcrumb","itemListElement":[{"@type":"ListItem","position":1,"name":"Home","item":"https:\/\/ustavbih.ba\/en\/"},{"@type":"ListItem","position":2,"name":"Article VI \u2013 Constitutional Court of Bosnia and Herzegovina","item":"https:\/\/ustavbih.ba\/en\/article-vi-constitutional-court-of-bosnia-and-herzegovina\/"},{"@type":"ListItem","position":3,"name":"D. Jurisdiction (Article VI.3)","item":"https:\/\/ustavbih.ba\/en\/article-vi-constitutional-court-of-bosnia-and-herzegovina\/d-jurisdiction-article-vi-3\/"},{"@type":"ListItem","position":4,"name":"Appeal, i.e., constitutional review [Article VI.3(b) of the BiH Constitution and application to the Human Rights Chamber (Article VIII.1 of Annex 6)]","item":"https:\/\/ustavbih.ba\/en\/article-vi-constitutional-court-of-bosnia-and-herzegovina\/d-jurisdiction-article-vi-3\/appeal-i-e-constitutional-review-article-vi-3b-of-the-bih-constitution-and-application-to-the-human-rights-chamber-article-viii-1-of-annex-6\/"},{"@type":"ListItem","position":5,"name":"Particularity: Competence to review international interventions"}]},{"@type":"WebSite","@id":"https:\/\/ustavbih.ba\/#website","url":"https:\/\/ustavbih.ba\/","name":"UstavBiH.ba","description":"","publisher":{"@id":"https:\/\/ustavbih.ba\/#organization"},"potentialAction":[{"@type":"SearchAction","target":{"@type":"EntryPoint","urlTemplate":"https:\/\/ustavbih.ba\/?s={search_term_string}"},"query-input":{"@type":"PropertyValueSpecification","valueRequired":true,"valueName":"search_term_string"}}],"inLanguage":"en-US"},{"@type":"Organization","@id":"https:\/\/ustavbih.ba\/#organization","name":"UstavBiH.ba","url":"https:\/\/ustavbih.ba\/","logo":{"@type":"ImageObject","inLanguage":"en-US","@id":"https:\/\/ustavbih.ba\/#\/schema\/logo\/image\/","url":"https:\/\/ustavbih.ba\/app\/uploads\/2024\/12\/flags.jpg","contentUrl":"https:\/\/ustavbih.ba\/app\/uploads\/2024\/12\/flags.jpg","width":1920,"height":686,"caption":"UstavBiH.ba"},"image":{"@id":"https:\/\/ustavbih.ba\/#\/schema\/logo\/image\/"}}]}},"_links":{"self":[{"href":"https:\/\/ustavbih.ba\/en\/wp-json\/wp\/v2\/pages\/12279","targetHints":{"allow":["GET"]}}],"collection":[{"href":"https:\/\/ustavbih.ba\/en\/wp-json\/wp\/v2\/pages"}],"about":[{"href":"https:\/\/ustavbih.ba\/en\/wp-json\/wp\/v2\/types\/page"}],"author":[{"embeddable":true,"href":"https:\/\/ustavbih.ba\/en\/wp-json\/wp\/v2\/users\/1"}],"replies":[{"embeddable":true,"href":"https:\/\/ustavbih.ba\/en\/wp-json\/wp\/v2\/comments?post=12279"}],"version-history":[{"count":1,"href":"https:\/\/ustavbih.ba\/en\/wp-json\/wp\/v2\/pages\/12279\/revisions"}],"predecessor-version":[{"id":12859,"href":"https:\/\/ustavbih.ba\/en\/wp-json\/wp\/v2\/pages\/12279\/revisions\/12859"}],"up":[{"embeddable":true,"href":"https:\/\/ustavbih.ba\/en\/wp-json\/wp\/v2\/pages\/12230"}],"wp:attachment":[{"href":"https:\/\/ustavbih.ba\/en\/wp-json\/wp\/v2\/media?parent=12279"}],"curies":[{"name":"wp","href":"https:\/\/api.w.org\/{rel}","templated":true}]}}