{"id":12274,"date":"2024-12-09T12:10:25","date_gmt":"2024-12-09T11:10:25","guid":{"rendered":""},"modified":"2024-12-09T18:21:52","modified_gmt":"2024-12-09T17:21:52","slug":"human-rights-chamber","status":"publish","type":"page","link":"https:\/\/ustavbih.ba\/en\/article-vi-constitutional-court-of-bosnia-and-herzegovina\/d-jurisdiction-article-vi-3\/appeal-i-e-constitutional-review-article-vi-3b-of-the-bih-constitution-and-application-to-the-human-rights-chamber-article-viii-1-of-annex-6\/competence-ratione-temporis\/human-rights-chamber\/","title":{"rendered":"Human Rights Chamber"},"content":{"rendered":"<table class=\"t1\" cellspacing=\"0\" cellpadding=\"0\">\n<tbody>\n<tr>\n<td class=\"td1\" valign=\"top\">\n<p class=\"p2\">CH\/00\/5794 Sekuli\u0107<\/p>\n<\/td>\n<td class=\"td1\" valign=\"top\">\n<p class=\"p2\">20050606<\/p>\n<\/td>\n<\/tr>\n<tr>\n<td class=\"td1\" valign=\"top\">\n<p class=\"p2\">CH\/02\/9312 Pejman<\/p>\n<\/td>\n<td class=\"td1\" valign=\"top\">\n<p class=\"p2\">20050905<\/p>\n<\/td>\n<\/tr>\n<tr>\n<td class=\"td1\" valign=\"top\">\n<p class=\"p2\">CH\/96\/15-A Grgi\u0107<\/p>\n<\/td>\n<td class=\"td1\" valign=\"top\">\n<p class=\"p2\">19970215<\/p>\n<\/td>\n<\/tr>\n<tr>\n<td class=\"td1\" valign=\"top\">\n<p class=\"p2\">CH\/96\/1-A Matanovi\u0107<\/p>\n<\/td>\n<td class=\"td1\" valign=\"top\">\n<p class=\"p2\">19960913<\/p>\n<\/td>\n<\/tr>\n<tr>\n<td class=\"td1\" valign=\"top\">\n<p class=\"p2\">CH\/96\/29-A&amp;M Islamic Community of BiH (Banja Luka Mosques Related Cases)<\/p>\n<\/td>\n<td class=\"td1\" valign=\"top\">\n<p class=\"p2\">19990611<\/p>\n<\/td>\n<\/tr>\n<tr>\n<td class=\"td1\" valign=\"top\">\n<p class=\"p2\">CH\/96\/30-A Damjanovi\u0107<\/p>\n<\/td>\n<td class=\"td1\" valign=\"top\">\n<p class=\"p2\">19970411<\/p>\n<\/td>\n<\/tr>\n<tr>\n<td class=\"td1\" valign=\"top\">\n<p class=\"p2\">CH\/97\/42-A&amp;M. Erakovi\u0107<\/p>\n<\/td>\n<td class=\"td1\" valign=\"top\">\n<p class=\"p2\">19990115<\/p>\n<\/td>\n<\/tr>\n<tr>\n<td class=\"td1\" valign=\"top\">\n<p class=\"p2\">CH\/97\/67-A&amp;M. Zahirovi\u0107<\/p>\n<\/td>\n<td class=\"td1\" valign=\"top\">\n<p class=\"p2\">19990708<\/p>\n<\/td>\n<\/tr>\n<tr>\n<td class=\"td1\" valign=\"top\">\n<p class=\"p2\">CH\/97\/69-A&amp;M. Herak<\/p>\n<\/td>\n<td class=\"td1\" valign=\"top\">\n<p class=\"p2\">19980612<\/p>\n<\/td>\n<\/tr>\n<tr>\n<td class=\"td1\" valign=\"top\">\n<p class=\"p2\">CH\/97\/74-A Bali\u0107<\/p>\n<\/td>\n<td class=\"td1\" valign=\"top\">\n<p class=\"p2\">19980910<\/p>\n<\/td>\n<\/tr>\n<tr>\n<td class=\"td1\" valign=\"top\">\n<p class=\"p2\">CH\/98\/522-A \u010cabak<\/p>\n<\/td>\n<td class=\"td1\" valign=\"top\">\n<p class=\"p2\">19981015<\/p>\n<\/td>\n<\/tr>\n<tr>\n<td class=\"td1\" valign=\"top\">\n<p class=\"p2\">CH\/98\/706 <i>et al.-<\/i>A&amp;M. \u0160e\u0107erbegovi\u0107 <i>et al.<\/i><\/p>\n<\/td>\n<td class=\"td1\" valign=\"top\">\n<p class=\"p2\">20000407<\/p>\n<\/td>\n<\/tr>\n<tr>\n<td class=\"td1\" valign=\"top\">\n<p class=\"p2\">CH\/98\/948-M Mitrovi\u0107<\/p>\n<\/td>\n<td class=\"td1\" valign=\"top\">\n<p class=\"p2\">20020906<\/p>\n<\/td>\n<\/tr>\n<tr>\n<td class=\"td1\" valign=\"top\">\n<p class=\"p2\">CH\/99\/1568-A&amp;M. \u0106orali\u0107<\/p>\n<\/td>\n<td class=\"td1\" valign=\"top\">\n<p class=\"p2\">20011207<\/p>\n<\/td>\n<\/tr>\n<tr>\n<td class=\"td1\" valign=\"top\">\n<p class=\"p2\">CH\/99\/1722 Puzi\u0107<\/p>\n<\/td>\n<td class=\"td1\" valign=\"top\">\n<p class=\"p2\">20050307<\/p>\n<\/td>\n<\/tr>\n<tr>\n<td class=\"td1\" valign=\"top\">\n<p class=\"p2\">CH\/99\/1950-A \u010cakarevi\u0107<\/p>\n<\/td>\n<td class=\"td1\" valign=\"top\">\n<p class=\"p2\">20000208<\/p>\n<\/td>\n<\/tr>\n<tr>\n<td class=\"td1\" valign=\"top\">\n<p class=\"p2\">CH\/99\/1985-A Budimovi\u0107<\/p>\n<\/td>\n<td class=\"td1\" valign=\"top\">\n<p class=\"p2\">20000511<\/p>\n<\/td>\n<\/tr>\n<tr>\n<td class=\"td1\" valign=\"top\">\n<p class=\"p2\">CH\/99\/2356-A Bjeki\u0107<\/p>\n<\/td>\n<td class=\"td1\" valign=\"top\">\n<p class=\"p2\">20000513<\/p>\n<\/td>\n<\/tr>\n<tr>\n<td class=\"td1\" valign=\"top\">\n<p class=\"p2\">CH\/99\/3375-A&amp;M. E. \u017d.<\/p>\n<\/td>\n<td class=\"td1\" valign=\"top\">\n<p class=\"p2\">20031205<\/p>\n<\/td>\n<\/tr>\n<\/tbody>\n<\/table>\n<p class=\"p3\">The Parties to Annex 6 are obliged not only to provide adequate structures for the effective protection of human rights but also to provide adequate means to prevent and penalise the violations of rights. However, this obligation applies only if a violation occurred after 14 December 1995, or it continued after that date.<span class=\"s1\"><sup>3299 <\/sup><\/span>The Parties are obliged to ensure that the applicable laws are brought into line with the ECHR and to invalidate norms incompatible with the Convention before the entry into force of Annex 6.<span class=\"s1\"><sup>3300 <\/sup><\/span>In terms of time, the Human Rights Chamber is considered incompetent to take into consideration facts which took place before the entry into force of Annex 6, which means before 14 December 1995; they are not included in the scope of application of Annex 6 within the meaning of Article VIII.2(c) of Annex 6; they are ratione temporis outside the scope of Annex 6.<span class=\"s1\"><sup>3301 <\/sup><\/span>Insofar as the proceedings terminated before 14 December 1995 are concerned, neither the Human Rights Chamber nor the Human Rights Commission can review the proceedings and their legal grounds according to the standards of Annex 6.<\/p>\n<p class=\"p4\">The exceptions to this rule are the cases of \u201cconstant and continuing violations\u201d. Therefore, a case falls within the scope of application of Annex 6, and thus within the scope of ratione temporis competence of Human Rights Chamber, if the violation continued to exist after 14 December 1995.<span class=\"s1\"><sup>3302 <\/sup><\/span>The facts relating to the events prior to the entry into force of Annex 6 may be relevant as background to the events after that date.<span class=\"s1\"><sup>3303 <\/sup><\/span>So, for example, the disappearance of a person falls within the scope of competence of the Human Rights Chamber if there is a justified assumption that the missing person was still alive or in prison after 14 December 1995.<span class=\"s1\"><sup>3304 <\/sup><\/span>The issue as to whether the state authorities deprived that person of liberty or released him\/her before the entry into force of Annex 6 may be relevant and taken into consideration.<span class=\"s1\"><sup>3305 <\/sup><\/span>A continuing violation exists even if the whole proceedings were conducted and terminated before 14 December 1995 but a decision was delivered to the applicant only after that date, since the judgment in question came formally into force only on that date.<span class=\"s1\"><sup>3306<\/sup><\/span><\/p>\n<p class=\"p4\">In cases where the decisions of dismissal were delivered during the war (and thus took effect) but the injured parties challenged them only after 14 December 1995, the Human Rights Chamber has temporal competence. However, such applications are manifestly ill-founded, since the applicants complain about the violation of the right to a fair trial where decisions on the merits were not taken (the civil right was not determined) but their lawsuits against dismissal were rejected as being barred by the statute of limitations.<span class=\"s1\"><sup>3307 <\/sup><\/span>However, the Human Rights Chamber is competent if a decision on the termination of a labour relationship had been taken before the entry into force of Annex 6 but it was served on the applicant after 14 December 1995, and only then took effect.<span class=\"s1\"><sup>3308 <\/sup><\/span>The cases where the continuation of violation also exists and which can be considered by the Human Rights Chamber are those where the applicants were not dismissed from service but they were laid off, and were not reinstated after the war, since the employer employed another person \u201csuitable\u201d in terms of ethnic affiliation; such cases are frequent.<span class=\"s1\"><sup>3309<\/sup><\/span><\/p>\n<p class=\"p4\">In case of execution of a death penalty pronounced before the key date, the proceedings that amounted to the pronouncement of the death sentence are reviewed in terms of their compatibility with Annex 6, even if the judgment was rendered before the key date.<span class=\"s1\"><sup>3310<\/sup><\/span><\/p>\n<p class=\"p4\">The deprivation of other real rights at the moment in which the deprivation took place is considered as terminated and thus it does not constitute a continuing violation of the property.<span class=\"s1\"><sup>3311 <\/sup><\/span>However, a continuing violation of a property right can exist if the applicant complains not only about the deprivation of rights (before the key date) but also about the failure to receive damage compensation prescribed by law \u2013 for example, a suitable replacement apartment \u2013 and the failure to award compensation also extends to the period after the entry into force of Annex 6.<span class=\"s1\"><sup>3312<\/sup><\/span><\/p>\n<p class=\"p4\">The Human Rights Commission within the BiH Constitutional Court is <i>ratione temporis <\/i>incompetent to consider the applications which were filed after the expiry of the term of the Human Rights Chamber. The term of the Human Rights Chamber terminated on 31 December 2003. The legal successor of the Human Rights Chamber \u2013 the Human Rights Commission within the BiH Constitutional Court \u2013 operated from 1 January 2004 and it was not competent to receive new applications (Articles 1, 2 and 5 of the Agreement according to Article XIV of Annex 6 of the General Framework Agreement for Peace in Bosnia and Herzegovina).<span class=\"s1\"><sup>3313 <\/sup><\/span>Such applications are not ratione temporis in accordance with the mandate under Annex 6.<span class=\"s1\"><sup>3314<\/sup><\/span><\/p>\n","protected":false},"excerpt":{"rendered":"<p>CH\/00\/5794 Sekuli\u0107 20050606 CH\/02\/9312 Pejman 20050905 CH\/96\/15-A Grgi\u0107 19970215 CH\/96\/1-A Matanovi\u0107 19960913 CH\/96\/29-A&amp;M Islamic Community of BiH (Banja Luka Mosques Related Cases) 19990611 CH\/96\/30-A Damjanovi\u0107 19970411 CH\/97\/42-A&amp;M. Erakovi\u0107 19990115 CH\/97\/67-A&amp;M. Zahirovi\u0107 19990708 CH\/97\/69-A&amp;M. Herak 19980612 CH\/97\/74-A Bali\u0107 19980910 CH\/98\/522-A \u010cabak 19981015 CH\/98\/706 et al.-A&amp;M. \u0160e\u0107erbegovi\u0107 et al. 20000407 CH\/98\/948-M Mitrovi\u0107 20020906 CH\/99\/1568-A&amp;M. \u0106orali\u0107 20011207 CH\/99\/1722 &hellip; <a class=\"text-primary\" href=\"https:\/\/ustavbih.ba\/en\/article-vi-constitutional-court-of-bosnia-and-herzegovina\/d-jurisdiction-article-vi-3\/appeal-i-e-constitutional-review-article-vi-3b-of-the-bih-constitution-and-application-to-the-human-rights-chamber-article-viii-1-of-annex-6\/competence-ratione-temporis\/human-rights-chamber\/\">Read&nbsp;more<\/a><\/p>\n","protected":false},"author":1,"featured_media":0,"parent":12272,"menu_order":1,"comment_status":"closed","ping_status":"closed","template":"","meta":{"footnotes":""},"class_list":["post-12274","page","type-page","status-publish","hentry"],"yoast_head":"<!-- This site is optimized with the Yoast SEO plugin v26.3 - https:\/\/yoast.com\/wordpress\/plugins\/seo\/ -->\n<title>Human Rights Chamber - Commentary on BiH Constitution<\/title>\n<meta name=\"robots\" content=\"index, follow, max-snippet:-1, max-image-preview:large, max-video-preview:-1\" \/>\n<link rel=\"canonical\" href=\"https:\/\/ustavbih.ba\/en\/article-vi-constitutional-court-of-bosnia-and-herzegovina\/d-jurisdiction-article-vi-3\/appeal-i-e-constitutional-review-article-vi-3b-of-the-bih-constitution-and-application-to-the-human-rights-chamber-article-viii-1-of-annex-6\/competence-ratione-temporis\/human-rights-chamber\/\" \/>\n<meta property=\"og:locale\" content=\"en_US\" \/>\n<meta property=\"og:type\" content=\"article\" \/>\n<meta property=\"og:title\" content=\"Human Rights Chamber - Commentary on BiH Constitution\" \/>\n<meta property=\"og:description\" content=\"CH\/00\/5794 Sekuli\u0107 20050606 CH\/02\/9312 Pejman 20050905 CH\/96\/15-A Grgi\u0107 19970215 CH\/96\/1-A Matanovi\u0107 19960913 CH\/96\/29-A&amp;M Islamic Community of BiH (Banja Luka Mosques Related Cases) 19990611 CH\/96\/30-A Damjanovi\u0107 19970411 CH\/97\/42-A&amp;M. Erakovi\u0107 19990115 CH\/97\/67-A&amp;M. Zahirovi\u0107 19990708 CH\/97\/69-A&amp;M. Herak 19980612 CH\/97\/74-A Bali\u0107 19980910 CH\/98\/522-A \u010cabak 19981015 CH\/98\/706 et al.-A&amp;M. \u0160e\u0107erbegovi\u0107 et al. 20000407 CH\/98\/948-M Mitrovi\u0107 20020906 CH\/99\/1568-A&amp;M. \u0106orali\u0107 20011207 CH\/99\/1722 &hellip; Read&nbsp;more\" \/>\n<meta property=\"og:url\" content=\"https:\/\/ustavbih.ba\/en\/article-vi-constitutional-court-of-bosnia-and-herzegovina\/d-jurisdiction-article-vi-3\/appeal-i-e-constitutional-review-article-vi-3b-of-the-bih-constitution-and-application-to-the-human-rights-chamber-article-viii-1-of-annex-6\/competence-ratione-temporis\/human-rights-chamber\/\" \/>\n<meta property=\"og:site_name\" content=\"Commentary on BiH Constitution\" \/>\n<meta property=\"article:modified_time\" content=\"2024-12-09T17:21:52+00:00\" \/>\n<meta property=\"og:image\" content=\"https:\/\/ustavbih.ba\/app\/uploads\/2024\/12\/flags.jpg\" \/>\n\t<meta property=\"og:image:width\" content=\"1920\" \/>\n\t<meta property=\"og:image:height\" content=\"686\" \/>\n\t<meta property=\"og:image:type\" content=\"image\/jpeg\" \/>\n<meta name=\"twitter:card\" content=\"summary_large_image\" \/>\n<meta name=\"twitter:label1\" content=\"Est. reading time\" \/>\n\t<meta name=\"twitter:data1\" content=\"4 minutes\" \/>\n<script type=\"application\/ld+json\" class=\"yoast-schema-graph\">{\"@context\":\"https:\/\/schema.org\",\"@graph\":[{\"@type\":\"WebPage\",\"@id\":\"https:\/\/ustavbih.ba\/en\/article-vi-constitutional-court-of-bosnia-and-herzegovina\/d-jurisdiction-article-vi-3\/appeal-i-e-constitutional-review-article-vi-3b-of-the-bih-constitution-and-application-to-the-human-rights-chamber-article-viii-1-of-annex-6\/competence-ratione-temporis\/human-rights-chamber\/\",\"url\":\"https:\/\/ustavbih.ba\/en\/article-vi-constitutional-court-of-bosnia-and-herzegovina\/d-jurisdiction-article-vi-3\/appeal-i-e-constitutional-review-article-vi-3b-of-the-bih-constitution-and-application-to-the-human-rights-chamber-article-viii-1-of-annex-6\/competence-ratione-temporis\/human-rights-chamber\/\",\"name\":\"Human Rights Chamber - Commentary on BiH Constitution\",\"isPartOf\":{\"@id\":\"https:\/\/ustavbih.ba\/#website\"},\"datePublished\":\"2024-12-09T11:10:25+00:00\",\"dateModified\":\"2024-12-09T17:21:52+00:00\",\"breadcrumb\":{\"@id\":\"https:\/\/ustavbih.ba\/en\/article-vi-constitutional-court-of-bosnia-and-herzegovina\/d-jurisdiction-article-vi-3\/appeal-i-e-constitutional-review-article-vi-3b-of-the-bih-constitution-and-application-to-the-human-rights-chamber-article-viii-1-of-annex-6\/competence-ratione-temporis\/human-rights-chamber\/#breadcrumb\"},\"inLanguage\":\"en-US\",\"potentialAction\":[{\"@type\":\"ReadAction\",\"target\":[\"https:\/\/ustavbih.ba\/en\/article-vi-constitutional-court-of-bosnia-and-herzegovina\/d-jurisdiction-article-vi-3\/appeal-i-e-constitutional-review-article-vi-3b-of-the-bih-constitution-and-application-to-the-human-rights-chamber-article-viii-1-of-annex-6\/competence-ratione-temporis\/human-rights-chamber\/\"]}]},{\"@type\":\"BreadcrumbList\",\"@id\":\"https:\/\/ustavbih.ba\/en\/article-vi-constitutional-court-of-bosnia-and-herzegovina\/d-jurisdiction-article-vi-3\/appeal-i-e-constitutional-review-article-vi-3b-of-the-bih-constitution-and-application-to-the-human-rights-chamber-article-viii-1-of-annex-6\/competence-ratione-temporis\/human-rights-chamber\/#breadcrumb\",\"itemListElement\":[{\"@type\":\"ListItem\",\"position\":1,\"name\":\"Home\",\"item\":\"https:\/\/ustavbih.ba\/en\/\"},{\"@type\":\"ListItem\",\"position\":2,\"name\":\"Article VI \u2013 Constitutional Court of Bosnia and Herzegovina\",\"item\":\"https:\/\/ustavbih.ba\/en\/article-vi-constitutional-court-of-bosnia-and-herzegovina\/\"},{\"@type\":\"ListItem\",\"position\":3,\"name\":\"D. Jurisdiction (Article VI.3)\",\"item\":\"https:\/\/ustavbih.ba\/en\/article-vi-constitutional-court-of-bosnia-and-herzegovina\/d-jurisdiction-article-vi-3\/\"},{\"@type\":\"ListItem\",\"position\":4,\"name\":\"Appeal, i.e., constitutional review [Article VI.3(b) of the BiH Constitution and application to the Human Rights Chamber (Article VIII.1 of Annex 6)]\",\"item\":\"https:\/\/ustavbih.ba\/en\/article-vi-constitutional-court-of-bosnia-and-herzegovina\/d-jurisdiction-article-vi-3\/appeal-i-e-constitutional-review-article-vi-3b-of-the-bih-constitution-and-application-to-the-human-rights-chamber-article-viii-1-of-annex-6\/\"},{\"@type\":\"ListItem\",\"position\":5,\"name\":\"Competence ratione temporis\",\"item\":\"https:\/\/ustavbih.ba\/en\/article-vi-constitutional-court-of-bosnia-and-herzegovina\/d-jurisdiction-article-vi-3\/appeal-i-e-constitutional-review-article-vi-3b-of-the-bih-constitution-and-application-to-the-human-rights-chamber-article-viii-1-of-annex-6\/competence-ratione-temporis\/\"},{\"@type\":\"ListItem\",\"position\":6,\"name\":\"Human Rights Chamber\"}]},{\"@type\":\"WebSite\",\"@id\":\"https:\/\/ustavbih.ba\/#website\",\"url\":\"https:\/\/ustavbih.ba\/\",\"name\":\"UstavBiH.ba\",\"description\":\"\",\"publisher\":{\"@id\":\"https:\/\/ustavbih.ba\/#organization\"},\"potentialAction\":[{\"@type\":\"SearchAction\",\"target\":{\"@type\":\"EntryPoint\",\"urlTemplate\":\"https:\/\/ustavbih.ba\/?s={search_term_string}\"},\"query-input\":{\"@type\":\"PropertyValueSpecification\",\"valueRequired\":true,\"valueName\":\"search_term_string\"}}],\"inLanguage\":\"en-US\"},{\"@type\":\"Organization\",\"@id\":\"https:\/\/ustavbih.ba\/#organization\",\"name\":\"UstavBiH.ba\",\"url\":\"https:\/\/ustavbih.ba\/\",\"logo\":{\"@type\":\"ImageObject\",\"inLanguage\":\"en-US\",\"@id\":\"https:\/\/ustavbih.ba\/#\/schema\/logo\/image\/\",\"url\":\"https:\/\/ustavbih.ba\/app\/uploads\/2024\/12\/flags.jpg\",\"contentUrl\":\"https:\/\/ustavbih.ba\/app\/uploads\/2024\/12\/flags.jpg\",\"width\":1920,\"height\":686,\"caption\":\"UstavBiH.ba\"},\"image\":{\"@id\":\"https:\/\/ustavbih.ba\/#\/schema\/logo\/image\/\"}}]}<\/script>\n<!-- \/ Yoast SEO plugin. -->","yoast_head_json":{"title":"Human Rights Chamber - Commentary on BiH Constitution","robots":{"index":"index","follow":"follow","max-snippet":"max-snippet:-1","max-image-preview":"max-image-preview:large","max-video-preview":"max-video-preview:-1"},"canonical":"https:\/\/ustavbih.ba\/en\/article-vi-constitutional-court-of-bosnia-and-herzegovina\/d-jurisdiction-article-vi-3\/appeal-i-e-constitutional-review-article-vi-3b-of-the-bih-constitution-and-application-to-the-human-rights-chamber-article-viii-1-of-annex-6\/competence-ratione-temporis\/human-rights-chamber\/","og_locale":"en_US","og_type":"article","og_title":"Human Rights Chamber - Commentary on BiH Constitution","og_description":"CH\/00\/5794 Sekuli\u0107 20050606 CH\/02\/9312 Pejman 20050905 CH\/96\/15-A Grgi\u0107 19970215 CH\/96\/1-A Matanovi\u0107 19960913 CH\/96\/29-A&amp;M Islamic Community of BiH (Banja Luka Mosques Related Cases) 19990611 CH\/96\/30-A Damjanovi\u0107 19970411 CH\/97\/42-A&amp;M. Erakovi\u0107 19990115 CH\/97\/67-A&amp;M. Zahirovi\u0107 19990708 CH\/97\/69-A&amp;M. Herak 19980612 CH\/97\/74-A Bali\u0107 19980910 CH\/98\/522-A \u010cabak 19981015 CH\/98\/706 et al.-A&amp;M. \u0160e\u0107erbegovi\u0107 et al. 20000407 CH\/98\/948-M Mitrovi\u0107 20020906 CH\/99\/1568-A&amp;M. \u0106orali\u0107 20011207 CH\/99\/1722 &hellip; Read&nbsp;more","og_url":"https:\/\/ustavbih.ba\/en\/article-vi-constitutional-court-of-bosnia-and-herzegovina\/d-jurisdiction-article-vi-3\/appeal-i-e-constitutional-review-article-vi-3b-of-the-bih-constitution-and-application-to-the-human-rights-chamber-article-viii-1-of-annex-6\/competence-ratione-temporis\/human-rights-chamber\/","og_site_name":"Commentary on BiH Constitution","article_modified_time":"2024-12-09T17:21:52+00:00","og_image":[{"width":1920,"height":686,"url":"https:\/\/ustavbih.ba\/app\/uploads\/2024\/12\/flags.jpg","type":"image\/jpeg"}],"twitter_card":"summary_large_image","twitter_misc":{"Est. reading time":"4 minutes"},"schema":{"@context":"https:\/\/schema.org","@graph":[{"@type":"WebPage","@id":"https:\/\/ustavbih.ba\/en\/article-vi-constitutional-court-of-bosnia-and-herzegovina\/d-jurisdiction-article-vi-3\/appeal-i-e-constitutional-review-article-vi-3b-of-the-bih-constitution-and-application-to-the-human-rights-chamber-article-viii-1-of-annex-6\/competence-ratione-temporis\/human-rights-chamber\/","url":"https:\/\/ustavbih.ba\/en\/article-vi-constitutional-court-of-bosnia-and-herzegovina\/d-jurisdiction-article-vi-3\/appeal-i-e-constitutional-review-article-vi-3b-of-the-bih-constitution-and-application-to-the-human-rights-chamber-article-viii-1-of-annex-6\/competence-ratione-temporis\/human-rights-chamber\/","name":"Human Rights Chamber - Commentary on BiH Constitution","isPartOf":{"@id":"https:\/\/ustavbih.ba\/#website"},"datePublished":"2024-12-09T11:10:25+00:00","dateModified":"2024-12-09T17:21:52+00:00","breadcrumb":{"@id":"https:\/\/ustavbih.ba\/en\/article-vi-constitutional-court-of-bosnia-and-herzegovina\/d-jurisdiction-article-vi-3\/appeal-i-e-constitutional-review-article-vi-3b-of-the-bih-constitution-and-application-to-the-human-rights-chamber-article-viii-1-of-annex-6\/competence-ratione-temporis\/human-rights-chamber\/#breadcrumb"},"inLanguage":"en-US","potentialAction":[{"@type":"ReadAction","target":["https:\/\/ustavbih.ba\/en\/article-vi-constitutional-court-of-bosnia-and-herzegovina\/d-jurisdiction-article-vi-3\/appeal-i-e-constitutional-review-article-vi-3b-of-the-bih-constitution-and-application-to-the-human-rights-chamber-article-viii-1-of-annex-6\/competence-ratione-temporis\/human-rights-chamber\/"]}]},{"@type":"BreadcrumbList","@id":"https:\/\/ustavbih.ba\/en\/article-vi-constitutional-court-of-bosnia-and-herzegovina\/d-jurisdiction-article-vi-3\/appeal-i-e-constitutional-review-article-vi-3b-of-the-bih-constitution-and-application-to-the-human-rights-chamber-article-viii-1-of-annex-6\/competence-ratione-temporis\/human-rights-chamber\/#breadcrumb","itemListElement":[{"@type":"ListItem","position":1,"name":"Home","item":"https:\/\/ustavbih.ba\/en\/"},{"@type":"ListItem","position":2,"name":"Article VI \u2013 Constitutional Court of Bosnia and Herzegovina","item":"https:\/\/ustavbih.ba\/en\/article-vi-constitutional-court-of-bosnia-and-herzegovina\/"},{"@type":"ListItem","position":3,"name":"D. Jurisdiction (Article VI.3)","item":"https:\/\/ustavbih.ba\/en\/article-vi-constitutional-court-of-bosnia-and-herzegovina\/d-jurisdiction-article-vi-3\/"},{"@type":"ListItem","position":4,"name":"Appeal, i.e., constitutional review [Article VI.3(b) of the BiH Constitution and application to the Human Rights Chamber (Article VIII.1 of Annex 6)]","item":"https:\/\/ustavbih.ba\/en\/article-vi-constitutional-court-of-bosnia-and-herzegovina\/d-jurisdiction-article-vi-3\/appeal-i-e-constitutional-review-article-vi-3b-of-the-bih-constitution-and-application-to-the-human-rights-chamber-article-viii-1-of-annex-6\/"},{"@type":"ListItem","position":5,"name":"Competence ratione temporis","item":"https:\/\/ustavbih.ba\/en\/article-vi-constitutional-court-of-bosnia-and-herzegovina\/d-jurisdiction-article-vi-3\/appeal-i-e-constitutional-review-article-vi-3b-of-the-bih-constitution-and-application-to-the-human-rights-chamber-article-viii-1-of-annex-6\/competence-ratione-temporis\/"},{"@type":"ListItem","position":6,"name":"Human Rights Chamber"}]},{"@type":"WebSite","@id":"https:\/\/ustavbih.ba\/#website","url":"https:\/\/ustavbih.ba\/","name":"UstavBiH.ba","description":"","publisher":{"@id":"https:\/\/ustavbih.ba\/#organization"},"potentialAction":[{"@type":"SearchAction","target":{"@type":"EntryPoint","urlTemplate":"https:\/\/ustavbih.ba\/?s={search_term_string}"},"query-input":{"@type":"PropertyValueSpecification","valueRequired":true,"valueName":"search_term_string"}}],"inLanguage":"en-US"},{"@type":"Organization","@id":"https:\/\/ustavbih.ba\/#organization","name":"UstavBiH.ba","url":"https:\/\/ustavbih.ba\/","logo":{"@type":"ImageObject","inLanguage":"en-US","@id":"https:\/\/ustavbih.ba\/#\/schema\/logo\/image\/","url":"https:\/\/ustavbih.ba\/app\/uploads\/2024\/12\/flags.jpg","contentUrl":"https:\/\/ustavbih.ba\/app\/uploads\/2024\/12\/flags.jpg","width":1920,"height":686,"caption":"UstavBiH.ba"},"image":{"@id":"https:\/\/ustavbih.ba\/#\/schema\/logo\/image\/"}}]}},"_links":{"self":[{"href":"https:\/\/ustavbih.ba\/en\/wp-json\/wp\/v2\/pages\/12274","targetHints":{"allow":["GET"]}}],"collection":[{"href":"https:\/\/ustavbih.ba\/en\/wp-json\/wp\/v2\/pages"}],"about":[{"href":"https:\/\/ustavbih.ba\/en\/wp-json\/wp\/v2\/types\/page"}],"author":[{"embeddable":true,"href":"https:\/\/ustavbih.ba\/en\/wp-json\/wp\/v2\/users\/1"}],"replies":[{"embeddable":true,"href":"https:\/\/ustavbih.ba\/en\/wp-json\/wp\/v2\/comments?post=12274"}],"version-history":[{"count":1,"href":"https:\/\/ustavbih.ba\/en\/wp-json\/wp\/v2\/pages\/12274\/revisions"}],"predecessor-version":[{"id":12855,"href":"https:\/\/ustavbih.ba\/en\/wp-json\/wp\/v2\/pages\/12274\/revisions\/12855"}],"up":[{"embeddable":true,"href":"https:\/\/ustavbih.ba\/en\/wp-json\/wp\/v2\/pages\/12272"}],"wp:attachment":[{"href":"https:\/\/ustavbih.ba\/en\/wp-json\/wp\/v2\/media?parent=12274"}],"curies":[{"name":"wp","href":"https:\/\/api.w.org\/{rel}","templated":true}]}}