{"id":12255,"date":"2024-12-09T12:10:25","date_gmt":"2024-12-09T11:10:25","guid":{"rendered":""},"modified":"2024-12-09T18:09:58","modified_gmt":"2024-12-09T17:09:58","slug":"constitutional-court","status":"publish","type":"page","link":"https:\/\/ustavbih.ba\/en\/article-vi-constitutional-court-of-bosnia-and-herzegovina\/d-jurisdiction-article-vi-3\/appeal-i-e-constitutional-review-article-vi-3b-of-the-bih-constitution-and-application-to-the-human-rights-chamber-article-viii-1-of-annex-6\/the-subject-of-dispute\/constitutional-court\/","title":{"rendered":"Constitutional Court"},"content":{"rendered":"<table class=\"t1\" cellspacing=\"0\" cellpadding=\"0\">\n<tbody>\n<tr>\n<td class=\"td1\" valign=\"top\">\n<p class=\"p2\">AP 1603\/05 Lon\u010dar<\/p>\n<\/td>\n<td class=\"td1\" valign=\"top\">\n<p class=\"p2\">20061221<\/p>\n<\/td>\n<\/tr>\n<tr>\n<td class=\"td1\" valign=\"top\">\n<p class=\"p2\">U 1\/00 Kurtovi\u0107<\/p>\n<\/td>\n<td class=\"td1\" valign=\"top\">\n<p class=\"p2\">20010203<\/p>\n<\/td>\n<\/tr>\n<tr>\n<td class=\"td1\" valign=\"top\">\n<p class=\"p2\">U 1\/97 Decision of the Tuzla-Podrinje Canton<\/p>\n<\/td>\n<td class=\"td1\" valign=\"top\">\n<p class=\"p2\">19980406 <i>OG of BiH<\/i>, No. 05\/98<\/p>\n<\/td>\n<\/tr>\n<tr>\n<td class=\"td1\" valign=\"top\">\n<p class=\"p2\">U 10\/97 BiH Bar Association<\/p>\n<\/td>\n<td class=\"td1\" valign=\"top\">\n<p class=\"p2\">19980406 <i>OG of BiH<\/i>, No. 05\/98<\/p>\n<\/td>\n<\/tr>\n<tr>\n<td class=\"td1\" valign=\"top\">\n<p class=\"p2\">U 106\/03 I. D.<\/p>\n<\/td>\n<td class=\"td1\" valign=\"top\">\n<p class=\"p2\">20041027<\/p>\n<\/td>\n<\/tr>\n<tr>\n<td class=\"td1\" valign=\"top\">\n<p class=\"p2\">U 12\/01 Nikoli\u0107<\/p>\n<\/td>\n<td class=\"td1\" valign=\"top\">\n<p class=\"p2\">20020803 <i>OG of BiH<\/i>, No. 20\/02<\/p>\n<\/td>\n<\/tr>\n<tr>\n<td class=\"td1\" valign=\"top\">\n<p class=\"p2\">U 12\/97 Sara\u010devi\u0107-\u0160utkovi\u0107<\/p>\n<\/td>\n<td class=\"td1\" valign=\"top\">\n<p class=\"p2\">19980914 <i>OG of BiH<\/i>, No. 17\/98<\/p>\n<\/td>\n<\/tr>\n<tr>\n<td class=\"td1\" valign=\"top\">\n<p class=\"p2\">U 12\/99 Kurtovi\u0107<\/p>\n<\/td>\n<td class=\"td1\" valign=\"top\">\n<p class=\"p2\">20010203<\/p>\n<\/td>\n<\/tr>\n<tr>\n<td class=\"td1\" valign=\"top\">\n<p class=\"p2\">U 14\/00-1 Manojlovi\u0107<\/p>\n<\/td>\n<td class=\"td1\" valign=\"top\">\n<p class=\"p2\">20011230 <i>OG of BiH<\/i>, No. 33\/01<\/p>\n<\/td>\n<\/tr>\n<tr>\n<td class=\"td1\" valign=\"top\">\n<p class=\"p2\">U 14\/99 Hotel \u201cBosna\u201d<\/p>\n<\/td>\n<td class=\"td1\" valign=\"top\">\n<p class=\"p2\">20001231 <i>OG of BiH<\/i>, No. 36\/00<\/p>\n<\/td>\n<\/tr>\n<tr>\n<td class=\"td1\" valign=\"top\">\n<p class=\"p2\">U 15\/00 Deli\u0107<\/p>\n<\/td>\n<td class=\"td1\" valign=\"top\">\n<p class=\"p2\">20010416 <i>OG of BiH<\/i>, No. 10\/01<\/p>\n<\/td>\n<\/tr>\n<tr>\n<td class=\"td1\" valign=\"top\">\n<p class=\"p2\">U 16\/96 Rulebook of the Primary School of the Catholic School Centre in Sarajevo<\/p>\n<\/td>\n<td class=\"td1\" valign=\"top\">\n<p class=\"p2\">20000226<\/p>\n<\/td>\n<\/tr>\n<tr>\n<td class=\"td1\" valign=\"top\">\n<p class=\"p2\">U 19\/00 Kemokop <i>et al.<\/i><\/p>\n<\/td>\n<td class=\"td1\" valign=\"top\">\n<p class=\"p2\">20010504<\/p>\n<\/td>\n<\/tr>\n<tr>\n<td class=\"td1\" valign=\"top\">\n<p class=\"p2\">U 2\/97 Decision on the Conditions for the Exercise of Activities and Programmes of Special Social Interest<\/p>\n<\/td>\n<td class=\"td1\" valign=\"top\">\n<p class=\"p2\">19980406 <i>OG of BiH<\/i>, No. 05\/98<\/p>\n<\/td>\n<\/tr>\n<\/tbody>\n<\/table>\n<table class=\"t1\" cellspacing=\"0\" cellpadding=\"0\">\n<tbody>\n<tr>\n<td class=\"td1\" valign=\"top\">\n<p class=\"p2\">U 20\/00 Ku\u0161ec<\/p>\n<\/td>\n<td class=\"td1\" valign=\"top\">\n<p class=\"p2\">20010710 <i>OG of BiH<\/i>, No. 17\/01<\/p>\n<\/td>\n<\/tr>\n<tr>\n<td class=\"td1\" valign=\"top\">\n<p class=\"p2\">U 22\/01 Ku\u0161ec<\/p>\n<\/td>\n<td class=\"td1\" valign=\"top\">\n<p class=\"p2\">20011230 <i>OG of BiH<\/i>, No. 33\/01<\/p>\n<\/td>\n<\/tr>\n<tr>\n<td class=\"td1\" valign=\"top\">\n<p class=\"p2\">U 22\/02 R. B.<\/p>\n<\/td>\n<td class=\"td1\" valign=\"top\">\n<p class=\"p2\">20030627<\/p>\n<\/td>\n<\/tr>\n<tr>\n<td class=\"td1\" valign=\"top\">\n<p class=\"p2\">U 23\/00 Vrhovac<\/p>\n<\/td>\n<td class=\"td1\" valign=\"top\">\n<p class=\"p2\">20010416 <i>OG of BiH<\/i>, No. 10\/01<\/p>\n<\/td>\n<\/tr>\n<tr>\n<td class=\"td1\" valign=\"top\">\n<p class=\"p2\">U 24\/00 Avdi\u0107<\/p>\n<\/td>\n<td class=\"td1\" valign=\"top\">\n<p class=\"p2\">20020130 <i>OG of BiH<\/i>, No. 01\/02<\/p>\n<\/td>\n<\/tr>\n<tr>\n<td class=\"td1\" valign=\"top\">\n<p class=\"p2\">U 29\/00 \u201c2-year rule\u201d<\/p>\n<\/td>\n<td class=\"td1\" valign=\"top\">\n<p class=\"p2\">20010416 <i>OG of BiH<\/i>, No. 10\/01<\/p>\n<\/td>\n<\/tr>\n<tr>\n<td class=\"td1\" valign=\"top\">\n<p class=\"p2\">U 29\/96 Rulebook on Application of Tax Rates<\/p>\n<\/td>\n<td class=\"td1\" valign=\"top\">\n<p class=\"p2\">19980511 <i>OG of BiH<\/i>, No. 07\/98<\/p>\n<\/td>\n<\/tr>\n<tr>\n<td class=\"td1\" valign=\"top\">\n<p class=\"p2\">U 3\/01 \u010cajavec Holding <i>et al<\/i>.<\/p>\n<\/td>\n<td class=\"td1\" valign=\"top\">\n<p class=\"p2\">20020312 <i>OG of BiH<\/i>, No. 05\/02<\/p>\n<\/td>\n<\/tr>\n<tr>\n<td class=\"td1\" valign=\"top\">\n<p class=\"p2\">U 3\/96 Decision on the Conditions for the Exercise of Activities and Programmes of Special Social Interest<\/p>\n<\/td>\n<td class=\"td1\" valign=\"top\">\n<p class=\"p2\">19980406 <i>OG of BiH<\/i>, No. 05\/98<\/p>\n<\/td>\n<\/tr>\n<tr>\n<td class=\"td1\" valign=\"top\">\n<p class=\"p2\">U 3\/97 Muicipal Court of Sanski Most<\/p>\n<\/td>\n<td class=\"td1\" valign=\"top\">\n<p class=\"p2\">19980406 <i>OG of BiH<\/i>, No. 05\/98<\/p>\n<\/td>\n<\/tr>\n<tr>\n<td class=\"td1\" valign=\"top\">\n<p class=\"p2\">U 34\/01 Bi\u010dak\u010di\u0107<\/p>\n<\/td>\n<td class=\"td1\" valign=\"top\">\n<p class=\"p2\">20010821 <i>OG of BiH<\/i>, No. 20\/01<\/p>\n<\/td>\n<\/tr>\n<tr>\n<td class=\"td1\" valign=\"top\">\n<p class=\"p2\">U 36\/00 Kurtovi\u0107<\/p>\n<\/td>\n<td class=\"td1\" valign=\"top\">\n<p class=\"p2\">20010203<\/p>\n<\/td>\n<\/tr>\n<tr>\n<td class=\"td1\" valign=\"top\">\n<p class=\"p2\">U 38\/01 Law on Pension and Disability Insurance<\/p>\n<\/td>\n<td class=\"td1\" valign=\"top\">\n<p class=\"p2\">20020829 <i>OG of BiH<\/i>, No. 24\/02<\/p>\n<\/td>\n<\/tr>\n<tr>\n<td class=\"td1\" valign=\"top\">\n<p class=\"p2\">U 39\/00 Assembly of the Herzegovina-Neretva Canton<\/p>\n<\/td>\n<td class=\"td1\" valign=\"top\">\n<p class=\"p2\">20010926 <i>OG of BiH<\/i>, No. 24\/01<\/p>\n<\/td>\n<\/tr>\n<tr>\n<td class=\"td1\" valign=\"top\">\n<p class=\"p2\">U 4\/97 Zun\u0111a<\/p>\n<\/td>\n<td class=\"td1\" valign=\"top\">\n<p class=\"p2\">19981112 <i>OG of BiH<\/i>, No. 22\/98<\/p>\n<\/td>\n<\/tr>\n<tr>\n<td class=\"td1\" valign=\"top\">\n<p class=\"p2\">U 40\/01 Topi\u0107<\/p>\n<\/td>\n<td class=\"td1\" valign=\"top\">\n<p class=\"p2\">20020910 <i>OG of BiH<\/i>, No. 25\/02<\/p>\n<\/td>\n<\/tr>\n<tr>\n<td class=\"td1\" valign=\"top\">\n<p class=\"p2\">U 46\/01 Marka<\/p>\n<\/td>\n<td class=\"td1\" valign=\"top\">\n<p class=\"p2\">20020615 <i>OG of BiH<\/i>, No. 13\/02<\/p>\n<\/td>\n<\/tr>\n<tr>\n<td class=\"td1\" valign=\"top\">\n<p class=\"p2\">U 5\/97 Public Hospital Tuzla<\/p>\n<\/td>\n<td class=\"td1\" valign=\"top\">\n<p class=\"p2\">19980406 <i>OG of BiH<\/i>, No. 05\/98<\/p>\n<\/td>\n<\/tr>\n<tr>\n<td class=\"td1\" valign=\"top\">\n<p class=\"p2\">U 5\/99 Posavina Canton<\/p>\n<\/td>\n<td class=\"td1\" valign=\"top\">\n<p class=\"p2\">20000131 <i>OG of BiH<\/i>, No. 03\/00<\/p>\n<\/td>\n<\/tr>\n<tr>\n<td class=\"td1\" valign=\"top\">\n<p class=\"p2\">U 58\/02 MP \u201cGRADINA\u201d, d.d. Maglaj<\/p>\n<\/td>\n<td class=\"td1\" valign=\"top\">\n<p class=\"p2\">20030627<\/p>\n<\/td>\n<\/tr>\n<tr>\n<td class=\"td1\" valign=\"top\">\n<p class=\"p2\">U 6\/97 Bijedi\u0107<\/p>\n<\/td>\n<td class=\"td1\" valign=\"top\">\n<p class=\"p2\">19980406 <i>OG of BiH<\/i>, No. 05\/98<\/p>\n<\/td>\n<\/tr>\n<tr>\n<td class=\"td1\" valign=\"top\">\n<p class=\"p2\">U 7\/00 Had\u017eisaki\u0107<\/p>\n<\/td>\n<td class=\"td1\" valign=\"top\">\n<p class=\"p2\">20010224 <i>OG of BiH<\/i>, No. 06\/01<\/p>\n<\/td>\n<\/tr>\n<tr>\n<td class=\"td1\" valign=\"top\">\n<p class=\"p2\">U 9\/96 Property Laws<\/p>\n<\/td>\n<td class=\"td1\" valign=\"top\">\n<p class=\"p2\">19980914 <i>OG of BiH<\/i>, No. 17\/98<\/p>\n<\/td>\n<\/tr>\n<\/tbody>\n<\/table>\n<p class=\"p3\">An issue closely related to the <i>ratione materiae <\/i>admissibility is the issue of admissibility of the subject of the appeal in legal-formal terms. According to Article VI.3(b) of the BiH Constitution, the appeal must relate to a \u201cconstitutional issue\u201d coming from the view taken by any court in Bosnia and Herzegovina.<\/p>\n","protected":false},"excerpt":{"rendered":"<p>AP 1603\/05 Lon\u010dar 20061221 U 1\/00 Kurtovi\u0107 20010203 U 1\/97 Decision of the Tuzla-Podrinje Canton 19980406 OG of BiH, No. 05\/98 U 10\/97 BiH Bar Association 19980406 OG of BiH, No. 05\/98 U 106\/03 I. D. 20041027 U 12\/01 Nikoli\u0107 20020803 OG of BiH, No. 20\/02 U 12\/97 Sara\u010devi\u0107-\u0160utkovi\u0107 19980914 OG of BiH, No. 17\/98 &hellip; <a class=\"text-primary\" href=\"https:\/\/ustavbih.ba\/en\/article-vi-constitutional-court-of-bosnia-and-herzegovina\/d-jurisdiction-article-vi-3\/appeal-i-e-constitutional-review-article-vi-3b-of-the-bih-constitution-and-application-to-the-human-rights-chamber-article-viii-1-of-annex-6\/the-subject-of-dispute\/constitutional-court\/\">Read&nbsp;more<\/a><\/p>\n","protected":false},"author":1,"featured_media":0,"parent":12254,"menu_order":0,"comment_status":"closed","ping_status":"closed","template":"","meta":{"footnotes":""},"class_list":["post-12255","page","type-page","status-publish","hentry"],"yoast_head":"<!-- This site is optimized with the Yoast SEO plugin v26.3 - https:\/\/yoast.com\/wordpress\/plugins\/seo\/ -->\n<title>Constitutional Court - Commentary on BiH Constitution<\/title>\n<meta name=\"robots\" content=\"index, follow, max-snippet:-1, max-image-preview:large, max-video-preview:-1\" \/>\n<link rel=\"canonical\" href=\"https:\/\/ustavbih.ba\/en\/article-vi-constitutional-court-of-bosnia-and-herzegovina\/d-jurisdiction-article-vi-3\/appeal-i-e-constitutional-review-article-vi-3b-of-the-bih-constitution-and-application-to-the-human-rights-chamber-article-viii-1-of-annex-6\/the-subject-of-dispute\/constitutional-court\/\" \/>\n<meta property=\"og:locale\" content=\"en_US\" \/>\n<meta property=\"og:type\" content=\"article\" \/>\n<meta property=\"og:title\" content=\"Constitutional Court - Commentary on BiH Constitution\" \/>\n<meta property=\"og:description\" content=\"AP 1603\/05 Lon\u010dar 20061221 U 1\/00 Kurtovi\u0107 20010203 U 1\/97 Decision of the Tuzla-Podrinje Canton 19980406 OG of BiH, No. 05\/98 U 10\/97 BiH Bar Association 19980406 OG of BiH, No. 05\/98 U 106\/03 I. D. 20041027 U 12\/01 Nikoli\u0107 20020803 OG of BiH, No. 20\/02 U 12\/97 Sara\u010devi\u0107-\u0160utkovi\u0107 19980914 OG of BiH, No. 17\/98 &hellip; Read&nbsp;more\" \/>\n<meta property=\"og:url\" content=\"https:\/\/ustavbih.ba\/en\/article-vi-constitutional-court-of-bosnia-and-herzegovina\/d-jurisdiction-article-vi-3\/appeal-i-e-constitutional-review-article-vi-3b-of-the-bih-constitution-and-application-to-the-human-rights-chamber-article-viii-1-of-annex-6\/the-subject-of-dispute\/constitutional-court\/\" \/>\n<meta property=\"og:site_name\" content=\"Commentary on BiH Constitution\" \/>\n<meta property=\"article:modified_time\" content=\"2024-12-09T17:09:58+00:00\" \/>\n<meta property=\"og:image\" content=\"https:\/\/ustavbih.ba\/app\/uploads\/2024\/12\/flags.jpg\" \/>\n\t<meta property=\"og:image:width\" content=\"1920\" \/>\n\t<meta property=\"og:image:height\" content=\"686\" \/>\n\t<meta property=\"og:image:type\" content=\"image\/jpeg\" \/>\n<meta name=\"twitter:card\" content=\"summary_large_image\" \/>\n<meta name=\"twitter:label1\" content=\"Est. reading time\" \/>\n\t<meta name=\"twitter:data1\" content=\"2 minutes\" \/>\n<script type=\"application\/ld+json\" class=\"yoast-schema-graph\">{\"@context\":\"https:\/\/schema.org\",\"@graph\":[{\"@type\":\"WebPage\",\"@id\":\"https:\/\/ustavbih.ba\/en\/article-vi-constitutional-court-of-bosnia-and-herzegovina\/d-jurisdiction-article-vi-3\/appeal-i-e-constitutional-review-article-vi-3b-of-the-bih-constitution-and-application-to-the-human-rights-chamber-article-viii-1-of-annex-6\/the-subject-of-dispute\/constitutional-court\/\",\"url\":\"https:\/\/ustavbih.ba\/en\/article-vi-constitutional-court-of-bosnia-and-herzegovina\/d-jurisdiction-article-vi-3\/appeal-i-e-constitutional-review-article-vi-3b-of-the-bih-constitution-and-application-to-the-human-rights-chamber-article-viii-1-of-annex-6\/the-subject-of-dispute\/constitutional-court\/\",\"name\":\"Constitutional Court - Commentary on BiH Constitution\",\"isPartOf\":{\"@id\":\"https:\/\/ustavbih.ba\/#website\"},\"datePublished\":\"2024-12-09T11:10:25+00:00\",\"dateModified\":\"2024-12-09T17:09:58+00:00\",\"breadcrumb\":{\"@id\":\"https:\/\/ustavbih.ba\/en\/article-vi-constitutional-court-of-bosnia-and-herzegovina\/d-jurisdiction-article-vi-3\/appeal-i-e-constitutional-review-article-vi-3b-of-the-bih-constitution-and-application-to-the-human-rights-chamber-article-viii-1-of-annex-6\/the-subject-of-dispute\/constitutional-court\/#breadcrumb\"},\"inLanguage\":\"en-US\",\"potentialAction\":[{\"@type\":\"ReadAction\",\"target\":[\"https:\/\/ustavbih.ba\/en\/article-vi-constitutional-court-of-bosnia-and-herzegovina\/d-jurisdiction-article-vi-3\/appeal-i-e-constitutional-review-article-vi-3b-of-the-bih-constitution-and-application-to-the-human-rights-chamber-article-viii-1-of-annex-6\/the-subject-of-dispute\/constitutional-court\/\"]}]},{\"@type\":\"BreadcrumbList\",\"@id\":\"https:\/\/ustavbih.ba\/en\/article-vi-constitutional-court-of-bosnia-and-herzegovina\/d-jurisdiction-article-vi-3\/appeal-i-e-constitutional-review-article-vi-3b-of-the-bih-constitution-and-application-to-the-human-rights-chamber-article-viii-1-of-annex-6\/the-subject-of-dispute\/constitutional-court\/#breadcrumb\",\"itemListElement\":[{\"@type\":\"ListItem\",\"position\":1,\"name\":\"Home\",\"item\":\"https:\/\/ustavbih.ba\/en\/\"},{\"@type\":\"ListItem\",\"position\":2,\"name\":\"Article VI \u2013 Constitutional Court of Bosnia and Herzegovina\",\"item\":\"https:\/\/ustavbih.ba\/en\/article-vi-constitutional-court-of-bosnia-and-herzegovina\/\"},{\"@type\":\"ListItem\",\"position\":3,\"name\":\"D. Jurisdiction (Article VI.3)\",\"item\":\"https:\/\/ustavbih.ba\/en\/article-vi-constitutional-court-of-bosnia-and-herzegovina\/d-jurisdiction-article-vi-3\/\"},{\"@type\":\"ListItem\",\"position\":4,\"name\":\"Appeal, i.e., constitutional review [Article VI.3(b) of the BiH Constitution and application to the Human Rights Chamber (Article VIII.1 of Annex 6)]\",\"item\":\"https:\/\/ustavbih.ba\/en\/article-vi-constitutional-court-of-bosnia-and-herzegovina\/d-jurisdiction-article-vi-3\/appeal-i-e-constitutional-review-article-vi-3b-of-the-bih-constitution-and-application-to-the-human-rights-chamber-article-viii-1-of-annex-6\/\"},{\"@type\":\"ListItem\",\"position\":5,\"name\":\"The subject of dispute\",\"item\":\"https:\/\/ustavbih.ba\/en\/article-vi-constitutional-court-of-bosnia-and-herzegovina\/d-jurisdiction-article-vi-3\/appeal-i-e-constitutional-review-article-vi-3b-of-the-bih-constitution-and-application-to-the-human-rights-chamber-article-viii-1-of-annex-6\/the-subject-of-dispute\/\"},{\"@type\":\"ListItem\",\"position\":6,\"name\":\"Constitutional Court\"}]},{\"@type\":\"WebSite\",\"@id\":\"https:\/\/ustavbih.ba\/#website\",\"url\":\"https:\/\/ustavbih.ba\/\",\"name\":\"UstavBiH.ba\",\"description\":\"\",\"publisher\":{\"@id\":\"https:\/\/ustavbih.ba\/#organization\"},\"potentialAction\":[{\"@type\":\"SearchAction\",\"target\":{\"@type\":\"EntryPoint\",\"urlTemplate\":\"https:\/\/ustavbih.ba\/?s={search_term_string}\"},\"query-input\":{\"@type\":\"PropertyValueSpecification\",\"valueRequired\":true,\"valueName\":\"search_term_string\"}}],\"inLanguage\":\"en-US\"},{\"@type\":\"Organization\",\"@id\":\"https:\/\/ustavbih.ba\/#organization\",\"name\":\"UstavBiH.ba\",\"url\":\"https:\/\/ustavbih.ba\/\",\"logo\":{\"@type\":\"ImageObject\",\"inLanguage\":\"en-US\",\"@id\":\"https:\/\/ustavbih.ba\/#\/schema\/logo\/image\/\",\"url\":\"https:\/\/ustavbih.ba\/app\/uploads\/2024\/12\/flags.jpg\",\"contentUrl\":\"https:\/\/ustavbih.ba\/app\/uploads\/2024\/12\/flags.jpg\",\"width\":1920,\"height\":686,\"caption\":\"UstavBiH.ba\"},\"image\":{\"@id\":\"https:\/\/ustavbih.ba\/#\/schema\/logo\/image\/\"}}]}<\/script>\n<!-- \/ Yoast SEO plugin. -->","yoast_head_json":{"title":"Constitutional Court - Commentary on BiH Constitution","robots":{"index":"index","follow":"follow","max-snippet":"max-snippet:-1","max-image-preview":"max-image-preview:large","max-video-preview":"max-video-preview:-1"},"canonical":"https:\/\/ustavbih.ba\/en\/article-vi-constitutional-court-of-bosnia-and-herzegovina\/d-jurisdiction-article-vi-3\/appeal-i-e-constitutional-review-article-vi-3b-of-the-bih-constitution-and-application-to-the-human-rights-chamber-article-viii-1-of-annex-6\/the-subject-of-dispute\/constitutional-court\/","og_locale":"en_US","og_type":"article","og_title":"Constitutional Court - Commentary on BiH Constitution","og_description":"AP 1603\/05 Lon\u010dar 20061221 U 1\/00 Kurtovi\u0107 20010203 U 1\/97 Decision of the Tuzla-Podrinje Canton 19980406 OG of BiH, No. 05\/98 U 10\/97 BiH Bar Association 19980406 OG of BiH, No. 05\/98 U 106\/03 I. D. 20041027 U 12\/01 Nikoli\u0107 20020803 OG of BiH, No. 20\/02 U 12\/97 Sara\u010devi\u0107-\u0160utkovi\u0107 19980914 OG of BiH, No. 17\/98 &hellip; Read&nbsp;more","og_url":"https:\/\/ustavbih.ba\/en\/article-vi-constitutional-court-of-bosnia-and-herzegovina\/d-jurisdiction-article-vi-3\/appeal-i-e-constitutional-review-article-vi-3b-of-the-bih-constitution-and-application-to-the-human-rights-chamber-article-viii-1-of-annex-6\/the-subject-of-dispute\/constitutional-court\/","og_site_name":"Commentary on BiH Constitution","article_modified_time":"2024-12-09T17:09:58+00:00","og_image":[{"width":1920,"height":686,"url":"https:\/\/ustavbih.ba\/app\/uploads\/2024\/12\/flags.jpg","type":"image\/jpeg"}],"twitter_card":"summary_large_image","twitter_misc":{"Est. reading time":"2 minutes"},"schema":{"@context":"https:\/\/schema.org","@graph":[{"@type":"WebPage","@id":"https:\/\/ustavbih.ba\/en\/article-vi-constitutional-court-of-bosnia-and-herzegovina\/d-jurisdiction-article-vi-3\/appeal-i-e-constitutional-review-article-vi-3b-of-the-bih-constitution-and-application-to-the-human-rights-chamber-article-viii-1-of-annex-6\/the-subject-of-dispute\/constitutional-court\/","url":"https:\/\/ustavbih.ba\/en\/article-vi-constitutional-court-of-bosnia-and-herzegovina\/d-jurisdiction-article-vi-3\/appeal-i-e-constitutional-review-article-vi-3b-of-the-bih-constitution-and-application-to-the-human-rights-chamber-article-viii-1-of-annex-6\/the-subject-of-dispute\/constitutional-court\/","name":"Constitutional Court - Commentary on BiH Constitution","isPartOf":{"@id":"https:\/\/ustavbih.ba\/#website"},"datePublished":"2024-12-09T11:10:25+00:00","dateModified":"2024-12-09T17:09:58+00:00","breadcrumb":{"@id":"https:\/\/ustavbih.ba\/en\/article-vi-constitutional-court-of-bosnia-and-herzegovina\/d-jurisdiction-article-vi-3\/appeal-i-e-constitutional-review-article-vi-3b-of-the-bih-constitution-and-application-to-the-human-rights-chamber-article-viii-1-of-annex-6\/the-subject-of-dispute\/constitutional-court\/#breadcrumb"},"inLanguage":"en-US","potentialAction":[{"@type":"ReadAction","target":["https:\/\/ustavbih.ba\/en\/article-vi-constitutional-court-of-bosnia-and-herzegovina\/d-jurisdiction-article-vi-3\/appeal-i-e-constitutional-review-article-vi-3b-of-the-bih-constitution-and-application-to-the-human-rights-chamber-article-viii-1-of-annex-6\/the-subject-of-dispute\/constitutional-court\/"]}]},{"@type":"BreadcrumbList","@id":"https:\/\/ustavbih.ba\/en\/article-vi-constitutional-court-of-bosnia-and-herzegovina\/d-jurisdiction-article-vi-3\/appeal-i-e-constitutional-review-article-vi-3b-of-the-bih-constitution-and-application-to-the-human-rights-chamber-article-viii-1-of-annex-6\/the-subject-of-dispute\/constitutional-court\/#breadcrumb","itemListElement":[{"@type":"ListItem","position":1,"name":"Home","item":"https:\/\/ustavbih.ba\/en\/"},{"@type":"ListItem","position":2,"name":"Article VI \u2013 Constitutional Court of Bosnia and Herzegovina","item":"https:\/\/ustavbih.ba\/en\/article-vi-constitutional-court-of-bosnia-and-herzegovina\/"},{"@type":"ListItem","position":3,"name":"D. Jurisdiction (Article VI.3)","item":"https:\/\/ustavbih.ba\/en\/article-vi-constitutional-court-of-bosnia-and-herzegovina\/d-jurisdiction-article-vi-3\/"},{"@type":"ListItem","position":4,"name":"Appeal, i.e., constitutional review [Article VI.3(b) of the BiH Constitution and application to the Human Rights Chamber (Article VIII.1 of Annex 6)]","item":"https:\/\/ustavbih.ba\/en\/article-vi-constitutional-court-of-bosnia-and-herzegovina\/d-jurisdiction-article-vi-3\/appeal-i-e-constitutional-review-article-vi-3b-of-the-bih-constitution-and-application-to-the-human-rights-chamber-article-viii-1-of-annex-6\/"},{"@type":"ListItem","position":5,"name":"The subject of dispute","item":"https:\/\/ustavbih.ba\/en\/article-vi-constitutional-court-of-bosnia-and-herzegovina\/d-jurisdiction-article-vi-3\/appeal-i-e-constitutional-review-article-vi-3b-of-the-bih-constitution-and-application-to-the-human-rights-chamber-article-viii-1-of-annex-6\/the-subject-of-dispute\/"},{"@type":"ListItem","position":6,"name":"Constitutional Court"}]},{"@type":"WebSite","@id":"https:\/\/ustavbih.ba\/#website","url":"https:\/\/ustavbih.ba\/","name":"UstavBiH.ba","description":"","publisher":{"@id":"https:\/\/ustavbih.ba\/#organization"},"potentialAction":[{"@type":"SearchAction","target":{"@type":"EntryPoint","urlTemplate":"https:\/\/ustavbih.ba\/?s={search_term_string}"},"query-input":{"@type":"PropertyValueSpecification","valueRequired":true,"valueName":"search_term_string"}}],"inLanguage":"en-US"},{"@type":"Organization","@id":"https:\/\/ustavbih.ba\/#organization","name":"UstavBiH.ba","url":"https:\/\/ustavbih.ba\/","logo":{"@type":"ImageObject","inLanguage":"en-US","@id":"https:\/\/ustavbih.ba\/#\/schema\/logo\/image\/","url":"https:\/\/ustavbih.ba\/app\/uploads\/2024\/12\/flags.jpg","contentUrl":"https:\/\/ustavbih.ba\/app\/uploads\/2024\/12\/flags.jpg","width":1920,"height":686,"caption":"UstavBiH.ba"},"image":{"@id":"https:\/\/ustavbih.ba\/#\/schema\/logo\/image\/"}}]}},"_links":{"self":[{"href":"https:\/\/ustavbih.ba\/en\/wp-json\/wp\/v2\/pages\/12255","targetHints":{"allow":["GET"]}}],"collection":[{"href":"https:\/\/ustavbih.ba\/en\/wp-json\/wp\/v2\/pages"}],"about":[{"href":"https:\/\/ustavbih.ba\/en\/wp-json\/wp\/v2\/types\/page"}],"author":[{"embeddable":true,"href":"https:\/\/ustavbih.ba\/en\/wp-json\/wp\/v2\/users\/1"}],"replies":[{"embeddable":true,"href":"https:\/\/ustavbih.ba\/en\/wp-json\/wp\/v2\/comments?post=12255"}],"version-history":[{"count":1,"href":"https:\/\/ustavbih.ba\/en\/wp-json\/wp\/v2\/pages\/12255\/revisions"}],"predecessor-version":[{"id":12837,"href":"https:\/\/ustavbih.ba\/en\/wp-json\/wp\/v2\/pages\/12255\/revisions\/12837"}],"up":[{"embeddable":true,"href":"https:\/\/ustavbih.ba\/en\/wp-json\/wp\/v2\/pages\/12254"}],"wp:attachment":[{"href":"https:\/\/ustavbih.ba\/en\/wp-json\/wp\/v2\/media?parent=12255"}],"curies":[{"name":"wp","href":"https:\/\/api.w.org\/{rel}","templated":true}]}}