{"id":12243,"date":"2024-12-09T12:10:25","date_gmt":"2024-12-09T11:10:25","guid":{"rendered":""},"modified":"2024-12-09T18:06:28","modified_gmt":"2024-12-09T17:06:28","slug":"iii-exception-to-the-obligation-of-legal-remedies-exhaustion","status":"publish","type":"page","link":"https:\/\/ustavbih.ba\/en\/article-vi-constitutional-court-of-bosnia-and-herzegovina\/d-jurisdiction-article-vi-3\/appeal-i-e-constitutional-review-article-vi-3b-of-the-bih-constitution-and-application-to-the-human-rights-chamber-article-viii-1-of-annex-6\/exhaustion-of-legal-remedies\/human-rights-chamber\/iii-exception-to-the-obligation-of-legal-remedies-exhaustion\/","title":{"rendered":"iii. Exception to the obligation of legal remedies exhaustion"},"content":{"rendered":"<p class=\"p1\">According to the case-law of the Chamber, extraordinary legal remedies must be exhausted.<span class=\"s1\"><sup>3075 <\/sup><\/span>In the beginning, the \u201crevision\u201d was treated as one of such extraordinary legal remedies,<span class=\"s1\"><sup>3076 <\/sup><\/span>whilst at a later point the Chamber regarded it as an effective legal remedy if the applicant had a legal right to pursue it.<span class=\"s1\"><sup>3077 <\/sup><\/span>If the applicant also intends to avail himself\/herself of the right to revision under<\/p>\n<p class=\"p1\">Article 237, paragraph 3 of the Civil Procedure Code of the Federation of BiH or Republika Srpska, the application filed with the Human Rights Commission within the BiH Constitutional Court shall, in any event, be admissible.<span class=\"s1\"><sup>3078 <\/sup><\/span>The legal remedies regarded as ineffective are the following ones: request for protection of lawfulness under the Criminal Procedure Code and Civil Procedure Code,<span class=\"s1\"><sup>3079 <\/sup><\/span>request for an extraordinary review of judgment under the Criminal Procedure Code or Law on Administrative Disputes,<span class=\"s1\"><sup>3080 <\/sup><\/span>request for protection of constitutional rights and freedoms under Article 65 of the Law on Administrative Disputes of the Republika Srpska,<span class=\"s1\"><sup>3081 <\/sup><\/span>or request for renewal of the proceedings under the Criminal Procedure Code<span class=\"s1\"><sup>3082 <\/sup><\/span>or Law on Minor Offence Procedure<span class=\"s1\"><sup>3083 <\/sup><\/span>and the extraordinary legal remedies in which admissibility is at the discretion of the competent authority, such as the pardon plea.<span class=\"s1\"><sup>3084<\/sup><\/span><\/p>\n<p class=\"p1\">Furthermore, not all legal remedies against violations of human rights and fundamental freedoms which are \u201ccovered\u201d by the law are regarded as effective legal remedies. In the Case \u0160e\u0107erbegovi\u0107 et al., the Chamber absolved the applicant from the obligation to exhaust all legal remedies, since the violation of his rights directly derived from the law. Therefore, if the applicant had instituted proceedings, the courts could not have taken a decision other than that as provided for by law. There was no practice involving an individual challenging a law before the ordinary courts, and the respondent party did not present any case pointing to the effective exhaustion of legal remedies in practice.<span class=\"s1\"><sup>3085 <\/sup><\/span>However, the applicant did not avail himself of an appeal, i.e., action for silence of the administration (administrative authorities before which the applicant had initially tried to effectuate his claim). However, the chances are quite slim that the administrative court in administrative dispute proceedings would take a favourable decision for the applicant, since the applicant would have to face the problem of constitutionality of the law. It is very difficult to keep a balance between, on the one hand, the necessity to ensure effective legal protection and the obligation of \u201cexhausting domestic legal remedies\u201d in each particular case and on the other hand other numerous factors in a \u201cyoung\u201d legal state implying the exhaustion of legal remedies. However, cases such as \u0160e\u0107erbegovi\u0107 et al. provide an opportunity to request the lower instance courts for didactical reasons to directly apply the ECHR as stipulated by the BiH Constitution. If the ordinary courts were not forced to face unconstitutional laws in cases they deal with, they would not have an opportunity to acquire knowledge of the significance of human rights and freedoms within the \u201cnew\u201d legal system in Bosnia and Herzegovina, which have a priority over all other legal acts. In the Pilipovi\u0107 case, the Chamber followed this practice: despite a number of decisions of the Supreme Court of the FBiH whereby it quashed lower-instance decisions in order to point to the lower-instance courts\u2019 obligation to apply the ECHR as a priority, the Chamber, taking account of the linguistic meaning of that provision, did not want to oblige the applicant to exhaust further legal remedies.<span class=\"s1\"><sup>3086 <\/sup><\/span>Finally, such cases, in an \u201cideal atmosphere of rule of law\u201d, end up before the Constitutional Court through a \u201creferral\u201d of the case (Article VI.3(c) of the BiH Constitution) or through an appeal (Article VI.3(a) of the BiH Constitution). However, one may say that the Chamber , with the aim of providing prompt and effective legal protection in such cases, used to take final decisions by itself and, thus, deprived the national institutions of the possibility of facing the problem of providing an effective legal protection. The practice relating to this was slightly adjusted at a later point. In a case, the Human Rights Commission within the BiH Constitutional Court rejected an application as inadmissible on the grounds that the before addressing the Chamber the applicant should have requested that the relevant law provisions be interpreted by the ordinary courts in accordance with the ECHR standards.<span class=\"s1\"><sup>3087<\/sup><\/span><\/p>\n<p class=\"p1\">The third group of ineffective legal remedies includes the cases implying an unreasonable length of proceedings. If the applicant claims that the length of proceedings are excessive, the Chamber is entitled to take a decision on the merits with regard to the allegations. The fact that the proceedings are still pending does not create an obstacle to take a decision on the merits, since the allegations on such a violation cannot be redressed by the adoption of a final decision by the ordinary authorities\/courts.<span class=\"s1\"><sup>3088<\/sup><\/span><\/p>\n","protected":false},"excerpt":{"rendered":"<p>According to the case-law of the Chamber, extraordinary legal remedies must be exhausted.3075 In the beginning, the \u201crevision\u201d was treated as one of such extraordinary legal remedies,3076 whilst at a later point the Chamber regarded it as an effective legal remedy if the applicant had a legal right to pursue it.3077 If the applicant also &hellip; <a class=\"text-primary\" href=\"https:\/\/ustavbih.ba\/en\/article-vi-constitutional-court-of-bosnia-and-herzegovina\/d-jurisdiction-article-vi-3\/appeal-i-e-constitutional-review-article-vi-3b-of-the-bih-constitution-and-application-to-the-human-rights-chamber-article-viii-1-of-annex-6\/exhaustion-of-legal-remedies\/human-rights-chamber\/iii-exception-to-the-obligation-of-legal-remedies-exhaustion\/\">Read&nbsp;more<\/a><\/p>\n","protected":false},"author":1,"featured_media":0,"parent":12240,"menu_order":2,"comment_status":"closed","ping_status":"closed","template":"","meta":{"footnotes":""},"class_list":["post-12243","page","type-page","status-publish","hentry"],"yoast_head":"<!-- This site is optimized with the Yoast SEO plugin v26.3 - https:\/\/yoast.com\/wordpress\/plugins\/seo\/ -->\n<title>iii. Exception to the obligation of legal remedies exhaustion - Commentary on BiH Constitution<\/title>\n<meta name=\"robots\" content=\"index, follow, max-snippet:-1, max-image-preview:large, max-video-preview:-1\" \/>\n<link rel=\"canonical\" href=\"https:\/\/ustavbih.ba\/en\/article-vi-constitutional-court-of-bosnia-and-herzegovina\/d-jurisdiction-article-vi-3\/appeal-i-e-constitutional-review-article-vi-3b-of-the-bih-constitution-and-application-to-the-human-rights-chamber-article-viii-1-of-annex-6\/exhaustion-of-legal-remedies\/human-rights-chamber\/iii-exception-to-the-obligation-of-legal-remedies-exhaustion\/\" \/>\n<meta property=\"og:locale\" content=\"en_US\" \/>\n<meta property=\"og:type\" content=\"article\" \/>\n<meta property=\"og:title\" content=\"iii. Exception to the obligation of legal remedies exhaustion - Commentary on BiH Constitution\" \/>\n<meta property=\"og:description\" content=\"According to the case-law of the Chamber, extraordinary legal remedies must be exhausted.3075 In the beginning, the \u201crevision\u201d was treated as one of such extraordinary legal remedies,3076 whilst at a later point the Chamber regarded it as an effective legal remedy if the applicant had a legal right to pursue it.3077 If the applicant also &hellip; Read&nbsp;more\" \/>\n<meta property=\"og:url\" content=\"https:\/\/ustavbih.ba\/en\/article-vi-constitutional-court-of-bosnia-and-herzegovina\/d-jurisdiction-article-vi-3\/appeal-i-e-constitutional-review-article-vi-3b-of-the-bih-constitution-and-application-to-the-human-rights-chamber-article-viii-1-of-annex-6\/exhaustion-of-legal-remedies\/human-rights-chamber\/iii-exception-to-the-obligation-of-legal-remedies-exhaustion\/\" \/>\n<meta property=\"og:site_name\" content=\"Commentary on BiH Constitution\" \/>\n<meta property=\"article:modified_time\" content=\"2024-12-09T17:06:28+00:00\" \/>\n<meta property=\"og:image\" content=\"https:\/\/ustavbih.ba\/app\/uploads\/2024\/12\/flags.jpg\" \/>\n\t<meta property=\"og:image:width\" content=\"1920\" \/>\n\t<meta property=\"og:image:height\" content=\"686\" \/>\n\t<meta property=\"og:image:type\" content=\"image\/jpeg\" \/>\n<meta name=\"twitter:card\" content=\"summary_large_image\" \/>\n<meta name=\"twitter:label1\" content=\"Est. reading time\" \/>\n\t<meta name=\"twitter:data1\" content=\"4 minutes\" \/>\n<script type=\"application\/ld+json\" class=\"yoast-schema-graph\">{\"@context\":\"https:\/\/schema.org\",\"@graph\":[{\"@type\":\"WebPage\",\"@id\":\"https:\/\/ustavbih.ba\/en\/article-vi-constitutional-court-of-bosnia-and-herzegovina\/d-jurisdiction-article-vi-3\/appeal-i-e-constitutional-review-article-vi-3b-of-the-bih-constitution-and-application-to-the-human-rights-chamber-article-viii-1-of-annex-6\/exhaustion-of-legal-remedies\/human-rights-chamber\/iii-exception-to-the-obligation-of-legal-remedies-exhaustion\/\",\"url\":\"https:\/\/ustavbih.ba\/en\/article-vi-constitutional-court-of-bosnia-and-herzegovina\/d-jurisdiction-article-vi-3\/appeal-i-e-constitutional-review-article-vi-3b-of-the-bih-constitution-and-application-to-the-human-rights-chamber-article-viii-1-of-annex-6\/exhaustion-of-legal-remedies\/human-rights-chamber\/iii-exception-to-the-obligation-of-legal-remedies-exhaustion\/\",\"name\":\"iii. Exception to the obligation of legal remedies exhaustion - Commentary on BiH Constitution\",\"isPartOf\":{\"@id\":\"https:\/\/ustavbih.ba\/#website\"},\"datePublished\":\"2024-12-09T11:10:25+00:00\",\"dateModified\":\"2024-12-09T17:06:28+00:00\",\"breadcrumb\":{\"@id\":\"https:\/\/ustavbih.ba\/en\/article-vi-constitutional-court-of-bosnia-and-herzegovina\/d-jurisdiction-article-vi-3\/appeal-i-e-constitutional-review-article-vi-3b-of-the-bih-constitution-and-application-to-the-human-rights-chamber-article-viii-1-of-annex-6\/exhaustion-of-legal-remedies\/human-rights-chamber\/iii-exception-to-the-obligation-of-legal-remedies-exhaustion\/#breadcrumb\"},\"inLanguage\":\"en-US\",\"potentialAction\":[{\"@type\":\"ReadAction\",\"target\":[\"https:\/\/ustavbih.ba\/en\/article-vi-constitutional-court-of-bosnia-and-herzegovina\/d-jurisdiction-article-vi-3\/appeal-i-e-constitutional-review-article-vi-3b-of-the-bih-constitution-and-application-to-the-human-rights-chamber-article-viii-1-of-annex-6\/exhaustion-of-legal-remedies\/human-rights-chamber\/iii-exception-to-the-obligation-of-legal-remedies-exhaustion\/\"]}]},{\"@type\":\"BreadcrumbList\",\"@id\":\"https:\/\/ustavbih.ba\/en\/article-vi-constitutional-court-of-bosnia-and-herzegovina\/d-jurisdiction-article-vi-3\/appeal-i-e-constitutional-review-article-vi-3b-of-the-bih-constitution-and-application-to-the-human-rights-chamber-article-viii-1-of-annex-6\/exhaustion-of-legal-remedies\/human-rights-chamber\/iii-exception-to-the-obligation-of-legal-remedies-exhaustion\/#breadcrumb\",\"itemListElement\":[{\"@type\":\"ListItem\",\"position\":1,\"name\":\"Home\",\"item\":\"https:\/\/ustavbih.ba\/en\/\"},{\"@type\":\"ListItem\",\"position\":2,\"name\":\"Article VI \u2013 Constitutional Court of Bosnia and Herzegovina\",\"item\":\"https:\/\/ustavbih.ba\/en\/article-vi-constitutional-court-of-bosnia-and-herzegovina\/\"},{\"@type\":\"ListItem\",\"position\":3,\"name\":\"D. Jurisdiction (Article VI.3)\",\"item\":\"https:\/\/ustavbih.ba\/en\/article-vi-constitutional-court-of-bosnia-and-herzegovina\/d-jurisdiction-article-vi-3\/\"},{\"@type\":\"ListItem\",\"position\":4,\"name\":\"Appeal, i.e., constitutional review [Article VI.3(b) of the BiH Constitution and application to the Human Rights Chamber (Article VIII.1 of Annex 6)]\",\"item\":\"https:\/\/ustavbih.ba\/en\/article-vi-constitutional-court-of-bosnia-and-herzegovina\/d-jurisdiction-article-vi-3\/appeal-i-e-constitutional-review-article-vi-3b-of-the-bih-constitution-and-application-to-the-human-rights-chamber-article-viii-1-of-annex-6\/\"},{\"@type\":\"ListItem\",\"position\":5,\"name\":\"Exhaustion of legal remedies\",\"item\":\"https:\/\/ustavbih.ba\/en\/article-vi-constitutional-court-of-bosnia-and-herzegovina\/d-jurisdiction-article-vi-3\/appeal-i-e-constitutional-review-article-vi-3b-of-the-bih-constitution-and-application-to-the-human-rights-chamber-article-viii-1-of-annex-6\/exhaustion-of-legal-remedies\/\"},{\"@type\":\"ListItem\",\"position\":6,\"name\":\"Human Rights Chamber\",\"item\":\"https:\/\/ustavbih.ba\/en\/article-vi-constitutional-court-of-bosnia-and-herzegovina\/d-jurisdiction-article-vi-3\/appeal-i-e-constitutional-review-article-vi-3b-of-the-bih-constitution-and-application-to-the-human-rights-chamber-article-viii-1-of-annex-6\/exhaustion-of-legal-remedies\/human-rights-chamber\/\"},{\"@type\":\"ListItem\",\"position\":7,\"name\":\"iii. Exception to the obligation of legal remedies exhaustion\"}]},{\"@type\":\"WebSite\",\"@id\":\"https:\/\/ustavbih.ba\/#website\",\"url\":\"https:\/\/ustavbih.ba\/\",\"name\":\"UstavBiH.ba\",\"description\":\"\",\"publisher\":{\"@id\":\"https:\/\/ustavbih.ba\/#organization\"},\"potentialAction\":[{\"@type\":\"SearchAction\",\"target\":{\"@type\":\"EntryPoint\",\"urlTemplate\":\"https:\/\/ustavbih.ba\/?s={search_term_string}\"},\"query-input\":{\"@type\":\"PropertyValueSpecification\",\"valueRequired\":true,\"valueName\":\"search_term_string\"}}],\"inLanguage\":\"en-US\"},{\"@type\":\"Organization\",\"@id\":\"https:\/\/ustavbih.ba\/#organization\",\"name\":\"UstavBiH.ba\",\"url\":\"https:\/\/ustavbih.ba\/\",\"logo\":{\"@type\":\"ImageObject\",\"inLanguage\":\"en-US\",\"@id\":\"https:\/\/ustavbih.ba\/#\/schema\/logo\/image\/\",\"url\":\"https:\/\/ustavbih.ba\/app\/uploads\/2024\/12\/flags.jpg\",\"contentUrl\":\"https:\/\/ustavbih.ba\/app\/uploads\/2024\/12\/flags.jpg\",\"width\":1920,\"height\":686,\"caption\":\"UstavBiH.ba\"},\"image\":{\"@id\":\"https:\/\/ustavbih.ba\/#\/schema\/logo\/image\/\"}}]}<\/script>\n<!-- \/ Yoast SEO plugin. -->","yoast_head_json":{"title":"iii. Exception to the obligation of legal remedies exhaustion - Commentary on BiH Constitution","robots":{"index":"index","follow":"follow","max-snippet":"max-snippet:-1","max-image-preview":"max-image-preview:large","max-video-preview":"max-video-preview:-1"},"canonical":"https:\/\/ustavbih.ba\/en\/article-vi-constitutional-court-of-bosnia-and-herzegovina\/d-jurisdiction-article-vi-3\/appeal-i-e-constitutional-review-article-vi-3b-of-the-bih-constitution-and-application-to-the-human-rights-chamber-article-viii-1-of-annex-6\/exhaustion-of-legal-remedies\/human-rights-chamber\/iii-exception-to-the-obligation-of-legal-remedies-exhaustion\/","og_locale":"en_US","og_type":"article","og_title":"iii. Exception to the obligation of legal remedies exhaustion - Commentary on BiH Constitution","og_description":"According to the case-law of the Chamber, extraordinary legal remedies must be exhausted.3075 In the beginning, the \u201crevision\u201d was treated as one of such extraordinary legal remedies,3076 whilst at a later point the Chamber regarded it as an effective legal remedy if the applicant had a legal right to pursue it.3077 If the applicant also &hellip; Read&nbsp;more","og_url":"https:\/\/ustavbih.ba\/en\/article-vi-constitutional-court-of-bosnia-and-herzegovina\/d-jurisdiction-article-vi-3\/appeal-i-e-constitutional-review-article-vi-3b-of-the-bih-constitution-and-application-to-the-human-rights-chamber-article-viii-1-of-annex-6\/exhaustion-of-legal-remedies\/human-rights-chamber\/iii-exception-to-the-obligation-of-legal-remedies-exhaustion\/","og_site_name":"Commentary on BiH Constitution","article_modified_time":"2024-12-09T17:06:28+00:00","og_image":[{"width":1920,"height":686,"url":"https:\/\/ustavbih.ba\/app\/uploads\/2024\/12\/flags.jpg","type":"image\/jpeg"}],"twitter_card":"summary_large_image","twitter_misc":{"Est. reading time":"4 minutes"},"schema":{"@context":"https:\/\/schema.org","@graph":[{"@type":"WebPage","@id":"https:\/\/ustavbih.ba\/en\/article-vi-constitutional-court-of-bosnia-and-herzegovina\/d-jurisdiction-article-vi-3\/appeal-i-e-constitutional-review-article-vi-3b-of-the-bih-constitution-and-application-to-the-human-rights-chamber-article-viii-1-of-annex-6\/exhaustion-of-legal-remedies\/human-rights-chamber\/iii-exception-to-the-obligation-of-legal-remedies-exhaustion\/","url":"https:\/\/ustavbih.ba\/en\/article-vi-constitutional-court-of-bosnia-and-herzegovina\/d-jurisdiction-article-vi-3\/appeal-i-e-constitutional-review-article-vi-3b-of-the-bih-constitution-and-application-to-the-human-rights-chamber-article-viii-1-of-annex-6\/exhaustion-of-legal-remedies\/human-rights-chamber\/iii-exception-to-the-obligation-of-legal-remedies-exhaustion\/","name":"iii. Exception to the obligation of legal remedies exhaustion - Commentary on BiH Constitution","isPartOf":{"@id":"https:\/\/ustavbih.ba\/#website"},"datePublished":"2024-12-09T11:10:25+00:00","dateModified":"2024-12-09T17:06:28+00:00","breadcrumb":{"@id":"https:\/\/ustavbih.ba\/en\/article-vi-constitutional-court-of-bosnia-and-herzegovina\/d-jurisdiction-article-vi-3\/appeal-i-e-constitutional-review-article-vi-3b-of-the-bih-constitution-and-application-to-the-human-rights-chamber-article-viii-1-of-annex-6\/exhaustion-of-legal-remedies\/human-rights-chamber\/iii-exception-to-the-obligation-of-legal-remedies-exhaustion\/#breadcrumb"},"inLanguage":"en-US","potentialAction":[{"@type":"ReadAction","target":["https:\/\/ustavbih.ba\/en\/article-vi-constitutional-court-of-bosnia-and-herzegovina\/d-jurisdiction-article-vi-3\/appeal-i-e-constitutional-review-article-vi-3b-of-the-bih-constitution-and-application-to-the-human-rights-chamber-article-viii-1-of-annex-6\/exhaustion-of-legal-remedies\/human-rights-chamber\/iii-exception-to-the-obligation-of-legal-remedies-exhaustion\/"]}]},{"@type":"BreadcrumbList","@id":"https:\/\/ustavbih.ba\/en\/article-vi-constitutional-court-of-bosnia-and-herzegovina\/d-jurisdiction-article-vi-3\/appeal-i-e-constitutional-review-article-vi-3b-of-the-bih-constitution-and-application-to-the-human-rights-chamber-article-viii-1-of-annex-6\/exhaustion-of-legal-remedies\/human-rights-chamber\/iii-exception-to-the-obligation-of-legal-remedies-exhaustion\/#breadcrumb","itemListElement":[{"@type":"ListItem","position":1,"name":"Home","item":"https:\/\/ustavbih.ba\/en\/"},{"@type":"ListItem","position":2,"name":"Article VI \u2013 Constitutional Court of Bosnia and Herzegovina","item":"https:\/\/ustavbih.ba\/en\/article-vi-constitutional-court-of-bosnia-and-herzegovina\/"},{"@type":"ListItem","position":3,"name":"D. Jurisdiction (Article VI.3)","item":"https:\/\/ustavbih.ba\/en\/article-vi-constitutional-court-of-bosnia-and-herzegovina\/d-jurisdiction-article-vi-3\/"},{"@type":"ListItem","position":4,"name":"Appeal, i.e., constitutional review [Article VI.3(b) of the BiH Constitution and application to the Human Rights Chamber (Article VIII.1 of Annex 6)]","item":"https:\/\/ustavbih.ba\/en\/article-vi-constitutional-court-of-bosnia-and-herzegovina\/d-jurisdiction-article-vi-3\/appeal-i-e-constitutional-review-article-vi-3b-of-the-bih-constitution-and-application-to-the-human-rights-chamber-article-viii-1-of-annex-6\/"},{"@type":"ListItem","position":5,"name":"Exhaustion of legal remedies","item":"https:\/\/ustavbih.ba\/en\/article-vi-constitutional-court-of-bosnia-and-herzegovina\/d-jurisdiction-article-vi-3\/appeal-i-e-constitutional-review-article-vi-3b-of-the-bih-constitution-and-application-to-the-human-rights-chamber-article-viii-1-of-annex-6\/exhaustion-of-legal-remedies\/"},{"@type":"ListItem","position":6,"name":"Human Rights Chamber","item":"https:\/\/ustavbih.ba\/en\/article-vi-constitutional-court-of-bosnia-and-herzegovina\/d-jurisdiction-article-vi-3\/appeal-i-e-constitutional-review-article-vi-3b-of-the-bih-constitution-and-application-to-the-human-rights-chamber-article-viii-1-of-annex-6\/exhaustion-of-legal-remedies\/human-rights-chamber\/"},{"@type":"ListItem","position":7,"name":"iii. Exception to the obligation of legal remedies exhaustion"}]},{"@type":"WebSite","@id":"https:\/\/ustavbih.ba\/#website","url":"https:\/\/ustavbih.ba\/","name":"UstavBiH.ba","description":"","publisher":{"@id":"https:\/\/ustavbih.ba\/#organization"},"potentialAction":[{"@type":"SearchAction","target":{"@type":"EntryPoint","urlTemplate":"https:\/\/ustavbih.ba\/?s={search_term_string}"},"query-input":{"@type":"PropertyValueSpecification","valueRequired":true,"valueName":"search_term_string"}}],"inLanguage":"en-US"},{"@type":"Organization","@id":"https:\/\/ustavbih.ba\/#organization","name":"UstavBiH.ba","url":"https:\/\/ustavbih.ba\/","logo":{"@type":"ImageObject","inLanguage":"en-US","@id":"https:\/\/ustavbih.ba\/#\/schema\/logo\/image\/","url":"https:\/\/ustavbih.ba\/app\/uploads\/2024\/12\/flags.jpg","contentUrl":"https:\/\/ustavbih.ba\/app\/uploads\/2024\/12\/flags.jpg","width":1920,"height":686,"caption":"UstavBiH.ba"},"image":{"@id":"https:\/\/ustavbih.ba\/#\/schema\/logo\/image\/"}}]}},"_links":{"self":[{"href":"https:\/\/ustavbih.ba\/en\/wp-json\/wp\/v2\/pages\/12243","targetHints":{"allow":["GET"]}}],"collection":[{"href":"https:\/\/ustavbih.ba\/en\/wp-json\/wp\/v2\/pages"}],"about":[{"href":"https:\/\/ustavbih.ba\/en\/wp-json\/wp\/v2\/types\/page"}],"author":[{"embeddable":true,"href":"https:\/\/ustavbih.ba\/en\/wp-json\/wp\/v2\/users\/1"}],"replies":[{"embeddable":true,"href":"https:\/\/ustavbih.ba\/en\/wp-json\/wp\/v2\/comments?post=12243"}],"version-history":[{"count":1,"href":"https:\/\/ustavbih.ba\/en\/wp-json\/wp\/v2\/pages\/12243\/revisions"}],"predecessor-version":[{"id":12827,"href":"https:\/\/ustavbih.ba\/en\/wp-json\/wp\/v2\/pages\/12243\/revisions\/12827"}],"up":[{"embeddable":true,"href":"https:\/\/ustavbih.ba\/en\/wp-json\/wp\/v2\/pages\/12240"}],"wp:attachment":[{"href":"https:\/\/ustavbih.ba\/en\/wp-json\/wp\/v2\/media?parent=12243"}],"curies":[{"name":"wp","href":"https:\/\/api.w.org\/{rel}","templated":true}]}}