{"id":12240,"date":"2024-12-09T12:10:25","date_gmt":"2024-12-09T11:10:25","guid":{"rendered":""},"modified":"2024-12-09T18:05:18","modified_gmt":"2024-12-09T17:05:18","slug":"human-rights-chamber","status":"publish","type":"page","link":"https:\/\/ustavbih.ba\/en\/article-vi-constitutional-court-of-bosnia-and-herzegovina\/d-jurisdiction-article-vi-3\/appeal-i-e-constitutional-review-article-vi-3b-of-the-bih-constitution-and-application-to-the-human-rights-chamber-article-viii-1-of-annex-6\/exhaustion-of-legal-remedies\/human-rights-chamber\/","title":{"rendered":"Human Rights Chamber"},"content":{"rendered":"<table class=\"t1\" cellspacing=\"0\" cellpadding=\"0\">\n<tbody>\n<tr>\n<td class=\"td1\" valign=\"top\">\n<p class=\"p2\">CH\/00\/3835 Gavrilovi\u0107<\/p>\n<\/td>\n<td class=\"td1\" valign=\"top\">\n<p class=\"p2\">20051115<\/p>\n<\/td>\n<\/tr>\n<tr>\n<td class=\"td1\" valign=\"top\">\n<p class=\"p2\">CH\/00\/3921 Mogdan<\/p>\n<\/td>\n<td class=\"td1\" valign=\"top\">\n<p class=\"p2\">20060607<\/p>\n<\/td>\n<\/tr>\n<tr>\n<td class=\"td1\" valign=\"top\">\n<p class=\"p2\">CH\/00\/4020 Solex d.o.o. Kakanj <i>et al<\/i>.<\/p>\n<\/td>\n<td class=\"td1\" valign=\"top\">\n<p class=\"p2\">20050905<\/p>\n<\/td>\n<\/tr>\n<tr>\n<td class=\"td1\" valign=\"top\">\n<p class=\"p2\">CH\/01\/6694 Supur<\/p>\n<\/td>\n<td class=\"td1\" valign=\"top\">\n<p class=\"p2\">20076026<\/p>\n<\/td>\n<\/tr>\n<tr>\n<td class=\"td1\" valign=\"top\">\n<p class=\"p2\">CH\/01\/7057 Radi\u0107 6 June 2005<\/p>\n<\/td>\n<td class=\"td1\" valign=\"top\">\n<p class=\"p2\">20050606<\/p>\n<\/td>\n<\/tr>\n<tr>\n<td class=\"td1\" valign=\"top\">\n<p class=\"p2\">CH\/01\/7228 \u0110ur\u010di\u0107<\/p>\n<\/td>\n<td class=\"td1\" valign=\"top\">\n<p class=\"p2\">20070508<\/p>\n<\/td>\n<\/tr>\n<tr>\n<td class=\"td1\" valign=\"top\">\n<p class=\"p2\">CH\/01\/7255 <i>et al.-<\/i>Planini\u0107<\/p>\n<\/td>\n<td class=\"td1\" valign=\"top\">\n<p class=\"p2\">20070605<\/p>\n<\/td>\n<\/tr>\n<tr>\n<td class=\"td1\" valign=\"top\">\n<p class=\"p2\">CH\/01\/7374 Vidakovi\u0107<\/p>\n<\/td>\n<td class=\"td1\" valign=\"top\">\n<p class=\"p2\">20070605<\/p>\n<\/td>\n<\/tr>\n<tr>\n<td class=\"td1\" valign=\"top\">\n<p class=\"p2\">CH\/01\/7481 Ibri\u0161imovi\u0107<\/p>\n<\/td>\n<td class=\"td1\" valign=\"top\">\n<p class=\"p2\">20070605<\/p>\n<\/td>\n<\/tr>\n<tr>\n<td class=\"td1\" valign=\"top\">\n<p class=\"p2\">CH\/01\/8125 <i>et al<\/i>. Demirovi\u0107 <i>et al<\/i>.<\/p>\n<\/td>\n<td class=\"td1\" valign=\"top\">\n<p class=\"p2\">20051214<\/p>\n<\/td>\n<\/tr>\n<tr>\n<td class=\"td1\" valign=\"top\">\n<p class=\"p2\">CH\/01\/8380 Lazarevi\u0107<\/p>\n<\/td>\n<td class=\"td1\" valign=\"top\">\n<p class=\"p2\">20051107<\/p>\n<\/td>\n<\/tr>\n<tr>\n<td class=\"td1\" valign=\"top\">\n<p class=\"p2\">CH\/02\/10599 Pra\u0161talo<\/p>\n<\/td>\n<td class=\"td1\" valign=\"top\">\n<p class=\"p2\">20060605<\/p>\n<\/td>\n<\/tr>\n<tr>\n<td class=\"td1\" valign=\"top\">\n<p class=\"p2\">CH\/02\/10618 \u0160a\u0161i\u0107<\/p>\n<\/td>\n<td class=\"td1\" valign=\"top\">\n<p class=\"p2\">20060911<\/p>\n<\/td>\n<\/tr>\n<tr>\n<td class=\"td1\" valign=\"top\">\n<p class=\"p2\">CH\/02\/10625 Janji\u0107 11 January 2006<\/p>\n<\/td>\n<td class=\"td1\" valign=\"top\">\n<p class=\"p2\">20060111<\/p>\n<\/td>\n<\/tr>\n<tr>\n<td class=\"td1\" valign=\"top\">\n<p class=\"p2\">CH\/02\/10720 Kopljak<\/p>\n<\/td>\n<td class=\"td1\" valign=\"top\">\n<p class=\"p2\">20060116<\/p>\n<\/td>\n<\/tr>\n<tr>\n<td class=\"td1\" valign=\"top\">\n<p class=\"p2\">CH\/02\/11278 G. M.<\/p>\n<\/td>\n<td class=\"td1\" valign=\"top\">\n<p class=\"p2\">20051003<\/p>\n<\/td>\n<\/tr>\n<tr>\n<td class=\"td1\" valign=\"top\">\n<p class=\"p2\">CH\/02\/11296 Be\u010di\u0107<\/p>\n<\/td>\n<td class=\"td1\" valign=\"top\">\n<p class=\"p2\">20061219<\/p>\n<\/td>\n<\/tr>\n<tr>\n<td class=\"td1\" valign=\"top\">\n<p class=\"p2\">CH\/02\/11297 Turanovi\u0107 19 December 2006.<\/p>\n<\/td>\n<td class=\"td1\" valign=\"top\">\n<p class=\"p2\">20061219<\/p>\n<\/td>\n<\/tr>\n<tr>\n<td class=\"td1\" valign=\"top\">\n<p class=\"p2\">CH\/02\/12346 Merdanovi\u0107<\/p>\n<\/td>\n<td class=\"td1\" valign=\"top\">\n<p class=\"p2\">20051214<\/p>\n<\/td>\n<\/tr>\n<tr>\n<td class=\"td1\" valign=\"top\">\n<p class=\"p2\">CH\/02\/12353 Salki\u0107<\/p>\n<\/td>\n<td class=\"td1\" valign=\"top\">\n<p class=\"p2\">20061219<\/p>\n<\/td>\n<\/tr>\n<tr>\n<td class=\"td1\" valign=\"top\">\n<p class=\"p2\">CH\/02\/12357 Tulumovi\u0107<\/p>\n<\/td>\n<td class=\"td1\" valign=\"top\">\n<p class=\"p2\">20061219<\/p>\n<\/td>\n<\/tr>\n<tr>\n<td class=\"td1\" valign=\"top\">\n<p class=\"p2\">CH\/02\/12432 Ke\u010dalovi\u0107<\/p>\n<\/td>\n<td class=\"td1\" valign=\"top\">\n<p class=\"p2\">20060206<\/p>\n<\/td>\n<\/tr>\n<tr>\n<td class=\"td1\" valign=\"top\">\n<p class=\"p2\">CH\/02\/8227 Mihajlovi\u0107<\/p>\n<\/td>\n<td class=\"td1\" valign=\"top\">\n<p class=\"p2\">20050704<\/p>\n<\/td>\n<\/tr>\n<tr>\n<td class=\"td1\" valign=\"top\">\n<p class=\"p2\">CH\/02\/9597 Hasanba\u0161i\u0107<\/p>\n<\/td>\n<td class=\"td1\" valign=\"top\">\n<p class=\"p2\">20050705<\/p>\n<\/td>\n<\/tr>\n<tr>\n<td class=\"td1\" valign=\"top\">\n<p class=\"p2\">CH\/02\/9905 <i>et al. <\/i>Dabi\u0107 <i>et al.<\/i><\/p>\n<\/td>\n<td class=\"td1\" valign=\"top\">\n<p class=\"p2\">20051215<\/p>\n<\/td>\n<\/tr>\n<tr>\n<td class=\"td1\" valign=\"top\">\n<p class=\"p2\">CH\/02\/9953 <i>et al<\/i>. Kolovrat <i>et al.<\/i><\/p>\n<\/td>\n<td class=\"td1\" valign=\"top\">\n<p class=\"p2\">20060306<\/p>\n<\/td>\n<\/tr>\n<tr>\n<td class=\"td1\" valign=\"top\">\n<p class=\"p2\">CH\/03\/13385 Vrane\u0161<\/p>\n<\/td>\n<td class=\"td1\" valign=\"top\">\n<p class=\"p2\">20060605<\/p>\n<\/td>\n<\/tr>\n<tr>\n<td class=\"td1\" valign=\"top\">\n<p class=\"p2\">CH\/03\/13515 Jeli\u0107<\/p>\n<\/td>\n<td class=\"td1\" valign=\"top\">\n<p class=\"p2\">20070227<\/p>\n<\/td>\n<\/tr>\n<tr>\n<td class=\"td1\" valign=\"top\">\n<p class=\"p2\">CH\/03\/13697 Grozdani\u0107<\/p>\n<\/td>\n<td class=\"td1\" valign=\"top\">\n<p class=\"p2\">20060605<\/p>\n<\/td>\n<\/tr>\n<tr>\n<td class=\"td1\" valign=\"top\">\n<p class=\"p2\">CH\/03\/14138 \u010cili\u0107<\/p>\n<\/td>\n<td class=\"td1\" valign=\"top\">\n<p class=\"p2\">20061219<\/p>\n<\/td>\n<\/tr>\n<tr>\n<td class=\"td1\" valign=\"top\">\n<p class=\"p2\">CH\/03\/14149 Marjanovi\u0107<\/p>\n<\/td>\n<td class=\"td1\" valign=\"top\">\n<p class=\"p2\">20061220<\/p>\n<\/td>\n<\/tr>\n<tr>\n<td class=\"td1\" valign=\"top\">\n<p class=\"p2\">CH\/03\/14262 \u0160ljamo<\/p>\n<\/td>\n<td class=\"td1\" valign=\"top\">\n<p class=\"p2\">20051215<\/p>\n<\/td>\n<\/tr>\n<tr>\n<td class=\"td1\" valign=\"top\">\n<p class=\"p2\">CH\/03\/14284 H. B.<\/p>\n<\/td>\n<td class=\"td1\" valign=\"top\">\n<p class=\"p2\">20051106<\/p>\n<\/td>\n<\/tr>\n<tr>\n<td class=\"td1\" valign=\"top\">\n<p class=\"p2\">CH\/03\/14354 Musi\u0107<\/p>\n<\/td>\n<td class=\"td1\" valign=\"top\">\n<p class=\"p2\">20061219<\/p>\n<\/td>\n<\/tr>\n<tr>\n<td class=\"td1\" valign=\"top\">\n<p class=\"p2\">CH\/03\/14506 Josipovi\u0107<\/p>\n<\/td>\n<td class=\"td1\" valign=\"top\">\n<p class=\"p2\">20050307<\/p>\n<\/td>\n<\/tr>\n<tr>\n<td class=\"td1\" valign=\"top\">\n<p class=\"p2\">CH\/03\/14606 Mrkaji\u0107<\/p>\n<\/td>\n<td class=\"td1\" valign=\"top\">\n<p class=\"p2\">20060801<\/p>\n<\/td>\n<\/tr>\n<tr>\n<td class=\"td1\" valign=\"top\">\n<p class=\"p2\">CH\/03\/14730 Jani\u010di\u0107<\/p>\n<\/td>\n<td class=\"td1\" valign=\"top\">\n<p class=\"p2\">20070207<\/p>\n<\/td>\n<\/tr>\n<tr>\n<td class=\"td1\" valign=\"top\">\n<p class=\"p2\">CH\/03\/15191 Tomi\u0107<\/p>\n<\/td>\n<td class=\"td1\" valign=\"top\">\n<p class=\"p2\">20060703<\/p>\n<\/td>\n<\/tr>\n<tr>\n<td class=\"td1\" valign=\"top\">\n<p class=\"p2\">CH\/96\/17-A&amp;M Blenti\u0107<\/p>\n<\/td>\n<td class=\"td1\" valign=\"top\">\n<p class=\"p2\">19971105<\/p>\n<\/td>\n<\/tr>\n<tr>\n<td class=\"td1\" valign=\"top\">\n<p class=\"p2\">CH\/96\/21-A \u010cegar<\/p>\n<\/td>\n<td class=\"td1\" valign=\"top\">\n<p class=\"p2\">19970411<\/p>\n<\/td>\n<\/tr>\n<tr>\n<td class=\"td1\" valign=\"top\">\n<p class=\"p2\">CH\/96\/29-A&amp;M Islamic Community of BiH, Banja Luka Mosques Related Cases<\/p>\n<\/td>\n<td class=\"td1\" valign=\"top\">\n<p class=\"p2\">19990611<\/p>\n<\/td>\n<\/tr>\n<tr>\n<td class=\"td1\" valign=\"top\">\n<p class=\"p2\">CH\/96\/30-A Damjanovi\u0107<\/p>\n<\/td>\n<td class=\"td1\" valign=\"top\">\n<p class=\"p2\">19970411<\/p>\n<\/td>\n<\/tr>\n<tr>\n<td class=\"td1\" valign=\"top\">\n<p class=\"p2\">CH\/97\/41-A&amp;M Mar\u010deta<\/p>\n<\/td>\n<td class=\"td1\" valign=\"top\">\n<p class=\"p2\">19980406<\/p>\n<\/td>\n<\/tr>\n<tr>\n<td class=\"td1\" valign=\"top\">\n<p class=\"p2\">CH\/97\/42-A&amp;M Erakovi\u0107<\/p>\n<\/td>\n<td class=\"td1\" valign=\"top\">\n<p class=\"p2\">19990115<\/p>\n<\/td>\n<\/tr>\n<tr>\n<td class=\"td1\" valign=\"top\">\n<p class=\"p2\">CH\/97\/45-A&amp;M Hermas<\/p>\n<\/td>\n<td class=\"td1\" valign=\"top\">\n<p class=\"p2\">19980218<\/p>\n<\/td>\n<\/tr>\n<tr>\n<td class=\"td1\" valign=\"top\">\n<p class=\"p2\">CH\/97\/51-A&amp;M Stanivuk<\/p>\n<\/td>\n<td class=\"td1\" valign=\"top\">\n<p class=\"p2\">19990611<\/p>\n<\/td>\n<\/tr>\n<tr>\n<td class=\"td1\" valign=\"top\">\n<p class=\"p2\">CH\/97\/58-A&amp;M Oni\u0107<\/p>\n<\/td>\n<td class=\"td1\" valign=\"top\">\n<p class=\"p2\">19990212<\/p>\n<\/td>\n<\/tr>\n<tr>\n<td class=\"td1\" valign=\"top\">\n<p class=\"p2\">CH\/97\/59-A&amp;M Rizvanovi\u0107<\/p>\n<\/td>\n<td class=\"td1\" valign=\"top\">\n<p class=\"p2\">19980612<\/p>\n<\/td>\n<\/tr>\n<tr>\n<td class=\"td1\" valign=\"top\">\n<p class=\"p2\">CH\/97\/62-A&amp;M Mal\u010devi\u0107<\/p>\n<\/td>\n<td class=\"td1\" valign=\"top\">\n<p class=\"p2\">20000908<\/p>\n<\/td>\n<\/tr>\n<tr>\n<td class=\"td1\" valign=\"top\">\n<p class=\"p2\">CH\/97\/80-A Veli\u010dkovski<\/p>\n<\/td>\n<td class=\"td1\" valign=\"top\">\n<p class=\"p2\">19990611<\/p>\n<\/td>\n<\/tr>\n<tr>\n<td class=\"td1\" valign=\"top\">\n<p class=\"p2\">CH\/97\/93-A&amp;M Mati\u0107<\/p>\n<\/td>\n<td class=\"td1\" valign=\"top\">\n<p class=\"p2\">19990611<\/p>\n<\/td>\n<\/tr>\n<tr>\n<td class=\"td1\" valign=\"top\">\n<p class=\"p2\">CH\/98\/1171-A&amp;M \u010cuturi\u0107<\/p>\n<\/td>\n<td class=\"td1\" valign=\"top\">\n<p class=\"p2\">19991008<\/p>\n<\/td>\n<\/tr>\n<tr>\n<td class=\"td1\" valign=\"top\">\n<p class=\"p2\">CH\/98\/1493-A&amp;M Pilipovi\u0107<\/p>\n<\/td>\n<td class=\"td1\" valign=\"top\">\n<p class=\"p2\">20030606<\/p>\n<\/td>\n<\/tr>\n<tr>\n<td class=\"td1\" valign=\"top\">\n<p class=\"p2\">CH\/98\/645-A&amp;M Blagojevi\u0107<\/p>\n<\/td>\n<td class=\"td1\" valign=\"top\">\n<p class=\"p2\">19990611<\/p>\n<\/td>\n<\/tr>\n<tr>\n<td class=\"td1\" valign=\"top\">\n<p class=\"p2\">CH\/98\/663-A Mutap\u010di\u0107<\/p>\n<\/td>\n<td class=\"td1\" valign=\"top\">\n<p class=\"p2\">19981015<\/p>\n<\/td>\n<\/tr>\n<tr>\n<td class=\"td1\" valign=\"top\">\n<p class=\"p2\">CH\/98\/756-A&amp;M \u0110. M.<\/p>\n<\/td>\n<td class=\"td1\" valign=\"top\">\n<p class=\"p2\">19990514<\/p>\n<\/td>\n<\/tr>\n<tr>\n<td class=\"td1\" valign=\"top\">\n<p class=\"p2\">CH\/98\/800-A&amp;M Gogi\u0107<\/p>\n<\/td>\n<td class=\"td1\" valign=\"top\">\n<p class=\"p2\">19990611<\/p>\n<\/td>\n<\/tr>\n<tr>\n<td class=\"td1\" valign=\"top\">\n<p class=\"p2\">CH\/98\/892-A&amp;M Mahmutovi\u0107<\/p>\n<\/td>\n<td class=\"td1\" valign=\"top\">\n<p class=\"p2\">19991008<\/p>\n<\/td>\n<\/tr>\n<tr>\n<td class=\"td1\" valign=\"top\">\n<p class=\"p2\">CH\/99\/2050 R. J.<\/p>\n<\/td>\n<td class=\"td1\" valign=\"top\">\n<p class=\"p2\">20060510<\/p>\n<\/td>\n<\/tr>\n<tr>\n<td class=\"td1\" valign=\"top\">\n<p class=\"p2\">CH\/99\/2763 Halilovi\u0107<\/p>\n<\/td>\n<td class=\"td1\" valign=\"top\">\n<p class=\"p2\">20051107<\/p>\n<\/td>\n<\/tr>\n<tr>\n<td class=\"td1\" valign=\"top\">\n<p class=\"p2\">CH\/99\/3196-A&amp;M Pali\u0107<\/p>\n<\/td>\n<td class=\"td1\" valign=\"top\">\n<p class=\"p2\">20010111<\/p>\n<\/td>\n<\/tr>\n<\/tbody>\n<\/table>\n","protected":false},"excerpt":{"rendered":"<p>CH\/00\/3835 Gavrilovi\u0107 20051115 CH\/00\/3921 Mogdan 20060607 CH\/00\/4020 Solex d.o.o. Kakanj et al. 20050905 CH\/01\/6694 Supur 20076026 CH\/01\/7057 Radi\u0107 6 June 2005 20050606 CH\/01\/7228 \u0110ur\u010di\u0107 20070508 CH\/01\/7255 et al.-Planini\u0107 20070605 CH\/01\/7374 Vidakovi\u0107 20070605 CH\/01\/7481 Ibri\u0161imovi\u0107 20070605 CH\/01\/8125 et al. Demirovi\u0107 et al. 20051214 CH\/01\/8380 Lazarevi\u0107 20051107 CH\/02\/10599 Pra\u0161talo 20060605 CH\/02\/10618 \u0160a\u0161i\u0107 20060911 CH\/02\/10625 Janji\u0107 11 January &hellip; <a class=\"text-primary\" href=\"https:\/\/ustavbih.ba\/en\/article-vi-constitutional-court-of-bosnia-and-herzegovina\/d-jurisdiction-article-vi-3\/appeal-i-e-constitutional-review-article-vi-3b-of-the-bih-constitution-and-application-to-the-human-rights-chamber-article-viii-1-of-annex-6\/exhaustion-of-legal-remedies\/human-rights-chamber\/\">Read&nbsp;more<\/a><\/p>\n","protected":false},"author":1,"featured_media":0,"parent":12235,"menu_order":1,"comment_status":"closed","ping_status":"closed","template":"","meta":{"footnotes":""},"class_list":["post-12240","page","type-page","status-publish","hentry"],"yoast_head":"<!-- This site is optimized with the Yoast SEO plugin v26.3 - https:\/\/yoast.com\/wordpress\/plugins\/seo\/ -->\n<title>Human Rights Chamber - Commentary on BiH Constitution<\/title>\n<meta name=\"robots\" content=\"index, follow, max-snippet:-1, max-image-preview:large, max-video-preview:-1\" \/>\n<link rel=\"canonical\" href=\"https:\/\/ustavbih.ba\/en\/article-vi-constitutional-court-of-bosnia-and-herzegovina\/d-jurisdiction-article-vi-3\/appeal-i-e-constitutional-review-article-vi-3b-of-the-bih-constitution-and-application-to-the-human-rights-chamber-article-viii-1-of-annex-6\/exhaustion-of-legal-remedies\/human-rights-chamber\/\" \/>\n<meta property=\"og:locale\" content=\"en_US\" \/>\n<meta property=\"og:type\" content=\"article\" \/>\n<meta property=\"og:title\" content=\"Human Rights Chamber - Commentary on BiH Constitution\" \/>\n<meta property=\"og:description\" content=\"CH\/00\/3835 Gavrilovi\u0107 20051115 CH\/00\/3921 Mogdan 20060607 CH\/00\/4020 Solex d.o.o. Kakanj et al. 20050905 CH\/01\/6694 Supur 20076026 CH\/01\/7057 Radi\u0107 6 June 2005 20050606 CH\/01\/7228 \u0110ur\u010di\u0107 20070508 CH\/01\/7255 et al.-Planini\u0107 20070605 CH\/01\/7374 Vidakovi\u0107 20070605 CH\/01\/7481 Ibri\u0161imovi\u0107 20070605 CH\/01\/8125 et al. Demirovi\u0107 et al. 20051214 CH\/01\/8380 Lazarevi\u0107 20051107 CH\/02\/10599 Pra\u0161talo 20060605 CH\/02\/10618 \u0160a\u0161i\u0107 20060911 CH\/02\/10625 Janji\u0107 11 January &hellip; Read&nbsp;more\" \/>\n<meta property=\"og:url\" content=\"https:\/\/ustavbih.ba\/en\/article-vi-constitutional-court-of-bosnia-and-herzegovina\/d-jurisdiction-article-vi-3\/appeal-i-e-constitutional-review-article-vi-3b-of-the-bih-constitution-and-application-to-the-human-rights-chamber-article-viii-1-of-annex-6\/exhaustion-of-legal-remedies\/human-rights-chamber\/\" \/>\n<meta property=\"og:site_name\" content=\"Commentary on BiH Constitution\" \/>\n<meta property=\"article:modified_time\" content=\"2024-12-09T17:05:18+00:00\" \/>\n<meta property=\"og:image\" content=\"https:\/\/ustavbih.ba\/app\/uploads\/2024\/12\/flags.jpg\" \/>\n\t<meta property=\"og:image:width\" content=\"1920\" \/>\n\t<meta property=\"og:image:height\" content=\"686\" \/>\n\t<meta property=\"og:image:type\" content=\"image\/jpeg\" \/>\n<meta name=\"twitter:card\" content=\"summary_large_image\" \/>\n<meta name=\"twitter:label1\" content=\"Est. reading time\" \/>\n\t<meta name=\"twitter:data1\" content=\"1 minute\" \/>\n<script type=\"application\/ld+json\" class=\"yoast-schema-graph\">{\"@context\":\"https:\/\/schema.org\",\"@graph\":[{\"@type\":\"WebPage\",\"@id\":\"https:\/\/ustavbih.ba\/en\/article-vi-constitutional-court-of-bosnia-and-herzegovina\/d-jurisdiction-article-vi-3\/appeal-i-e-constitutional-review-article-vi-3b-of-the-bih-constitution-and-application-to-the-human-rights-chamber-article-viii-1-of-annex-6\/exhaustion-of-legal-remedies\/human-rights-chamber\/\",\"url\":\"https:\/\/ustavbih.ba\/en\/article-vi-constitutional-court-of-bosnia-and-herzegovina\/d-jurisdiction-article-vi-3\/appeal-i-e-constitutional-review-article-vi-3b-of-the-bih-constitution-and-application-to-the-human-rights-chamber-article-viii-1-of-annex-6\/exhaustion-of-legal-remedies\/human-rights-chamber\/\",\"name\":\"Human Rights Chamber - Commentary on BiH Constitution\",\"isPartOf\":{\"@id\":\"https:\/\/ustavbih.ba\/#website\"},\"datePublished\":\"2024-12-09T11:10:25+00:00\",\"dateModified\":\"2024-12-09T17:05:18+00:00\",\"breadcrumb\":{\"@id\":\"https:\/\/ustavbih.ba\/en\/article-vi-constitutional-court-of-bosnia-and-herzegovina\/d-jurisdiction-article-vi-3\/appeal-i-e-constitutional-review-article-vi-3b-of-the-bih-constitution-and-application-to-the-human-rights-chamber-article-viii-1-of-annex-6\/exhaustion-of-legal-remedies\/human-rights-chamber\/#breadcrumb\"},\"inLanguage\":\"en-US\",\"potentialAction\":[{\"@type\":\"ReadAction\",\"target\":[\"https:\/\/ustavbih.ba\/en\/article-vi-constitutional-court-of-bosnia-and-herzegovina\/d-jurisdiction-article-vi-3\/appeal-i-e-constitutional-review-article-vi-3b-of-the-bih-constitution-and-application-to-the-human-rights-chamber-article-viii-1-of-annex-6\/exhaustion-of-legal-remedies\/human-rights-chamber\/\"]}]},{\"@type\":\"BreadcrumbList\",\"@id\":\"https:\/\/ustavbih.ba\/en\/article-vi-constitutional-court-of-bosnia-and-herzegovina\/d-jurisdiction-article-vi-3\/appeal-i-e-constitutional-review-article-vi-3b-of-the-bih-constitution-and-application-to-the-human-rights-chamber-article-viii-1-of-annex-6\/exhaustion-of-legal-remedies\/human-rights-chamber\/#breadcrumb\",\"itemListElement\":[{\"@type\":\"ListItem\",\"position\":1,\"name\":\"Home\",\"item\":\"https:\/\/ustavbih.ba\/en\/\"},{\"@type\":\"ListItem\",\"position\":2,\"name\":\"Article VI \u2013 Constitutional Court of Bosnia and Herzegovina\",\"item\":\"https:\/\/ustavbih.ba\/en\/article-vi-constitutional-court-of-bosnia-and-herzegovina\/\"},{\"@type\":\"ListItem\",\"position\":3,\"name\":\"D. Jurisdiction (Article VI.3)\",\"item\":\"https:\/\/ustavbih.ba\/en\/article-vi-constitutional-court-of-bosnia-and-herzegovina\/d-jurisdiction-article-vi-3\/\"},{\"@type\":\"ListItem\",\"position\":4,\"name\":\"Appeal, i.e., constitutional review [Article VI.3(b) of the BiH Constitution and application to the Human Rights Chamber (Article VIII.1 of Annex 6)]\",\"item\":\"https:\/\/ustavbih.ba\/en\/article-vi-constitutional-court-of-bosnia-and-herzegovina\/d-jurisdiction-article-vi-3\/appeal-i-e-constitutional-review-article-vi-3b-of-the-bih-constitution-and-application-to-the-human-rights-chamber-article-viii-1-of-annex-6\/\"},{\"@type\":\"ListItem\",\"position\":5,\"name\":\"Exhaustion of legal remedies\",\"item\":\"https:\/\/ustavbih.ba\/en\/article-vi-constitutional-court-of-bosnia-and-herzegovina\/d-jurisdiction-article-vi-3\/appeal-i-e-constitutional-review-article-vi-3b-of-the-bih-constitution-and-application-to-the-human-rights-chamber-article-viii-1-of-annex-6\/exhaustion-of-legal-remedies\/\"},{\"@type\":\"ListItem\",\"position\":6,\"name\":\"Human Rights Chamber\"}]},{\"@type\":\"WebSite\",\"@id\":\"https:\/\/ustavbih.ba\/#website\",\"url\":\"https:\/\/ustavbih.ba\/\",\"name\":\"UstavBiH.ba\",\"description\":\"\",\"publisher\":{\"@id\":\"https:\/\/ustavbih.ba\/#organization\"},\"potentialAction\":[{\"@type\":\"SearchAction\",\"target\":{\"@type\":\"EntryPoint\",\"urlTemplate\":\"https:\/\/ustavbih.ba\/?s={search_term_string}\"},\"query-input\":{\"@type\":\"PropertyValueSpecification\",\"valueRequired\":true,\"valueName\":\"search_term_string\"}}],\"inLanguage\":\"en-US\"},{\"@type\":\"Organization\",\"@id\":\"https:\/\/ustavbih.ba\/#organization\",\"name\":\"UstavBiH.ba\",\"url\":\"https:\/\/ustavbih.ba\/\",\"logo\":{\"@type\":\"ImageObject\",\"inLanguage\":\"en-US\",\"@id\":\"https:\/\/ustavbih.ba\/#\/schema\/logo\/image\/\",\"url\":\"https:\/\/ustavbih.ba\/app\/uploads\/2024\/12\/flags.jpg\",\"contentUrl\":\"https:\/\/ustavbih.ba\/app\/uploads\/2024\/12\/flags.jpg\",\"width\":1920,\"height\":686,\"caption\":\"UstavBiH.ba\"},\"image\":{\"@id\":\"https:\/\/ustavbih.ba\/#\/schema\/logo\/image\/\"}}]}<\/script>\n<!-- \/ Yoast SEO plugin. -->","yoast_head_json":{"title":"Human Rights Chamber - Commentary on BiH Constitution","robots":{"index":"index","follow":"follow","max-snippet":"max-snippet:-1","max-image-preview":"max-image-preview:large","max-video-preview":"max-video-preview:-1"},"canonical":"https:\/\/ustavbih.ba\/en\/article-vi-constitutional-court-of-bosnia-and-herzegovina\/d-jurisdiction-article-vi-3\/appeal-i-e-constitutional-review-article-vi-3b-of-the-bih-constitution-and-application-to-the-human-rights-chamber-article-viii-1-of-annex-6\/exhaustion-of-legal-remedies\/human-rights-chamber\/","og_locale":"en_US","og_type":"article","og_title":"Human Rights Chamber - Commentary on BiH Constitution","og_description":"CH\/00\/3835 Gavrilovi\u0107 20051115 CH\/00\/3921 Mogdan 20060607 CH\/00\/4020 Solex d.o.o. Kakanj et al. 20050905 CH\/01\/6694 Supur 20076026 CH\/01\/7057 Radi\u0107 6 June 2005 20050606 CH\/01\/7228 \u0110ur\u010di\u0107 20070508 CH\/01\/7255 et al.-Planini\u0107 20070605 CH\/01\/7374 Vidakovi\u0107 20070605 CH\/01\/7481 Ibri\u0161imovi\u0107 20070605 CH\/01\/8125 et al. Demirovi\u0107 et al. 20051214 CH\/01\/8380 Lazarevi\u0107 20051107 CH\/02\/10599 Pra\u0161talo 20060605 CH\/02\/10618 \u0160a\u0161i\u0107 20060911 CH\/02\/10625 Janji\u0107 11 January &hellip; Read&nbsp;more","og_url":"https:\/\/ustavbih.ba\/en\/article-vi-constitutional-court-of-bosnia-and-herzegovina\/d-jurisdiction-article-vi-3\/appeal-i-e-constitutional-review-article-vi-3b-of-the-bih-constitution-and-application-to-the-human-rights-chamber-article-viii-1-of-annex-6\/exhaustion-of-legal-remedies\/human-rights-chamber\/","og_site_name":"Commentary on BiH Constitution","article_modified_time":"2024-12-09T17:05:18+00:00","og_image":[{"width":1920,"height":686,"url":"https:\/\/ustavbih.ba\/app\/uploads\/2024\/12\/flags.jpg","type":"image\/jpeg"}],"twitter_card":"summary_large_image","twitter_misc":{"Est. reading time":"1 minute"},"schema":{"@context":"https:\/\/schema.org","@graph":[{"@type":"WebPage","@id":"https:\/\/ustavbih.ba\/en\/article-vi-constitutional-court-of-bosnia-and-herzegovina\/d-jurisdiction-article-vi-3\/appeal-i-e-constitutional-review-article-vi-3b-of-the-bih-constitution-and-application-to-the-human-rights-chamber-article-viii-1-of-annex-6\/exhaustion-of-legal-remedies\/human-rights-chamber\/","url":"https:\/\/ustavbih.ba\/en\/article-vi-constitutional-court-of-bosnia-and-herzegovina\/d-jurisdiction-article-vi-3\/appeal-i-e-constitutional-review-article-vi-3b-of-the-bih-constitution-and-application-to-the-human-rights-chamber-article-viii-1-of-annex-6\/exhaustion-of-legal-remedies\/human-rights-chamber\/","name":"Human Rights Chamber - Commentary on BiH Constitution","isPartOf":{"@id":"https:\/\/ustavbih.ba\/#website"},"datePublished":"2024-12-09T11:10:25+00:00","dateModified":"2024-12-09T17:05:18+00:00","breadcrumb":{"@id":"https:\/\/ustavbih.ba\/en\/article-vi-constitutional-court-of-bosnia-and-herzegovina\/d-jurisdiction-article-vi-3\/appeal-i-e-constitutional-review-article-vi-3b-of-the-bih-constitution-and-application-to-the-human-rights-chamber-article-viii-1-of-annex-6\/exhaustion-of-legal-remedies\/human-rights-chamber\/#breadcrumb"},"inLanguage":"en-US","potentialAction":[{"@type":"ReadAction","target":["https:\/\/ustavbih.ba\/en\/article-vi-constitutional-court-of-bosnia-and-herzegovina\/d-jurisdiction-article-vi-3\/appeal-i-e-constitutional-review-article-vi-3b-of-the-bih-constitution-and-application-to-the-human-rights-chamber-article-viii-1-of-annex-6\/exhaustion-of-legal-remedies\/human-rights-chamber\/"]}]},{"@type":"BreadcrumbList","@id":"https:\/\/ustavbih.ba\/en\/article-vi-constitutional-court-of-bosnia-and-herzegovina\/d-jurisdiction-article-vi-3\/appeal-i-e-constitutional-review-article-vi-3b-of-the-bih-constitution-and-application-to-the-human-rights-chamber-article-viii-1-of-annex-6\/exhaustion-of-legal-remedies\/human-rights-chamber\/#breadcrumb","itemListElement":[{"@type":"ListItem","position":1,"name":"Home","item":"https:\/\/ustavbih.ba\/en\/"},{"@type":"ListItem","position":2,"name":"Article VI \u2013 Constitutional Court of Bosnia and Herzegovina","item":"https:\/\/ustavbih.ba\/en\/article-vi-constitutional-court-of-bosnia-and-herzegovina\/"},{"@type":"ListItem","position":3,"name":"D. Jurisdiction (Article VI.3)","item":"https:\/\/ustavbih.ba\/en\/article-vi-constitutional-court-of-bosnia-and-herzegovina\/d-jurisdiction-article-vi-3\/"},{"@type":"ListItem","position":4,"name":"Appeal, i.e., constitutional review [Article VI.3(b) of the BiH Constitution and application to the Human Rights Chamber (Article VIII.1 of Annex 6)]","item":"https:\/\/ustavbih.ba\/en\/article-vi-constitutional-court-of-bosnia-and-herzegovina\/d-jurisdiction-article-vi-3\/appeal-i-e-constitutional-review-article-vi-3b-of-the-bih-constitution-and-application-to-the-human-rights-chamber-article-viii-1-of-annex-6\/"},{"@type":"ListItem","position":5,"name":"Exhaustion of legal remedies","item":"https:\/\/ustavbih.ba\/en\/article-vi-constitutional-court-of-bosnia-and-herzegovina\/d-jurisdiction-article-vi-3\/appeal-i-e-constitutional-review-article-vi-3b-of-the-bih-constitution-and-application-to-the-human-rights-chamber-article-viii-1-of-annex-6\/exhaustion-of-legal-remedies\/"},{"@type":"ListItem","position":6,"name":"Human Rights Chamber"}]},{"@type":"WebSite","@id":"https:\/\/ustavbih.ba\/#website","url":"https:\/\/ustavbih.ba\/","name":"UstavBiH.ba","description":"","publisher":{"@id":"https:\/\/ustavbih.ba\/#organization"},"potentialAction":[{"@type":"SearchAction","target":{"@type":"EntryPoint","urlTemplate":"https:\/\/ustavbih.ba\/?s={search_term_string}"},"query-input":{"@type":"PropertyValueSpecification","valueRequired":true,"valueName":"search_term_string"}}],"inLanguage":"en-US"},{"@type":"Organization","@id":"https:\/\/ustavbih.ba\/#organization","name":"UstavBiH.ba","url":"https:\/\/ustavbih.ba\/","logo":{"@type":"ImageObject","inLanguage":"en-US","@id":"https:\/\/ustavbih.ba\/#\/schema\/logo\/image\/","url":"https:\/\/ustavbih.ba\/app\/uploads\/2024\/12\/flags.jpg","contentUrl":"https:\/\/ustavbih.ba\/app\/uploads\/2024\/12\/flags.jpg","width":1920,"height":686,"caption":"UstavBiH.ba"},"image":{"@id":"https:\/\/ustavbih.ba\/#\/schema\/logo\/image\/"}}]}},"_links":{"self":[{"href":"https:\/\/ustavbih.ba\/en\/wp-json\/wp\/v2\/pages\/12240","targetHints":{"allow":["GET"]}}],"collection":[{"href":"https:\/\/ustavbih.ba\/en\/wp-json\/wp\/v2\/pages"}],"about":[{"href":"https:\/\/ustavbih.ba\/en\/wp-json\/wp\/v2\/types\/page"}],"author":[{"embeddable":true,"href":"https:\/\/ustavbih.ba\/en\/wp-json\/wp\/v2\/users\/1"}],"replies":[{"embeddable":true,"href":"https:\/\/ustavbih.ba\/en\/wp-json\/wp\/v2\/comments?post=12240"}],"version-history":[{"count":1,"href":"https:\/\/ustavbih.ba\/en\/wp-json\/wp\/v2\/pages\/12240\/revisions"}],"predecessor-version":[{"id":12823,"href":"https:\/\/ustavbih.ba\/en\/wp-json\/wp\/v2\/pages\/12240\/revisions\/12823"}],"up":[{"embeddable":true,"href":"https:\/\/ustavbih.ba\/en\/wp-json\/wp\/v2\/pages\/12235"}],"wp:attachment":[{"href":"https:\/\/ustavbih.ba\/en\/wp-json\/wp\/v2\/media?parent=12240"}],"curies":[{"name":"wp","href":"https:\/\/api.w.org\/{rel}","templated":true}]}}