{"id":12236,"date":"2024-12-09T12:10:25","date_gmt":"2024-12-09T11:10:25","guid":{"rendered":""},"modified":"2024-12-09T18:03:26","modified_gmt":"2024-12-09T17:03:26","slug":"constitutional-court","status":"publish","type":"page","link":"https:\/\/ustavbih.ba\/en\/article-vi-constitutional-court-of-bosnia-and-herzegovina\/d-jurisdiction-article-vi-3\/appeal-i-e-constitutional-review-article-vi-3b-of-the-bih-constitution-and-application-to-the-human-rights-chamber-article-viii-1-of-annex-6\/exhaustion-of-legal-remedies\/constitutional-court\/","title":{"rendered":"Constitutional Court"},"content":{"rendered":"<table class=\"t1\" cellspacing=\"0\" cellpadding=\"0\">\n<tbody>\n<tr>\n<td class=\"td1\" valign=\"top\">\n<p class=\"p2\">AP 1023\/04 B. N.<\/p>\n<\/td>\n<td class=\"td1\" valign=\"top\">\n<p class=\"p2\">20050412<\/p>\n<\/td>\n<\/tr>\n<tr>\n<td class=\"td1\" valign=\"top\">\n<p class=\"p2\">AP 106\/06 Rasim <i>et al. <\/i>Mujezinovi\u0107<\/p>\n<\/td>\n<td class=\"td1\" valign=\"top\">\n<p class=\"p2\">20060223<\/p>\n<\/td>\n<\/tr>\n<tr>\n<td class=\"td1\" valign=\"top\">\n<p class=\"p2\">AP 1111\/04 Kara<\/p>\n<\/td>\n<td class=\"td1\" valign=\"top\">\n<p class=\"p2\">20051013<\/p>\n<\/td>\n<\/tr>\n<tr>\n<td class=\"td1\" valign=\"top\">\n<p class=\"p2\">AP 1193\/05 Suljagi\u0107<\/p>\n<\/td>\n<td class=\"td1\" valign=\"top\">\n<p class=\"p2\">20060627<\/p>\n<\/td>\n<\/tr>\n<tr>\n<td class=\"td1\" valign=\"top\">\n<p class=\"p2\">AP 1237\/05 Vujanovi\u0107<\/p>\n<\/td>\n<td class=\"td1\" valign=\"top\">\n<p class=\"p2\">20060509<\/p>\n<\/td>\n<\/tr>\n<tr>\n<td class=\"td1\" valign=\"top\">\n<p class=\"p2\">AP 1244\/05 Kova\u010devi\u0107<\/p>\n<\/td>\n<td class=\"td1\" valign=\"top\">\n<p class=\"p2\">20060509<\/p>\n<\/td>\n<\/tr>\n<tr>\n<td class=\"td1\" valign=\"top\">\n<p class=\"p2\">AP 1298\/05 Mitrovi\u0107 <i>et al<\/i>.<\/p>\n<\/td>\n<td class=\"td1\" valign=\"top\">\n<p class=\"p2\">20060613<\/p>\n<\/td>\n<\/tr>\n<tr>\n<td class=\"td1\" valign=\"top\">\n<p class=\"p2\">AP 1338\/05 Zijadi\u0107<\/p>\n<\/td>\n<td class=\"td1\" valign=\"top\">\n<p class=\"p2\">20060627<\/p>\n<\/td>\n<\/tr>\n<tr>\n<td class=\"td1\" valign=\"top\">\n<p class=\"p2\">AP 1348\/05 Marinko <i>et al. <\/i>Dupljanin<\/p>\n<\/td>\n<td class=\"td1\" valign=\"top\">\n<p class=\"p2\">20060613<\/p>\n<\/td>\n<\/tr>\n<tr>\n<td class=\"td1\" valign=\"top\">\n<p class=\"p2\">AP 1354\/05 Balorda<\/p>\n<\/td>\n<td class=\"td1\" valign=\"top\">\n<p class=\"p2\">20060509<\/p>\n<\/td>\n<\/tr>\n<tr>\n<td class=\"td1\" valign=\"top\">\n<p class=\"p2\">AP 1431\/05 \u010cajevi\u0107<\/p>\n<\/td>\n<td class=\"td1\" valign=\"top\">\n<p class=\"p2\">20060912<\/p>\n<\/td>\n<\/tr>\n<tr>\n<td class=\"td1\" valign=\"top\">\n<p class=\"p2\">AP 2331\/06 Grahovac<\/p>\n<\/td>\n<td class=\"td1\" valign=\"top\">\n<p class=\"p2\">20060920<\/p>\n<\/td>\n<\/tr>\n<tr>\n<td class=\"td1\" valign=\"top\">\n<p class=\"p2\">AP 240\/03 \u0110. M.<\/p>\n<\/td>\n<td class=\"td1\" valign=\"top\">\n<p class=\"p2\">20040318<\/p>\n<\/td>\n<\/tr>\n<tr>\n<td class=\"td1\" valign=\"top\">\n<p class=\"p2\">AP 2498\/07 O\u017eegovi\u0107<\/p>\n<\/td>\n<td class=\"td1\" valign=\"top\">\n<p class=\"p2\">20061213<\/p>\n<\/td>\n<\/tr>\n<tr>\n<td class=\"td1\" valign=\"top\">\n<p class=\"p2\">AP 2500\/05 Novalija<\/p>\n<\/td>\n<td class=\"td1\" valign=\"top\">\n<p class=\"p2\">20060912<\/p>\n<\/td>\n<\/tr>\n<tr>\n<td class=\"td1\" valign=\"top\">\n<p class=\"p2\">AP 283\/03 S. O.<\/p>\n<\/td>\n<td class=\"td1\" valign=\"top\">\n<p class=\"p2\">20041014<\/p>\n<\/td>\n<\/tr>\n<tr>\n<td class=\"td1\" valign=\"top\">\n<p class=\"p2\">AP 309\/04 R. T.<\/p>\n<\/td>\n<td class=\"td1\" valign=\"top\">\n<p class=\"p2\">20050412<\/p>\n<\/td>\n<\/tr>\n<tr>\n<td class=\"td1\" valign=\"top\">\n<p class=\"p2\">AP 311\/04 A. G.<\/p>\n<\/td>\n<td class=\"td1\" valign=\"top\">\n<p class=\"p2\">20040422<\/p>\n<\/td>\n<\/tr>\n<tr>\n<td class=\"td1\" valign=\"top\">\n<p class=\"p2\">AP 311\/04 A. G.<\/p>\n<\/td>\n<td class=\"td1\" valign=\"top\">\n<p class=\"p2\">20040422<\/p>\n<\/td>\n<\/tr>\n<tr>\n<td class=\"td1\" valign=\"top\">\n<p class=\"p2\">AP 322\/04 M. K.<\/p>\n<\/td>\n<td class=\"td1\" valign=\"top\">\n<p class=\"p2\">20041119<\/p>\n<\/td>\n<\/tr>\n<tr>\n<td class=\"td1\" valign=\"top\">\n<p class=\"p2\">AP 325\/04 \u201cVakufska direkcija Sarajevo\u201d<\/p>\n<\/td>\n<td class=\"td1\" valign=\"top\">\n<p class=\"p2\">20041027<\/p>\n<\/td>\n<\/tr>\n<tr>\n<td class=\"td1\" valign=\"top\">\n<p class=\"p2\">AP 3297\/06 Alijagi\u0107<\/p>\n<\/td>\n<td class=\"td1\" valign=\"top\">\n<p class=\"p2\">20080110<\/p>\n<\/td>\n<\/tr>\n<tr>\n<td class=\"td1\" valign=\"top\">\n<p class=\"p2\">AP 333\/05 M. K. <i>et al<\/i>.<\/p>\n<\/td>\n<td class=\"td1\" valign=\"top\">\n<p class=\"p2\">20060426<\/p>\n<\/td>\n<\/tr>\n<tr>\n<td class=\"td1\" valign=\"top\">\n<p class=\"p2\">AP 338\/04 D. J.<\/p>\n<\/td>\n<td class=\"td1\" valign=\"top\">\n<p class=\"p2\">20040929<\/p>\n<\/td>\n<\/tr>\n<tr>\n<td class=\"td1\" valign=\"top\">\n<p class=\"p2\">AP 551\/03 S. A.<\/p>\n<\/td>\n<td class=\"td1\" valign=\"top\">\n<p class=\"p2\">20040929<\/p>\n<\/td>\n<\/tr>\n<tr>\n<td class=\"td1\" valign=\"top\">\n<p class=\"p2\">AP 562\/04 ZZ \u201cTrebava\u201d Grada\u010dac<\/p>\n<\/td>\n<td class=\"td1\" valign=\"top\">\n<p class=\"p2\">20050323<\/p>\n<\/td>\n<\/tr>\n<tr>\n<td class=\"td1\" valign=\"top\">\n<p class=\"p2\">AP 567\/04 N. G.<\/p>\n<\/td>\n<td class=\"td1\" valign=\"top\">\n<p class=\"p2\">20050628<\/p>\n<\/td>\n<\/tr>\n<tr>\n<td class=\"td1\" valign=\"top\">\n<p class=\"p2\">AP 583\/05 N. \u017d.<\/p>\n<\/td>\n<td class=\"td1\" valign=\"top\">\n<p class=\"p2\">20050615<\/p>\n<\/td>\n<\/tr>\n<tr>\n<td class=\"td1\" valign=\"top\">\n<p class=\"p2\">AP 592\/05 S. A. <i>et al<\/i>.<\/p>\n<\/td>\n<td class=\"td1\" valign=\"top\">\n<p class=\"p2\">20050628<\/p>\n<\/td>\n<\/tr>\n<tr>\n<td class=\"td1\" valign=\"top\">\n<p class=\"p2\">AP 657\/04 TIP \u201cDekorativa\u201d d.d.<\/p>\n<\/td>\n<td class=\"td1\" valign=\"top\">\n<p class=\"p2\">20041130<\/p>\n<\/td>\n<\/tr>\n<tr>\n<td class=\"td1\" valign=\"top\">\n<p class=\"p2\">AP 679\/04 Veljko <i>et al<\/i>. Lazi\u0107<\/p>\n<\/td>\n<td class=\"td1\" valign=\"top\">\n<p class=\"p2\">20050913<\/p>\n<\/td>\n<\/tr>\n<tr>\n<td class=\"td1\" valign=\"top\">\n<p class=\"p2\">AP 684\/04 N. \u0106.<\/p>\n<\/td>\n<td class=\"td1\" valign=\"top\">\n<p class=\"p2\">20050118<\/p>\n<\/td>\n<\/tr>\n<tr>\n<td class=\"td1\" valign=\"top\">\n<p class=\"p2\">AP 696\/04 Suboti\u0107<\/p>\n<\/td>\n<td class=\"td1\" valign=\"top\">\n<p class=\"p2\">20050923<\/p>\n<\/td>\n<\/tr>\n<tr>\n<td class=\"td1\" valign=\"top\">\n<p class=\"p2\">AP 73\/02 Sanas<\/p>\n<\/td>\n<td class=\"td1\" valign=\"top\">\n<p class=\"p2\">20030725<\/p>\n<\/td>\n<\/tr>\n<tr>\n<td class=\"td1\" valign=\"top\">\n<p class=\"p2\">AP 814\/04 GP \u201cGra\u0111evinar\u201d d.o.o. Kotor-Varo\u0161 <i>et al<\/i>.<\/p>\n<\/td>\n<td class=\"td1\" valign=\"top\">\n<p class=\"p2\">20050217<\/p>\n<\/td>\n<\/tr>\n<tr>\n<td class=\"td1\" valign=\"top\">\n<p class=\"p2\">AP 94\/04 N. J.<\/p>\n<\/td>\n<td class=\"td1\" valign=\"top\">\n<p class=\"p2\">20040317<\/p>\n<\/td>\n<\/tr>\n<tr>\n<td class=\"td1\" valign=\"top\">\n<p class=\"p2\">AP 967\/05 Joki\u0107<\/p>\n<\/td>\n<td class=\"td1\" valign=\"top\">\n<p class=\"p2\">20060412<\/p>\n<\/td>\n<\/tr>\n<tr>\n<td class=\"td1\" valign=\"top\">\n<p class=\"p2\">AP 996\/04 J. E.<\/p>\n<\/td>\n<td class=\"td1\" valign=\"top\">\n<p class=\"p2\">20050615<\/p>\n<\/td>\n<\/tr>\n<tr>\n<td class=\"td1\" valign=\"top\">\n<p class=\"p2\">U 107\/03 A. G.<\/p>\n<\/td>\n<td class=\"td1\" valign=\"top\">\n<p class=\"p2\">20041119<\/p>\n<\/td>\n<\/tr>\n<tr>\n<td class=\"td1\" valign=\"top\">\n<p class=\"p2\">U 12\/01 Nikoli\u0107<\/p>\n<\/td>\n<td class=\"td1\" valign=\"top\">\n<p class=\"p2\">20020803 <i>OG of BiH<\/i>, No. 20\/02<\/p>\n<\/td>\n<\/tr>\n<tr>\n<td class=\"td1\" valign=\"top\">\n<p class=\"p2\">U 12\/97 Sara\u010devi\u0107-\u0160utkovi\u0107<\/p>\n<\/td>\n<td class=\"td1\" valign=\"top\">\n<p class=\"p2\">19980914 <i>OG of BiH<\/i>, No. 17\/98<\/p>\n<\/td>\n<\/tr>\n<tr>\n<td class=\"td1\" valign=\"top\">\n<p class=\"p2\">U 13\/99 \u201cPOTKA\u201d d.o.o.<\/p>\n<\/td>\n<td class=\"td1\" valign=\"top\">\n<p class=\"p2\">19991105<\/p>\n<\/td>\n<\/tr>\n<tr>\n<td class=\"td1\" valign=\"top\">\n<p class=\"p2\">U 14\/99 Hotel \u201cBosna\u201d<\/p>\n<\/td>\n<td class=\"td1\" valign=\"top\">\n<p class=\"p2\">20001231 <i>OG of BiH<\/i>, No. 36\/00<\/p>\n<\/td>\n<\/tr>\n<tr>\n<td class=\"td1\" valign=\"top\">\n<p class=\"p2\">U 15\/01 Spahi\u0107 promex<\/p>\n<\/td>\n<td class=\"td1\" valign=\"top\">\n<p class=\"p2\">20010504<\/p>\n<\/td>\n<\/tr>\n<tr>\n<td class=\"td1\" valign=\"top\">\n<p class=\"p2\">U 18\/00 Hajdarevi\u0107<\/p>\n<\/td>\n<td class=\"td1\" valign=\"top\">\n<p class=\"p2\">20021019 <i>OG of BiH<\/i>, No. 30\/02<\/p>\n<\/td>\n<\/tr>\n<tr>\n<td class=\"td1\" valign=\"top\">\n<p class=\"p2\">U 20\/02 \u201cNMS Commerce\u201d d.j.l.<\/p>\n<\/td>\n<td class=\"td1\" valign=\"top\">\n<p class=\"p2\">20040227<\/p>\n<\/td>\n<\/tr>\n<tr>\n<td class=\"td1\" valign=\"top\">\n<p class=\"p2\">U 22\/00 Guski\u0107<\/p>\n<\/td>\n<td class=\"td1\" valign=\"top\">\n<p class=\"p2\">20011012 <i>OG of BiH<\/i>, No. 25\/01<\/p>\n<\/td>\n<\/tr>\n<tr>\n<td class=\"td1\" valign=\"top\">\n<p class=\"p2\">U 22\/00 Guski\u0107<\/p>\n<\/td>\n<td class=\"td1\" valign=\"top\">\n<p class=\"p2\">20011012 <i>OG of BiH<\/i>, No. 25\/01<\/p>\n<\/td>\n<\/tr>\n<tr>\n<td class=\"td1\" valign=\"top\">\n<p class=\"p2\">U 22\/01 Ku\u0161ec<\/p>\n<\/td>\n<td class=\"td1\" valign=\"top\">\n<p class=\"p2\">20011230 <i>OG of BiH<\/i>, No. 33\/01<\/p>\n<\/td>\n<\/tr>\n<tr>\n<td class=\"td1\" valign=\"top\">\n<p class=\"p2\">U 23\/00 Vrhovac<\/p>\n<\/td>\n<td class=\"td1\" valign=\"top\">\n<p class=\"p2\">20010416 <i>OG of BiH<\/i>, No. 10\/01<\/p>\n<\/td>\n<\/tr>\n<tr>\n<td class=\"td1\" valign=\"top\">\n<p class=\"p2\">U 24\/00 Avdi\u0107<\/p>\n<\/td>\n<td class=\"td1\" valign=\"top\">\n<p class=\"p2\">20020130 <i>OG of BiH<\/i>, No. 01\/02<\/p>\n<\/td>\n<\/tr>\n<tr>\n<td class=\"td1\" valign=\"top\">\n<p class=\"p2\">U 3\/01 \u201c\u010cajavec holding\u201d <i>et al<\/i>.<\/p>\n<\/td>\n<td class=\"td1\" valign=\"top\">\n<p class=\"p2\">20020312 <i>OG of BiH<\/i>, No. 05\/02<\/p>\n<\/td>\n<\/tr>\n<tr>\n<td class=\"td1\" valign=\"top\">\n<p class=\"p2\">U 37\/00 I. K.<\/p>\n<\/td>\n<td class=\"td1\" valign=\"top\">\n<p class=\"p2\">20010901<\/p>\n<\/td>\n<\/tr>\n<tr>\n<td class=\"td1\" valign=\"top\">\n<p class=\"p2\">U 40\/01 Topi\u0107<\/p>\n<\/td>\n<td class=\"td1\" valign=\"top\">\n<p class=\"p2\">20020910 <i>OG of BiH<\/i>, No. 25\/02<\/p>\n<\/td>\n<\/tr>\n<tr>\n<td class=\"td1\" valign=\"top\">\n<p class=\"p2\">U 40\/02 DOO \u201c10. oktobar\u201d<\/p>\n<\/td>\n<td class=\"td1\" valign=\"top\">\n<p class=\"p2\">20040304<\/p>\n<\/td>\n<\/tr>\n<tr>\n<td class=\"td1\" valign=\"top\">\n<p class=\"p2\">U 59\/01 Bi\u010dak\u010di\u0107<\/p>\n<\/td>\n<td class=\"td1\" valign=\"top\">\n<p class=\"p2\">20020829 <i>OG of BiH<\/i>, No. 24\/02<\/p>\n<\/td>\n<\/tr>\n<tr>\n<td class=\"td1\" valign=\"top\">\n<p class=\"p2\">U 75\/03 E. T.<\/p>\n<\/td>\n<td class=\"td1\" valign=\"top\">\n<p class=\"p2\">20040615<\/p>\n<\/td>\n<\/tr>\n<tr>\n<td class=\"td1\" valign=\"top\">\n<p class=\"p2\">U 8\/01 J. M.<\/p>\n<\/td>\n<td class=\"td1\" valign=\"top\">\n<p class=\"p2\">20010622<\/p>\n<\/td>\n<\/tr>\n<\/tbody>\n<\/table>\n","protected":false},"excerpt":{"rendered":"<p>AP 1023\/04 B. N. 20050412 AP 106\/06 Rasim et al. Mujezinovi\u0107 20060223 AP 1111\/04 Kara 20051013 AP 1193\/05 Suljagi\u0107 20060627 AP 1237\/05 Vujanovi\u0107 20060509 AP 1244\/05 Kova\u010devi\u0107 20060509 AP 1298\/05 Mitrovi\u0107 et al. 20060613 AP 1338\/05 Zijadi\u0107 20060627 AP 1348\/05 Marinko et al. Dupljanin 20060613 AP 1354\/05 Balorda 20060509 AP 1431\/05 \u010cajevi\u0107 20060912 AP 2331\/06 &hellip; <a class=\"text-primary\" href=\"https:\/\/ustavbih.ba\/en\/article-vi-constitutional-court-of-bosnia-and-herzegovina\/d-jurisdiction-article-vi-3\/appeal-i-e-constitutional-review-article-vi-3b-of-the-bih-constitution-and-application-to-the-human-rights-chamber-article-viii-1-of-annex-6\/exhaustion-of-legal-remedies\/constitutional-court\/\">Read&nbsp;more<\/a><\/p>\n","protected":false},"author":1,"featured_media":0,"parent":12235,"menu_order":0,"comment_status":"closed","ping_status":"closed","template":"","meta":{"footnotes":""},"class_list":["post-12236","page","type-page","status-publish","hentry"],"yoast_head":"<!-- This site is optimized with the Yoast SEO plugin v26.3 - https:\/\/yoast.com\/wordpress\/plugins\/seo\/ -->\n<title>Constitutional Court - Commentary on BiH Constitution<\/title>\n<meta name=\"robots\" content=\"index, follow, max-snippet:-1, max-image-preview:large, max-video-preview:-1\" \/>\n<link rel=\"canonical\" href=\"https:\/\/ustavbih.ba\/en\/article-vi-constitutional-court-of-bosnia-and-herzegovina\/d-jurisdiction-article-vi-3\/appeal-i-e-constitutional-review-article-vi-3b-of-the-bih-constitution-and-application-to-the-human-rights-chamber-article-viii-1-of-annex-6\/exhaustion-of-legal-remedies\/constitutional-court\/\" \/>\n<meta property=\"og:locale\" content=\"en_US\" \/>\n<meta property=\"og:type\" content=\"article\" \/>\n<meta property=\"og:title\" content=\"Constitutional Court - Commentary on BiH Constitution\" \/>\n<meta property=\"og:description\" content=\"AP 1023\/04 B. N. 20050412 AP 106\/06 Rasim et al. Mujezinovi\u0107 20060223 AP 1111\/04 Kara 20051013 AP 1193\/05 Suljagi\u0107 20060627 AP 1237\/05 Vujanovi\u0107 20060509 AP 1244\/05 Kova\u010devi\u0107 20060509 AP 1298\/05 Mitrovi\u0107 et al. 20060613 AP 1338\/05 Zijadi\u0107 20060627 AP 1348\/05 Marinko et al. Dupljanin 20060613 AP 1354\/05 Balorda 20060509 AP 1431\/05 \u010cajevi\u0107 20060912 AP 2331\/06 &hellip; Read&nbsp;more\" \/>\n<meta property=\"og:url\" content=\"https:\/\/ustavbih.ba\/en\/article-vi-constitutional-court-of-bosnia-and-herzegovina\/d-jurisdiction-article-vi-3\/appeal-i-e-constitutional-review-article-vi-3b-of-the-bih-constitution-and-application-to-the-human-rights-chamber-article-viii-1-of-annex-6\/exhaustion-of-legal-remedies\/constitutional-court\/\" \/>\n<meta property=\"og:site_name\" content=\"Commentary on BiH Constitution\" \/>\n<meta property=\"article:modified_time\" content=\"2024-12-09T17:03:26+00:00\" \/>\n<meta property=\"og:image\" content=\"https:\/\/ustavbih.ba\/app\/uploads\/2024\/12\/flags.jpg\" \/>\n\t<meta property=\"og:image:width\" content=\"1920\" \/>\n\t<meta property=\"og:image:height\" content=\"686\" \/>\n\t<meta property=\"og:image:type\" content=\"image\/jpeg\" \/>\n<meta name=\"twitter:card\" content=\"summary_large_image\" \/>\n<meta name=\"twitter:label1\" content=\"Est. reading time\" \/>\n\t<meta name=\"twitter:data1\" content=\"1 minute\" \/>\n<script type=\"application\/ld+json\" class=\"yoast-schema-graph\">{\"@context\":\"https:\/\/schema.org\",\"@graph\":[{\"@type\":\"WebPage\",\"@id\":\"https:\/\/ustavbih.ba\/en\/article-vi-constitutional-court-of-bosnia-and-herzegovina\/d-jurisdiction-article-vi-3\/appeal-i-e-constitutional-review-article-vi-3b-of-the-bih-constitution-and-application-to-the-human-rights-chamber-article-viii-1-of-annex-6\/exhaustion-of-legal-remedies\/constitutional-court\/\",\"url\":\"https:\/\/ustavbih.ba\/en\/article-vi-constitutional-court-of-bosnia-and-herzegovina\/d-jurisdiction-article-vi-3\/appeal-i-e-constitutional-review-article-vi-3b-of-the-bih-constitution-and-application-to-the-human-rights-chamber-article-viii-1-of-annex-6\/exhaustion-of-legal-remedies\/constitutional-court\/\",\"name\":\"Constitutional Court - Commentary on BiH Constitution\",\"isPartOf\":{\"@id\":\"https:\/\/ustavbih.ba\/#website\"},\"datePublished\":\"2024-12-09T11:10:25+00:00\",\"dateModified\":\"2024-12-09T17:03:26+00:00\",\"breadcrumb\":{\"@id\":\"https:\/\/ustavbih.ba\/en\/article-vi-constitutional-court-of-bosnia-and-herzegovina\/d-jurisdiction-article-vi-3\/appeal-i-e-constitutional-review-article-vi-3b-of-the-bih-constitution-and-application-to-the-human-rights-chamber-article-viii-1-of-annex-6\/exhaustion-of-legal-remedies\/constitutional-court\/#breadcrumb\"},\"inLanguage\":\"en-US\",\"potentialAction\":[{\"@type\":\"ReadAction\",\"target\":[\"https:\/\/ustavbih.ba\/en\/article-vi-constitutional-court-of-bosnia-and-herzegovina\/d-jurisdiction-article-vi-3\/appeal-i-e-constitutional-review-article-vi-3b-of-the-bih-constitution-and-application-to-the-human-rights-chamber-article-viii-1-of-annex-6\/exhaustion-of-legal-remedies\/constitutional-court\/\"]}]},{\"@type\":\"BreadcrumbList\",\"@id\":\"https:\/\/ustavbih.ba\/en\/article-vi-constitutional-court-of-bosnia-and-herzegovina\/d-jurisdiction-article-vi-3\/appeal-i-e-constitutional-review-article-vi-3b-of-the-bih-constitution-and-application-to-the-human-rights-chamber-article-viii-1-of-annex-6\/exhaustion-of-legal-remedies\/constitutional-court\/#breadcrumb\",\"itemListElement\":[{\"@type\":\"ListItem\",\"position\":1,\"name\":\"Home\",\"item\":\"https:\/\/ustavbih.ba\/en\/\"},{\"@type\":\"ListItem\",\"position\":2,\"name\":\"Article VI \u2013 Constitutional Court of Bosnia and Herzegovina\",\"item\":\"https:\/\/ustavbih.ba\/en\/article-vi-constitutional-court-of-bosnia-and-herzegovina\/\"},{\"@type\":\"ListItem\",\"position\":3,\"name\":\"D. Jurisdiction (Article VI.3)\",\"item\":\"https:\/\/ustavbih.ba\/en\/article-vi-constitutional-court-of-bosnia-and-herzegovina\/d-jurisdiction-article-vi-3\/\"},{\"@type\":\"ListItem\",\"position\":4,\"name\":\"Appeal, i.e., constitutional review [Article VI.3(b) of the BiH Constitution and application to the Human Rights Chamber (Article VIII.1 of Annex 6)]\",\"item\":\"https:\/\/ustavbih.ba\/en\/article-vi-constitutional-court-of-bosnia-and-herzegovina\/d-jurisdiction-article-vi-3\/appeal-i-e-constitutional-review-article-vi-3b-of-the-bih-constitution-and-application-to-the-human-rights-chamber-article-viii-1-of-annex-6\/\"},{\"@type\":\"ListItem\",\"position\":5,\"name\":\"Exhaustion of legal remedies\",\"item\":\"https:\/\/ustavbih.ba\/en\/article-vi-constitutional-court-of-bosnia-and-herzegovina\/d-jurisdiction-article-vi-3\/appeal-i-e-constitutional-review-article-vi-3b-of-the-bih-constitution-and-application-to-the-human-rights-chamber-article-viii-1-of-annex-6\/exhaustion-of-legal-remedies\/\"},{\"@type\":\"ListItem\",\"position\":6,\"name\":\"Constitutional Court\"}]},{\"@type\":\"WebSite\",\"@id\":\"https:\/\/ustavbih.ba\/#website\",\"url\":\"https:\/\/ustavbih.ba\/\",\"name\":\"UstavBiH.ba\",\"description\":\"\",\"publisher\":{\"@id\":\"https:\/\/ustavbih.ba\/#organization\"},\"potentialAction\":[{\"@type\":\"SearchAction\",\"target\":{\"@type\":\"EntryPoint\",\"urlTemplate\":\"https:\/\/ustavbih.ba\/?s={search_term_string}\"},\"query-input\":{\"@type\":\"PropertyValueSpecification\",\"valueRequired\":true,\"valueName\":\"search_term_string\"}}],\"inLanguage\":\"en-US\"},{\"@type\":\"Organization\",\"@id\":\"https:\/\/ustavbih.ba\/#organization\",\"name\":\"UstavBiH.ba\",\"url\":\"https:\/\/ustavbih.ba\/\",\"logo\":{\"@type\":\"ImageObject\",\"inLanguage\":\"en-US\",\"@id\":\"https:\/\/ustavbih.ba\/#\/schema\/logo\/image\/\",\"url\":\"https:\/\/ustavbih.ba\/app\/uploads\/2024\/12\/flags.jpg\",\"contentUrl\":\"https:\/\/ustavbih.ba\/app\/uploads\/2024\/12\/flags.jpg\",\"width\":1920,\"height\":686,\"caption\":\"UstavBiH.ba\"},\"image\":{\"@id\":\"https:\/\/ustavbih.ba\/#\/schema\/logo\/image\/\"}}]}<\/script>\n<!-- \/ Yoast SEO plugin. -->","yoast_head_json":{"title":"Constitutional Court - Commentary on BiH Constitution","robots":{"index":"index","follow":"follow","max-snippet":"max-snippet:-1","max-image-preview":"max-image-preview:large","max-video-preview":"max-video-preview:-1"},"canonical":"https:\/\/ustavbih.ba\/en\/article-vi-constitutional-court-of-bosnia-and-herzegovina\/d-jurisdiction-article-vi-3\/appeal-i-e-constitutional-review-article-vi-3b-of-the-bih-constitution-and-application-to-the-human-rights-chamber-article-viii-1-of-annex-6\/exhaustion-of-legal-remedies\/constitutional-court\/","og_locale":"en_US","og_type":"article","og_title":"Constitutional Court - Commentary on BiH Constitution","og_description":"AP 1023\/04 B. N. 20050412 AP 106\/06 Rasim et al. Mujezinovi\u0107 20060223 AP 1111\/04 Kara 20051013 AP 1193\/05 Suljagi\u0107 20060627 AP 1237\/05 Vujanovi\u0107 20060509 AP 1244\/05 Kova\u010devi\u0107 20060509 AP 1298\/05 Mitrovi\u0107 et al. 20060613 AP 1338\/05 Zijadi\u0107 20060627 AP 1348\/05 Marinko et al. Dupljanin 20060613 AP 1354\/05 Balorda 20060509 AP 1431\/05 \u010cajevi\u0107 20060912 AP 2331\/06 &hellip; Read&nbsp;more","og_url":"https:\/\/ustavbih.ba\/en\/article-vi-constitutional-court-of-bosnia-and-herzegovina\/d-jurisdiction-article-vi-3\/appeal-i-e-constitutional-review-article-vi-3b-of-the-bih-constitution-and-application-to-the-human-rights-chamber-article-viii-1-of-annex-6\/exhaustion-of-legal-remedies\/constitutional-court\/","og_site_name":"Commentary on BiH Constitution","article_modified_time":"2024-12-09T17:03:26+00:00","og_image":[{"width":1920,"height":686,"url":"https:\/\/ustavbih.ba\/app\/uploads\/2024\/12\/flags.jpg","type":"image\/jpeg"}],"twitter_card":"summary_large_image","twitter_misc":{"Est. reading time":"1 minute"},"schema":{"@context":"https:\/\/schema.org","@graph":[{"@type":"WebPage","@id":"https:\/\/ustavbih.ba\/en\/article-vi-constitutional-court-of-bosnia-and-herzegovina\/d-jurisdiction-article-vi-3\/appeal-i-e-constitutional-review-article-vi-3b-of-the-bih-constitution-and-application-to-the-human-rights-chamber-article-viii-1-of-annex-6\/exhaustion-of-legal-remedies\/constitutional-court\/","url":"https:\/\/ustavbih.ba\/en\/article-vi-constitutional-court-of-bosnia-and-herzegovina\/d-jurisdiction-article-vi-3\/appeal-i-e-constitutional-review-article-vi-3b-of-the-bih-constitution-and-application-to-the-human-rights-chamber-article-viii-1-of-annex-6\/exhaustion-of-legal-remedies\/constitutional-court\/","name":"Constitutional Court - Commentary on BiH Constitution","isPartOf":{"@id":"https:\/\/ustavbih.ba\/#website"},"datePublished":"2024-12-09T11:10:25+00:00","dateModified":"2024-12-09T17:03:26+00:00","breadcrumb":{"@id":"https:\/\/ustavbih.ba\/en\/article-vi-constitutional-court-of-bosnia-and-herzegovina\/d-jurisdiction-article-vi-3\/appeal-i-e-constitutional-review-article-vi-3b-of-the-bih-constitution-and-application-to-the-human-rights-chamber-article-viii-1-of-annex-6\/exhaustion-of-legal-remedies\/constitutional-court\/#breadcrumb"},"inLanguage":"en-US","potentialAction":[{"@type":"ReadAction","target":["https:\/\/ustavbih.ba\/en\/article-vi-constitutional-court-of-bosnia-and-herzegovina\/d-jurisdiction-article-vi-3\/appeal-i-e-constitutional-review-article-vi-3b-of-the-bih-constitution-and-application-to-the-human-rights-chamber-article-viii-1-of-annex-6\/exhaustion-of-legal-remedies\/constitutional-court\/"]}]},{"@type":"BreadcrumbList","@id":"https:\/\/ustavbih.ba\/en\/article-vi-constitutional-court-of-bosnia-and-herzegovina\/d-jurisdiction-article-vi-3\/appeal-i-e-constitutional-review-article-vi-3b-of-the-bih-constitution-and-application-to-the-human-rights-chamber-article-viii-1-of-annex-6\/exhaustion-of-legal-remedies\/constitutional-court\/#breadcrumb","itemListElement":[{"@type":"ListItem","position":1,"name":"Home","item":"https:\/\/ustavbih.ba\/en\/"},{"@type":"ListItem","position":2,"name":"Article VI \u2013 Constitutional Court of Bosnia and Herzegovina","item":"https:\/\/ustavbih.ba\/en\/article-vi-constitutional-court-of-bosnia-and-herzegovina\/"},{"@type":"ListItem","position":3,"name":"D. Jurisdiction (Article VI.3)","item":"https:\/\/ustavbih.ba\/en\/article-vi-constitutional-court-of-bosnia-and-herzegovina\/d-jurisdiction-article-vi-3\/"},{"@type":"ListItem","position":4,"name":"Appeal, i.e., constitutional review [Article VI.3(b) of the BiH Constitution and application to the Human Rights Chamber (Article VIII.1 of Annex 6)]","item":"https:\/\/ustavbih.ba\/en\/article-vi-constitutional-court-of-bosnia-and-herzegovina\/d-jurisdiction-article-vi-3\/appeal-i-e-constitutional-review-article-vi-3b-of-the-bih-constitution-and-application-to-the-human-rights-chamber-article-viii-1-of-annex-6\/"},{"@type":"ListItem","position":5,"name":"Exhaustion of legal remedies","item":"https:\/\/ustavbih.ba\/en\/article-vi-constitutional-court-of-bosnia-and-herzegovina\/d-jurisdiction-article-vi-3\/appeal-i-e-constitutional-review-article-vi-3b-of-the-bih-constitution-and-application-to-the-human-rights-chamber-article-viii-1-of-annex-6\/exhaustion-of-legal-remedies\/"},{"@type":"ListItem","position":6,"name":"Constitutional Court"}]},{"@type":"WebSite","@id":"https:\/\/ustavbih.ba\/#website","url":"https:\/\/ustavbih.ba\/","name":"UstavBiH.ba","description":"","publisher":{"@id":"https:\/\/ustavbih.ba\/#organization"},"potentialAction":[{"@type":"SearchAction","target":{"@type":"EntryPoint","urlTemplate":"https:\/\/ustavbih.ba\/?s={search_term_string}"},"query-input":{"@type":"PropertyValueSpecification","valueRequired":true,"valueName":"search_term_string"}}],"inLanguage":"en-US"},{"@type":"Organization","@id":"https:\/\/ustavbih.ba\/#organization","name":"UstavBiH.ba","url":"https:\/\/ustavbih.ba\/","logo":{"@type":"ImageObject","inLanguage":"en-US","@id":"https:\/\/ustavbih.ba\/#\/schema\/logo\/image\/","url":"https:\/\/ustavbih.ba\/app\/uploads\/2024\/12\/flags.jpg","contentUrl":"https:\/\/ustavbih.ba\/app\/uploads\/2024\/12\/flags.jpg","width":1920,"height":686,"caption":"UstavBiH.ba"},"image":{"@id":"https:\/\/ustavbih.ba\/#\/schema\/logo\/image\/"}}]}},"_links":{"self":[{"href":"https:\/\/ustavbih.ba\/en\/wp-json\/wp\/v2\/pages\/12236","targetHints":{"allow":["GET"]}}],"collection":[{"href":"https:\/\/ustavbih.ba\/en\/wp-json\/wp\/v2\/pages"}],"about":[{"href":"https:\/\/ustavbih.ba\/en\/wp-json\/wp\/v2\/types\/page"}],"author":[{"embeddable":true,"href":"https:\/\/ustavbih.ba\/en\/wp-json\/wp\/v2\/users\/1"}],"replies":[{"embeddable":true,"href":"https:\/\/ustavbih.ba\/en\/wp-json\/wp\/v2\/comments?post=12236"}],"version-history":[{"count":1,"href":"https:\/\/ustavbih.ba\/en\/wp-json\/wp\/v2\/pages\/12236\/revisions"}],"predecessor-version":[{"id":12819,"href":"https:\/\/ustavbih.ba\/en\/wp-json\/wp\/v2\/pages\/12236\/revisions\/12819"}],"up":[{"embeddable":true,"href":"https:\/\/ustavbih.ba\/en\/wp-json\/wp\/v2\/pages\/12235"}],"wp:attachment":[{"href":"https:\/\/ustavbih.ba\/en\/wp-json\/wp\/v2\/media?parent=12236"}],"curies":[{"name":"wp","href":"https:\/\/api.w.org\/{rel}","templated":true}]}}