{"id":12093,"date":"2024-12-09T12:10:24","date_gmt":"2024-12-09T11:10:24","guid":{"rendered":"https:\/\/ustavbih.ba\/article-ii-human-rights-and-fundamental-freedoms\/f-article-ii-5-refugees-and-displaced-persons\/groups-of-cases\/disputes-on-occupancy-right-and-other-rights-to-possession\/"},"modified":"2024-12-09T17:10:54","modified_gmt":"2024-12-09T16:10:54","slug":"disputes-on-occupancy-right-and-other-rights-to-possession","status":"publish","type":"page","link":"https:\/\/ustavbih.ba\/en\/article-ii-human-rights-and-fundamental-freedoms\/f-article-ii-5-refugees-and-displaced-persons\/groups-of-cases\/disputes-on-occupancy-right-and-other-rights-to-possession\/","title":{"rendered":"Disputes on occupancy right and other rights to possession"},"content":{"rendered":"<table class=\"t1\" cellspacing=\"0\" cellpadding=\"0\">\n<tbody>\n<tr>\n<td class=\"td1\" valign=\"top\">\n<p class=\"p2\">CH\/00\/1669 <i>et al<\/i>.-S. G. <i>et al<\/i>.<\/p>\n<\/td>\n<td class=\"td1\" valign=\"top\">\n<p class=\"p2\">20060913<\/p>\n<\/td>\n<\/tr>\n<tr>\n<td class=\"td1\" valign=\"top\">\n<p class=\"p2\">CH\/01\/7224-A&amp;M Vu\u010dkovac<\/p>\n<\/td>\n<td class=\"td1\" valign=\"top\">\n<p class=\"p2\">20030207<\/p>\n<\/td>\n<\/tr>\n<tr>\n<td class=\"td1\" valign=\"top\">\n<p class=\"p2\">CH\/01\/7257-A&amp;M Borota<\/p>\n<\/td>\n<td class=\"td1\" valign=\"top\">\n<p class=\"p2\">20030207<\/p>\n<\/td>\n<\/tr>\n<tr>\n<td class=\"td1\" valign=\"top\">\n<p class=\"p2\">CH\/02\/8939-A&amp;M M. H.<\/p>\n<\/td>\n<td class=\"td1\" valign=\"top\">\n<p class=\"p2\">20030307<\/p>\n<\/td>\n<\/tr>\n<tr>\n<td class=\"td1\" valign=\"top\">\n<p class=\"p2\">CH\/03\/12959 \u0160i\u0161i\u0107<\/p>\n<\/td>\n<td class=\"td1\" valign=\"top\">\n<p class=\"p2\">20060913<\/p>\n<\/td>\n<\/tr>\n<tr>\n<td class=\"td1\" valign=\"top\">\n<p class=\"p2\">CH\/03\/14597 Krajter<\/p>\n<\/td>\n<td class=\"td1\" valign=\"top\">\n<p class=\"p2\">20061220<\/p>\n<\/td>\n<\/tr>\n<tr>\n<td class=\"td1\" valign=\"top\">\n<p class=\"p2\">CH\/96\/23-M Kalin\u010devi\u0107<\/p>\n<\/td>\n<td class=\"td1\" valign=\"top\">\n<p class=\"p2\">19980217<\/p>\n<\/td>\n<\/tr>\n<tr>\n<td class=\"td1\" valign=\"top\">\n<p class=\"p2\">CH\/97\/42-A&amp;M Erakovi\u0107<\/p>\n<\/td>\n<td class=\"td1\" valign=\"top\">\n<p class=\"p2\">19990115<\/p>\n<\/td>\n<\/tr>\n<tr>\n<td class=\"td1\" valign=\"top\">\n<p class=\"p2\">CH\/97\/46-M Keve\u0161evi\u0107<\/p>\n<\/td>\n<td class=\"td1\" valign=\"top\">\n<p class=\"p2\">19980910<\/p>\n<\/td>\n<\/tr>\n<tr>\n<td class=\"td1\" valign=\"top\">\n<p class=\"p2\">CH\/97\/58-A&amp;M Oni\u0107<\/p>\n<\/td>\n<td class=\"td1\" valign=\"top\">\n<p class=\"p2\">19990212<\/p>\n<\/td>\n<\/tr>\n<tr>\n<td class=\"td1\" valign=\"top\">\n<p class=\"p2\">CH\/98\/1198-A&amp;M Gligi\u0107<\/p>\n<\/td>\n<td class=\"td1\" valign=\"top\">\n<p class=\"p2\">19991008<\/p>\n<\/td>\n<\/tr>\n<tr>\n<td class=\"td1\" valign=\"top\">\n<p class=\"p2\">CH\/98\/1232-A&amp;M Star\u010devi\u0107<\/p>\n<\/td>\n<td class=\"td1\" valign=\"top\">\n<p class=\"p2\">19991210<\/p>\n<\/td>\n<\/tr>\n<tr>\n<td class=\"td1\" valign=\"top\">\n<p class=\"p2\">CH\/98\/1237-A&amp;M F. G.<\/p>\n<\/td>\n<td class=\"td1\" valign=\"top\">\n<p class=\"p2\">19991008<\/p>\n<\/td>\n<\/tr>\n<tr>\n<td class=\"td1\" valign=\"top\">\n<p class=\"p2\">CH\/98\/1495-A&amp;M Rosi\u0107<\/p>\n<\/td>\n<td class=\"td1\" valign=\"top\">\n<p class=\"p2\">19990910<\/p>\n<\/td>\n<\/tr>\n<tr>\n<td class=\"td1\" valign=\"top\">\n<p class=\"p2\">CH\/98\/1785-A&amp;M Radulovi\u0107<\/p>\n<\/td>\n<td class=\"td1\" valign=\"top\">\n<p class=\"p2\">19991210<\/p>\n<\/td>\n<\/tr>\n<tr>\n<td class=\"td1\" valign=\"top\">\n<p class=\"p2\">CH\/98\/636-A&amp;M Miljkovi\u0107<\/p>\n<\/td>\n<td class=\"td1\" valign=\"top\">\n<p class=\"p2\">19990611<\/p>\n<\/td>\n<\/tr>\n<tr>\n<td class=\"td1\" valign=\"top\">\n<p class=\"p2\">CH\/98\/710-A&amp;M D. K.<\/p>\n<\/td>\n<td class=\"td1\" valign=\"top\">\n<p class=\"p2\">19991210<\/p>\n<\/td>\n<\/tr>\n<tr>\n<td class=\"td1\" valign=\"top\">\n<p class=\"p2\">CH\/98\/894-A&amp;M Topi\u0107<\/p>\n<\/td>\n<td class=\"td1\" valign=\"top\">\n<p class=\"p2\">19991105<\/p>\n<\/td>\n<\/tr>\n<tr>\n<td class=\"td1\" valign=\"top\">\n<p class=\"p2\">CH\/98\/935-A&amp;M Gligi\u0107<\/p>\n<\/td>\n<td class=\"td1\" valign=\"top\">\n<p class=\"p2\">19990910<\/p>\n<\/td>\n<\/tr>\n<tr>\n<td class=\"td1\" valign=\"top\">\n<p class=\"p2\">CH\/99\/1961-A&amp;M Zorni\u0107<\/p>\n<\/td>\n<td class=\"td1\" valign=\"top\">\n<p class=\"p2\">20010208<\/p>\n<\/td>\n<\/tr>\n<tr>\n<td class=\"td1\" valign=\"top\">\n<p class=\"p2\">U 15\/99-2 Zec<\/p>\n<\/td>\n<td class=\"td1\" valign=\"top\">\n<p class=\"p2\">20010612 <i>OG of BiH<\/i>, No. 13\/01<\/p>\n<\/td>\n<\/tr>\n<\/tbody>\n<\/table>\n<p class=\"p3\">Pursuant to legal regulations, which were adopted immediately after the war, oftentimes in a manner which was not completely transparent and accessible to all, the pre-war occupancy rights holders were given a rather short time limit (7-14 days) to file claims for repossession of their apartments, which had been abandoned during the war. As a result of a failure to file an appropriate claim, many apartments were declared \u201cpermanently abandoned\u201d, so that the previous occupancy rights holders lost all rights to their respective apartments, which were, most often, allocated to third persons (oftentimes displaced persons or senior military personnel).<span class=\"s1\"><sup>2360 <\/sup><\/span>In 1998, under the auspices of the international community, the legal situation was completely changed and all legal acts which had been enacted on the basis of regulations on abandoned apartments were declared null and void retroactively. Unfortunately, the Chamber still continued to tackle the mentioned problem area, as there were situations where two claims were filed for one and the same apartment, i.e., the pre-war occupancy right holders filed a claim on the one hand, and the \u201cpost-war\u201d occupancy right holders or temporary occupants did so as well, on the other. The consequence was such that the pre-war occupancy right holders encountered great difficulties and long delays in recovering possession over their pre-war apartments. Very often the reason for it\u2013 which became irrelevant following the adoption of new legislation \u2013 was that the temporary occupants, allegedly or in reality, had no alternative accommodation whatsoever at their disposal,<span class=\"s1\"><sup>2361 <\/sup><\/span>or that their pre- war apartments were still being occupied by third persons.<span class=\"s1\"><sup>2362 <\/sup><\/span>Therefore, a lack of alternative accommodation constituted one of the largest problems in the implementation of the process of return.<\/p>\n<p class=\"p3\">For that reason precisely, in accordance with the standards of human rights and freedoms,<span class=\"s1\"><sup>2363 <\/sup><\/span>the legislature adopted new legislation allowing the eviction of temporary occupants from apartments even in such cases where the goal was not for apartments to be returned to the pre-war occupancy right holders, but to list them among apartments intended for alternative accommodation, i.e., to put them at the disposal of third persons, if a temporary occupant was able to get alternative accommodations for themselves.<span class=\"s1\"><sup>2364 <\/sup><\/span>In order for the process of return not to be prevented or endangered, all temporary occupants were denied temporary legal protection against rulings on eviction.<span class=\"s1\"><sup>2365 <\/sup><\/span>In other words, an appeal against the first instance ruling did not have a suspending effect. In some cases the competent authorities proved to be so \u201cconsistent\u201d as to evict people occupying apartments lawfully, for instance, on the basis of a contract on the lease of an apartment or a ruling on the allocation of an apartment.<span class=\"s1\"><sup>2366 <\/sup><\/span>There were times when apartment occupants (filing applications with the Human Rights Chamber) were threatened with eviction,<span class=\"s1\"><sup>2367 <\/sup><\/span>or eviction was actually enforced,<span class=\"s1\"><sup>2368 <\/sup><\/span>whereby the fact that the Human Rights Chamber had issued a temporary measure prohibiting eviction was not complied with (which happened indeed on at least one occasion).<span class=\"s1\"><sup>2369 <\/sup><\/span>Proving as an especially difficult problem area to deal with in practice were the cases where courts had to balance the interests, on the one hand, of the pre-war owners or occupancy rights holders, and, on the other hand, of temporary owners or occupancy rights holders when it comes to property which had been exchanged or sold during the war. Relevant legislation had to be improved on several occasions. Courts were in \u201cdeep trouble\u201d, for, in certain cases, legislation stipulated conduct contrary to the principle of the legal validity of legal acts, or stipulated very detailed mechanisms of protection against the enforcement of eviction rulings. Since Annex 7 to the Dayton Peace Agreement did not stipulate ex lege the nullity of a contract on the sale or exchange of real property during the war,<span class=\"s1\"><sup>2370 <\/sup><\/span>but allowed instead for a possibility to challenge before a court the legal presumption of entering into a contract with a defective intention (threat and coercion), it was necessary to clarify whether both parties to the proceedings had entered into a contract of their own free will. The CRPC limited itself \u2013 as stated in the text above \u2013 to determining conscientious possession, that is ownership as of 1 April 1992. This means that a date, which the parties should not consider disputable, was selected. The CRPC would leave domestic courts with the decision-making on the crucial issue relating to the validity of a subsequently concluded contract on the purchase and sale or exchange of real property.<span class=\"s1\"><sup>2371 <\/sup><\/span>Thereby, the enforcement of the CRPC decision was the rule. In exceptional circumstances, a damaged person could file a claim with the CRPC in order for the enforcement of the decision to be delayed pending the completion of court proceedings related to the validity of a contract on the purchase and sale or exchange, solely if allowed by the CRPC.<span class=\"s1\"><sup>2372 <\/sup><\/span>For this to happen, the new owner had to file a claim and attach thereto a contract on exchange or purchase and sale, and prove that he would suffer irreparable damage if the enforcement of a CRPC decision was not postponed. Therefore, the domestic courts were not authorised to allow, without exclusive order by the CRPC, the postponement of the enforcement of a CRPC decision.<span class=\"s1\"><sup>2373 <\/sup><\/span>Thereby, the necessary cooperation between domestic administrative authorities and courts, on one hand, and the CRPC, on the other, was not well-functioning, mainly because the domestic authorities were not familiar with the relevant regulations or practice. Despite the fact that the applicant managed to obtain a legally binding judgment in his favour and that he was registered in a land book as an owner,<span class=\"s1\"><sup>2374 <\/sup><\/span>or that an appropriate judicial dispute was under way,<span class=\"s1\"><sup>2375 <\/sup><\/span>there were instances where domestic courts \u201cblindly\u201d enforced an eviction ruling, issued on the basis of a CRPC decision, without issuing beforehand the decision on temporary court protection that was being sought. The Human Rights Chamber considered such deficiency or denial of legal protection to be a violation of the right to property, as well as a violation of the right to an effective legal remedy.<span class=\"s1\"><sup>2376 <\/sup><\/span>Also, unequal treatment of legal holders of a CRPC decision and those who had not obtained such a decision (as yet) was, in the opinion of the Human Rights Chamber, unjustified, precisely for the \u2013 above mentioned \u2013 reasons whereby the situation concerning ownership was undisputable as at the relevant date (1 April 1992).<span class=\"s1\"><sup>2377<\/sup><\/span><\/p>\n","protected":false},"excerpt":{"rendered":"<p>CH\/00\/1669 et al.-S. G. et al. 20060913 CH\/01\/7224-A&amp;M Vu\u010dkovac 20030207 CH\/01\/7257-A&amp;M Borota 20030207 CH\/02\/8939-A&amp;M M. H. 20030307 CH\/03\/12959 \u0160i\u0161i\u0107 20060913 CH\/03\/14597 Krajter 20061220 CH\/96\/23-M Kalin\u010devi\u0107 19980217 CH\/97\/42-A&amp;M Erakovi\u0107 19990115 CH\/97\/46-M Keve\u0161evi\u0107 19980910 CH\/97\/58-A&amp;M Oni\u0107 19990212 CH\/98\/1198-A&amp;M Gligi\u0107 19991008 CH\/98\/1232-A&amp;M Star\u010devi\u0107 19991210 CH\/98\/1237-A&amp;M F. G. 19991008 CH\/98\/1495-A&amp;M Rosi\u0107 19990910 CH\/98\/1785-A&amp;M Radulovi\u0107 19991210 CH\/98\/636-A&amp;M Miljkovi\u0107 19990611 CH\/98\/710-A&amp;M &hellip; <a class=\"text-primary\" href=\"https:\/\/ustavbih.ba\/en\/article-ii-human-rights-and-fundamental-freedoms\/f-article-ii-5-refugees-and-displaced-persons\/groups-of-cases\/disputes-on-occupancy-right-and-other-rights-to-possession\/\">Read&nbsp;more<\/a><\/p>\n","protected":false},"author":1,"featured_media":0,"parent":12091,"menu_order":1,"comment_status":"closed","ping_status":"closed","template":"","meta":{"footnotes":""},"class_list":["post-12093","page","type-page","status-publish","hentry"],"yoast_head":"<!-- This site is optimized with the Yoast SEO plugin v26.3 - https:\/\/yoast.com\/wordpress\/plugins\/seo\/ -->\n<title>Disputes on occupancy right and other rights to possession - Commentary on BiH Constitution<\/title>\n<meta name=\"robots\" content=\"index, follow, max-snippet:-1, max-image-preview:large, max-video-preview:-1\" \/>\n<link rel=\"canonical\" href=\"https:\/\/ustavbih.ba\/en\/article-ii-human-rights-and-fundamental-freedoms\/f-article-ii-5-refugees-and-displaced-persons\/groups-of-cases\/disputes-on-occupancy-right-and-other-rights-to-possession\/\" \/>\n<meta property=\"og:locale\" content=\"en_US\" \/>\n<meta property=\"og:type\" content=\"article\" \/>\n<meta property=\"og:title\" content=\"Disputes on occupancy right and other rights to possession - Commentary on BiH Constitution\" \/>\n<meta property=\"og:description\" content=\"CH\/00\/1669 et al.-S. G. et al. 20060913 CH\/01\/7224-A&amp;M Vu\u010dkovac 20030207 CH\/01\/7257-A&amp;M Borota 20030207 CH\/02\/8939-A&amp;M M. H. 20030307 CH\/03\/12959 \u0160i\u0161i\u0107 20060913 CH\/03\/14597 Krajter 20061220 CH\/96\/23-M Kalin\u010devi\u0107 19980217 CH\/97\/42-A&amp;M Erakovi\u0107 19990115 CH\/97\/46-M Keve\u0161evi\u0107 19980910 CH\/97\/58-A&amp;M Oni\u0107 19990212 CH\/98\/1198-A&amp;M Gligi\u0107 19991008 CH\/98\/1232-A&amp;M Star\u010devi\u0107 19991210 CH\/98\/1237-A&amp;M F. G. 19991008 CH\/98\/1495-A&amp;M Rosi\u0107 19990910 CH\/98\/1785-A&amp;M Radulovi\u0107 19991210 CH\/98\/636-A&amp;M Miljkovi\u0107 19990611 CH\/98\/710-A&amp;M &hellip; Read&nbsp;more\" \/>\n<meta property=\"og:url\" content=\"https:\/\/ustavbih.ba\/en\/article-ii-human-rights-and-fundamental-freedoms\/f-article-ii-5-refugees-and-displaced-persons\/groups-of-cases\/disputes-on-occupancy-right-and-other-rights-to-possession\/\" \/>\n<meta property=\"og:site_name\" content=\"Commentary on BiH Constitution\" \/>\n<meta property=\"article:modified_time\" content=\"2024-12-09T16:10:54+00:00\" \/>\n<meta property=\"og:image\" content=\"https:\/\/ustavbih.ba\/app\/uploads\/2024\/12\/flags.jpg\" \/>\n\t<meta property=\"og:image:width\" content=\"1920\" \/>\n\t<meta property=\"og:image:height\" content=\"686\" \/>\n\t<meta property=\"og:image:type\" content=\"image\/jpeg\" \/>\n<meta name=\"twitter:card\" content=\"summary_large_image\" \/>\n<meta name=\"twitter:label1\" content=\"Est. reading time\" \/>\n\t<meta name=\"twitter:data1\" content=\"6 minutes\" \/>\n<script type=\"application\/ld+json\" class=\"yoast-schema-graph\">{\"@context\":\"https:\/\/schema.org\",\"@graph\":[{\"@type\":\"WebPage\",\"@id\":\"https:\/\/ustavbih.ba\/en\/article-ii-human-rights-and-fundamental-freedoms\/f-article-ii-5-refugees-and-displaced-persons\/groups-of-cases\/disputes-on-occupancy-right-and-other-rights-to-possession\/\",\"url\":\"https:\/\/ustavbih.ba\/en\/article-ii-human-rights-and-fundamental-freedoms\/f-article-ii-5-refugees-and-displaced-persons\/groups-of-cases\/disputes-on-occupancy-right-and-other-rights-to-possession\/\",\"name\":\"Disputes on occupancy right and other rights to possession - Commentary on BiH Constitution\",\"isPartOf\":{\"@id\":\"https:\/\/ustavbih.ba\/#website\"},\"datePublished\":\"2024-12-09T11:10:24+00:00\",\"dateModified\":\"2024-12-09T16:10:54+00:00\",\"breadcrumb\":{\"@id\":\"https:\/\/ustavbih.ba\/en\/article-ii-human-rights-and-fundamental-freedoms\/f-article-ii-5-refugees-and-displaced-persons\/groups-of-cases\/disputes-on-occupancy-right-and-other-rights-to-possession\/#breadcrumb\"},\"inLanguage\":\"en-US\",\"potentialAction\":[{\"@type\":\"ReadAction\",\"target\":[\"https:\/\/ustavbih.ba\/en\/article-ii-human-rights-and-fundamental-freedoms\/f-article-ii-5-refugees-and-displaced-persons\/groups-of-cases\/disputes-on-occupancy-right-and-other-rights-to-possession\/\"]}]},{\"@type\":\"BreadcrumbList\",\"@id\":\"https:\/\/ustavbih.ba\/en\/article-ii-human-rights-and-fundamental-freedoms\/f-article-ii-5-refugees-and-displaced-persons\/groups-of-cases\/disputes-on-occupancy-right-and-other-rights-to-possession\/#breadcrumb\",\"itemListElement\":[{\"@type\":\"ListItem\",\"position\":1,\"name\":\"Home\",\"item\":\"https:\/\/ustavbih.ba\/en\/\"},{\"@type\":\"ListItem\",\"position\":2,\"name\":\"Article II \u2013 Human rights and fundamental freedoms\",\"item\":\"https:\/\/ustavbih.ba\/en\/article-ii-human-rights-and-fundamental-freedoms\/\"},{\"@type\":\"ListItem\",\"position\":3,\"name\":\"F. Article II.5 \u2013 Refugees and Displaced Persons\",\"item\":\"https:\/\/ustavbih.ba\/en\/article-ii-human-rights-and-fundamental-freedoms\/f-article-ii-5-refugees-and-displaced-persons\/\"},{\"@type\":\"ListItem\",\"position\":4,\"name\":\"Groups of cases\",\"item\":\"https:\/\/ustavbih.ba\/en\/article-ii-human-rights-and-fundamental-freedoms\/f-article-ii-5-refugees-and-displaced-persons\/groups-of-cases\/\"},{\"@type\":\"ListItem\",\"position\":5,\"name\":\"Disputes on occupancy right and other rights to possession\"}]},{\"@type\":\"WebSite\",\"@id\":\"https:\/\/ustavbih.ba\/#website\",\"url\":\"https:\/\/ustavbih.ba\/\",\"name\":\"UstavBiH.ba\",\"description\":\"\",\"publisher\":{\"@id\":\"https:\/\/ustavbih.ba\/#organization\"},\"potentialAction\":[{\"@type\":\"SearchAction\",\"target\":{\"@type\":\"EntryPoint\",\"urlTemplate\":\"https:\/\/ustavbih.ba\/?s={search_term_string}\"},\"query-input\":{\"@type\":\"PropertyValueSpecification\",\"valueRequired\":true,\"valueName\":\"search_term_string\"}}],\"inLanguage\":\"en-US\"},{\"@type\":\"Organization\",\"@id\":\"https:\/\/ustavbih.ba\/#organization\",\"name\":\"UstavBiH.ba\",\"url\":\"https:\/\/ustavbih.ba\/\",\"logo\":{\"@type\":\"ImageObject\",\"inLanguage\":\"en-US\",\"@id\":\"https:\/\/ustavbih.ba\/#\/schema\/logo\/image\/\",\"url\":\"https:\/\/ustavbih.ba\/app\/uploads\/2024\/12\/flags.jpg\",\"contentUrl\":\"https:\/\/ustavbih.ba\/app\/uploads\/2024\/12\/flags.jpg\",\"width\":1920,\"height\":686,\"caption\":\"UstavBiH.ba\"},\"image\":{\"@id\":\"https:\/\/ustavbih.ba\/#\/schema\/logo\/image\/\"}}]}<\/script>\n<!-- \/ Yoast SEO plugin. -->","yoast_head_json":{"title":"Disputes on occupancy right and other rights to possession - Commentary on BiH Constitution","robots":{"index":"index","follow":"follow","max-snippet":"max-snippet:-1","max-image-preview":"max-image-preview:large","max-video-preview":"max-video-preview:-1"},"canonical":"https:\/\/ustavbih.ba\/en\/article-ii-human-rights-and-fundamental-freedoms\/f-article-ii-5-refugees-and-displaced-persons\/groups-of-cases\/disputes-on-occupancy-right-and-other-rights-to-possession\/","og_locale":"en_US","og_type":"article","og_title":"Disputes on occupancy right and other rights to possession - Commentary on BiH Constitution","og_description":"CH\/00\/1669 et al.-S. G. et al. 20060913 CH\/01\/7224-A&amp;M Vu\u010dkovac 20030207 CH\/01\/7257-A&amp;M Borota 20030207 CH\/02\/8939-A&amp;M M. H. 20030307 CH\/03\/12959 \u0160i\u0161i\u0107 20060913 CH\/03\/14597 Krajter 20061220 CH\/96\/23-M Kalin\u010devi\u0107 19980217 CH\/97\/42-A&amp;M Erakovi\u0107 19990115 CH\/97\/46-M Keve\u0161evi\u0107 19980910 CH\/97\/58-A&amp;M Oni\u0107 19990212 CH\/98\/1198-A&amp;M Gligi\u0107 19991008 CH\/98\/1232-A&amp;M Star\u010devi\u0107 19991210 CH\/98\/1237-A&amp;M F. G. 19991008 CH\/98\/1495-A&amp;M Rosi\u0107 19990910 CH\/98\/1785-A&amp;M Radulovi\u0107 19991210 CH\/98\/636-A&amp;M Miljkovi\u0107 19990611 CH\/98\/710-A&amp;M &hellip; Read&nbsp;more","og_url":"https:\/\/ustavbih.ba\/en\/article-ii-human-rights-and-fundamental-freedoms\/f-article-ii-5-refugees-and-displaced-persons\/groups-of-cases\/disputes-on-occupancy-right-and-other-rights-to-possession\/","og_site_name":"Commentary on BiH Constitution","article_modified_time":"2024-12-09T16:10:54+00:00","og_image":[{"width":1920,"height":686,"url":"https:\/\/ustavbih.ba\/app\/uploads\/2024\/12\/flags.jpg","type":"image\/jpeg"}],"twitter_card":"summary_large_image","twitter_misc":{"Est. reading time":"6 minutes"},"schema":{"@context":"https:\/\/schema.org","@graph":[{"@type":"WebPage","@id":"https:\/\/ustavbih.ba\/en\/article-ii-human-rights-and-fundamental-freedoms\/f-article-ii-5-refugees-and-displaced-persons\/groups-of-cases\/disputes-on-occupancy-right-and-other-rights-to-possession\/","url":"https:\/\/ustavbih.ba\/en\/article-ii-human-rights-and-fundamental-freedoms\/f-article-ii-5-refugees-and-displaced-persons\/groups-of-cases\/disputes-on-occupancy-right-and-other-rights-to-possession\/","name":"Disputes on occupancy right and other rights to possession - Commentary on BiH Constitution","isPartOf":{"@id":"https:\/\/ustavbih.ba\/#website"},"datePublished":"2024-12-09T11:10:24+00:00","dateModified":"2024-12-09T16:10:54+00:00","breadcrumb":{"@id":"https:\/\/ustavbih.ba\/en\/article-ii-human-rights-and-fundamental-freedoms\/f-article-ii-5-refugees-and-displaced-persons\/groups-of-cases\/disputes-on-occupancy-right-and-other-rights-to-possession\/#breadcrumb"},"inLanguage":"en-US","potentialAction":[{"@type":"ReadAction","target":["https:\/\/ustavbih.ba\/en\/article-ii-human-rights-and-fundamental-freedoms\/f-article-ii-5-refugees-and-displaced-persons\/groups-of-cases\/disputes-on-occupancy-right-and-other-rights-to-possession\/"]}]},{"@type":"BreadcrumbList","@id":"https:\/\/ustavbih.ba\/en\/article-ii-human-rights-and-fundamental-freedoms\/f-article-ii-5-refugees-and-displaced-persons\/groups-of-cases\/disputes-on-occupancy-right-and-other-rights-to-possession\/#breadcrumb","itemListElement":[{"@type":"ListItem","position":1,"name":"Home","item":"https:\/\/ustavbih.ba\/en\/"},{"@type":"ListItem","position":2,"name":"Article II \u2013 Human rights and fundamental freedoms","item":"https:\/\/ustavbih.ba\/en\/article-ii-human-rights-and-fundamental-freedoms\/"},{"@type":"ListItem","position":3,"name":"F. Article II.5 \u2013 Refugees and Displaced Persons","item":"https:\/\/ustavbih.ba\/en\/article-ii-human-rights-and-fundamental-freedoms\/f-article-ii-5-refugees-and-displaced-persons\/"},{"@type":"ListItem","position":4,"name":"Groups of cases","item":"https:\/\/ustavbih.ba\/en\/article-ii-human-rights-and-fundamental-freedoms\/f-article-ii-5-refugees-and-displaced-persons\/groups-of-cases\/"},{"@type":"ListItem","position":5,"name":"Disputes on occupancy right and other rights to possession"}]},{"@type":"WebSite","@id":"https:\/\/ustavbih.ba\/#website","url":"https:\/\/ustavbih.ba\/","name":"UstavBiH.ba","description":"","publisher":{"@id":"https:\/\/ustavbih.ba\/#organization"},"potentialAction":[{"@type":"SearchAction","target":{"@type":"EntryPoint","urlTemplate":"https:\/\/ustavbih.ba\/?s={search_term_string}"},"query-input":{"@type":"PropertyValueSpecification","valueRequired":true,"valueName":"search_term_string"}}],"inLanguage":"en-US"},{"@type":"Organization","@id":"https:\/\/ustavbih.ba\/#organization","name":"UstavBiH.ba","url":"https:\/\/ustavbih.ba\/","logo":{"@type":"ImageObject","inLanguage":"en-US","@id":"https:\/\/ustavbih.ba\/#\/schema\/logo\/image\/","url":"https:\/\/ustavbih.ba\/app\/uploads\/2024\/12\/flags.jpg","contentUrl":"https:\/\/ustavbih.ba\/app\/uploads\/2024\/12\/flags.jpg","width":1920,"height":686,"caption":"UstavBiH.ba"},"image":{"@id":"https:\/\/ustavbih.ba\/#\/schema\/logo\/image\/"}}]}},"_links":{"self":[{"href":"https:\/\/ustavbih.ba\/en\/wp-json\/wp\/v2\/pages\/12093","targetHints":{"allow":["GET"]}}],"collection":[{"href":"https:\/\/ustavbih.ba\/en\/wp-json\/wp\/v2\/pages"}],"about":[{"href":"https:\/\/ustavbih.ba\/en\/wp-json\/wp\/v2\/types\/page"}],"author":[{"embeddable":true,"href":"https:\/\/ustavbih.ba\/en\/wp-json\/wp\/v2\/users\/1"}],"replies":[{"embeddable":true,"href":"https:\/\/ustavbih.ba\/en\/wp-json\/wp\/v2\/comments?post=12093"}],"version-history":[{"count":2,"href":"https:\/\/ustavbih.ba\/en\/wp-json\/wp\/v2\/pages\/12093\/revisions"}],"predecessor-version":[{"id":12681,"href":"https:\/\/ustavbih.ba\/en\/wp-json\/wp\/v2\/pages\/12093\/revisions\/12681"}],"up":[{"embeddable":true,"href":"https:\/\/ustavbih.ba\/en\/wp-json\/wp\/v2\/pages\/12091"}],"wp:attachment":[{"href":"https:\/\/ustavbih.ba\/en\/wp-json\/wp\/v2\/media?parent=12093"}],"curies":[{"name":"wp","href":"https:\/\/api.w.org\/{rel}","templated":true}]}}