{"id":12071,"date":"2024-12-09T12:10:24","date_gmt":"2024-12-09T11:10:24","guid":{"rendered":"https:\/\/ustavbih.ba\/article-ii-human-rights-and-fundamental-freedoms\/e-discrimination\/article-ii-4-of-the-bih-constitution-non-discrimination\/"},"modified":"2024-12-09T17:00:08","modified_gmt":"2024-12-09T16:00:08","slug":"article-ii-4-of-the-bih-constitution-non-discrimination","status":"publish","type":"page","link":"https:\/\/ustavbih.ba\/en\/article-ii-human-rights-and-fundamental-freedoms\/e-discrimination\/article-ii-4-of-the-bih-constitution-non-discrimination\/","title":{"rendered":"Article II.4 of the BiH Constitution \u2013 Non-discrimination"},"content":{"rendered":"<p class=\"p1\">The enjoyment of the rights and freedoms provided for in this Article or in the international agreements listed in Annex I to this Constitution shall be secured to all persons in Bosnia and Herzegovina without discrimination on any ground such as sex, race, colour, language, religion, political or other opinion, national or social origin, association with a national minority, property, birth or other status.<\/p>\n<p class=\"p2\"><b>Article 14 of the ECHR<\/b><\/p>\n<p class=\"p3\"><b>Prohibition of discrimination<\/b><\/p>\n<p class=\"p3\"><b>The enjoyment of the rights and freedoms set forth in this Convention shall be secured without discrimination on any ground such as sex, race, colour, language, religion, political or other opinion, national or social origin, association with a national minority, property, birth or other status.<\/b><\/p>\n<p class=\"p2\"><b>Article I(14) of Annex 6 to the Dayton Peace Agreement<\/b><\/p>\n<p class=\"p3\"><b>The enjoyment of the rights and freedoms provided for in this Article or in the international agreements listed in the Annex to this Constitution secured without discrimination on any ground such as sex, race, colour, language, religion, political or other opinion, national or social origin, association with a national minority, property, birth or other status.<\/b><\/p>\n<p class=\"p2\"><b>Article 2, paragraph 1 of the International Covenant on Civil and Political Rights2235<\/b><\/p>\n<p class=\"p1\">1. Each State Party to the present Covenant undertakes to respect and to ensure to all individuals within its territory and subject to its jurisdiction the rights recognized in the present Covenant, without distinction of any kind, such as race, colour, sex, language, religion, political or other opinion, national or social origin, property, birth or other status.<\/p>\n<p class=\"p2\"><b>Article 26 of the International Covenant on Civil and Political Rights<\/b><\/p>\n<p class=\"p3\"><b>All persons are equal before the law and are entitled without any discrimination to the equal protection of the law. In this respect, the law shall prohibit any discrimination and guarantee to all persons equal and effective protection against discrimination on any ground such as race, colour, sex, language, religion, political or other opinion, national or social origin, property, birth or other status.<\/b><\/p>\n<table class=\"t1\" cellspacing=\"0\" cellpadding=\"0\">\n<tbody>\n<tr>\n<td class=\"td1\" valign=\"top\">\n<p class=\"p4\">AP 105\/03 A.P.<\/p>\n<\/td>\n<td class=\"td1\" valign=\"top\">\n<p class=\"p4\">20041130<\/p>\n<\/td>\n<\/tr>\n<tr>\n<td class=\"td1\" valign=\"top\">\n<p class=\"p4\">AP 1119\/05 Milo\u0161evi\u0107 <i>et al<\/i>.<\/p>\n<\/td>\n<td class=\"td1\" valign=\"top\">\n<p class=\"p4\">20060627<\/p>\n<\/td>\n<\/tr>\n<tr>\n<td class=\"td1\" valign=\"top\">\n<p class=\"p4\">AP 119\/04 H.\u0106.<\/p>\n<\/td>\n<td class=\"td1\" valign=\"top\">\n<p class=\"p4\">20041209<\/p>\n<\/td>\n<\/tr>\n<tr>\n<td class=\"td1\" valign=\"top\">\n<p class=\"p4\">AP 215\/05 Jonuzi<\/p>\n<\/td>\n<td class=\"td1\" valign=\"top\">\n<p class=\"p4\">20060412<\/p>\n<\/td>\n<\/tr>\n<tr>\n<td class=\"td1\" valign=\"top\">\n<p class=\"p4\">AP 612\/04 L.B.<\/p>\n<\/td>\n<td class=\"td1\" valign=\"top\">\n<p class=\"p4\">20041130<\/p>\n<\/td>\n<\/tr>\n<tr>\n<td class=\"td1\" valign=\"top\">\n<p class=\"p4\">AP 653\/03 A.H.-\u0110.<\/p>\n<\/td>\n<td class=\"td1\" valign=\"top\">\n<p class=\"p4\">20040304<\/p>\n<\/td>\n<\/tr>\n<tr>\n<td class=\"td1\" valign=\"top\">\n<p class=\"p4\">AP 807\/04 Ilija\u0161evi\u0107<\/p>\n<\/td>\n<td class=\"td1\" valign=\"top\">\n<p class=\"p4\">20050913<\/p>\n<\/td>\n<\/tr>\n<tr>\n<td class=\"td1\" valign=\"top\">\n<p class=\"p4\">AP 825\/04 \u201cMepros\u201d d.d. Sarajevo<\/p>\n<\/td>\n<td class=\"td1\" valign=\"top\">\n<p class=\"p4\">20050913<\/p>\n<\/td>\n<\/tr>\n<tr>\n<td class=\"td1\" valign=\"top\">\n<p class=\"p4\">AP 98\/03 I.\u0160.<\/p>\n<\/td>\n<td class=\"td1\" valign=\"top\">\n<p class=\"p4\">20041027<\/p>\n<\/td>\n<\/tr>\n<tr>\n<td class=\"td1\" valign=\"top\">\n<p class=\"p4\">CH\/00\/3476-A&amp;M M.M.<\/p>\n<\/td>\n<td class=\"td1\" valign=\"top\">\n<p class=\"p4\">20030307<\/p>\n<\/td>\n<\/tr>\n<tr>\n<td class=\"td1\" valign=\"top\">\n<p class=\"p4\">CH\/00\/3834 Mobi\u0107<\/p>\n<\/td>\n<td class=\"td1\" valign=\"top\">\n<p class=\"p4\">20070627<\/p>\n<\/td>\n<\/tr>\n<tr>\n<td class=\"td1\" valign=\"top\">\n<p class=\"p4\">CH\/00\/4094 Dahirovi\u0107<\/p>\n<\/td>\n<td class=\"td1\" valign=\"top\">\n<p class=\"p4\">20060510<\/p>\n<\/td>\n<\/tr>\n<tr>\n<td class=\"td1\" valign=\"top\">\n<p class=\"p4\">CH\/00\/6444 <i>et al<\/i>.-A&amp;M Trkija <i>et al<\/i>.<\/p>\n<\/td>\n<td class=\"td1\" valign=\"top\">\n<p class=\"p4\">20020510<\/p>\n<\/td>\n<\/tr>\n<tr>\n<td class=\"td1\" valign=\"top\">\n<p class=\"p4\">CH\/01\/6796-A Halilagi\u0107<\/p>\n<\/td>\n<td class=\"td1\" valign=\"top\">\n<p class=\"p4\">20010307<\/p>\n<\/td>\n<\/tr>\n<tr>\n<td class=\"td1\" valign=\"top\">\n<p class=\"p4\">CH\/01\/6979-A&amp;M E.M. &amp; S.T.<\/p>\n<\/td>\n<td class=\"td1\" valign=\"top\">\n<p class=\"p4\">20020308<\/p>\n<\/td>\n<\/tr>\n<tr>\n<td class=\"td1\" valign=\"top\">\n<p class=\"p4\">CH\/01\/7351-A&amp;M Kraljevi\u0107<\/p>\n<\/td>\n<td class=\"td1\" valign=\"top\">\n<p class=\"p4\">20020412<\/p>\n<\/td>\n<\/tr>\n<tr>\n<td class=\"td1\" valign=\"top\">\n<p class=\"p4\">CH\/01\/7952 Selimovi\u0107 <i>et al<\/i>.<\/p>\n<\/td>\n<td class=\"td1\" valign=\"top\">\n<p class=\"p4\">20020111<\/p>\n<\/td>\n<\/tr>\n<tr>\n<td class=\"td1\" valign=\"top\">\n<p class=\"p4\">CH\/02\/12226-A&amp;M Haziraj <i>et al<\/i>.<\/p>\n<\/td>\n<td class=\"td1\" valign=\"top\">\n<p class=\"p4\">20030509<\/p>\n<\/td>\n<\/tr>\n<tr>\n<td class=\"td1\" valign=\"top\">\n<p class=\"p4\">CH\/02\/12435-A&amp;M Boji\u0107<\/p>\n<\/td>\n<td class=\"td1\" valign=\"top\">\n<p class=\"p4\">20031222<\/p>\n<\/td>\n<\/tr>\n<tr>\n<td class=\"td1\" valign=\"top\">\n<p class=\"p4\">CH\/02\/8202 <i>et al<\/i>. M. P. <i>et a<\/i>l.<\/p>\n<\/td>\n<td class=\"td1\" valign=\"top\">\n<p class=\"p4\">20030316<\/p>\n<\/td>\n<\/tr>\n<tr>\n<td class=\"td1\" valign=\"top\">\n<p class=\"p4\">CH\/02\/8923 <i>et al<\/i>.-A&amp;M Kli\u010dkovi\u0107 <i>et a<\/i>l.<\/p>\n<\/td>\n<td class=\"td1\" valign=\"top\">\n<p class=\"p4\">20030110<\/p>\n<\/td>\n<\/tr>\n<tr>\n<td class=\"td1\" valign=\"top\">\n<p class=\"p4\">CH\/02\/9435 <i>et al<\/i>. Okanovi\u0107 <i>et al<\/i>.<\/p>\n<\/td>\n<td class=\"td1\" valign=\"top\">\n<p class=\"p4\">20061220<\/p>\n<\/td>\n<\/tr>\n<tr>\n<td class=\"td1\" valign=\"top\">\n<p class=\"p4\">CH\/03\/12928 Ivanovi\u0107<\/p>\n<\/td>\n<td class=\"td1\" valign=\"top\">\n<p class=\"p4\">20060913<\/p>\n<\/td>\n<\/tr>\n<tr>\n<td class=\"td1\" valign=\"top\">\n<p class=\"p4\">CH\/03\/13424 The Islamic Community Council &#8211; Vakuf Directorate<\/p>\n<\/td>\n<td class=\"td1\" valign=\"top\">\n<p class=\"p4\">20070605<\/p>\n<\/td>\n<\/tr>\n<tr>\n<td class=\"td1\" valign=\"top\">\n<p class=\"p4\">CH\/03\/14015 <i>et al<\/i>. Ravnjak <i>et al<\/i>.<\/p>\n<\/td>\n<td class=\"td1\" valign=\"top\">\n<p class=\"p4\">20060508<\/p>\n<\/td>\n<\/tr>\n<tr>\n<td class=\"td1\" valign=\"top\">\n<p class=\"p4\">CH\/03\/9628-A&amp;M, the Catholic Archdiocese of Vrhbosna<\/p>\n<\/td>\n<td class=\"td1\" valign=\"top\">\n<p class=\"p4\">20030606<\/p>\n<\/td>\n<\/tr>\n<tr>\n<td class=\"td1\" valign=\"top\">\n<p class=\"p4\">CH\/96\/29-A&amp;M The BiH Islamic Community Council (the Banja Luka Mosques case)<\/p>\n<\/td>\n<td class=\"td1\" valign=\"top\">\n<p class=\"p4\">19990611<\/p>\n<\/td>\n<\/tr>\n<tr>\n<td class=\"td1\" valign=\"top\">\n<p class=\"p4\">CH\/97\/35 friendly settlement Mali\u0107<\/p>\n<\/td>\n<td class=\"td1\" valign=\"top\">\n<p class=\"p4\">19980525<\/p>\n<\/td>\n<\/tr>\n<tr>\n<td class=\"td1\" valign=\"top\">\n<p class=\"p4\">CH\/97\/41-A&amp;M Mar\u010deta<\/p>\n<\/td>\n<td class=\"td1\" valign=\"top\">\n<p class=\"p4\">19980406<\/p>\n<\/td>\n<\/tr>\n<tr>\n<td class=\"td1\" valign=\"top\">\n<p class=\"p4\">CH\/97\/45-A&amp;M Hermas<\/p>\n<\/td>\n<td class=\"td1\" valign=\"top\">\n<p class=\"p4\">19980218<\/p>\n<\/td>\n<\/tr>\n<tr>\n<td class=\"td1\" valign=\"top\">\n<p class=\"p4\">CH\/97\/46-M Keve\u0161evi\u0107<\/p>\n<\/td>\n<td class=\"td1\" valign=\"top\">\n<p class=\"p4\">19980910<\/p>\n<\/td>\n<\/tr>\n<tr>\n<td class=\"td1\" valign=\"top\">\n<p class=\"p4\">CH\/97\/50-A&amp;M Raji\u0107<\/p>\n<\/td>\n<td class=\"td1\" valign=\"top\">\n<p class=\"p4\">20000407<\/p>\n<\/td>\n<\/tr>\n<tr>\n<td class=\"td1\" valign=\"top\">\n<p class=\"p4\">CH\/97\/67-A&amp;M Zahirovi\u0107<\/p>\n<\/td>\n<td class=\"td1\" valign=\"top\">\n<p class=\"p4\">19990708<\/p>\n<\/td>\n<\/tr>\n<tr>\n<td class=\"td1\" valign=\"top\">\n<p class=\"p4\">CH\/97\/76-A&amp;M Softi\u0107<\/p>\n<\/td>\n<td class=\"td1\" valign=\"top\">\n<p class=\"p4\">20011012<\/p>\n<\/td>\n<\/tr>\n<tr>\n<td class=\"td1\" valign=\"top\">\n<p class=\"p4\">CH\/97\/77-A&amp;M \u0160ehi\u0107<\/p>\n<\/td>\n<td class=\"td1\" valign=\"top\">\n<p class=\"p4\">19991105<\/p>\n<\/td>\n<\/tr>\n<tr>\n<td class=\"td1\" valign=\"top\">\n<p class=\"p4\">CH\/98\/1018-A&amp;M Pogar\u010di\u0107<\/p>\n<\/td>\n<td class=\"td1\" valign=\"top\">\n<p class=\"p4\">20010406<\/p>\n<\/td>\n<\/tr>\n<tr>\n<td class=\"td1\" valign=\"top\">\n<p class=\"p4\">CH\/98\/1027 <i>et al<\/i>.-A&amp;M R.G. <i>et al<\/i>.<\/p>\n<\/td>\n<td class=\"td1\" valign=\"top\">\n<p class=\"p4\">20000609<\/p>\n<\/td>\n<\/tr>\n<tr>\n<td class=\"td1\" valign=\"top\">\n<p class=\"p4\">CH\/98\/1309 <i>et al<\/i>.-A&amp;M Kajtaz <i>et a<\/i>l.<\/p>\n<\/td>\n<td class=\"td1\" valign=\"top\">\n<p class=\"p4\">20010907<\/p>\n<\/td>\n<\/tr>\n<tr>\n<td class=\"td1\" valign=\"top\">\n<p class=\"p4\">CH\/98\/1373-A&amp;M Bajri\u0107<\/p>\n<\/td>\n<td class=\"td1\" valign=\"top\">\n<p class=\"p4\">20020510<\/p>\n<\/td>\n<\/tr>\n<tr>\n<td class=\"td1\" valign=\"top\">\n<p class=\"p4\">CH\/98\/1374-A&amp;M Pr\u017eulj<\/p>\n<\/td>\n<td class=\"td1\" valign=\"top\">\n<p class=\"p4\">20000113<\/p>\n<\/td>\n<\/tr>\n<tr>\n<td class=\"td1\" valign=\"top\">\n<p class=\"p4\">CH\/98\/1493-A&amp;M Pilipovi\u0107<\/p>\n<\/td>\n<td class=\"td1\" valign=\"top\">\n<p class=\"p4\">20030606<\/p>\n<\/td>\n<\/tr>\n<tr>\n<td class=\"td1\" valign=\"top\">\n<p class=\"p4\">CH\/98\/1786-A&amp;M Odoba\u0161i\u0107<\/p>\n<\/td>\n<td class=\"td1\" valign=\"top\">\n<p class=\"p4\">19991105<\/p>\n<\/td>\n<\/tr>\n<tr>\n<td class=\"td1\" valign=\"top\">\n<p class=\"p4\">CH\/98\/232 <i>et al<\/i>.-A&amp;M Banjac <i>et al<\/i>.<\/p>\n<\/td>\n<td class=\"td1\" valign=\"top\">\n<p class=\"p4\">20010706<\/p>\n<\/td>\n<\/tr>\n<tr>\n<td class=\"td1\" valign=\"top\">\n<p class=\"p4\">CH\/98\/420 <i>et al<\/i>.-A&amp;M Kugi\u0107 <i>et al<\/i>.<\/p>\n<\/td>\n<td class=\"td1\" valign=\"top\">\n<p class=\"p4\">20031010<\/p>\n<\/td>\n<\/tr>\n<tr>\n<td class=\"td1\" valign=\"top\">\n<p class=\"p4\">CH\/98\/565-A&amp;M M.K.<\/p>\n<\/td>\n<td class=\"td1\" valign=\"top\">\n<p class=\"p4\">20031222<\/p>\n<\/td>\n<\/tr>\n<tr>\n<td class=\"td1\" valign=\"top\">\n<p class=\"p4\">CH\/98\/659 <i>et al<\/i>.-A&amp;M Pletili\u0107 <i>et al<\/i>.<\/p>\n<\/td>\n<td class=\"td1\" valign=\"top\">\n<p class=\"p4\">19990910<\/p>\n<\/td>\n<\/tr>\n<tr>\n<td class=\"td1\" valign=\"top\">\n<p class=\"p4\">CH\/98\/698-A&amp;M Jusufovi\u0107<\/p>\n<\/td>\n<td class=\"td1\" valign=\"top\">\n<p class=\"p4\">20000609<\/p>\n<\/td>\n<\/tr>\n<tr>\n<td class=\"td1\" valign=\"top\">\n<p class=\"p4\">CH\/98\/706 <i>et al<\/i>.-A&amp;M \u0160e\u0107erbegovi\u0107 <i>et al<\/i>.<\/p>\n<\/td>\n<td class=\"td1\" valign=\"top\">\n<p class=\"p4\">20000407<\/p>\n<\/td>\n<\/tr>\n<tr>\n<td class=\"td1\" valign=\"top\">\n<p class=\"p4\">CH\/98\/752 <i>et al<\/i>.-A&amp;M Ba\u0161i\u0107 <i>et al<\/i>.<\/p>\n<\/td>\n<td class=\"td1\" valign=\"top\">\n<p class=\"p4\">19991210<\/p>\n<\/td>\n<\/tr>\n<tr>\n<td class=\"td1\" valign=\"top\">\n<p class=\"p4\">CH\/98\/756-A&amp;M \u0110.M.<\/p>\n<\/td>\n<td class=\"td1\" valign=\"top\">\n<p class=\"p4\">19990514<\/p>\n<\/td>\n<\/tr>\n<tr>\n<td class=\"td1\" valign=\"top\">\n<p class=\"p4\">CH\/98\/777-A&amp;M Pletili\u0107<\/p>\n<\/td>\n<td class=\"td1\" valign=\"top\">\n<p class=\"p4\">19991008<\/p>\n<\/td>\n<\/tr>\n<tr>\n<td class=\"td1\" valign=\"top\">\n<p class=\"p4\">CH\/98\/875 <i>et al<\/i>.-A&amp;M \u017divkovi\u0107<\/p>\n<\/td>\n<td class=\"td1\" valign=\"top\">\n<p class=\"p4\">20000512<\/p>\n<\/td>\n<\/tr>\n<tr>\n<td class=\"td1\" valign=\"top\">\n<p class=\"p4\">CH\/98\/892-A&amp;M Mahmutovi\u0107<\/p>\n<\/td>\n<td class=\"td1\" valign=\"top\">\n<p class=\"p4\">19991008<\/p>\n<\/td>\n<\/tr>\n<tr>\n<td class=\"td1\" valign=\"top\">\n<p class=\"p4\">CH\/98\/896-A&amp;M \u010cvoki\u0107<\/p>\n<\/td>\n<td class=\"td1\" valign=\"top\">\n<p class=\"p4\">20000609<\/p>\n<\/td>\n<\/tr>\n<tr>\n<td class=\"td1\" valign=\"top\">\n<p class=\"p4\">CH\/98\/946-A&amp;M H.R. &amp; Momani<\/p>\n<\/td>\n<td class=\"td1\" valign=\"top\">\n<p class=\"p4\">19991105<\/p>\n<\/td>\n<\/tr>\n<tr>\n<td class=\"td1\" valign=\"top\">\n<p class=\"p4\">CH\/98\/948-M. Mitrovi\u0107<\/p>\n<\/td>\n<td class=\"td1\" valign=\"top\">\n<p class=\"p4\">20020906<\/p>\n<\/td>\n<\/tr>\n<tr>\n<td class=\"td1\" valign=\"top\">\n<p class=\"p4\">CH\/99\/2177-A&amp;M The BiH Islamic Community Council, the Prnjavor cemetery case<\/p>\n<\/td>\n<td class=\"td1\" valign=\"top\">\n<p class=\"p4\">20000211<\/p>\n<\/td>\n<\/tr>\n<tr>\n<td class=\"td1\" valign=\"top\">\n<p class=\"p4\">CH\/99\/2239-A&amp;M Cipot-Stojanovi\u0107<\/p>\n<\/td>\n<td class=\"td1\" valign=\"top\">\n<p class=\"p4\">20030404<\/p>\n<\/td>\n<\/tr>\n<tr>\n<td class=\"td1\" valign=\"top\">\n<p class=\"p4\">CH\/99\/2696-A&amp;M Brki\u0107<\/p>\n<\/td>\n<td class=\"td1\" valign=\"top\">\n<p class=\"p4\">20010112<\/p>\n<\/td>\n<\/tr>\n<tr>\n<td class=\"td1\" valign=\"top\">\n<p class=\"p4\">U 10\/05 V.Juki\u0107 \u201cPublic Broadcasting System\u201d<\/p>\n<\/td>\n<td class=\"td1\" valign=\"top\">\n<p class=\"p4\">20050722<\/p>\n<\/td>\n<\/tr>\n<tr>\n<td class=\"td1\" valign=\"top\">\n<p class=\"p4\">U 11\/00 B.\u0160.<\/p>\n<\/td>\n<td class=\"td1\" valign=\"top\">\n<p class=\"p4\">20000811<\/p>\n<\/td>\n<\/tr>\n<tr>\n<td class=\"td1\" valign=\"top\">\n<p class=\"p4\">U 19\/01 \u201cRS Labour Law\u201d<\/p>\n<\/td>\n<td class=\"td1\" valign=\"top\">\n<p class=\"p4\">20020615 <i>OG of BiH<\/i>, No. No. 13\/02<\/p>\n<\/td>\n<\/tr>\n<tr>\n<td class=\"td1\" valign=\"top\">\n<p class=\"p4\">U 22\/01 Ku\u0161ec<\/p>\n<\/td>\n<td class=\"td1\" valign=\"top\">\n<p class=\"p4\">20011230 <i>OG of BiH<\/i>, No. No. 33\/01<\/p>\n<\/td>\n<\/tr>\n<tr>\n<td class=\"td1\" valign=\"top\">\n<p class=\"p4\">U 26\/00 \u201cFBiH Labour Law\u201d<\/p>\n<\/td>\n<td class=\"td1\" valign=\"top\">\n<p class=\"p4\">20020423 <i>OG of BiH<\/i>, No. No. 08\/02<\/p>\n<\/td>\n<\/tr>\n<tr>\n<td class=\"td1\" valign=\"top\">\n<p class=\"p4\">U 28\/01-2 Jugovi\u0107<\/p>\n<\/td>\n<td class=\"td1\" valign=\"top\">\n<p class=\"p4\">20020312 <i>OG of BiH<\/i>, No. No. 05\/02<\/p>\n<\/td>\n<\/tr>\n<tr>\n<td class=\"td1\" valign=\"top\">\n<p class=\"p4\">U 36\/01 Trivi\u0107<\/p>\n<\/td>\n<td class=\"td1\" valign=\"top\">\n<p class=\"p4\">20020410 <i>OG of BiH<\/i>, No. No. 07\/02<\/p>\n<\/td>\n<\/tr>\n<tr>\n<td class=\"td1\" valign=\"top\">\n<p class=\"p4\">U 49\/02 H.B. <i>et al.<\/i><\/p>\n<\/td>\n<td class=\"td1\" valign=\"top\">\n<p class=\"p4\">20030928<\/p>\n<\/td>\n<\/tr>\n<tr>\n<td class=\"td1\" valign=\"top\">\n<p class=\"p4\">U 5\/98-III \u201cIzetbegovi\u0107 III \u2013 Constituent Peoples\u201d<\/p>\n<\/td>\n<td class=\"td1\" valign=\"top\">\n<p class=\"p4\">20000914 <i>OG of BiH<\/i>, No. No. 23\/00<\/p>\n<\/td>\n<\/tr>\n<tr>\n<td class=\"td1\" valign=\"top\">\n<p class=\"p4\">U 64\/01 D.B.<\/p>\n<\/td>\n<td class=\"td1\" valign=\"top\">\n<p class=\"p4\">20031224 <i>OG of BiH<\/i>, No. No. 41\/03<\/p>\n<\/td>\n<\/tr>\n<\/tbody>\n<\/table>\n","protected":false},"excerpt":{"rendered":"<p>The enjoyment of the rights and freedoms provided for in this Article or in the international agreements listed in Annex I to this Constitution shall be secured to all persons in Bosnia and Herzegovina without discrimination on any ground such as sex, race, colour, language, religion, political or other opinion, national or social origin, association &hellip; <a class=\"text-primary\" href=\"https:\/\/ustavbih.ba\/en\/article-ii-human-rights-and-fundamental-freedoms\/e-discrimination\/article-ii-4-of-the-bih-constitution-non-discrimination\/\">Read&nbsp;more<\/a><\/p>\n","protected":false},"author":1,"featured_media":0,"parent":12054,"menu_order":1,"comment_status":"closed","ping_status":"closed","template":"","meta":{"footnotes":""},"class_list":["post-12071","page","type-page","status-publish","hentry"],"yoast_head":"<!-- This site is optimized with the Yoast SEO plugin v26.3 - https:\/\/yoast.com\/wordpress\/plugins\/seo\/ -->\n<title>Article II.4 of the BiH Constitution \u2013 Non-discrimination - Commentary on BiH Constitution<\/title>\n<meta name=\"robots\" content=\"index, follow, max-snippet:-1, max-image-preview:large, max-video-preview:-1\" \/>\n<link rel=\"canonical\" href=\"https:\/\/ustavbih.ba\/en\/article-ii-human-rights-and-fundamental-freedoms\/e-discrimination\/article-ii-4-of-the-bih-constitution-non-discrimination\/\" \/>\n<meta property=\"og:locale\" content=\"en_US\" \/>\n<meta property=\"og:type\" content=\"article\" \/>\n<meta property=\"og:title\" content=\"Article II.4 of the BiH Constitution \u2013 Non-discrimination - Commentary on BiH Constitution\" \/>\n<meta property=\"og:description\" content=\"The enjoyment of the rights and freedoms provided for in this Article or in the international agreements listed in Annex I to this Constitution shall be secured to all persons in Bosnia and Herzegovina without discrimination on any ground such as sex, race, colour, language, religion, political or other opinion, national or social origin, association &hellip; Read&nbsp;more\" \/>\n<meta property=\"og:url\" content=\"https:\/\/ustavbih.ba\/en\/article-ii-human-rights-and-fundamental-freedoms\/e-discrimination\/article-ii-4-of-the-bih-constitution-non-discrimination\/\" \/>\n<meta property=\"og:site_name\" content=\"Commentary on BiH Constitution\" \/>\n<meta property=\"article:modified_time\" content=\"2024-12-09T16:00:08+00:00\" \/>\n<meta property=\"og:image\" content=\"https:\/\/ustavbih.ba\/app\/uploads\/2024\/12\/flags.jpg\" \/>\n\t<meta property=\"og:image:width\" content=\"1920\" \/>\n\t<meta property=\"og:image:height\" content=\"686\" \/>\n\t<meta property=\"og:image:type\" content=\"image\/jpeg\" \/>\n<meta name=\"twitter:card\" content=\"summary_large_image\" \/>\n<meta name=\"twitter:label1\" content=\"Est. reading time\" \/>\n\t<meta name=\"twitter:data1\" content=\"4 minutes\" \/>\n<script type=\"application\/ld+json\" class=\"yoast-schema-graph\">{\"@context\":\"https:\/\/schema.org\",\"@graph\":[{\"@type\":\"WebPage\",\"@id\":\"https:\/\/ustavbih.ba\/en\/article-ii-human-rights-and-fundamental-freedoms\/e-discrimination\/article-ii-4-of-the-bih-constitution-non-discrimination\/\",\"url\":\"https:\/\/ustavbih.ba\/en\/article-ii-human-rights-and-fundamental-freedoms\/e-discrimination\/article-ii-4-of-the-bih-constitution-non-discrimination\/\",\"name\":\"Article II.4 of the BiH Constitution \u2013 Non-discrimination - Commentary on BiH Constitution\",\"isPartOf\":{\"@id\":\"https:\/\/ustavbih.ba\/#website\"},\"datePublished\":\"2024-12-09T11:10:24+00:00\",\"dateModified\":\"2024-12-09T16:00:08+00:00\",\"breadcrumb\":{\"@id\":\"https:\/\/ustavbih.ba\/en\/article-ii-human-rights-and-fundamental-freedoms\/e-discrimination\/article-ii-4-of-the-bih-constitution-non-discrimination\/#breadcrumb\"},\"inLanguage\":\"en-US\",\"potentialAction\":[{\"@type\":\"ReadAction\",\"target\":[\"https:\/\/ustavbih.ba\/en\/article-ii-human-rights-and-fundamental-freedoms\/e-discrimination\/article-ii-4-of-the-bih-constitution-non-discrimination\/\"]}]},{\"@type\":\"BreadcrumbList\",\"@id\":\"https:\/\/ustavbih.ba\/en\/article-ii-human-rights-and-fundamental-freedoms\/e-discrimination\/article-ii-4-of-the-bih-constitution-non-discrimination\/#breadcrumb\",\"itemListElement\":[{\"@type\":\"ListItem\",\"position\":1,\"name\":\"Home\",\"item\":\"https:\/\/ustavbih.ba\/en\/\"},{\"@type\":\"ListItem\",\"position\":2,\"name\":\"Article II \u2013 Human rights and fundamental freedoms\",\"item\":\"https:\/\/ustavbih.ba\/en\/article-ii-human-rights-and-fundamental-freedoms\/\"},{\"@type\":\"ListItem\",\"position\":3,\"name\":\"E. Discrimination\",\"item\":\"https:\/\/ustavbih.ba\/en\/article-ii-human-rights-and-fundamental-freedoms\/e-discrimination\/\"},{\"@type\":\"ListItem\",\"position\":4,\"name\":\"Article II.4 of the BiH Constitution \u2013 Non-discrimination\"}]},{\"@type\":\"WebSite\",\"@id\":\"https:\/\/ustavbih.ba\/#website\",\"url\":\"https:\/\/ustavbih.ba\/\",\"name\":\"UstavBiH.ba\",\"description\":\"\",\"publisher\":{\"@id\":\"https:\/\/ustavbih.ba\/#organization\"},\"potentialAction\":[{\"@type\":\"SearchAction\",\"target\":{\"@type\":\"EntryPoint\",\"urlTemplate\":\"https:\/\/ustavbih.ba\/?s={search_term_string}\"},\"query-input\":{\"@type\":\"PropertyValueSpecification\",\"valueRequired\":true,\"valueName\":\"search_term_string\"}}],\"inLanguage\":\"en-US\"},{\"@type\":\"Organization\",\"@id\":\"https:\/\/ustavbih.ba\/#organization\",\"name\":\"UstavBiH.ba\",\"url\":\"https:\/\/ustavbih.ba\/\",\"logo\":{\"@type\":\"ImageObject\",\"inLanguage\":\"en-US\",\"@id\":\"https:\/\/ustavbih.ba\/#\/schema\/logo\/image\/\",\"url\":\"https:\/\/ustavbih.ba\/app\/uploads\/2024\/12\/flags.jpg\",\"contentUrl\":\"https:\/\/ustavbih.ba\/app\/uploads\/2024\/12\/flags.jpg\",\"width\":1920,\"height\":686,\"caption\":\"UstavBiH.ba\"},\"image\":{\"@id\":\"https:\/\/ustavbih.ba\/#\/schema\/logo\/image\/\"}}]}<\/script>\n<!-- \/ Yoast SEO plugin. -->","yoast_head_json":{"title":"Article II.4 of the BiH Constitution \u2013 Non-discrimination - Commentary on BiH Constitution","robots":{"index":"index","follow":"follow","max-snippet":"max-snippet:-1","max-image-preview":"max-image-preview:large","max-video-preview":"max-video-preview:-1"},"canonical":"https:\/\/ustavbih.ba\/en\/article-ii-human-rights-and-fundamental-freedoms\/e-discrimination\/article-ii-4-of-the-bih-constitution-non-discrimination\/","og_locale":"en_US","og_type":"article","og_title":"Article II.4 of the BiH Constitution \u2013 Non-discrimination - Commentary on BiH Constitution","og_description":"The enjoyment of the rights and freedoms provided for in this Article or in the international agreements listed in Annex I to this Constitution shall be secured to all persons in Bosnia and Herzegovina without discrimination on any ground such as sex, race, colour, language, religion, political or other opinion, national or social origin, association &hellip; Read&nbsp;more","og_url":"https:\/\/ustavbih.ba\/en\/article-ii-human-rights-and-fundamental-freedoms\/e-discrimination\/article-ii-4-of-the-bih-constitution-non-discrimination\/","og_site_name":"Commentary on BiH Constitution","article_modified_time":"2024-12-09T16:00:08+00:00","og_image":[{"width":1920,"height":686,"url":"https:\/\/ustavbih.ba\/app\/uploads\/2024\/12\/flags.jpg","type":"image\/jpeg"}],"twitter_card":"summary_large_image","twitter_misc":{"Est. reading time":"4 minutes"},"schema":{"@context":"https:\/\/schema.org","@graph":[{"@type":"WebPage","@id":"https:\/\/ustavbih.ba\/en\/article-ii-human-rights-and-fundamental-freedoms\/e-discrimination\/article-ii-4-of-the-bih-constitution-non-discrimination\/","url":"https:\/\/ustavbih.ba\/en\/article-ii-human-rights-and-fundamental-freedoms\/e-discrimination\/article-ii-4-of-the-bih-constitution-non-discrimination\/","name":"Article II.4 of the BiH Constitution \u2013 Non-discrimination - Commentary on BiH Constitution","isPartOf":{"@id":"https:\/\/ustavbih.ba\/#website"},"datePublished":"2024-12-09T11:10:24+00:00","dateModified":"2024-12-09T16:00:08+00:00","breadcrumb":{"@id":"https:\/\/ustavbih.ba\/en\/article-ii-human-rights-and-fundamental-freedoms\/e-discrimination\/article-ii-4-of-the-bih-constitution-non-discrimination\/#breadcrumb"},"inLanguage":"en-US","potentialAction":[{"@type":"ReadAction","target":["https:\/\/ustavbih.ba\/en\/article-ii-human-rights-and-fundamental-freedoms\/e-discrimination\/article-ii-4-of-the-bih-constitution-non-discrimination\/"]}]},{"@type":"BreadcrumbList","@id":"https:\/\/ustavbih.ba\/en\/article-ii-human-rights-and-fundamental-freedoms\/e-discrimination\/article-ii-4-of-the-bih-constitution-non-discrimination\/#breadcrumb","itemListElement":[{"@type":"ListItem","position":1,"name":"Home","item":"https:\/\/ustavbih.ba\/en\/"},{"@type":"ListItem","position":2,"name":"Article II \u2013 Human rights and fundamental freedoms","item":"https:\/\/ustavbih.ba\/en\/article-ii-human-rights-and-fundamental-freedoms\/"},{"@type":"ListItem","position":3,"name":"E. Discrimination","item":"https:\/\/ustavbih.ba\/en\/article-ii-human-rights-and-fundamental-freedoms\/e-discrimination\/"},{"@type":"ListItem","position":4,"name":"Article II.4 of the BiH Constitution \u2013 Non-discrimination"}]},{"@type":"WebSite","@id":"https:\/\/ustavbih.ba\/#website","url":"https:\/\/ustavbih.ba\/","name":"UstavBiH.ba","description":"","publisher":{"@id":"https:\/\/ustavbih.ba\/#organization"},"potentialAction":[{"@type":"SearchAction","target":{"@type":"EntryPoint","urlTemplate":"https:\/\/ustavbih.ba\/?s={search_term_string}"},"query-input":{"@type":"PropertyValueSpecification","valueRequired":true,"valueName":"search_term_string"}}],"inLanguage":"en-US"},{"@type":"Organization","@id":"https:\/\/ustavbih.ba\/#organization","name":"UstavBiH.ba","url":"https:\/\/ustavbih.ba\/","logo":{"@type":"ImageObject","inLanguage":"en-US","@id":"https:\/\/ustavbih.ba\/#\/schema\/logo\/image\/","url":"https:\/\/ustavbih.ba\/app\/uploads\/2024\/12\/flags.jpg","contentUrl":"https:\/\/ustavbih.ba\/app\/uploads\/2024\/12\/flags.jpg","width":1920,"height":686,"caption":"UstavBiH.ba"},"image":{"@id":"https:\/\/ustavbih.ba\/#\/schema\/logo\/image\/"}}]}},"_links":{"self":[{"href":"https:\/\/ustavbih.ba\/en\/wp-json\/wp\/v2\/pages\/12071","targetHints":{"allow":["GET"]}}],"collection":[{"href":"https:\/\/ustavbih.ba\/en\/wp-json\/wp\/v2\/pages"}],"about":[{"href":"https:\/\/ustavbih.ba\/en\/wp-json\/wp\/v2\/types\/page"}],"author":[{"embeddable":true,"href":"https:\/\/ustavbih.ba\/en\/wp-json\/wp\/v2\/users\/1"}],"replies":[{"embeddable":true,"href":"https:\/\/ustavbih.ba\/en\/wp-json\/wp\/v2\/comments?post=12071"}],"version-history":[{"count":1,"href":"https:\/\/ustavbih.ba\/en\/wp-json\/wp\/v2\/pages\/12071\/revisions"}],"predecessor-version":[{"id":12658,"href":"https:\/\/ustavbih.ba\/en\/wp-json\/wp\/v2\/pages\/12071\/revisions\/12658"}],"up":[{"embeddable":true,"href":"https:\/\/ustavbih.ba\/en\/wp-json\/wp\/v2\/pages\/12054"}],"wp:attachment":[{"href":"https:\/\/ustavbih.ba\/en\/wp-json\/wp\/v2\/media?parent=12071"}],"curies":[{"name":"wp","href":"https:\/\/api.w.org\/{rel}","templated":true}]}}