{"id":12003,"date":"2024-12-09T12:10:24","date_gmt":"2024-12-09T11:10:24","guid":{"rendered":"https:\/\/ustavbih.ba\/article-ii-human-rights-and-fundamental-freedoms\/c-obligation-to-directly-apply-the-echr-article-ii-2-of-the-bih-constitution\/right-to-an-effective-remedy-article-13-of-the-echr\/"},"modified":"2024-12-09T16:33:38","modified_gmt":"2024-12-09T15:33:38","slug":"right-to-an-effective-remedy-article-13-of-the-echr","status":"publish","type":"page","link":"https:\/\/ustavbih.ba\/en\/article-ii-human-rights-and-fundamental-freedoms\/c-obligation-to-directly-apply-the-echr-article-ii-2-of-the-bih-constitution\/right-to-an-effective-remedy-article-13-of-the-echr\/","title":{"rendered":"Right to an effective remedy (Article 13 of the ECHR)"},"content":{"rendered":"<p class=\"p1\"><b>Everyone whose rights and freedoms as set forth in this Convention are violated shall have an effective remedy before a national authority notwithstanding that the violation has been committed by persons acting in an official capacity.<\/b><\/p>\n<table class=\"t1\" cellspacing=\"0\" cellpadding=\"0\">\n<tbody>\n<tr>\n<td class=\"td1\" valign=\"top\">\n<p class=\"p2\">AP 1100\/05 \u0106eli\u0107<\/p>\n<\/td>\n<td class=\"td1\" valign=\"top\">\n<p class=\"p2\">20051117<\/p>\n<\/td>\n<\/tr>\n<tr>\n<td class=\"td1\" valign=\"top\">\n<p class=\"p2\">AP 215\/05 Jonuzi<\/p>\n<\/td>\n<td class=\"td1\" valign=\"top\">\n<p class=\"p2\">20060412<\/p>\n<\/td>\n<\/tr>\n<tr>\n<td class=\"td1\" valign=\"top\">\n<p class=\"p2\">AP 255\/06 Mutap\u010di\u0107 <i>et al.<\/i><\/p>\n<\/td>\n<td class=\"td1\" valign=\"top\">\n<p class=\"p2\">20070605<\/p>\n<\/td>\n<\/tr>\n<tr>\n<td class=\"td1\" valign=\"top\">\n<p class=\"p2\">AP 422\/04 B.G.<\/p>\n<\/td>\n<td class=\"td1\" valign=\"top\">\n<p class=\"p2\">20050518<\/p>\n<\/td>\n<\/tr>\n<tr>\n<td class=\"td1\" valign=\"top\">\n<p class=\"p2\">AP 953\/05 Bilbija <i>et al<\/i>.<\/p>\n<\/td>\n<td class=\"td1\" valign=\"top\">\n<p class=\"p2\">20060708<\/p>\n<\/td>\n<\/tr>\n<tr>\n<td class=\"td1\" valign=\"top\">\n<p class=\"p2\">CH\/00\/4371-A Gra\u010danin<\/p>\n<\/td>\n<td class=\"td1\" valign=\"top\">\n<p class=\"p2\">20011107<\/p>\n<\/td>\n<\/tr>\n<tr>\n<td class=\"td1\" valign=\"top\">\n<p class=\"p2\">CH\/01\/7257-A&amp;M Borota<\/p>\n<\/td>\n<td class=\"td1\" valign=\"top\">\n<p class=\"p2\">20030207<\/p>\n<\/td>\n<\/tr>\n<tr>\n<td class=\"td1\" valign=\"top\">\n<p class=\"p2\">CH\/02\/12421-A&amp;M Kulovac<\/p>\n<\/td>\n<td class=\"td1\" valign=\"top\">\n<p class=\"p2\">20030307<\/p>\n<\/td>\n<\/tr>\n<tr>\n<td class=\"td1\" valign=\"top\">\n<p class=\"p2\">CH\/02\/8939-A&amp;M M. H.<\/p>\n<\/td>\n<td class=\"td1\" valign=\"top\">\n<p class=\"p2\">20030307<\/p>\n<\/td>\n<\/tr>\n<tr>\n<td class=\"td1\" valign=\"top\">\n<p class=\"p2\">CH\/02\/9842-A&amp;M Durmo<\/p>\n<\/td>\n<td class=\"td1\" valign=\"top\">\n<p class=\"p2\">20030110<\/p>\n<\/td>\n<\/tr>\n<tr>\n<td class=\"td1\" valign=\"top\">\n<p class=\"p2\">CH\/96\/3 <i>et al<\/i>.-M Medan <i>et al.<\/i><\/p>\n<\/td>\n<td class=\"td1\" valign=\"top\">\n<p class=\"p2\">19971103<\/p>\n<\/td>\n<\/tr>\n<tr>\n<td class=\"td1\" valign=\"top\">\n<p class=\"p2\">CH\/97\/40-M Gali\u0107<\/p>\n<\/td>\n<td class=\"td1\" valign=\"top\">\n<p class=\"p2\">19980612<\/p>\n<\/td>\n<\/tr>\n<tr>\n<td class=\"td1\" valign=\"top\">\n<p class=\"p2\">CH\/97\/45-A&amp;M Hermas<\/p>\n<\/td>\n<td class=\"td1\" valign=\"top\">\n<p class=\"p2\">19980218<\/p>\n<\/td>\n<\/tr>\n<tr>\n<td class=\"td1\" valign=\"top\">\n<p class=\"p2\">CH\/98\/1027 <i>et al<\/i>.-A&amp;M R.G. <i>et al.<\/i><\/p>\n<\/td>\n<td class=\"td1\" valign=\"top\">\n<p class=\"p2\">20000609<\/p>\n<\/td>\n<\/tr>\n<tr>\n<td class=\"td1\" valign=\"top\">\n<p class=\"p2\">CH\/98\/636-A&amp;M Miljkovi\u0107<\/p>\n<\/td>\n<td class=\"td1\" valign=\"top\">\n<p class=\"p2\">19990611<\/p>\n<\/td>\n<\/tr>\n<tr>\n<td class=\"td1\" valign=\"top\">\n<p class=\"p2\">CH\/98\/814-A&amp;M Prodanovi\u0107<\/p>\n<\/td>\n<td class=\"td1\" valign=\"top\">\n<p class=\"p2\">19990611<\/p>\n<\/td>\n<\/tr>\n<tr>\n<td class=\"td1\" valign=\"top\">\n<p class=\"p2\">CH\/98\/946-A&amp;M H. R. &amp; Momani<\/p>\n<\/td>\n<td class=\"td1\" valign=\"top\">\n<p class=\"p2\">19991105<\/p>\n<\/td>\n<\/tr>\n<tr>\n<td class=\"td1\" valign=\"top\">\n<p class=\"p2\">CH\/99\/1505-A \u0160aban\u010devi\u0107<\/p>\n<\/td>\n<td class=\"td1\" valign=\"top\">\n<p class=\"p2\">20010703<\/p>\n<\/td>\n<\/tr>\n<tr>\n<td class=\"td1\" valign=\"top\">\n<p class=\"p2\">CH\/99\/2150-A&amp;M Unkovi\u0107<\/p>\n<\/td>\n<td class=\"td1\" valign=\"top\">\n<p class=\"p2\">20011109<\/p>\n<\/td>\n<\/tr>\n<tr>\n<td class=\"td1\" valign=\"top\">\n<p class=\"p2\">U 14\/99 Hotel \u201cBosna\u201d<\/p>\n<\/td>\n<td class=\"td1\" valign=\"top\">\n<p class=\"p2\">20001231 <i>OG of BiH<\/i>, No. 36\/00<\/p>\n<\/td>\n<\/tr>\n<tr>\n<td class=\"td1\" valign=\"top\">\n<p class=\"p2\">U 17\/00 Zun\u0111a<\/p>\n<\/td>\n<td class=\"td1\" valign=\"top\">\n<p class=\"p2\">20010710 <i>OG of BiH<\/i>, No<i>. <\/i>17\/01<\/p>\n<\/td>\n<\/tr>\n<tr>\n<td class=\"td1\" valign=\"top\">\n<p class=\"p2\">U 18\/00 Hajdarevi\u0107<\/p>\n<\/td>\n<td class=\"td1\" valign=\"top\">\n<p class=\"p2\">20021019 <i>OG of BiH<\/i>, No. 30\/02<\/p>\n<\/td>\n<\/tr>\n<tr>\n<td class=\"td1\" valign=\"top\">\n<p class=\"p2\">U 61\/02 M. O.<\/p>\n<\/td>\n<td class=\"td1\" valign=\"top\">\n<p class=\"p2\">20040121<\/p>\n<\/td>\n<\/tr>\n<tr>\n<td class=\"td1\" valign=\"top\">\n<p class=\"p2\">U 62\/01 Pjani\u0107<\/p>\n<\/td>\n<td class=\"td1\" valign=\"top\">\n<p class=\"p2\">20020829 <i>OG of BiH<\/i>, No. 24\/02<\/p>\n<\/td>\n<\/tr>\n<tr>\n<td class=\"td1\" valign=\"top\">\n<p class=\"p2\">U 70\/03 K. M.<\/p>\n<\/td>\n<td class=\"td1\" valign=\"top\">\n<p class=\"p2\">20040130<\/p>\n<\/td>\n<\/tr>\n<\/tbody>\n<\/table>\n","protected":false},"excerpt":{"rendered":"<p>Everyone whose rights and freedoms as set forth in this Convention are violated shall have an effective remedy before a national authority notwithstanding that the violation has been committed by persons acting in an official capacity. AP 1100\/05 \u0106eli\u0107 20051117 AP 215\/05 Jonuzi 20060412 AP 255\/06 Mutap\u010di\u0107 et al. 20070605 AP 422\/04 B.G. 20050518 AP &hellip; <a class=\"text-primary\" href=\"https:\/\/ustavbih.ba\/en\/article-ii-human-rights-and-fundamental-freedoms\/c-obligation-to-directly-apply-the-echr-article-ii-2-of-the-bih-constitution\/right-to-an-effective-remedy-article-13-of-the-echr\/\">Read&nbsp;more<\/a><\/p>\n","protected":false},"author":1,"featured_media":0,"parent":11898,"menu_order":11,"comment_status":"closed","ping_status":"closed","template":"","meta":{"footnotes":""},"class_list":["post-12003","page","type-page","status-publish","hentry"],"yoast_head":"<!-- This site is optimized with the Yoast SEO plugin v26.3 - https:\/\/yoast.com\/wordpress\/plugins\/seo\/ -->\n<title>Right to an effective remedy (Article 13 of the ECHR) - Commentary on BiH Constitution<\/title>\n<meta name=\"robots\" content=\"index, follow, max-snippet:-1, max-image-preview:large, max-video-preview:-1\" \/>\n<link rel=\"canonical\" href=\"https:\/\/ustavbih.ba\/en\/article-ii-human-rights-and-fundamental-freedoms\/c-obligation-to-directly-apply-the-echr-article-ii-2-of-the-bih-constitution\/right-to-an-effective-remedy-article-13-of-the-echr\/\" \/>\n<meta property=\"og:locale\" content=\"en_US\" \/>\n<meta property=\"og:type\" content=\"article\" \/>\n<meta property=\"og:title\" content=\"Right to an effective remedy (Article 13 of the ECHR) - Commentary on BiH Constitution\" \/>\n<meta property=\"og:description\" content=\"Everyone whose rights and freedoms as set forth in this Convention are violated shall have an effective remedy before a national authority notwithstanding that the violation has been committed by persons acting in an official capacity. AP 1100\/05 \u0106eli\u0107 20051117 AP 215\/05 Jonuzi 20060412 AP 255\/06 Mutap\u010di\u0107 et al. 20070605 AP 422\/04 B.G. 20050518 AP &hellip; Read&nbsp;more\" \/>\n<meta property=\"og:url\" content=\"https:\/\/ustavbih.ba\/en\/article-ii-human-rights-and-fundamental-freedoms\/c-obligation-to-directly-apply-the-echr-article-ii-2-of-the-bih-constitution\/right-to-an-effective-remedy-article-13-of-the-echr\/\" \/>\n<meta property=\"og:site_name\" content=\"Commentary on BiH Constitution\" \/>\n<meta property=\"article:modified_time\" content=\"2024-12-09T15:33:38+00:00\" \/>\n<meta property=\"og:image\" content=\"https:\/\/ustavbih.ba\/app\/uploads\/2024\/12\/flags.jpg\" \/>\n\t<meta property=\"og:image:width\" content=\"1920\" \/>\n\t<meta property=\"og:image:height\" content=\"686\" \/>\n\t<meta property=\"og:image:type\" content=\"image\/jpeg\" \/>\n<meta name=\"twitter:card\" content=\"summary_large_image\" \/>\n<meta name=\"twitter:label1\" content=\"Est. reading time\" \/>\n\t<meta name=\"twitter:data1\" content=\"1 minute\" \/>\n<script type=\"application\/ld+json\" class=\"yoast-schema-graph\">{\"@context\":\"https:\/\/schema.org\",\"@graph\":[{\"@type\":\"WebPage\",\"@id\":\"https:\/\/ustavbih.ba\/en\/article-ii-human-rights-and-fundamental-freedoms\/c-obligation-to-directly-apply-the-echr-article-ii-2-of-the-bih-constitution\/right-to-an-effective-remedy-article-13-of-the-echr\/\",\"url\":\"https:\/\/ustavbih.ba\/en\/article-ii-human-rights-and-fundamental-freedoms\/c-obligation-to-directly-apply-the-echr-article-ii-2-of-the-bih-constitution\/right-to-an-effective-remedy-article-13-of-the-echr\/\",\"name\":\"Right to an effective remedy (Article 13 of the ECHR) - Commentary on BiH Constitution\",\"isPartOf\":{\"@id\":\"https:\/\/ustavbih.ba\/#website\"},\"datePublished\":\"2024-12-09T11:10:24+00:00\",\"dateModified\":\"2024-12-09T15:33:38+00:00\",\"breadcrumb\":{\"@id\":\"https:\/\/ustavbih.ba\/en\/article-ii-human-rights-and-fundamental-freedoms\/c-obligation-to-directly-apply-the-echr-article-ii-2-of-the-bih-constitution\/right-to-an-effective-remedy-article-13-of-the-echr\/#breadcrumb\"},\"inLanguage\":\"en-US\",\"potentialAction\":[{\"@type\":\"ReadAction\",\"target\":[\"https:\/\/ustavbih.ba\/en\/article-ii-human-rights-and-fundamental-freedoms\/c-obligation-to-directly-apply-the-echr-article-ii-2-of-the-bih-constitution\/right-to-an-effective-remedy-article-13-of-the-echr\/\"]}]},{\"@type\":\"BreadcrumbList\",\"@id\":\"https:\/\/ustavbih.ba\/en\/article-ii-human-rights-and-fundamental-freedoms\/c-obligation-to-directly-apply-the-echr-article-ii-2-of-the-bih-constitution\/right-to-an-effective-remedy-article-13-of-the-echr\/#breadcrumb\",\"itemListElement\":[{\"@type\":\"ListItem\",\"position\":1,\"name\":\"Home\",\"item\":\"https:\/\/ustavbih.ba\/en\/\"},{\"@type\":\"ListItem\",\"position\":2,\"name\":\"Article II \u2013 Human rights and fundamental freedoms\",\"item\":\"https:\/\/ustavbih.ba\/en\/article-ii-human-rights-and-fundamental-freedoms\/\"},{\"@type\":\"ListItem\",\"position\":3,\"name\":\"C. Obligation to directly apply the ECHR (Article II.2 of the BiH Constitution)\",\"item\":\"https:\/\/ustavbih.ba\/en\/article-ii-human-rights-and-fundamental-freedoms\/c-obligation-to-directly-apply-the-echr-article-ii-2-of-the-bih-constitution\/\"},{\"@type\":\"ListItem\",\"position\":4,\"name\":\"Right to an effective remedy (Article 13 of the ECHR)\"}]},{\"@type\":\"WebSite\",\"@id\":\"https:\/\/ustavbih.ba\/#website\",\"url\":\"https:\/\/ustavbih.ba\/\",\"name\":\"UstavBiH.ba\",\"description\":\"\",\"publisher\":{\"@id\":\"https:\/\/ustavbih.ba\/#organization\"},\"potentialAction\":[{\"@type\":\"SearchAction\",\"target\":{\"@type\":\"EntryPoint\",\"urlTemplate\":\"https:\/\/ustavbih.ba\/?s={search_term_string}\"},\"query-input\":{\"@type\":\"PropertyValueSpecification\",\"valueRequired\":true,\"valueName\":\"search_term_string\"}}],\"inLanguage\":\"en-US\"},{\"@type\":\"Organization\",\"@id\":\"https:\/\/ustavbih.ba\/#organization\",\"name\":\"UstavBiH.ba\",\"url\":\"https:\/\/ustavbih.ba\/\",\"logo\":{\"@type\":\"ImageObject\",\"inLanguage\":\"en-US\",\"@id\":\"https:\/\/ustavbih.ba\/#\/schema\/logo\/image\/\",\"url\":\"https:\/\/ustavbih.ba\/app\/uploads\/2024\/12\/flags.jpg\",\"contentUrl\":\"https:\/\/ustavbih.ba\/app\/uploads\/2024\/12\/flags.jpg\",\"width\":1920,\"height\":686,\"caption\":\"UstavBiH.ba\"},\"image\":{\"@id\":\"https:\/\/ustavbih.ba\/#\/schema\/logo\/image\/\"}}]}<\/script>\n<!-- \/ Yoast SEO plugin. -->","yoast_head_json":{"title":"Right to an effective remedy (Article 13 of the ECHR) - Commentary on BiH Constitution","robots":{"index":"index","follow":"follow","max-snippet":"max-snippet:-1","max-image-preview":"max-image-preview:large","max-video-preview":"max-video-preview:-1"},"canonical":"https:\/\/ustavbih.ba\/en\/article-ii-human-rights-and-fundamental-freedoms\/c-obligation-to-directly-apply-the-echr-article-ii-2-of-the-bih-constitution\/right-to-an-effective-remedy-article-13-of-the-echr\/","og_locale":"en_US","og_type":"article","og_title":"Right to an effective remedy (Article 13 of the ECHR) - Commentary on BiH Constitution","og_description":"Everyone whose rights and freedoms as set forth in this Convention are violated shall have an effective remedy before a national authority notwithstanding that the violation has been committed by persons acting in an official capacity. AP 1100\/05 \u0106eli\u0107 20051117 AP 215\/05 Jonuzi 20060412 AP 255\/06 Mutap\u010di\u0107 et al. 20070605 AP 422\/04 B.G. 20050518 AP &hellip; Read&nbsp;more","og_url":"https:\/\/ustavbih.ba\/en\/article-ii-human-rights-and-fundamental-freedoms\/c-obligation-to-directly-apply-the-echr-article-ii-2-of-the-bih-constitution\/right-to-an-effective-remedy-article-13-of-the-echr\/","og_site_name":"Commentary on BiH Constitution","article_modified_time":"2024-12-09T15:33:38+00:00","og_image":[{"width":1920,"height":686,"url":"https:\/\/ustavbih.ba\/app\/uploads\/2024\/12\/flags.jpg","type":"image\/jpeg"}],"twitter_card":"summary_large_image","twitter_misc":{"Est. reading time":"1 minute"},"schema":{"@context":"https:\/\/schema.org","@graph":[{"@type":"WebPage","@id":"https:\/\/ustavbih.ba\/en\/article-ii-human-rights-and-fundamental-freedoms\/c-obligation-to-directly-apply-the-echr-article-ii-2-of-the-bih-constitution\/right-to-an-effective-remedy-article-13-of-the-echr\/","url":"https:\/\/ustavbih.ba\/en\/article-ii-human-rights-and-fundamental-freedoms\/c-obligation-to-directly-apply-the-echr-article-ii-2-of-the-bih-constitution\/right-to-an-effective-remedy-article-13-of-the-echr\/","name":"Right to an effective remedy (Article 13 of the ECHR) - Commentary on BiH Constitution","isPartOf":{"@id":"https:\/\/ustavbih.ba\/#website"},"datePublished":"2024-12-09T11:10:24+00:00","dateModified":"2024-12-09T15:33:38+00:00","breadcrumb":{"@id":"https:\/\/ustavbih.ba\/en\/article-ii-human-rights-and-fundamental-freedoms\/c-obligation-to-directly-apply-the-echr-article-ii-2-of-the-bih-constitution\/right-to-an-effective-remedy-article-13-of-the-echr\/#breadcrumb"},"inLanguage":"en-US","potentialAction":[{"@type":"ReadAction","target":["https:\/\/ustavbih.ba\/en\/article-ii-human-rights-and-fundamental-freedoms\/c-obligation-to-directly-apply-the-echr-article-ii-2-of-the-bih-constitution\/right-to-an-effective-remedy-article-13-of-the-echr\/"]}]},{"@type":"BreadcrumbList","@id":"https:\/\/ustavbih.ba\/en\/article-ii-human-rights-and-fundamental-freedoms\/c-obligation-to-directly-apply-the-echr-article-ii-2-of-the-bih-constitution\/right-to-an-effective-remedy-article-13-of-the-echr\/#breadcrumb","itemListElement":[{"@type":"ListItem","position":1,"name":"Home","item":"https:\/\/ustavbih.ba\/en\/"},{"@type":"ListItem","position":2,"name":"Article II \u2013 Human rights and fundamental freedoms","item":"https:\/\/ustavbih.ba\/en\/article-ii-human-rights-and-fundamental-freedoms\/"},{"@type":"ListItem","position":3,"name":"C. Obligation to directly apply the ECHR (Article II.2 of the BiH Constitution)","item":"https:\/\/ustavbih.ba\/en\/article-ii-human-rights-and-fundamental-freedoms\/c-obligation-to-directly-apply-the-echr-article-ii-2-of-the-bih-constitution\/"},{"@type":"ListItem","position":4,"name":"Right to an effective remedy (Article 13 of the ECHR)"}]},{"@type":"WebSite","@id":"https:\/\/ustavbih.ba\/#website","url":"https:\/\/ustavbih.ba\/","name":"UstavBiH.ba","description":"","publisher":{"@id":"https:\/\/ustavbih.ba\/#organization"},"potentialAction":[{"@type":"SearchAction","target":{"@type":"EntryPoint","urlTemplate":"https:\/\/ustavbih.ba\/?s={search_term_string}"},"query-input":{"@type":"PropertyValueSpecification","valueRequired":true,"valueName":"search_term_string"}}],"inLanguage":"en-US"},{"@type":"Organization","@id":"https:\/\/ustavbih.ba\/#organization","name":"UstavBiH.ba","url":"https:\/\/ustavbih.ba\/","logo":{"@type":"ImageObject","inLanguage":"en-US","@id":"https:\/\/ustavbih.ba\/#\/schema\/logo\/image\/","url":"https:\/\/ustavbih.ba\/app\/uploads\/2024\/12\/flags.jpg","contentUrl":"https:\/\/ustavbih.ba\/app\/uploads\/2024\/12\/flags.jpg","width":1920,"height":686,"caption":"UstavBiH.ba"},"image":{"@id":"https:\/\/ustavbih.ba\/#\/schema\/logo\/image\/"}}]}},"_links":{"self":[{"href":"https:\/\/ustavbih.ba\/en\/wp-json\/wp\/v2\/pages\/12003","targetHints":{"allow":["GET"]}}],"collection":[{"href":"https:\/\/ustavbih.ba\/en\/wp-json\/wp\/v2\/pages"}],"about":[{"href":"https:\/\/ustavbih.ba\/en\/wp-json\/wp\/v2\/types\/page"}],"author":[{"embeddable":true,"href":"https:\/\/ustavbih.ba\/en\/wp-json\/wp\/v2\/users\/1"}],"replies":[{"embeddable":true,"href":"https:\/\/ustavbih.ba\/en\/wp-json\/wp\/v2\/comments?post=12003"}],"version-history":[{"count":1,"href":"https:\/\/ustavbih.ba\/en\/wp-json\/wp\/v2\/pages\/12003\/revisions"}],"predecessor-version":[{"id":12593,"href":"https:\/\/ustavbih.ba\/en\/wp-json\/wp\/v2\/pages\/12003\/revisions\/12593"}],"up":[{"embeddable":true,"href":"https:\/\/ustavbih.ba\/en\/wp-json\/wp\/v2\/pages\/11898"}],"wp:attachment":[{"href":"https:\/\/ustavbih.ba\/en\/wp-json\/wp\/v2\/media?parent=12003"}],"curies":[{"name":"wp","href":"https:\/\/api.w.org\/{rel}","templated":true}]}}