{"id":11954,"date":"2024-12-09T12:10:24","date_gmt":"2024-12-09T11:10:24","guid":{"rendered":""},"modified":"2024-12-09T16:17:22","modified_gmt":"2024-12-09T15:17:22","slug":"presumption-of-innocence-in-dubio-pro-reo-article-6-paragraph-2-of-the-echr","status":"publish","type":"page","link":"https:\/\/ustavbih.ba\/en\/article-ii-human-rights-and-fundamental-freedoms\/c-obligation-to-directly-apply-the-echr-article-ii-2-of-the-bih-constitution\/the-right-to-a-fair-trial-article-6-of-the-echr\/presumption-of-innocence-in-dubio-pro-reo-article-6-paragraph-2-of-the-echr\/","title":{"rendered":"Presumption of innocence \u2013 in dubio pro reo (Article 6, paragraph 2 of the ECHR)"},"content":{"rendered":"<table class=\"t1\" cellspacing=\"0\" cellpadding=\"0\">\n<tbody>\n<tr>\n<td class=\"td1\" valign=\"top\">\n<p class=\"p2\">AP 1603\/05 Lon\u010dar<\/p>\n<\/td>\n<td class=\"td1\" valign=\"top\">\n<p class=\"p2\">20061221<\/p>\n<\/td>\n<\/tr>\n<tr>\n<td class=\"td1\" valign=\"top\">\n<p class=\"p2\">AP 3189\/06 Vikalo<\/p>\n<\/td>\n<td class=\"td1\" valign=\"top\">\n<p class=\"p2\">20070523<\/p>\n<\/td>\n<\/tr>\n<tr>\n<td class=\"td1\" valign=\"top\">\n<p class=\"p2\">AP 5\/05 Hasi\u0107<\/p>\n<\/td>\n<td class=\"td1\" valign=\"top\">\n<p class=\"p2\">20060314<\/p>\n<\/td>\n<\/tr>\n<tr>\n<td class=\"td1\" valign=\"top\">\n<p class=\"p2\">AP 579\/05 Nuspahi\u0107<\/p>\n<\/td>\n<td class=\"td1\" valign=\"top\">\n<p class=\"p2\">20060509<\/p>\n<\/td>\n<\/tr>\n<tr>\n<td class=\"td1\" valign=\"top\">\n<p class=\"p2\">AP 767\/04 Samard\u017ei\u0107<\/p>\n<\/td>\n<td class=\"td1\" valign=\"top\">\n<p class=\"p2\">20051117<\/p>\n<\/td>\n<\/tr>\n<tr>\n<td class=\"td1\" valign=\"top\">\n<p class=\"p2\">AP 86\/05 Ki\u0107anovi\u0107<\/p>\n<\/td>\n<td class=\"td1\" valign=\"top\">\n<p class=\"p2\">20051030<\/p>\n<\/td>\n<\/tr>\n<tr>\n<td class=\"td1\" valign=\"top\">\n<p class=\"p2\">CH\/01\/7912 <i>et al<\/i>.-A&amp;M Land\u017eo <i>et al<\/i>.<\/p>\n<\/td>\n<td class=\"td1\" valign=\"top\">\n<p class=\"p2\">20031107<\/p>\n<\/td>\n<\/tr>\n<tr>\n<td class=\"td1\" valign=\"top\">\n<p class=\"p2\">CH\/02\/11108 &amp; CH\/02\/11326-D&amp;M Ba\u0161i\u0107 &amp; \u010co\u0161i\u0107<\/p>\n<\/td>\n<td class=\"td1\" valign=\"top\">\n<p class=\"p2\">20030505<\/p>\n<\/td>\n<\/tr>\n<tr>\n<td class=\"td1\" valign=\"top\">\n<p class=\"p2\">CH\/02\/9892-A&amp;M Lazi\u0107<\/p>\n<\/td>\n<td class=\"td1\" valign=\"top\">\n<p class=\"p2\">20030905<\/p>\n<\/td>\n<\/tr>\n<tr>\n<td class=\"td1\" valign=\"top\">\n<p class=\"p2\">CH\/03\/14486 Tahirovi\u0107<\/p>\n<\/td>\n<td class=\"td1\" valign=\"top\">\n<p class=\"p2\">20070627<\/p>\n<\/td>\n<\/tr>\n<tr>\n<td class=\"td1\" valign=\"top\">\n<p class=\"p2\">CH\/98\/1245-A&amp;M Slavni\u0107<\/p>\n<\/td>\n<td class=\"td1\" valign=\"top\">\n<p class=\"p2\">19991105<\/p>\n<\/td>\n<\/tr>\n<tr>\n<td class=\"td1\" valign=\"top\">\n<p class=\"p2\">U 22\/03 N. P. <i>et al<\/i>.<\/p>\n<\/td>\n<td class=\"td1\" valign=\"top\">\n<p class=\"p2\">20040326<\/p>\n<\/td>\n<\/tr>\n<tr>\n<td class=\"td1\" valign=\"top\">\n<p class=\"p2\">U 50\/03 D. P.<\/p>\n<\/td>\n<td class=\"td1\" valign=\"top\">\n<p class=\"p2\">20040721<\/p>\n<\/td>\n<\/tr>\n<\/tbody>\n<\/table>\n<p class=\"p3\">Pursuant to Article 6, paragraph 2 of the ECHR, a person charged with a criminal offence shall be presumed innocent until proven otherwise. The presumption of innocence is a special reflection of the principle of a fair trial. It aims at protecting a suspect from differing assessments by judicial authorities or statements by officials, which all come down to the assessment of innocence of a suspect, without his\/her guilt being lawfully established. The court must not commence a proceeding with a prejudice as to the guilt of a person concerned, i.e., with a position taken beforehand as to the guilt of a person.<span class=\"s1\"><sup>1365 <\/sup><\/span>Therefore, there is a violation of the right to a presumption of innocence if the court has pronounced the accused guilty, although the accused was unable to defend himself\/herself, and the prosecution has apparently failed to submit evidence as to his\/her guilt.<span class=\"s1\"><sup>1366<\/sup><\/span><\/p>\n<p class=\"p3\">The presumption of innocence and the principle of a fair trial also guarantee the right to \u2013 and provide protection for everyone from \u2013 self-incrimination\/ self-accusation (putting the blame on oneself, i.e., admitting one\u2019s own guilt). A criminal court using evidence obtained by way of coercion violates Article 6, paragraph 1 of the ECHR.<span class=\"s1\"><sup>1367 <\/sup><\/span>The suspect, i.e., the accused, has the right, though not the obligation, to defend himself\/herself in the proceedings. If the accused does not present his\/her defence, the court must not come\u00a0to the conclusion that the respective person is guilty for the act he\/she has been charged with. The burden of proof always lies on the institutions responsible for the prosecution. If the court is not convinced of the guilt of the accused, or has doubts about his\/her guilt, the accused must be cleared of charges.<span class=\"s1\"><sup>1368 <\/sup><\/span>Moreover, the presumption of innocence conditions the criminal court, if believing that the accused is guilty, to establish with certainty the facts incriminating the accused. On the other hand, the facts in favour of the accused must be considered as established even when they are only probable, i.e., when there is doubt that they exist.<span class=\"s1\"><sup>1369 <\/sup><\/span>The very fact that the accused, i.e., the defence, has challenged evidence of the prosecution does not prevent the court from assessing the respective evidence as credible and establishing the facts on the basis thereof.<span class=\"s1\"><sup>1370 <\/sup><\/span>Taking into account previous convictions, in the manner stipulated by law, does not in itself constitute a violation of the right to a fair trial and a violation of the presumption of innocence.<span class=\"s1\"><sup>1371<\/sup><\/span><\/p>\n<p class=\"p3\">Statements by the competent authorities in the previous proceedings or as part of \u201cout-of-court\u201d activities, indicating that there is a suspicion that a certain person had committed a criminal act, that the person was arrested, that the person admitted to the commission of a criminal or similar act, do not violate the principle of presumption of innocence until such time as the competent authority has submitted a formal statement reading that the respective person is guilty of committing a criminal act.<span class=\"s1\"><sup>1372 <\/sup><\/span>Contrary to this, Article 6, paragraph 2 of the ECHR shall be violated if the court has already, in its arrest warrant, considered that the suspect is guilty of committing a criminal act.<span class=\"s1\"><sup>1373 <\/sup><\/span>Besides, a violation of the presumption of innocence shall also be found in cases where the competent authorities have brought about the negative consequences (for instance, by adopting an administrative act) for a certain person beyond the very criminal proceedings, which are based solely upon the presumption that the mentioned person will be pronounced guilty of having committed a criminal act.<span class=\"s1\"><sup>1374 <\/sup><\/span>However, the principle of presumption of innocence may neither be applied in the case that a decision on revoking a citizenship is made,<span class=\"s1\"><sup>1375 <\/sup><\/span>nor in the case that a decision is made on depriving one from the right to enter a country, and the right to stay in a country, or that a decision is made on deportation of a person,<span class=\"s1\"><sup>1376 <\/sup><\/span>as such a decision does not imply deliberation on either a \u201ccivil right or obligation\u201d, or \u201con the well-foundedness of any criminal charges\u201d against the respective person. Therefore, negative consequences must relate to a specific \u201ccivil right or obligation\u201d, namely to a criminal charge within the meaning of Article 6, paragraph 1 of the ECHR. Moreover, the principle of presuming innocence may be applied on a case-by-case basis and beyond a criminal proceeding, if there is a sufficiently firm link with the criminal proceeding.<span class=\"s1\"><sup>1377 <\/sup><\/span>For, under certain circumstances, not only a judge and a court, but also other State institutions, may be held to act contrary to the principle of presuming innocence.<span class=\"s1\"><sup>1378 <\/sup><\/span>In this manner, Article 6, paragraph 2 of the ECHR may be applied even after the completion of criminal proceedings, for instance, in a procedure concerning the costs of the proceedings or in a procedure concerning compensation for damage for unlawful pre-trial detention.<span class=\"s1\"><sup>1379 <\/sup><\/span>In the procedure of revocation of one\u2019s citizenship, according to the Human Rights Chamber for BiH, the presumption of innocence may be applied if during the criminal pre-trial investigation one\u2019s citizenship is revoked on the basis of a suspicion about a committed criminal act, whereby the competent institution itself has not assessed the evidentiary material, and consequently by applying fundamental principles of the evidentiary proceedings, reached conclusions relating to crucial facts. Namely, by proceeding in this manner, the competent administrative authority, with the aim to revoke citizenships, has abused the status of the suspects, while at the same time violating the principle of presumption of innocence.<span class=\"s1\"><sup>1380 <\/sup><\/span>the applicants (which, actually, have not been proven at all), that the applicants obtained their respective citizenships by fraud or in other ways stated in the relevant provisions, as the applicants did not reveal to the court their intention of getting involved in such terrorist activities at the time when their applications for citizenship were approved, and that, by doing so, they offended the Constitution and laws of Bosnia and Herzegovina.<span class=\"s1\"><sup>1381<\/sup><\/span><\/p>\n<p class=\"p3\">Otherwise, the principle of presuming innocence does not prevent one from establishing in the civil procedure the responsibility of the accused for actions that may constitute a criminal act even when he\/she has not been convicted in a criminal procedure<span class=\"s1\"><sup>1382 <\/sup><\/span>Also, a decision on the discontinuation of criminal proceedings because of the application of the Law on Amnesty and, to this end, the procedure on the costs of the proceedings, do not speak of the guilt or innocence of the accused within the meaning of Article 6, paragraph 2 of the ECHR, so that the principle of presuming innocence may not be applied.<span class=\"s1\"><sup>1383<\/sup><\/span><\/p>\n<p class=\"p3\">Reports by the press on criminal proceedings in certain cases may have detrimental effects on the fairness of a proceeding, particularly in connection with the principle of the presumption of innocence. Such reports cannot be avoided to a certain extent; however, a judge is expected to distance himself from such reports, and to make a judgment in the respective case based exclusively on the evidence presented in the proceeding and on the established facts. In addition, regarding this problem, the freedom of media and the freedom of expression, as well as the right of the State institutions to inform the public about the criminal proceedings, play a certain role. The courts cannot operate in a vacuum. Submitting reports and comments on the proceedings contribute in their way to the publicity of the work, which is in full compliance with the principle of public proceedings referred to in Article 6, paragraph 1 of the ECHR.<span class=\"s1\"><sup>1384 <\/sup><\/span>It is apparent that any possibility of a violation of the principle of presumption of innocence shall be ruled out if the media report on a legally valid adjudication of the accused (that is of the convicted person at present), as the presumption of innocence applies only up until the moment a sentence has been pronounced.<span class=\"s1\"><sup>1385<\/sup><\/span><\/p>\n","protected":false},"excerpt":{"rendered":"<p>AP 1603\/05 Lon\u010dar 20061221 AP 3189\/06 Vikalo 20070523 AP 5\/05 Hasi\u0107 20060314 AP 579\/05 Nuspahi\u0107 20060509 AP 767\/04 Samard\u017ei\u0107 20051117 AP 86\/05 Ki\u0107anovi\u0107 20051030 CH\/01\/7912 et al.-A&amp;M Land\u017eo et al. 20031107 CH\/02\/11108 &amp; CH\/02\/11326-D&amp;M Ba\u0161i\u0107 &amp; \u010co\u0161i\u0107 20030505 CH\/02\/9892-A&amp;M Lazi\u0107 20030905 CH\/03\/14486 Tahirovi\u0107 20070627 CH\/98\/1245-A&amp;M Slavni\u0107 19991105 U 22\/03 N. P. et al. 20040326 U &hellip; <a class=\"text-primary\" href=\"https:\/\/ustavbih.ba\/en\/article-ii-human-rights-and-fundamental-freedoms\/c-obligation-to-directly-apply-the-echr-article-ii-2-of-the-bih-constitution\/the-right-to-a-fair-trial-article-6-of-the-echr\/presumption-of-innocence-in-dubio-pro-reo-article-6-paragraph-2-of-the-echr\/\">Read&nbsp;more<\/a><\/p>\n","protected":false},"author":1,"featured_media":0,"parent":11930,"menu_order":2,"comment_status":"closed","ping_status":"closed","template":"","meta":{"footnotes":""},"class_list":["post-11954","page","type-page","status-publish","hentry"],"yoast_head":"<!-- This site is optimized with the Yoast SEO plugin v26.3 - https:\/\/yoast.com\/wordpress\/plugins\/seo\/ -->\n<title>Presumption of innocence \u2013 in dubio pro reo (Article 6, paragraph 2 of the ECHR) - Commentary on BiH Constitution<\/title>\n<meta name=\"robots\" content=\"index, follow, max-snippet:-1, max-image-preview:large, max-video-preview:-1\" \/>\n<link rel=\"canonical\" href=\"https:\/\/ustavbih.ba\/en\/article-ii-human-rights-and-fundamental-freedoms\/c-obligation-to-directly-apply-the-echr-article-ii-2-of-the-bih-constitution\/the-right-to-a-fair-trial-article-6-of-the-echr\/presumption-of-innocence-in-dubio-pro-reo-article-6-paragraph-2-of-the-echr\/\" \/>\n<meta property=\"og:locale\" content=\"en_US\" \/>\n<meta property=\"og:type\" content=\"article\" \/>\n<meta property=\"og:title\" content=\"Presumption of innocence \u2013 in dubio pro reo (Article 6, paragraph 2 of the ECHR) - Commentary on BiH Constitution\" \/>\n<meta property=\"og:description\" content=\"AP 1603\/05 Lon\u010dar 20061221 AP 3189\/06 Vikalo 20070523 AP 5\/05 Hasi\u0107 20060314 AP 579\/05 Nuspahi\u0107 20060509 AP 767\/04 Samard\u017ei\u0107 20051117 AP 86\/05 Ki\u0107anovi\u0107 20051030 CH\/01\/7912 et al.-A&amp;M Land\u017eo et al. 20031107 CH\/02\/11108 &amp; CH\/02\/11326-D&amp;M Ba\u0161i\u0107 &amp; \u010co\u0161i\u0107 20030505 CH\/02\/9892-A&amp;M Lazi\u0107 20030905 CH\/03\/14486 Tahirovi\u0107 20070627 CH\/98\/1245-A&amp;M Slavni\u0107 19991105 U 22\/03 N. P. et al. 20040326 U &hellip; Read&nbsp;more\" \/>\n<meta property=\"og:url\" content=\"https:\/\/ustavbih.ba\/en\/article-ii-human-rights-and-fundamental-freedoms\/c-obligation-to-directly-apply-the-echr-article-ii-2-of-the-bih-constitution\/the-right-to-a-fair-trial-article-6-of-the-echr\/presumption-of-innocence-in-dubio-pro-reo-article-6-paragraph-2-of-the-echr\/\" \/>\n<meta property=\"og:site_name\" content=\"Commentary on BiH Constitution\" \/>\n<meta property=\"article:modified_time\" content=\"2024-12-09T15:17:22+00:00\" \/>\n<meta property=\"og:image\" content=\"https:\/\/ustavbih.ba\/app\/uploads\/2024\/12\/flags.jpg\" \/>\n\t<meta property=\"og:image:width\" content=\"1920\" \/>\n\t<meta property=\"og:image:height\" content=\"686\" \/>\n\t<meta property=\"og:image:type\" content=\"image\/jpeg\" \/>\n<meta name=\"twitter:card\" content=\"summary_large_image\" \/>\n<meta name=\"twitter:label1\" content=\"Est. reading time\" \/>\n\t<meta name=\"twitter:data1\" content=\"7 minutes\" \/>\n<script type=\"application\/ld+json\" class=\"yoast-schema-graph\">{\"@context\":\"https:\/\/schema.org\",\"@graph\":[{\"@type\":\"WebPage\",\"@id\":\"https:\/\/ustavbih.ba\/en\/article-ii-human-rights-and-fundamental-freedoms\/c-obligation-to-directly-apply-the-echr-article-ii-2-of-the-bih-constitution\/the-right-to-a-fair-trial-article-6-of-the-echr\/presumption-of-innocence-in-dubio-pro-reo-article-6-paragraph-2-of-the-echr\/\",\"url\":\"https:\/\/ustavbih.ba\/en\/article-ii-human-rights-and-fundamental-freedoms\/c-obligation-to-directly-apply-the-echr-article-ii-2-of-the-bih-constitution\/the-right-to-a-fair-trial-article-6-of-the-echr\/presumption-of-innocence-in-dubio-pro-reo-article-6-paragraph-2-of-the-echr\/\",\"name\":\"Presumption of innocence \u2013 in dubio pro reo (Article 6, paragraph 2 of the ECHR) - Commentary on BiH Constitution\",\"isPartOf\":{\"@id\":\"https:\/\/ustavbih.ba\/#website\"},\"datePublished\":\"2024-12-09T11:10:24+00:00\",\"dateModified\":\"2024-12-09T15:17:22+00:00\",\"breadcrumb\":{\"@id\":\"https:\/\/ustavbih.ba\/en\/article-ii-human-rights-and-fundamental-freedoms\/c-obligation-to-directly-apply-the-echr-article-ii-2-of-the-bih-constitution\/the-right-to-a-fair-trial-article-6-of-the-echr\/presumption-of-innocence-in-dubio-pro-reo-article-6-paragraph-2-of-the-echr\/#breadcrumb\"},\"inLanguage\":\"en-US\",\"potentialAction\":[{\"@type\":\"ReadAction\",\"target\":[\"https:\/\/ustavbih.ba\/en\/article-ii-human-rights-and-fundamental-freedoms\/c-obligation-to-directly-apply-the-echr-article-ii-2-of-the-bih-constitution\/the-right-to-a-fair-trial-article-6-of-the-echr\/presumption-of-innocence-in-dubio-pro-reo-article-6-paragraph-2-of-the-echr\/\"]}]},{\"@type\":\"BreadcrumbList\",\"@id\":\"https:\/\/ustavbih.ba\/en\/article-ii-human-rights-and-fundamental-freedoms\/c-obligation-to-directly-apply-the-echr-article-ii-2-of-the-bih-constitution\/the-right-to-a-fair-trial-article-6-of-the-echr\/presumption-of-innocence-in-dubio-pro-reo-article-6-paragraph-2-of-the-echr\/#breadcrumb\",\"itemListElement\":[{\"@type\":\"ListItem\",\"position\":1,\"name\":\"Home\",\"item\":\"https:\/\/ustavbih.ba\/en\/\"},{\"@type\":\"ListItem\",\"position\":2,\"name\":\"Article II \u2013 Human rights and fundamental freedoms\",\"item\":\"https:\/\/ustavbih.ba\/en\/article-ii-human-rights-and-fundamental-freedoms\/\"},{\"@type\":\"ListItem\",\"position\":3,\"name\":\"C. Obligation to directly apply the ECHR (Article II.2 of the BiH Constitution)\",\"item\":\"https:\/\/ustavbih.ba\/en\/article-ii-human-rights-and-fundamental-freedoms\/c-obligation-to-directly-apply-the-echr-article-ii-2-of-the-bih-constitution\/\"},{\"@type\":\"ListItem\",\"position\":4,\"name\":\"The right to a fair trial (Article 6 of the ECHR)\",\"item\":\"https:\/\/ustavbih.ba\/en\/article-ii-human-rights-and-fundamental-freedoms\/c-obligation-to-directly-apply-the-echr-article-ii-2-of-the-bih-constitution\/the-right-to-a-fair-trial-article-6-of-the-echr\/\"},{\"@type\":\"ListItem\",\"position\":5,\"name\":\"Presumption of innocence \u2013 in dubio pro reo (Article 6, paragraph 2 of the ECHR)\"}]},{\"@type\":\"WebSite\",\"@id\":\"https:\/\/ustavbih.ba\/#website\",\"url\":\"https:\/\/ustavbih.ba\/\",\"name\":\"UstavBiH.ba\",\"description\":\"\",\"publisher\":{\"@id\":\"https:\/\/ustavbih.ba\/#organization\"},\"potentialAction\":[{\"@type\":\"SearchAction\",\"target\":{\"@type\":\"EntryPoint\",\"urlTemplate\":\"https:\/\/ustavbih.ba\/?s={search_term_string}\"},\"query-input\":{\"@type\":\"PropertyValueSpecification\",\"valueRequired\":true,\"valueName\":\"search_term_string\"}}],\"inLanguage\":\"en-US\"},{\"@type\":\"Organization\",\"@id\":\"https:\/\/ustavbih.ba\/#organization\",\"name\":\"UstavBiH.ba\",\"url\":\"https:\/\/ustavbih.ba\/\",\"logo\":{\"@type\":\"ImageObject\",\"inLanguage\":\"en-US\",\"@id\":\"https:\/\/ustavbih.ba\/#\/schema\/logo\/image\/\",\"url\":\"https:\/\/ustavbih.ba\/app\/uploads\/2024\/12\/flags.jpg\",\"contentUrl\":\"https:\/\/ustavbih.ba\/app\/uploads\/2024\/12\/flags.jpg\",\"width\":1920,\"height\":686,\"caption\":\"UstavBiH.ba\"},\"image\":{\"@id\":\"https:\/\/ustavbih.ba\/#\/schema\/logo\/image\/\"}}]}<\/script>\n<!-- \/ Yoast SEO plugin. -->","yoast_head_json":{"title":"Presumption of innocence \u2013 in dubio pro reo (Article 6, paragraph 2 of the ECHR) - Commentary on BiH Constitution","robots":{"index":"index","follow":"follow","max-snippet":"max-snippet:-1","max-image-preview":"max-image-preview:large","max-video-preview":"max-video-preview:-1"},"canonical":"https:\/\/ustavbih.ba\/en\/article-ii-human-rights-and-fundamental-freedoms\/c-obligation-to-directly-apply-the-echr-article-ii-2-of-the-bih-constitution\/the-right-to-a-fair-trial-article-6-of-the-echr\/presumption-of-innocence-in-dubio-pro-reo-article-6-paragraph-2-of-the-echr\/","og_locale":"en_US","og_type":"article","og_title":"Presumption of innocence \u2013 in dubio pro reo (Article 6, paragraph 2 of the ECHR) - Commentary on BiH Constitution","og_description":"AP 1603\/05 Lon\u010dar 20061221 AP 3189\/06 Vikalo 20070523 AP 5\/05 Hasi\u0107 20060314 AP 579\/05 Nuspahi\u0107 20060509 AP 767\/04 Samard\u017ei\u0107 20051117 AP 86\/05 Ki\u0107anovi\u0107 20051030 CH\/01\/7912 et al.-A&amp;M Land\u017eo et al. 20031107 CH\/02\/11108 &amp; CH\/02\/11326-D&amp;M Ba\u0161i\u0107 &amp; \u010co\u0161i\u0107 20030505 CH\/02\/9892-A&amp;M Lazi\u0107 20030905 CH\/03\/14486 Tahirovi\u0107 20070627 CH\/98\/1245-A&amp;M Slavni\u0107 19991105 U 22\/03 N. P. et al. 20040326 U &hellip; Read&nbsp;more","og_url":"https:\/\/ustavbih.ba\/en\/article-ii-human-rights-and-fundamental-freedoms\/c-obligation-to-directly-apply-the-echr-article-ii-2-of-the-bih-constitution\/the-right-to-a-fair-trial-article-6-of-the-echr\/presumption-of-innocence-in-dubio-pro-reo-article-6-paragraph-2-of-the-echr\/","og_site_name":"Commentary on BiH Constitution","article_modified_time":"2024-12-09T15:17:22+00:00","og_image":[{"width":1920,"height":686,"url":"https:\/\/ustavbih.ba\/app\/uploads\/2024\/12\/flags.jpg","type":"image\/jpeg"}],"twitter_card":"summary_large_image","twitter_misc":{"Est. reading time":"7 minutes"},"schema":{"@context":"https:\/\/schema.org","@graph":[{"@type":"WebPage","@id":"https:\/\/ustavbih.ba\/en\/article-ii-human-rights-and-fundamental-freedoms\/c-obligation-to-directly-apply-the-echr-article-ii-2-of-the-bih-constitution\/the-right-to-a-fair-trial-article-6-of-the-echr\/presumption-of-innocence-in-dubio-pro-reo-article-6-paragraph-2-of-the-echr\/","url":"https:\/\/ustavbih.ba\/en\/article-ii-human-rights-and-fundamental-freedoms\/c-obligation-to-directly-apply-the-echr-article-ii-2-of-the-bih-constitution\/the-right-to-a-fair-trial-article-6-of-the-echr\/presumption-of-innocence-in-dubio-pro-reo-article-6-paragraph-2-of-the-echr\/","name":"Presumption of innocence \u2013 in dubio pro reo (Article 6, paragraph 2 of the ECHR) - Commentary on BiH Constitution","isPartOf":{"@id":"https:\/\/ustavbih.ba\/#website"},"datePublished":"2024-12-09T11:10:24+00:00","dateModified":"2024-12-09T15:17:22+00:00","breadcrumb":{"@id":"https:\/\/ustavbih.ba\/en\/article-ii-human-rights-and-fundamental-freedoms\/c-obligation-to-directly-apply-the-echr-article-ii-2-of-the-bih-constitution\/the-right-to-a-fair-trial-article-6-of-the-echr\/presumption-of-innocence-in-dubio-pro-reo-article-6-paragraph-2-of-the-echr\/#breadcrumb"},"inLanguage":"en-US","potentialAction":[{"@type":"ReadAction","target":["https:\/\/ustavbih.ba\/en\/article-ii-human-rights-and-fundamental-freedoms\/c-obligation-to-directly-apply-the-echr-article-ii-2-of-the-bih-constitution\/the-right-to-a-fair-trial-article-6-of-the-echr\/presumption-of-innocence-in-dubio-pro-reo-article-6-paragraph-2-of-the-echr\/"]}]},{"@type":"BreadcrumbList","@id":"https:\/\/ustavbih.ba\/en\/article-ii-human-rights-and-fundamental-freedoms\/c-obligation-to-directly-apply-the-echr-article-ii-2-of-the-bih-constitution\/the-right-to-a-fair-trial-article-6-of-the-echr\/presumption-of-innocence-in-dubio-pro-reo-article-6-paragraph-2-of-the-echr\/#breadcrumb","itemListElement":[{"@type":"ListItem","position":1,"name":"Home","item":"https:\/\/ustavbih.ba\/en\/"},{"@type":"ListItem","position":2,"name":"Article II \u2013 Human rights and fundamental freedoms","item":"https:\/\/ustavbih.ba\/en\/article-ii-human-rights-and-fundamental-freedoms\/"},{"@type":"ListItem","position":3,"name":"C. Obligation to directly apply the ECHR (Article II.2 of the BiH Constitution)","item":"https:\/\/ustavbih.ba\/en\/article-ii-human-rights-and-fundamental-freedoms\/c-obligation-to-directly-apply-the-echr-article-ii-2-of-the-bih-constitution\/"},{"@type":"ListItem","position":4,"name":"The right to a fair trial (Article 6 of the ECHR)","item":"https:\/\/ustavbih.ba\/en\/article-ii-human-rights-and-fundamental-freedoms\/c-obligation-to-directly-apply-the-echr-article-ii-2-of-the-bih-constitution\/the-right-to-a-fair-trial-article-6-of-the-echr\/"},{"@type":"ListItem","position":5,"name":"Presumption of innocence \u2013 in dubio pro reo (Article 6, paragraph 2 of the ECHR)"}]},{"@type":"WebSite","@id":"https:\/\/ustavbih.ba\/#website","url":"https:\/\/ustavbih.ba\/","name":"UstavBiH.ba","description":"","publisher":{"@id":"https:\/\/ustavbih.ba\/#organization"},"potentialAction":[{"@type":"SearchAction","target":{"@type":"EntryPoint","urlTemplate":"https:\/\/ustavbih.ba\/?s={search_term_string}"},"query-input":{"@type":"PropertyValueSpecification","valueRequired":true,"valueName":"search_term_string"}}],"inLanguage":"en-US"},{"@type":"Organization","@id":"https:\/\/ustavbih.ba\/#organization","name":"UstavBiH.ba","url":"https:\/\/ustavbih.ba\/","logo":{"@type":"ImageObject","inLanguage":"en-US","@id":"https:\/\/ustavbih.ba\/#\/schema\/logo\/image\/","url":"https:\/\/ustavbih.ba\/app\/uploads\/2024\/12\/flags.jpg","contentUrl":"https:\/\/ustavbih.ba\/app\/uploads\/2024\/12\/flags.jpg","width":1920,"height":686,"caption":"UstavBiH.ba"},"image":{"@id":"https:\/\/ustavbih.ba\/#\/schema\/logo\/image\/"}}]}},"_links":{"self":[{"href":"https:\/\/ustavbih.ba\/en\/wp-json\/wp\/v2\/pages\/11954","targetHints":{"allow":["GET"]}}],"collection":[{"href":"https:\/\/ustavbih.ba\/en\/wp-json\/wp\/v2\/pages"}],"about":[{"href":"https:\/\/ustavbih.ba\/en\/wp-json\/wp\/v2\/types\/page"}],"author":[{"embeddable":true,"href":"https:\/\/ustavbih.ba\/en\/wp-json\/wp\/v2\/users\/1"}],"replies":[{"embeddable":true,"href":"https:\/\/ustavbih.ba\/en\/wp-json\/wp\/v2\/comments?post=11954"}],"version-history":[{"count":2,"href":"https:\/\/ustavbih.ba\/en\/wp-json\/wp\/v2\/pages\/11954\/revisions"}],"predecessor-version":[{"id":12545,"href":"https:\/\/ustavbih.ba\/en\/wp-json\/wp\/v2\/pages\/11954\/revisions\/12545"}],"up":[{"embeddable":true,"href":"https:\/\/ustavbih.ba\/en\/wp-json\/wp\/v2\/pages\/11930"}],"wp:attachment":[{"href":"https:\/\/ustavbih.ba\/en\/wp-json\/wp\/v2\/media?parent=11954"}],"curies":[{"name":"wp","href":"https:\/\/api.w.org\/{rel}","templated":true}]}}