{"id":11949,"date":"2024-12-09T12:10:24","date_gmt":"2024-12-09T11:10:24","guid":{"rendered":""},"modified":"2024-12-09T16:14:50","modified_gmt":"2024-12-09T15:14:50","slug":"public-hearing","status":"publish","type":"page","link":"https:\/\/ustavbih.ba\/en\/article-ii-human-rights-and-fundamental-freedoms\/c-obligation-to-directly-apply-the-echr-article-ii-2-of-the-bih-constitution\/the-right-to-a-fair-trial-article-6-of-the-echr\/the-general-right-to-a-fair-trial-article-6-paragraph-1-of-the-echr\/public-hearing\/","title":{"rendered":"Public hearing"},"content":{"rendered":"<table class=\"t1\" cellspacing=\"0\" cellpadding=\"0\">\n<tbody>\n<tr>\n<td class=\"td1\" valign=\"top\">\n<p class=\"p2\">AP 1087\/04 Todorovi\u0107<\/p>\n<\/td>\n<td class=\"td1\" valign=\"top\">\n<p class=\"p2\">20051202<\/p>\n<\/td>\n<\/tr>\n<tr>\n<td class=\"td1\" valign=\"top\">\n<p class=\"p2\">AP 1124\/04 ODP \u201eInterplet\u201c <i>et al<\/i>.<\/p>\n<\/td>\n<td class=\"td1\" valign=\"top\">\n<p class=\"p2\">20051013<\/p>\n<\/td>\n<\/tr>\n<tr>\n<td class=\"td1\" valign=\"top\">\n<p class=\"p2\">AP 1401\/05 Pranji\u0107 -M- Luki\u0107<\/p>\n<\/td>\n<td class=\"td1\" valign=\"top\">\n<p class=\"p2\">20060912<\/p>\n<\/td>\n<\/tr>\n<tr>\n<td class=\"td1\" valign=\"top\">\n<p class=\"p2\">AP 217\/03 B. M.<\/p>\n<\/td>\n<td class=\"td1\" valign=\"top\">\n<p class=\"p2\">20040929<\/p>\n<\/td>\n<\/tr>\n<tr>\n<td class=\"td1\" valign=\"top\">\n<p class=\"p2\">AP 407\/04 D. Z.<\/p>\n<\/td>\n<td class=\"td1\" valign=\"top\">\n<p class=\"p2\">20040723<\/p>\n<\/td>\n<\/tr>\n<tr>\n<td class=\"td1\" valign=\"top\">\n<p class=\"p2\">AP 481\/05 Burovi\u0107<\/p>\n<\/td>\n<td class=\"td1\" valign=\"top\">\n<p class=\"p2\">20060314<\/p>\n<\/td>\n<\/tr>\n<tr>\n<td class=\"td1\" valign=\"top\">\n<p class=\"p2\">AP 74\/04 I. S.<\/p>\n<\/td>\n<td class=\"td1\" valign=\"top\">\n<p class=\"p2\">20050323<\/p>\n<\/td>\n<\/tr>\n<tr>\n<td class=\"td1\" valign=\"top\">\n<p class=\"p2\">CH\/01\/7248-A&amp;M \u201cORDO\u201d RTV Sveti Georgije<\/p>\n<\/td>\n<td class=\"td1\" valign=\"top\">\n<p class=\"p2\">20020705<\/p>\n<\/td>\n<\/tr>\n<tr>\n<td class=\"td1\" valign=\"top\">\n<p class=\"p2\">U 103\/03 \u017d. K.<\/p>\n<\/td>\n<td class=\"td1\" valign=\"top\">\n<p class=\"p2\">20040528<\/p>\n<\/td>\n<\/tr>\n<tr>\n<td class=\"td1\" valign=\"top\">\n<p class=\"p2\">U 148\/03 \u201eLijanovi\u0107i\u201c d.o.o.<\/p>\n<\/td>\n<td class=\"td1\" valign=\"top\">\n<p class=\"p2\">20031128<\/p>\n<\/td>\n<\/tr>\n<tr>\n<td class=\"td1\" valign=\"top\">\n<p class=\"p2\">U 19\/00 \u201eKemokop\u201c <i>et al<\/i>.<\/p>\n<\/td>\n<td class=\"td1\" valign=\"top\">\n<p class=\"p2\">20020308<\/p>\n<\/td>\n<\/tr>\n<tr>\n<td class=\"td1\" valign=\"top\">\n<p class=\"p2\">U 28\/01-2 Jugovi\u0107<\/p>\n<\/td>\n<td class=\"td1\" valign=\"top\">\n<p class=\"p2\">20020312 <i>OG of BiH<\/i>, No. 05\/02<\/p>\n<\/td>\n<\/tr>\n<tr>\n<td class=\"td1\" valign=\"top\">\n<p class=\"p2\">U 40\/01 Topi\u0107<\/p>\n<\/td>\n<td class=\"td1\" valign=\"top\">\n<p class=\"p2\">20020910 <i>OG of BiH<\/i>, No. 25\/02<\/p>\n<\/td>\n<\/tr>\n<tr>\n<td class=\"td1\" valign=\"top\">\n<p class=\"p2\">U 59\/03 A. D.<\/p>\n<\/td>\n<td class=\"td1\" valign=\"top\">\n<p class=\"p2\">20040517<\/p>\n<\/td>\n<\/tr>\n<tr>\n<td class=\"td1\" valign=\"top\">\n<p class=\"p2\">U 6\/02 \u0110or\u0111i\u0107<\/p>\n<\/td>\n<td class=\"td1\" valign=\"top\">\n<p class=\"p2\">20020829 <i>OG of BiH<\/i>, No. 24\/02<\/p>\n<\/td>\n<\/tr>\n<\/tbody>\n<\/table>\n<p class=\"p3\">Article 6, paragraph 1 of the ECHR guarantees the right to a public hearing, as one of the fundamental principles of the right to a fair trial referred to in Article 6, paragraph 1 of the ECHR.<span class=\"s1\"><sup>1326 <\/sup><\/span>In addition to the exceptions to this principle, which are stated in the 2<span class=\"s1\"><sup>nd <\/sup><\/span>sentence, the parties to the proceedings may waive this right either tacitly or explicitly.<span class=\"s1\"><sup>1327 <\/sup><\/span>The principle of a public hearing protects from \u201ca closed-door trial\u201d, carried out in the absence of public scrutiny, and it aims at promoting the confidence of the public in the judiciary.<span class=\"s1\"><sup>1328 <\/sup><\/span>For that matter, publicity of the proceedings in criminal law is a prerequisite for the criminal law to achieve its integrative and preventive purpose<span class=\"s1\"><sup>1329 <\/sup><\/span>and to act with the aim to fight crime and to develop the social discipline of citizens.<span class=\"s1\"><sup>1330<\/sup><\/span><\/p>\n<p class=\"p3\">In principle, in each individual case there must be at least one chance for an accused person to take part in a public hearing pertaining to the substance of the case, and not only to the admissibility of the case, unless exceptions stated in sentence 2 are applied. This applies, nevertheless, only to the proceedings during which the well-foundedness of a criminal charge against some person is being deliberated on. Criminal proceedings carried out in the absence of the accused, in essence, are not necessarily in contravention of the Convention. However, once the convicted person has learnt of a judgment, he\/she must have a chance to renew criminal proceedings during which he\/she may request that a public hearing be held.<span class=\"s1\"><sup>1331 <\/sup><\/span>Therefore, legal provisions providing for a public hearing only when and if a party to the proceedings has requested it satisfy the imperatives laid down in Article 6, paragraph 1 of the ECHR,<\/p>\n<p class=\"p3\">although in practice the majority of the proceedings are completed without holding a public hearing, particularly concerning disputes of a purely technical nature.<span class=\"s1\"><sup>1332 <\/sup><\/span>Yet, the very possibility to hold a public hearing does not satisfy the requirement of publicity of the respective hearing even when the very law does not prohibit explicite that the public be barred from the proceedings; for, the non-existence of the very prohibition to bar the public may not lead one to conclude that the publicity of the proceeding was made possible.<span class=\"s1\"><sup>1333 <\/sup><\/span>Absence of family members and representatives of the international community at a hearing does not constitute in itself evidence that the hearing has not been held in public, particularly in such cases when the minutes from the hearing apparently point to the public nature of the hearing.<span class=\"s1\"><sup>1334<\/sup><\/span><\/p>\n<p class=\"p3\">Article 6 of the ECHR does not necessarily also require a public hearing to be held in the appellate proceedings.<span class=\"s1\"><sup>1335 <\/sup><\/span>The important thing here is the nature of the dispute in the respective case. Unless there is a discussion pertaining to the substratum of the facts in the appellate proceedings, there is no need to hold a public hearing.<span class=\"s1\"><sup>1336 <\/sup><\/span>Otherwise, if a public hearing had not been held in the first instance proceedings, which is in contravention of the Convention, such omission might be corrected by holding a public hearing in the second instance proceedings.<span class=\"s1\"><sup>1337<\/sup><\/span><\/p>\n<p class=\"p3\">Given that, according to domestic law, within the meaning of Article 6 of the ECHR,<span class=\"s1\"><sup>1338 <\/sup><\/span>a \u201ccriminal charge\u201d may be deliberated upon also by authorities which apparently have no judicial character (tribunal), such as the competent authorities for the conduct of offence and disciplinary procedures, Article 6 of the ECHR requires that a public hearing be held before at least one institution, i.e., an authority with the character of a \u201ccourt\u201d as provided for in the Convention.<span class=\"s1\"><sup>1339 <\/sup><\/span>The obligation to hold a public hearing in civil and administrative procedures shall depend on the special nature of a particular case.<span class=\"s1\"><sup>1340<\/sup><\/span><\/p>\n","protected":false},"excerpt":{"rendered":"<p>AP 1087\/04 Todorovi\u0107 20051202 AP 1124\/04 ODP \u201eInterplet\u201c et al. 20051013 AP 1401\/05 Pranji\u0107 -M- Luki\u0107 20060912 AP 217\/03 B. M. 20040929 AP 407\/04 D. Z. 20040723 AP 481\/05 Burovi\u0107 20060314 AP 74\/04 I. S. 20050323 CH\/01\/7248-A&amp;M \u201cORDO\u201d RTV Sveti Georgije 20020705 U 103\/03 \u017d. K. 20040528 U 148\/03 \u201eLijanovi\u0107i\u201c d.o.o. 20031128 U 19\/00 \u201eKemokop\u201c &hellip; <a class=\"text-primary\" href=\"https:\/\/ustavbih.ba\/en\/article-ii-human-rights-and-fundamental-freedoms\/c-obligation-to-directly-apply-the-echr-article-ii-2-of-the-bih-constitution\/the-right-to-a-fair-trial-article-6-of-the-echr\/the-general-right-to-a-fair-trial-article-6-paragraph-1-of-the-echr\/public-hearing\/\">Read&nbsp;more<\/a><\/p>\n","protected":false},"author":1,"featured_media":0,"parent":11932,"menu_order":5,"comment_status":"closed","ping_status":"closed","template":"","meta":{"footnotes":""},"class_list":["post-11949","page","type-page","status-publish","hentry"],"yoast_head":"<!-- This site is optimized with the Yoast SEO plugin v26.3 - https:\/\/yoast.com\/wordpress\/plugins\/seo\/ -->\n<title>Public hearing - Commentary on BiH Constitution<\/title>\n<meta name=\"robots\" content=\"index, follow, max-snippet:-1, max-image-preview:large, max-video-preview:-1\" \/>\n<link rel=\"canonical\" href=\"https:\/\/ustavbih.ba\/en\/article-ii-human-rights-and-fundamental-freedoms\/c-obligation-to-directly-apply-the-echr-article-ii-2-of-the-bih-constitution\/the-right-to-a-fair-trial-article-6-of-the-echr\/the-general-right-to-a-fair-trial-article-6-paragraph-1-of-the-echr\/public-hearing\/\" \/>\n<meta property=\"og:locale\" content=\"en_US\" \/>\n<meta property=\"og:type\" content=\"article\" \/>\n<meta property=\"og:title\" content=\"Public hearing - Commentary on BiH Constitution\" \/>\n<meta property=\"og:description\" content=\"AP 1087\/04 Todorovi\u0107 20051202 AP 1124\/04 ODP \u201eInterplet\u201c et al. 20051013 AP 1401\/05 Pranji\u0107 -M- Luki\u0107 20060912 AP 217\/03 B. M. 20040929 AP 407\/04 D. Z. 20040723 AP 481\/05 Burovi\u0107 20060314 AP 74\/04 I. S. 20050323 CH\/01\/7248-A&amp;M \u201cORDO\u201d RTV Sveti Georgije 20020705 U 103\/03 \u017d. K. 20040528 U 148\/03 \u201eLijanovi\u0107i\u201c d.o.o. 20031128 U 19\/00 \u201eKemokop\u201c &hellip; Read&nbsp;more\" \/>\n<meta property=\"og:url\" content=\"https:\/\/ustavbih.ba\/en\/article-ii-human-rights-and-fundamental-freedoms\/c-obligation-to-directly-apply-the-echr-article-ii-2-of-the-bih-constitution\/the-right-to-a-fair-trial-article-6-of-the-echr\/the-general-right-to-a-fair-trial-article-6-paragraph-1-of-the-echr\/public-hearing\/\" \/>\n<meta property=\"og:site_name\" content=\"Commentary on BiH Constitution\" \/>\n<meta property=\"article:modified_time\" content=\"2024-12-09T15:14:50+00:00\" \/>\n<meta property=\"og:image\" content=\"https:\/\/ustavbih.ba\/app\/uploads\/2024\/12\/flags.jpg\" \/>\n\t<meta property=\"og:image:width\" content=\"1920\" \/>\n\t<meta property=\"og:image:height\" content=\"686\" \/>\n\t<meta property=\"og:image:type\" content=\"image\/jpeg\" \/>\n<meta name=\"twitter:card\" content=\"summary_large_image\" \/>\n<meta name=\"twitter:label1\" content=\"Est. reading time\" \/>\n\t<meta name=\"twitter:data1\" content=\"3 minutes\" \/>\n<script type=\"application\/ld+json\" class=\"yoast-schema-graph\">{\"@context\":\"https:\/\/schema.org\",\"@graph\":[{\"@type\":\"WebPage\",\"@id\":\"https:\/\/ustavbih.ba\/en\/article-ii-human-rights-and-fundamental-freedoms\/c-obligation-to-directly-apply-the-echr-article-ii-2-of-the-bih-constitution\/the-right-to-a-fair-trial-article-6-of-the-echr\/the-general-right-to-a-fair-trial-article-6-paragraph-1-of-the-echr\/public-hearing\/\",\"url\":\"https:\/\/ustavbih.ba\/en\/article-ii-human-rights-and-fundamental-freedoms\/c-obligation-to-directly-apply-the-echr-article-ii-2-of-the-bih-constitution\/the-right-to-a-fair-trial-article-6-of-the-echr\/the-general-right-to-a-fair-trial-article-6-paragraph-1-of-the-echr\/public-hearing\/\",\"name\":\"Public hearing - Commentary on BiH Constitution\",\"isPartOf\":{\"@id\":\"https:\/\/ustavbih.ba\/#website\"},\"datePublished\":\"2024-12-09T11:10:24+00:00\",\"dateModified\":\"2024-12-09T15:14:50+00:00\",\"breadcrumb\":{\"@id\":\"https:\/\/ustavbih.ba\/en\/article-ii-human-rights-and-fundamental-freedoms\/c-obligation-to-directly-apply-the-echr-article-ii-2-of-the-bih-constitution\/the-right-to-a-fair-trial-article-6-of-the-echr\/the-general-right-to-a-fair-trial-article-6-paragraph-1-of-the-echr\/public-hearing\/#breadcrumb\"},\"inLanguage\":\"en-US\",\"potentialAction\":[{\"@type\":\"ReadAction\",\"target\":[\"https:\/\/ustavbih.ba\/en\/article-ii-human-rights-and-fundamental-freedoms\/c-obligation-to-directly-apply-the-echr-article-ii-2-of-the-bih-constitution\/the-right-to-a-fair-trial-article-6-of-the-echr\/the-general-right-to-a-fair-trial-article-6-paragraph-1-of-the-echr\/public-hearing\/\"]}]},{\"@type\":\"BreadcrumbList\",\"@id\":\"https:\/\/ustavbih.ba\/en\/article-ii-human-rights-and-fundamental-freedoms\/c-obligation-to-directly-apply-the-echr-article-ii-2-of-the-bih-constitution\/the-right-to-a-fair-trial-article-6-of-the-echr\/the-general-right-to-a-fair-trial-article-6-paragraph-1-of-the-echr\/public-hearing\/#breadcrumb\",\"itemListElement\":[{\"@type\":\"ListItem\",\"position\":1,\"name\":\"Home\",\"item\":\"https:\/\/ustavbih.ba\/en\/\"},{\"@type\":\"ListItem\",\"position\":2,\"name\":\"Article II \u2013 Human rights and fundamental freedoms\",\"item\":\"https:\/\/ustavbih.ba\/en\/article-ii-human-rights-and-fundamental-freedoms\/\"},{\"@type\":\"ListItem\",\"position\":3,\"name\":\"C. Obligation to directly apply the ECHR (Article II.2 of the BiH Constitution)\",\"item\":\"https:\/\/ustavbih.ba\/en\/article-ii-human-rights-and-fundamental-freedoms\/c-obligation-to-directly-apply-the-echr-article-ii-2-of-the-bih-constitution\/\"},{\"@type\":\"ListItem\",\"position\":4,\"name\":\"The right to a fair trial (Article 6 of the ECHR)\",\"item\":\"https:\/\/ustavbih.ba\/en\/article-ii-human-rights-and-fundamental-freedoms\/c-obligation-to-directly-apply-the-echr-article-ii-2-of-the-bih-constitution\/the-right-to-a-fair-trial-article-6-of-the-echr\/\"},{\"@type\":\"ListItem\",\"position\":5,\"name\":\"The general right to a fair trial (Article 6 paragraph 1 of the ECHR)\",\"item\":\"https:\/\/ustavbih.ba\/en\/article-ii-human-rights-and-fundamental-freedoms\/c-obligation-to-directly-apply-the-echr-article-ii-2-of-the-bih-constitution\/the-right-to-a-fair-trial-article-6-of-the-echr\/the-general-right-to-a-fair-trial-article-6-paragraph-1-of-the-echr\/\"},{\"@type\":\"ListItem\",\"position\":6,\"name\":\"Public hearing\"}]},{\"@type\":\"WebSite\",\"@id\":\"https:\/\/ustavbih.ba\/#website\",\"url\":\"https:\/\/ustavbih.ba\/\",\"name\":\"UstavBiH.ba\",\"description\":\"\",\"publisher\":{\"@id\":\"https:\/\/ustavbih.ba\/#organization\"},\"potentialAction\":[{\"@type\":\"SearchAction\",\"target\":{\"@type\":\"EntryPoint\",\"urlTemplate\":\"https:\/\/ustavbih.ba\/?s={search_term_string}\"},\"query-input\":{\"@type\":\"PropertyValueSpecification\",\"valueRequired\":true,\"valueName\":\"search_term_string\"}}],\"inLanguage\":\"en-US\"},{\"@type\":\"Organization\",\"@id\":\"https:\/\/ustavbih.ba\/#organization\",\"name\":\"UstavBiH.ba\",\"url\":\"https:\/\/ustavbih.ba\/\",\"logo\":{\"@type\":\"ImageObject\",\"inLanguage\":\"en-US\",\"@id\":\"https:\/\/ustavbih.ba\/#\/schema\/logo\/image\/\",\"url\":\"https:\/\/ustavbih.ba\/app\/uploads\/2024\/12\/flags.jpg\",\"contentUrl\":\"https:\/\/ustavbih.ba\/app\/uploads\/2024\/12\/flags.jpg\",\"width\":1920,\"height\":686,\"caption\":\"UstavBiH.ba\"},\"image\":{\"@id\":\"https:\/\/ustavbih.ba\/#\/schema\/logo\/image\/\"}}]}<\/script>\n<!-- \/ Yoast SEO plugin. -->","yoast_head_json":{"title":"Public hearing - Commentary on BiH Constitution","robots":{"index":"index","follow":"follow","max-snippet":"max-snippet:-1","max-image-preview":"max-image-preview:large","max-video-preview":"max-video-preview:-1"},"canonical":"https:\/\/ustavbih.ba\/en\/article-ii-human-rights-and-fundamental-freedoms\/c-obligation-to-directly-apply-the-echr-article-ii-2-of-the-bih-constitution\/the-right-to-a-fair-trial-article-6-of-the-echr\/the-general-right-to-a-fair-trial-article-6-paragraph-1-of-the-echr\/public-hearing\/","og_locale":"en_US","og_type":"article","og_title":"Public hearing - Commentary on BiH Constitution","og_description":"AP 1087\/04 Todorovi\u0107 20051202 AP 1124\/04 ODP \u201eInterplet\u201c et al. 20051013 AP 1401\/05 Pranji\u0107 -M- Luki\u0107 20060912 AP 217\/03 B. M. 20040929 AP 407\/04 D. Z. 20040723 AP 481\/05 Burovi\u0107 20060314 AP 74\/04 I. S. 20050323 CH\/01\/7248-A&amp;M \u201cORDO\u201d RTV Sveti Georgije 20020705 U 103\/03 \u017d. K. 20040528 U 148\/03 \u201eLijanovi\u0107i\u201c d.o.o. 20031128 U 19\/00 \u201eKemokop\u201c &hellip; Read&nbsp;more","og_url":"https:\/\/ustavbih.ba\/en\/article-ii-human-rights-and-fundamental-freedoms\/c-obligation-to-directly-apply-the-echr-article-ii-2-of-the-bih-constitution\/the-right-to-a-fair-trial-article-6-of-the-echr\/the-general-right-to-a-fair-trial-article-6-paragraph-1-of-the-echr\/public-hearing\/","og_site_name":"Commentary on BiH Constitution","article_modified_time":"2024-12-09T15:14:50+00:00","og_image":[{"width":1920,"height":686,"url":"https:\/\/ustavbih.ba\/app\/uploads\/2024\/12\/flags.jpg","type":"image\/jpeg"}],"twitter_card":"summary_large_image","twitter_misc":{"Est. reading time":"3 minutes"},"schema":{"@context":"https:\/\/schema.org","@graph":[{"@type":"WebPage","@id":"https:\/\/ustavbih.ba\/en\/article-ii-human-rights-and-fundamental-freedoms\/c-obligation-to-directly-apply-the-echr-article-ii-2-of-the-bih-constitution\/the-right-to-a-fair-trial-article-6-of-the-echr\/the-general-right-to-a-fair-trial-article-6-paragraph-1-of-the-echr\/public-hearing\/","url":"https:\/\/ustavbih.ba\/en\/article-ii-human-rights-and-fundamental-freedoms\/c-obligation-to-directly-apply-the-echr-article-ii-2-of-the-bih-constitution\/the-right-to-a-fair-trial-article-6-of-the-echr\/the-general-right-to-a-fair-trial-article-6-paragraph-1-of-the-echr\/public-hearing\/","name":"Public hearing - Commentary on BiH Constitution","isPartOf":{"@id":"https:\/\/ustavbih.ba\/#website"},"datePublished":"2024-12-09T11:10:24+00:00","dateModified":"2024-12-09T15:14:50+00:00","breadcrumb":{"@id":"https:\/\/ustavbih.ba\/en\/article-ii-human-rights-and-fundamental-freedoms\/c-obligation-to-directly-apply-the-echr-article-ii-2-of-the-bih-constitution\/the-right-to-a-fair-trial-article-6-of-the-echr\/the-general-right-to-a-fair-trial-article-6-paragraph-1-of-the-echr\/public-hearing\/#breadcrumb"},"inLanguage":"en-US","potentialAction":[{"@type":"ReadAction","target":["https:\/\/ustavbih.ba\/en\/article-ii-human-rights-and-fundamental-freedoms\/c-obligation-to-directly-apply-the-echr-article-ii-2-of-the-bih-constitution\/the-right-to-a-fair-trial-article-6-of-the-echr\/the-general-right-to-a-fair-trial-article-6-paragraph-1-of-the-echr\/public-hearing\/"]}]},{"@type":"BreadcrumbList","@id":"https:\/\/ustavbih.ba\/en\/article-ii-human-rights-and-fundamental-freedoms\/c-obligation-to-directly-apply-the-echr-article-ii-2-of-the-bih-constitution\/the-right-to-a-fair-trial-article-6-of-the-echr\/the-general-right-to-a-fair-trial-article-6-paragraph-1-of-the-echr\/public-hearing\/#breadcrumb","itemListElement":[{"@type":"ListItem","position":1,"name":"Home","item":"https:\/\/ustavbih.ba\/en\/"},{"@type":"ListItem","position":2,"name":"Article II \u2013 Human rights and fundamental freedoms","item":"https:\/\/ustavbih.ba\/en\/article-ii-human-rights-and-fundamental-freedoms\/"},{"@type":"ListItem","position":3,"name":"C. Obligation to directly apply the ECHR (Article II.2 of the BiH Constitution)","item":"https:\/\/ustavbih.ba\/en\/article-ii-human-rights-and-fundamental-freedoms\/c-obligation-to-directly-apply-the-echr-article-ii-2-of-the-bih-constitution\/"},{"@type":"ListItem","position":4,"name":"The right to a fair trial (Article 6 of the ECHR)","item":"https:\/\/ustavbih.ba\/en\/article-ii-human-rights-and-fundamental-freedoms\/c-obligation-to-directly-apply-the-echr-article-ii-2-of-the-bih-constitution\/the-right-to-a-fair-trial-article-6-of-the-echr\/"},{"@type":"ListItem","position":5,"name":"The general right to a fair trial (Article 6 paragraph 1 of the ECHR)","item":"https:\/\/ustavbih.ba\/en\/article-ii-human-rights-and-fundamental-freedoms\/c-obligation-to-directly-apply-the-echr-article-ii-2-of-the-bih-constitution\/the-right-to-a-fair-trial-article-6-of-the-echr\/the-general-right-to-a-fair-trial-article-6-paragraph-1-of-the-echr\/"},{"@type":"ListItem","position":6,"name":"Public hearing"}]},{"@type":"WebSite","@id":"https:\/\/ustavbih.ba\/#website","url":"https:\/\/ustavbih.ba\/","name":"UstavBiH.ba","description":"","publisher":{"@id":"https:\/\/ustavbih.ba\/#organization"},"potentialAction":[{"@type":"SearchAction","target":{"@type":"EntryPoint","urlTemplate":"https:\/\/ustavbih.ba\/?s={search_term_string}"},"query-input":{"@type":"PropertyValueSpecification","valueRequired":true,"valueName":"search_term_string"}}],"inLanguage":"en-US"},{"@type":"Organization","@id":"https:\/\/ustavbih.ba\/#organization","name":"UstavBiH.ba","url":"https:\/\/ustavbih.ba\/","logo":{"@type":"ImageObject","inLanguage":"en-US","@id":"https:\/\/ustavbih.ba\/#\/schema\/logo\/image\/","url":"https:\/\/ustavbih.ba\/app\/uploads\/2024\/12\/flags.jpg","contentUrl":"https:\/\/ustavbih.ba\/app\/uploads\/2024\/12\/flags.jpg","width":1920,"height":686,"caption":"UstavBiH.ba"},"image":{"@id":"https:\/\/ustavbih.ba\/#\/schema\/logo\/image\/"}}]}},"_links":{"self":[{"href":"https:\/\/ustavbih.ba\/en\/wp-json\/wp\/v2\/pages\/11949","targetHints":{"allow":["GET"]}}],"collection":[{"href":"https:\/\/ustavbih.ba\/en\/wp-json\/wp\/v2\/pages"}],"about":[{"href":"https:\/\/ustavbih.ba\/en\/wp-json\/wp\/v2\/types\/page"}],"author":[{"embeddable":true,"href":"https:\/\/ustavbih.ba\/en\/wp-json\/wp\/v2\/users\/1"}],"replies":[{"embeddable":true,"href":"https:\/\/ustavbih.ba\/en\/wp-json\/wp\/v2\/comments?post=11949"}],"version-history":[{"count":1,"href":"https:\/\/ustavbih.ba\/en\/wp-json\/wp\/v2\/pages\/11949\/revisions"}],"predecessor-version":[{"id":12539,"href":"https:\/\/ustavbih.ba\/en\/wp-json\/wp\/v2\/pages\/11949\/revisions\/12539"}],"up":[{"embeddable":true,"href":"https:\/\/ustavbih.ba\/en\/wp-json\/wp\/v2\/pages\/11932"}],"wp:attachment":[{"href":"https:\/\/ustavbih.ba\/en\/wp-json\/wp\/v2\/media?parent=11949"}],"curies":[{"name":"wp","href":"https:\/\/api.w.org\/{rel}","templated":true}]}}