{"id":11915,"date":"2024-12-09T12:10:24","date_gmt":"2024-12-09T11:10:24","guid":{"rendered":""},"modified":"2024-12-09T15:54:42","modified_gmt":"2024-12-09T14:54:42","slug":"lawful-arrest","status":"publish","type":"page","link":"https:\/\/ustavbih.ba\/en\/article-ii-human-rights-and-fundamental-freedoms\/c-obligation-to-directly-apply-the-echr-article-ii-2-of-the-bih-constitution\/rights-to-liberty-and-security-article-5-of-the-echr\/justification-for-restriction-of-the-right-to-liberty-and-security\/lawful-arrest\/","title":{"rendered":"Lawful arrest"},"content":{"rendered":"<p class=\"p1\">Liberty may be deprived only in a manner in accordance with a procedure prescribed by the law. For this reason, deprivation of liberty presupposes conformity with domestic law,<span class=\"s1\"><sup>738 <\/sup><\/span>also conformity with the purpose of the restrictions permitted by Article 5, paragraph 1, namely the protection of individuals from arbitrariness; it is required in respect of both the ordering and the execution of the measures entailing deprivation of liberty.<span class=\"s1\"><sup>739<\/sup><\/span><\/p>\n<p class=\"p1\">From the aspect of Article 15 of the ECHR and Article XI of Annex 1-A of the GFAP, in the transitional period after the entry into force of the Dayton Agreement, deprivation of liberty of prisoners of war cannot be considered unlawful. Admittedly, Article 5 of the ECHR does not provide any justification for the deprivation of liberty of prisoners of war. However, if the arrest took place in accordance with domestic and international law, the initial deprivation of liberty was not unlawful, since Article XI of Annex 1-A of the GFAP provides the extension of detention during the short transitional period after the entry into force of the GFAP, and Article 15 of the ECHR provides for an exception to Article 5 of the ECHR. However, if the detention is longer than is provided for by transitional time-limits and if, in addition, the detention of a person is kept secret, which is in violation of the obligations under Annex 1-A of the GFAP, then it is also in violation of Article 5 of the ECHR.<span class=\"s1\"><sup>740<\/sup><\/span><\/p>\n<p class=\"p1\">With regards to the arrest of persons suspected of war crimes, additional requirements are laid down in the so-called Rules of the Road which were agreed to in Rome by Presidents Izetbegovi\u0107, Tu\u0111man and Milo\u0161evi\u0107 on 18 February 1996. According to item 5, paragraph 2 of the Rules of the Road (Cooperation on War Crimes and Respect for Human Rights), \u201cpersons, other than those already indicted by the International Tribunal, may be arrested and detained for serious violations of international humanitarian law only pursuant to a previously issued order, warrant, or indictment that has been reviewed and deemed consistent with international legal standards by the International Tribunal\u201d.<span class=\"s1\"><sup>741 <\/sup><\/span>The Rules of the Road do not have lower-ranking legal force than the obligations of the signatory Parties to Annex 6 to punish violations of international humanitarian law. They provide for \u201ca division of competencies\u201d which serves no other purpose than the prevention of arbitrary arrest or detention by national authorities and which need therefore to be respected.<span class=\"s1\"><sup>742 <\/sup><\/span>The Rules of the Road entered into force on date of signing the Agreement.<span class=\"s1\"><sup>743 <\/sup><\/span>The Parties were obliged to inform the competent institutions and authorities of the Rules of the Road, so that the authorities could not refer to \u2013 allegedly<span class=\"s1\"><sup>744 <\/sup><\/span>\u2013 the lack of awareness of the content of these Rules.<span class=\"s1\"><sup>745 <\/sup><\/span>The deprivation of liberty before issuing a relevant order, arrest warrant or indictment reviewed beforehand by the ICTY and declared consistent with international legal standards constitutes unlawfulness due to the lack of the ICTY\u2019s approval regardless of whether a person was already deprived of liberty for other matters with which he\/she was charged.<span class=\"s1\"><sup>746 <\/sup><\/span>For the question whether the Rules of the Road are applicable or not, one should firstly take into consideration the legal classification of criminal charges by the domestic authorities. If the domestic authorities have determined the alleged act to have constituted a serious violation of international humanitarian law, the authorities have to obtain prior approval by the Hague. However, if the domestic authorities have determined that the alleged crime does not constitute a war crime, since the factual allegations are classified differently, the Rules of Road will apply if the factual allegations, being the basis for the charges, point to the fact that the act committed obviously constitutes a war crime. The domestic authorities must not be allowed to circumvent the request for approval by The Hague by circumventing the correct classification and thus a particular factual allegation pointing to the commission of a war crime.<span class=\"s1\"><sup>747 <\/sup><\/span>If a person was arrested on suspicion of a war crime prior to the entering into force of the Rules of the Road, the Parties could not be expected to release that person before obtaining approval by the ICTY. However, the domestic authorities had to obtain the approval \u201cwithout delay\u201d, i.e., within a time limit of one month from the date of the entry into force of the Rules of Road.<span class=\"s1\"><sup>748 <\/sup><\/span>As the approval by the ICTY is not based on any allegation from the indictment, but on the assessment as to whether the produced evidence suffice to launch an investigation and to issue a detention order, the approval would practically fail if the indictment was modified. A different case would be if the charges are modified both in facts and law to such an extent that it may be concluded that the approval does not legitimate the indictment any more.<span class=\"s1\"><sup>749 <\/sup><\/span>The violation of the Rules of the Road cannot be justified by referring to the principle male captus bene detentus; it is a principle which applies to the right relating to extradition and plays no role in the application of the Rules of the Road.<span class=\"s1\"><sup>750<\/sup><\/span><\/p>\n<p class=\"p1\">If the domestic law stipulates an obligation to examine the measures of deprivation of liberty, and it is not fulfilled within the prescribed time limits, the deprivation of liberty will be unlawful.<span class=\"s1\"><sup>751<\/sup><\/span><\/p>\n","protected":false},"excerpt":{"rendered":"<p>Liberty may be deprived only in a manner in accordance with a procedure prescribed by the law. For this reason, deprivation of liberty presupposes conformity with domestic law,738 also conformity with the purpose of the restrictions permitted by Article 5, paragraph 1, namely the protection of individuals from arbitrariness; it is required in respect of &hellip; <a class=\"text-primary\" href=\"https:\/\/ustavbih.ba\/en\/article-ii-human-rights-and-fundamental-freedoms\/c-obligation-to-directly-apply-the-echr-article-ii-2-of-the-bih-constitution\/rights-to-liberty-and-security-article-5-of-the-echr\/justification-for-restriction-of-the-right-to-liberty-and-security\/lawful-arrest\/\">Read&nbsp;more<\/a><\/p>\n","protected":false},"author":1,"featured_media":0,"parent":11914,"menu_order":0,"comment_status":"closed","ping_status":"closed","template":"","meta":{"footnotes":""},"class_list":["post-11915","page","type-page","status-publish","hentry"],"yoast_head":"<!-- This site is optimized with the Yoast SEO plugin v26.3 - https:\/\/yoast.com\/wordpress\/plugins\/seo\/ -->\n<title>Lawful arrest - Commentary on BiH Constitution<\/title>\n<meta name=\"robots\" content=\"index, follow, max-snippet:-1, max-image-preview:large, max-video-preview:-1\" \/>\n<link rel=\"canonical\" href=\"https:\/\/ustavbih.ba\/en\/article-ii-human-rights-and-fundamental-freedoms\/c-obligation-to-directly-apply-the-echr-article-ii-2-of-the-bih-constitution\/rights-to-liberty-and-security-article-5-of-the-echr\/justification-for-restriction-of-the-right-to-liberty-and-security\/lawful-arrest\/\" \/>\n<meta property=\"og:locale\" content=\"en_US\" \/>\n<meta property=\"og:type\" content=\"article\" \/>\n<meta property=\"og:title\" content=\"Lawful arrest - Commentary on BiH Constitution\" \/>\n<meta property=\"og:description\" content=\"Liberty may be deprived only in a manner in accordance with a procedure prescribed by the law. For this reason, deprivation of liberty presupposes conformity with domestic law,738 also conformity with the purpose of the restrictions permitted by Article 5, paragraph 1, namely the protection of individuals from arbitrariness; it is required in respect of &hellip; Read&nbsp;more\" \/>\n<meta property=\"og:url\" content=\"https:\/\/ustavbih.ba\/en\/article-ii-human-rights-and-fundamental-freedoms\/c-obligation-to-directly-apply-the-echr-article-ii-2-of-the-bih-constitution\/rights-to-liberty-and-security-article-5-of-the-echr\/justification-for-restriction-of-the-right-to-liberty-and-security\/lawful-arrest\/\" \/>\n<meta property=\"og:site_name\" content=\"Commentary on BiH Constitution\" \/>\n<meta property=\"article:modified_time\" content=\"2024-12-09T14:54:42+00:00\" \/>\n<meta property=\"og:image\" content=\"https:\/\/ustavbih.ba\/app\/uploads\/2024\/12\/flags.jpg\" \/>\n\t<meta property=\"og:image:width\" content=\"1920\" \/>\n\t<meta property=\"og:image:height\" content=\"686\" \/>\n\t<meta property=\"og:image:type\" content=\"image\/jpeg\" \/>\n<meta name=\"twitter:card\" content=\"summary_large_image\" \/>\n<meta name=\"twitter:label1\" content=\"Est. reading time\" \/>\n\t<meta name=\"twitter:data1\" content=\"4 minutes\" \/>\n<script type=\"application\/ld+json\" class=\"yoast-schema-graph\">{\"@context\":\"https:\/\/schema.org\",\"@graph\":[{\"@type\":\"WebPage\",\"@id\":\"https:\/\/ustavbih.ba\/en\/article-ii-human-rights-and-fundamental-freedoms\/c-obligation-to-directly-apply-the-echr-article-ii-2-of-the-bih-constitution\/rights-to-liberty-and-security-article-5-of-the-echr\/justification-for-restriction-of-the-right-to-liberty-and-security\/lawful-arrest\/\",\"url\":\"https:\/\/ustavbih.ba\/en\/article-ii-human-rights-and-fundamental-freedoms\/c-obligation-to-directly-apply-the-echr-article-ii-2-of-the-bih-constitution\/rights-to-liberty-and-security-article-5-of-the-echr\/justification-for-restriction-of-the-right-to-liberty-and-security\/lawful-arrest\/\",\"name\":\"Lawful arrest - Commentary on BiH Constitution\",\"isPartOf\":{\"@id\":\"https:\/\/ustavbih.ba\/#website\"},\"datePublished\":\"2024-12-09T11:10:24+00:00\",\"dateModified\":\"2024-12-09T14:54:42+00:00\",\"breadcrumb\":{\"@id\":\"https:\/\/ustavbih.ba\/en\/article-ii-human-rights-and-fundamental-freedoms\/c-obligation-to-directly-apply-the-echr-article-ii-2-of-the-bih-constitution\/rights-to-liberty-and-security-article-5-of-the-echr\/justification-for-restriction-of-the-right-to-liberty-and-security\/lawful-arrest\/#breadcrumb\"},\"inLanguage\":\"en-US\",\"potentialAction\":[{\"@type\":\"ReadAction\",\"target\":[\"https:\/\/ustavbih.ba\/en\/article-ii-human-rights-and-fundamental-freedoms\/c-obligation-to-directly-apply-the-echr-article-ii-2-of-the-bih-constitution\/rights-to-liberty-and-security-article-5-of-the-echr\/justification-for-restriction-of-the-right-to-liberty-and-security\/lawful-arrest\/\"]}]},{\"@type\":\"BreadcrumbList\",\"@id\":\"https:\/\/ustavbih.ba\/en\/article-ii-human-rights-and-fundamental-freedoms\/c-obligation-to-directly-apply-the-echr-article-ii-2-of-the-bih-constitution\/rights-to-liberty-and-security-article-5-of-the-echr\/justification-for-restriction-of-the-right-to-liberty-and-security\/lawful-arrest\/#breadcrumb\",\"itemListElement\":[{\"@type\":\"ListItem\",\"position\":1,\"name\":\"Home\",\"item\":\"https:\/\/ustavbih.ba\/en\/\"},{\"@type\":\"ListItem\",\"position\":2,\"name\":\"Article II \u2013 Human rights and fundamental freedoms\",\"item\":\"https:\/\/ustavbih.ba\/en\/article-ii-human-rights-and-fundamental-freedoms\/\"},{\"@type\":\"ListItem\",\"position\":3,\"name\":\"C. Obligation to directly apply the ECHR (Article II.2 of the BiH Constitution)\",\"item\":\"https:\/\/ustavbih.ba\/en\/article-ii-human-rights-and-fundamental-freedoms\/c-obligation-to-directly-apply-the-echr-article-ii-2-of-the-bih-constitution\/\"},{\"@type\":\"ListItem\",\"position\":4,\"name\":\"Rights to liberty and security (Article 5 of the ECHR)\",\"item\":\"https:\/\/ustavbih.ba\/en\/article-ii-human-rights-and-fundamental-freedoms\/c-obligation-to-directly-apply-the-echr-article-ii-2-of-the-bih-constitution\/rights-to-liberty-and-security-article-5-of-the-echr\/\"},{\"@type\":\"ListItem\",\"position\":5,\"name\":\"Justification for restriction of the right to liberty and security\",\"item\":\"https:\/\/ustavbih.ba\/en\/article-ii-human-rights-and-fundamental-freedoms\/c-obligation-to-directly-apply-the-echr-article-ii-2-of-the-bih-constitution\/rights-to-liberty-and-security-article-5-of-the-echr\/justification-for-restriction-of-the-right-to-liberty-and-security\/\"},{\"@type\":\"ListItem\",\"position\":6,\"name\":\"Lawful arrest\"}]},{\"@type\":\"WebSite\",\"@id\":\"https:\/\/ustavbih.ba\/#website\",\"url\":\"https:\/\/ustavbih.ba\/\",\"name\":\"UstavBiH.ba\",\"description\":\"\",\"publisher\":{\"@id\":\"https:\/\/ustavbih.ba\/#organization\"},\"potentialAction\":[{\"@type\":\"SearchAction\",\"target\":{\"@type\":\"EntryPoint\",\"urlTemplate\":\"https:\/\/ustavbih.ba\/?s={search_term_string}\"},\"query-input\":{\"@type\":\"PropertyValueSpecification\",\"valueRequired\":true,\"valueName\":\"search_term_string\"}}],\"inLanguage\":\"en-US\"},{\"@type\":\"Organization\",\"@id\":\"https:\/\/ustavbih.ba\/#organization\",\"name\":\"UstavBiH.ba\",\"url\":\"https:\/\/ustavbih.ba\/\",\"logo\":{\"@type\":\"ImageObject\",\"inLanguage\":\"en-US\",\"@id\":\"https:\/\/ustavbih.ba\/#\/schema\/logo\/image\/\",\"url\":\"https:\/\/ustavbih.ba\/app\/uploads\/2024\/12\/flags.jpg\",\"contentUrl\":\"https:\/\/ustavbih.ba\/app\/uploads\/2024\/12\/flags.jpg\",\"width\":1920,\"height\":686,\"caption\":\"UstavBiH.ba\"},\"image\":{\"@id\":\"https:\/\/ustavbih.ba\/#\/schema\/logo\/image\/\"}}]}<\/script>\n<!-- \/ Yoast SEO plugin. -->","yoast_head_json":{"title":"Lawful arrest - Commentary on BiH Constitution","robots":{"index":"index","follow":"follow","max-snippet":"max-snippet:-1","max-image-preview":"max-image-preview:large","max-video-preview":"max-video-preview:-1"},"canonical":"https:\/\/ustavbih.ba\/en\/article-ii-human-rights-and-fundamental-freedoms\/c-obligation-to-directly-apply-the-echr-article-ii-2-of-the-bih-constitution\/rights-to-liberty-and-security-article-5-of-the-echr\/justification-for-restriction-of-the-right-to-liberty-and-security\/lawful-arrest\/","og_locale":"en_US","og_type":"article","og_title":"Lawful arrest - Commentary on BiH Constitution","og_description":"Liberty may be deprived only in a manner in accordance with a procedure prescribed by the law. For this reason, deprivation of liberty presupposes conformity with domestic law,738 also conformity with the purpose of the restrictions permitted by Article 5, paragraph 1, namely the protection of individuals from arbitrariness; it is required in respect of &hellip; Read&nbsp;more","og_url":"https:\/\/ustavbih.ba\/en\/article-ii-human-rights-and-fundamental-freedoms\/c-obligation-to-directly-apply-the-echr-article-ii-2-of-the-bih-constitution\/rights-to-liberty-and-security-article-5-of-the-echr\/justification-for-restriction-of-the-right-to-liberty-and-security\/lawful-arrest\/","og_site_name":"Commentary on BiH Constitution","article_modified_time":"2024-12-09T14:54:42+00:00","og_image":[{"width":1920,"height":686,"url":"https:\/\/ustavbih.ba\/app\/uploads\/2024\/12\/flags.jpg","type":"image\/jpeg"}],"twitter_card":"summary_large_image","twitter_misc":{"Est. reading time":"4 minutes"},"schema":{"@context":"https:\/\/schema.org","@graph":[{"@type":"WebPage","@id":"https:\/\/ustavbih.ba\/en\/article-ii-human-rights-and-fundamental-freedoms\/c-obligation-to-directly-apply-the-echr-article-ii-2-of-the-bih-constitution\/rights-to-liberty-and-security-article-5-of-the-echr\/justification-for-restriction-of-the-right-to-liberty-and-security\/lawful-arrest\/","url":"https:\/\/ustavbih.ba\/en\/article-ii-human-rights-and-fundamental-freedoms\/c-obligation-to-directly-apply-the-echr-article-ii-2-of-the-bih-constitution\/rights-to-liberty-and-security-article-5-of-the-echr\/justification-for-restriction-of-the-right-to-liberty-and-security\/lawful-arrest\/","name":"Lawful arrest - Commentary on BiH Constitution","isPartOf":{"@id":"https:\/\/ustavbih.ba\/#website"},"datePublished":"2024-12-09T11:10:24+00:00","dateModified":"2024-12-09T14:54:42+00:00","breadcrumb":{"@id":"https:\/\/ustavbih.ba\/en\/article-ii-human-rights-and-fundamental-freedoms\/c-obligation-to-directly-apply-the-echr-article-ii-2-of-the-bih-constitution\/rights-to-liberty-and-security-article-5-of-the-echr\/justification-for-restriction-of-the-right-to-liberty-and-security\/lawful-arrest\/#breadcrumb"},"inLanguage":"en-US","potentialAction":[{"@type":"ReadAction","target":["https:\/\/ustavbih.ba\/en\/article-ii-human-rights-and-fundamental-freedoms\/c-obligation-to-directly-apply-the-echr-article-ii-2-of-the-bih-constitution\/rights-to-liberty-and-security-article-5-of-the-echr\/justification-for-restriction-of-the-right-to-liberty-and-security\/lawful-arrest\/"]}]},{"@type":"BreadcrumbList","@id":"https:\/\/ustavbih.ba\/en\/article-ii-human-rights-and-fundamental-freedoms\/c-obligation-to-directly-apply-the-echr-article-ii-2-of-the-bih-constitution\/rights-to-liberty-and-security-article-5-of-the-echr\/justification-for-restriction-of-the-right-to-liberty-and-security\/lawful-arrest\/#breadcrumb","itemListElement":[{"@type":"ListItem","position":1,"name":"Home","item":"https:\/\/ustavbih.ba\/en\/"},{"@type":"ListItem","position":2,"name":"Article II \u2013 Human rights and fundamental freedoms","item":"https:\/\/ustavbih.ba\/en\/article-ii-human-rights-and-fundamental-freedoms\/"},{"@type":"ListItem","position":3,"name":"C. Obligation to directly apply the ECHR (Article II.2 of the BiH Constitution)","item":"https:\/\/ustavbih.ba\/en\/article-ii-human-rights-and-fundamental-freedoms\/c-obligation-to-directly-apply-the-echr-article-ii-2-of-the-bih-constitution\/"},{"@type":"ListItem","position":4,"name":"Rights to liberty and security (Article 5 of the ECHR)","item":"https:\/\/ustavbih.ba\/en\/article-ii-human-rights-and-fundamental-freedoms\/c-obligation-to-directly-apply-the-echr-article-ii-2-of-the-bih-constitution\/rights-to-liberty-and-security-article-5-of-the-echr\/"},{"@type":"ListItem","position":5,"name":"Justification for restriction of the right to liberty and security","item":"https:\/\/ustavbih.ba\/en\/article-ii-human-rights-and-fundamental-freedoms\/c-obligation-to-directly-apply-the-echr-article-ii-2-of-the-bih-constitution\/rights-to-liberty-and-security-article-5-of-the-echr\/justification-for-restriction-of-the-right-to-liberty-and-security\/"},{"@type":"ListItem","position":6,"name":"Lawful arrest"}]},{"@type":"WebSite","@id":"https:\/\/ustavbih.ba\/#website","url":"https:\/\/ustavbih.ba\/","name":"UstavBiH.ba","description":"","publisher":{"@id":"https:\/\/ustavbih.ba\/#organization"},"potentialAction":[{"@type":"SearchAction","target":{"@type":"EntryPoint","urlTemplate":"https:\/\/ustavbih.ba\/?s={search_term_string}"},"query-input":{"@type":"PropertyValueSpecification","valueRequired":true,"valueName":"search_term_string"}}],"inLanguage":"en-US"},{"@type":"Organization","@id":"https:\/\/ustavbih.ba\/#organization","name":"UstavBiH.ba","url":"https:\/\/ustavbih.ba\/","logo":{"@type":"ImageObject","inLanguage":"en-US","@id":"https:\/\/ustavbih.ba\/#\/schema\/logo\/image\/","url":"https:\/\/ustavbih.ba\/app\/uploads\/2024\/12\/flags.jpg","contentUrl":"https:\/\/ustavbih.ba\/app\/uploads\/2024\/12\/flags.jpg","width":1920,"height":686,"caption":"UstavBiH.ba"},"image":{"@id":"https:\/\/ustavbih.ba\/#\/schema\/logo\/image\/"}}]}},"_links":{"self":[{"href":"https:\/\/ustavbih.ba\/en\/wp-json\/wp\/v2\/pages\/11915","targetHints":{"allow":["GET"]}}],"collection":[{"href":"https:\/\/ustavbih.ba\/en\/wp-json\/wp\/v2\/pages"}],"about":[{"href":"https:\/\/ustavbih.ba\/en\/wp-json\/wp\/v2\/types\/page"}],"author":[{"embeddable":true,"href":"https:\/\/ustavbih.ba\/en\/wp-json\/wp\/v2\/users\/1"}],"replies":[{"embeddable":true,"href":"https:\/\/ustavbih.ba\/en\/wp-json\/wp\/v2\/comments?post=11915"}],"version-history":[{"count":1,"href":"https:\/\/ustavbih.ba\/en\/wp-json\/wp\/v2\/pages\/11915\/revisions"}],"predecessor-version":[{"id":12506,"href":"https:\/\/ustavbih.ba\/en\/wp-json\/wp\/v2\/pages\/11915\/revisions\/12506"}],"up":[{"embeddable":true,"href":"https:\/\/ustavbih.ba\/en\/wp-json\/wp\/v2\/pages\/11914"}],"wp:attachment":[{"href":"https:\/\/ustavbih.ba\/en\/wp-json\/wp\/v2\/media?parent=11915"}],"curies":[{"name":"wp","href":"https:\/\/api.w.org\/{rel}","templated":true}]}}